{"id":25258,"date":"2025-04-03T12:49:15","date_gmt":"2025-04-03T10:49:15","guid":{"rendered":"https:\/\/www.colegionotarial.org\/fundacio-mediacio\/conciliacion\/"},"modified":"2025-04-03T12:55:43","modified_gmt":"2025-04-03T10:55:43","slug":"conciliacio","status":"publish","type":"page","link":"https:\/\/www.colegionotarial.org\/ca\/fundacio-mediacio\/conciliacio\/","title":{"rendered":"Conciliaci\u00f3"},"content":{"rendered":"<p>[et_pb_section fb_built=&#8221;1&#8243; module_class=&#8221;contenido&#8221; _builder_version=&#8221;4.25.1&#8243; _module_preset=&#8221;default&#8221; global_colors_info=&#8221;{}&#8221;][et_pb_row _builder_version=&#8221;4.25.1&#8243; _module_preset=&#8221;default&#8221; custom_padding=&#8221;|15px||15px|false|false&#8221; global_colors_info=&#8221;{}&#8221;][et_pb_column type=&#8221;4_4&#8243; _builder_version=&#8221;4.25.1&#8243; _module_preset=&#8221;default&#8221; global_colors_info=&#8221;{}&#8221;][et_pb_text ul_type=&#8221;circle&#8221; _builder_version=&#8221;4.25.2&#8243; _module_preset=&#8221;default&#8221; link_font=&#8221;|600|||||||&#8221; global_colors_info=&#8221;{%22gcid-84f3cc8b-3b8f-4dca-8f6a-f958ef42e056%22:%91%22link_text_color__hover%22%93}&#8221; link_text_color__hover_enabled=&#8221;on|hover&#8221; link_text_color__hover=&#8221;#76767a&#8221;]<\/p>\n<h3>QU\u00c8 \u00c9S LA CONCILIACI\u00d3?<\/h3>\n<p>\u00c9s un m\u00e8tode de resoluci\u00f3 de conflictes en el qual una persona experta, amb coneixements t\u00e8cnics o jur\u00eddics relacionats amb la mat\u00e8ria del conflicte, ajuda les parts a aconseguir un acord mitjan\u00e7ant recomanacions o, si \u00e9s necessari, propostes que puguin finalitzar la controv\u00e8rsia entre elles.<\/p>\n<blockquote><\/blockquote>\n<p>[\/et_pb_text][et_pb_text ul_type=&#8221;circle&#8221; _builder_version=&#8221;4.25.2&#8243; _module_preset=&#8221;default&#8221; link_font=&#8221;|600|||||||&#8221; global_colors_info=&#8221;{%22gcid-84f3cc8b-3b8f-4dca-8f6a-f958ef42e056%22:%91%22link_text_color__hover%22%93}&#8221; link_text_color__hover_enabled=&#8221;on|hover&#8221; link_text_color__hover=&#8221;#76767a&#8221;]<\/p>\n<h3>LA CONCILIACI\u00d3 NOTARIAL<\/h3>\n<p>La llei de jurisdicci\u00f3 volunt\u00e0ria va introduir la possibilitat de realitzar la conciliaci\u00f3 davant notari, donant lloc a la modificaci\u00f3 de la Llei del Notariat. Recentment la Llei org\u00e0nica 1\/2025, de 2 de Gener de mesures en mat\u00e8ria d&#8217;efici\u00e8ncia del Servei P\u00fablic de Just\u00edcia, ha incorporat la conciliaci\u00f3 notarial com un dels mitjans adequat de soluci\u00f3 de controv\u00e8rsies en via no jurisdiccional.<\/p>\n<blockquote><\/blockquote>\n<p>[\/et_pb_text][\/et_pb_column][\/et_pb_row][\/et_pb_section][et_pb_section fb_built=&#8221;1&#8243; module_class=&#8221;contenido gris&#8221; _builder_version=&#8221;4.25.1&#8243; _module_preset=&#8221;default&#8221; background_color=&#8221;gcid-d258bfa0-2134-462a-a874-ffbc41698437&#8243; global_colors_info=&#8221;{%22gcid-d258bfa0-2134-462a-a874-ffbc41698437%22:%91%22background_color%22%93}&#8221;][et_pb_row _builder_version=&#8221;4.25.1&#8243; _module_preset=&#8221;default&#8221; z_index=&#8221;0&#8243; custom_padding=&#8221;||47px|||&#8221; locked=&#8221;off&#8221; global_colors_info=&#8221;{}&#8221;][et_pb_column type=&#8221;4_4&#8243; _builder_version=&#8221;4.25.2&#8243; _module_preset=&#8221;default&#8221; sticky_limit_bottom=&#8221;row&#8221; global_colors_info=&#8221;{}&#8221;][et_pb_text _builder_version=&#8221;4.27.3&#8243; _module_preset=&#8221;default&#8221; hover_enabled=&#8221;0&#8243; global_colors_info=&#8221;{}&#8221; sticky_enabled=&#8221;0&#8243;]<\/p>\n<h2>QU\u00c8 APORTEN ELS NOTARIS A LA CONCILIACI\u00d3?<\/h2>\n<ul>\n<li>S\u00f3n funcionaris p\u00fablics d&#8217;alt reconeixement i prestigi social<\/li>\n<li>S\u00f3n especialistes en dret privat<\/li>\n<li>S\u00f3n imparcials i independents<\/li>\n<li>Poden proposar possibles solucions jur\u00eddiques al conflicte<\/li>\n<li>L&#8217;acord al qual s&#8217;arriba es recull en escriptura p\u00fablica la qual est\u00e0 dotada d&#8217;efic\u00e0cia executiva<\/li>\n<\/ul>\n<p>[\/et_pb_text][\/et_pb_column][\/et_pb_row][\/et_pb_section]<\/p>\n","protected":false},"excerpt":{"rendered":"<p>QU\u00c8 \u00c9S LA CONCILIACI\u00d3? \u00c9s un m\u00e8tode de resoluci\u00f3 de conflictes en el qual una persona experta, amb coneixements t\u00e8cnics o jur\u00eddics relacionats amb la mat\u00e8ria del conflicte, ajuda les parts a aconseguir un acord mitjan\u00e7ant recomanacions o, si \u00e9s necessari, propostes que puguin finalitzar la controv\u00e8rsia entre elles. LA CONCILIACI\u00d3 NOTARIAL La llei de jurisdicci\u00f3 volunt\u00e0ria va introduir la possibilitat de realitzar la conciliaci\u00f3 davant notari, donant lloc a la modificaci\u00f3 de la Llei del Notariat. Recentment la Llei org\u00e0nica 1\/2025, de 2 de Gener de mesures en mat\u00e8ria d&#8217;efici\u00e8ncia del Servei P\u00fablic de Just\u00edcia, ha incorporat la conciliaci\u00f3 notarial com un dels mitjans adequat de soluci\u00f3 de controv\u00e8rsies en via no jurisdiccional. QU\u00c8 APORTEN ELS NOTARIS A LA CONCILIACI\u00d3? S\u00f3n funcionaris p\u00fablics d&#8217;alt reconeixement i prestigi social S\u00f3n especialistes en dret privat S\u00f3n imparcials i independents Poden proposar possibles solucions jur\u00eddiques al conflicte L&#8217;acord al qual s&#8217;arriba es recull en escriptura p\u00fablica la qual est\u00e0 dotada d&#8217;efic\u00e0cia executiva<\/p>\n","protected":false},"author":1,"featured_media":25252,"parent":11400,"menu_order":0,"comment_status":"closed","ping_status":"closed","template":"","meta":{"_acf_changed":false,"_et_pb_use_builder":"on","_et_pb_old_content":"","_et_gb_content_width":"","ngg_post_thumbnail":0,"_price":"","_stock":"","_tribe_ticket_header":"","_tribe_default_ticket_provider":"","_tribe_ticket_capacity":"0","_ticket_start_date":"","_ticket_end_date":"","_tribe_ticket_show_description":"","_tribe_ticket_show_not_going":false,"_tribe_ticket_use_global_stock":"","_tribe_ticket_global_stock_level":"","_global_stock_mode":"","_global_stock_cap":"","_tribe_rsvp_for_event":"","_tribe_ticket_going_count":"","_tribe_ticket_not_going_count":"","_tribe_tickets_list":"[]","_tribe_ticket_has_attendee_info_fields":false,"footnotes":"","_tec_slr_enabled":"","_tec_slr_layout":""},"class_list":["post-25258","page","type-page","status-publish","has-post-thumbnail","hentry"],"acf":[],"ticketed":false,"_links":{"self":[{"href":"https:\/\/www.colegionotarial.org\/ca\/wp-json\/wp\/v2\/pages\/25258","targetHints":{"allow":["GET"]}}],"collection":[{"href":"https:\/\/www.colegionotarial.org\/ca\/wp-json\/wp\/v2\/pages"}],"about":[{"href":"https:\/\/www.colegionotarial.org\/ca\/wp-json\/wp\/v2\/types\/page"}],"author":[{"embeddable":true,"href":"https:\/\/www.colegionotarial.org\/ca\/wp-json\/wp\/v2\/users\/1"}],"replies":[{"embeddable":true,"href":"https:\/\/www.colegionotarial.org\/ca\/wp-json\/wp\/v2\/comments?post=25258"}],"version-history":[{"count":3,"href":"https:\/\/www.colegionotarial.org\/ca\/wp-json\/wp\/v2\/pages\/25258\/revisions"}],"predecessor-version":[{"id":25262,"href":"https:\/\/www.colegionotarial.org\/ca\/wp-json\/wp\/v2\/pages\/25258\/revisions\/25262"}],"up":[{"embeddable":true,"href":"https:\/\/www.colegionotarial.org\/ca\/wp-json\/wp\/v2\/pages\/11400"}],"wp:featuredmedia":[{"embeddable":true,"href":"https:\/\/www.colegionotarial.org\/ca\/wp-json\/wp\/v2\/media\/25252"}],"wp:attachment":[{"href":"https:\/\/www.colegionotarial.org\/ca\/wp-json\/wp\/v2\/media?parent=25258"}],"curies":[{"name":"wp","href":"https:\/\/api.w.org\/{rel}","templated":true}]}}