{"id":14918,"date":"2024-10-08T08:57:57","date_gmt":"2024-10-08T06:57:57","guid":{"rendered":"https:\/\/www.colegionotarial.org\/actualitat\/publicacions\/premio-puig-salellas\/"},"modified":"2025-07-11T09:50:19","modified_gmt":"2025-07-11T07:50:19","slug":"premi-puig-salellas","status":"publish","type":"page","link":"https:\/\/www.colegionotarial.org\/ca\/actualitat\/publicacions\/premi-puig-salellas\/","title":{"rendered":"Premi Puig Salellas"},"content":{"rendered":"<p>[et_pb_section fb_built=&#8221;1&#8243; _builder_version=&#8221;4.25.2&#8243; _module_preset=&#8221;default&#8221; global_colors_info=&#8221;{}&#8221;][et_pb_row _builder_version=&#8221;4.26.1&#8243; _module_preset=&#8221;default&#8221; global_colors_info=&#8221;{}&#8221;][et_pb_column type=&#8221;4_4&#8243; _builder_version=&#8221;4.25.2&#8243; _module_preset=&#8221;default&#8221; global_colors_info=&#8221;{}&#8221;][dsm_card title=&#8221;Premi Puig Salellas Edici\u00f3 2022&#8243; subtitle=&#8221;Premi Puig Salellas&#8221; layout=&#8221;inline&#8221; layout_inline_image_width=&#8221;120px&#8221; content_horizontal_alignment=&#8221;flex-start&#8221; image_as_background=&#8221;off&#8221; button_url_new_window=&#8221;1&#8243; _builder_version=&#8221;4.27.3&#8243; _module_preset=&#8221;default&#8221; body_font_size=&#8221;1rem&#8221; background_enable_color=&#8221;off&#8221; height=&#8221;200px&#8221; custom_padding=&#8221;10px|10px|10px|10px|true|true&#8221; link_option_url_new_window=&#8221;on&#8221; hover_enabled=&#8221;0&#8243; border_radii=&#8221;on|6px|6px|6px|6px&#8221; border_width_all=&#8221;1px&#8221; border_color_all=&#8221;#FFFFFF&#8221; global_colors_info=&#8221;{%22gcid-ab52094e-5a6f-4ce7-9faf-05f357b7a987%22:%91%22border_color_all__hover%22,%22border_color_all__hover%22%93}&#8221; border_radii__hover_enabled=&#8221;on|desktop&#8221; border_color_all__hover_enabled=&#8221;on|hover&#8221; border_color_all__hover=&#8221;#0c2d75&#8243; border_radii__hover=&#8221;on|6px|6px|6px|6px&#8221; title_text=&#8221;Portada premio Puig salellas 2022&#8243; image=&#8221;https:\/\/www.colegionotarial.org\/wp-content\/uploads\/2025\/07\/Portada-premio-Puig-salellas-2022.jpg&#8221; sticky_enabled=&#8221;0&#8243;]<\/p>\n<p>Edici\u00f3n 2022<br \/>EL\u00cdAS CAMPO VILLEGAS<br \/>OBRA ESCOGIDA<\/p>\n<p>Data: Maig<br \/>Autor: Col\u00b7legi Notarial de Catalunya<\/p>\n<p>[\/dsm_card][dsm_card title=&#8221;Premi Puig Salellas Edici\u00f3 2021&#8243; subtitle=&#8221;Premi Puig Salellas&#8221; layout=&#8221;inline&#8221; layout_inline_image_width=&#8221;120px&#8221; content_horizontal_alignment=&#8221;flex-start&#8221; image=&#8221;https:\/\/www.colegionotarial.org\/wp-content\/uploads\/2024\/10\/publicacion_image_1684741384.jpeg&#8221; image_as_background=&#8221;off&#8221; button_url_new_window=&#8221;1&#8243; _builder_version=&#8221;4.26.1&#8243; _module_preset=&#8221;default&#8221; body_font_size=&#8221;1rem&#8221; background_enable_color=&#8221;off&#8221; height=&#8221;200px&#8221; custom_padding=&#8221;10px|10px|10px|10px|true|true&#8221; link_option_url_new_window=&#8221;on&#8221; border_radii=&#8221;on|6px|6px|6px|6px&#8221; border_width_all=&#8221;1px&#8221; border_color_all=&#8221;#FFFFFF&#8221; global_colors_info=&#8221;{%22gcid-ab52094e-5a6f-4ce7-9faf-05f357b7a987%22:%91%22border_color_all__hover%22,%22border_color_all__hover%22%93}&#8221; border_radii__hover_enabled=&#8221;on|desktop&#8221; border_color_all__hover_enabled=&#8221;on|hover&#8221; border_color_all__hover=&#8221;#0c2d75&#8243; border_radii__hover=&#8221;on|6px|6px|6px|6px&#8221;]<\/p>\n<p>Edici\u00f3 2021<br \/>Quaranta anys d&#8217;evoluci\u00f3<br \/>del dret catal\u00e0 a les Jornadas de Tossa<br \/>JORNADES DE DRET CATAL\u00c0 A TOSSA<\/p>\n<p>Data: maig<br \/>Autor: Col\u00b7legi Notarial de Catalunya<\/p>\n<p>[\/dsm_card][dsm_card title=&#8221;Premi Puig Salellas Edici\u00f3n 2020&#8243; subtitle=&#8221;Premi Puig Salellas&#8221; layout=&#8221;inline&#8221; layout_inline_image_width=&#8221;120px&#8221; content_horizontal_alignment=&#8221;flex-start&#8221; image=&#8221;https:\/\/www.colegionotarial.org\/wp-content\/uploads\/2024\/10\/publicacion_image_1638869521.png&#8221; image_as_background=&#8221;off&#8221; button_url_new_window=&#8221;1&#8243; _builder_version=&#8221;4.26.1&#8243; _module_preset=&#8221;default&#8221; body_font_size=&#8221;1rem&#8221; background_enable_color=&#8221;off&#8221; height=&#8221;200px&#8221; custom_padding=&#8221;10px|10px|10px|10px|true|true&#8221; link_option_url_new_window=&#8221;on&#8221; border_radii=&#8221;on|6px|6px|6px|6px&#8221; border_width_all=&#8221;1px&#8221; border_color_all=&#8221;#FFFFFF&#8221; global_colors_info=&#8221;{%22gcid-ab52094e-5a6f-4ce7-9faf-05f357b7a987%22:%91%22border_color_all__hover%22,%22border_color_all__hover%22%93}&#8221; border_radii__hover_enabled=&#8221;on|desktop&#8221; border_color_all__hover_enabled=&#8221;on|hover&#8221; border_color_all__hover=&#8221;#0c2d75&#8243; border_radii__hover=&#8221;on|6px|6px|6px|6px&#8221;]<\/p>\n<p>Edici\u00f3 2020<br \/>M\u00aa. del Carmen Gete-Alonso y Calera<br \/>OBRA ESCOLLIDA<\/p>\n<p>Data: desembre<br \/>Autor: M\u00aa. del Carmen Gete-Alonso y Calera<\/p>\n<p>[\/dsm_card][dsm_card title=&#8221;Premi Puig Salellas Edici\u00f3n 2019&#8243; subtitle=&#8221;Premi Puig Salellas&#8221; layout=&#8221;inline&#8221; layout_inline_image_width=&#8221;120px&#8221; content_horizontal_alignment=&#8221;flex-start&#8221; image=&#8221;https:\/\/www.colegionotarial.org\/wp-content\/uploads\/2024\/10\/publicacion_image_1633689728.png&#8221; image_as_background=&#8221;off&#8221; button_url_new_window=&#8221;1&#8243; _builder_version=&#8221;4.26.1&#8243; _module_preset=&#8221;default&#8221; body_font_size=&#8221;1rem&#8221; background_enable_color=&#8221;off&#8221; height=&#8221;200px&#8221; custom_padding=&#8221;10px|10px|10px|10px|true|true&#8221; link_option_url_new_window=&#8221;on&#8221; border_radii=&#8221;on|6px|6px|6px|6px&#8221; border_width_all=&#8221;1px&#8221; border_color_all=&#8221;#FFFFFF&#8221; global_colors_info=&#8221;{%22gcid-ab52094e-5a6f-4ce7-9faf-05f357b7a987%22:%91%22border_color_all__hover%22,%22border_color_all__hover%22%93}&#8221; border_radii__hover_enabled=&#8221;on|desktop&#8221; border_color_all__hover_enabled=&#8221;on|hover&#8221; border_color_all__hover=&#8221;#0c2d75&#8243; border_radii__hover=&#8221;on|6px|6px|6px|6px&#8221;]<\/p>\n<p>Edici\u00f3n 2019<br \/>Joan Egea i Fern\u00e1ndez<br \/>OBRA ESCOLLIDA<\/p>\n<p>Data: Maig<br \/>Autor: Joan Egea i Fern\u00e0ndez<\/p>\n<p>[\/dsm_card][dsm_card title=&#8221;Alegr\u00eda Borr\u00e1s &#8211; OBRA ESCOLLIDA&#8221; subtitle=&#8221;Premi Puig Salellas&#8221; layout=&#8221;inline&#8221; layout_inline_image_width=&#8221;120px&#8221; content_horizontal_alignment=&#8221;flex-start&#8221; image=&#8221;https:\/\/www.colegionotarial.org\/wp-content\/uploads\/2024\/10\/publicacion_image_1594804383.jpeg&#8221; image_as_background=&#8221;off&#8221; button_url_new_window=&#8221;1&#8243; _builder_version=&#8221;4.26.1&#8243; _module_preset=&#8221;default&#8221; body_font_size=&#8221;1rem&#8221; background_enable_color=&#8221;off&#8221; height=&#8221;200px&#8221; custom_padding=&#8221;10px|10px|10px|10px|true|true&#8221; link_option_url_new_window=&#8221;on&#8221; border_radii=&#8221;on|6px|6px|6px|6px&#8221; border_width_all=&#8221;1px&#8221; border_color_all=&#8221;#FFFFFF&#8221; global_colors_info=&#8221;{%22gcid-ab52094e-5a6f-4ce7-9faf-05f357b7a987%22:%91%22border_color_all__hover%22,%22border_color_all__hover%22%93}&#8221; border_radii__hover_enabled=&#8221;on|desktop&#8221; border_color_all__hover_enabled=&#8221;on|hover&#8221; border_color_all__hover=&#8221;#0c2d75&#8243; border_radii__hover=&#8221;on|6px|6px|6px|6px&#8221;]<\/p>\n<p>Data: Desembre<\/p>\n<p>[\/dsm_card][dsm_card title=&#8221;Pablo Salvador Coderch &#8211; R\u00cdO ARRIBA obra escollida&#8221; subtitle=&#8221;Premi Puig Salellas&#8221; layout=&#8221;inline&#8221; layout_inline_image_width=&#8221;120px&#8221; content_horizontal_alignment=&#8221;flex-start&#8221; image=&#8221;https:\/\/www.colegionotarial.org\/wp-content\/uploads\/2024\/10\/publicacion_image_1602674096.jpeg&#8221; image_as_background=&#8221;off&#8221; button_url_new_window=&#8221;1&#8243; _builder_version=&#8221;4.26.1&#8243; _module_preset=&#8221;default&#8221; body_font_size=&#8221;1rem&#8221; background_enable_color=&#8221;off&#8221; height=&#8221;200px&#8221; custom_padding=&#8221;10px|10px|10px|10px|true|true&#8221; link_option_url_new_window=&#8221;on&#8221; border_radii=&#8221;on|6px|6px|6px|6px&#8221; border_width_all=&#8221;1px&#8221; border_color_all=&#8221;#FFFFFF&#8221; global_colors_info=&#8221;{%22gcid-ab52094e-5a6f-4ce7-9faf-05f357b7a987%22:%91%22border_color_all__hover%22,%22border_color_all__hover%22%93}&#8221; border_radii__hover_enabled=&#8221;on|desktop&#8221; border_color_all__hover_enabled=&#8221;on|hover&#8221; border_color_all__hover=&#8221;#0c2d75&#8243; border_radii__hover=&#8221;on|6px|6px|6px|6px&#8221;]<\/p>\n<p>EDICI\u00d3 2017<\/p>\n<p>R\u00cdO ARRIBA obra escollida<\/p>\n<p>Pablo Salvador Coderch<\/p>\n<p>Data: Desembre<\/p>\n<p>[\/dsm_card][dsm_card title=&#8221;LLU\u00cdS PUIG I FERRIOL &#8211; Articles seleccionats&#8221; subtitle=&#8221;Premi Puig Salellas&#8221; layout=&#8221;inline&#8221; layout_inline_image_width=&#8221;120px&#8221; content_horizontal_alignment=&#8221;flex-start&#8221; image=&#8221;https:\/\/www.colegionotarial.org\/wp-content\/uploads\/2024\/10\/image_1545132897.jpeg&#8221; image_as_background=&#8221;off&#8221; button_url_new_window=&#8221;1&#8243; _builder_version=&#8221;4.26.1&#8243; _module_preset=&#8221;default&#8221; body_font_size=&#8221;1rem&#8221; background_enable_color=&#8221;off&#8221; height=&#8221;200px&#8221; custom_padding=&#8221;10px|10px|10px|10px|true|true&#8221; link_option_url_new_window=&#8221;on&#8221; border_radii=&#8221;on|6px|6px|6px|6px&#8221; border_width_all=&#8221;1px&#8221; border_color_all=&#8221;#FFFFFF&#8221; global_colors_info=&#8221;{%22gcid-ab52094e-5a6f-4ce7-9faf-05f357b7a987%22:%91%22border_color_all__hover%22,%22border_color_all__hover%22%93}&#8221; border_radii__hover_enabled=&#8221;on|desktop&#8221; border_color_all__hover_enabled=&#8221;on|hover&#8221; border_color_all__hover=&#8221;#0c2d75&#8243; border_radii__hover=&#8221;on|6px|6px|6px|6px&#8221;]<\/p>\n<p>EDICI\u00d3 2015<br \/>Articles seleccionats<br \/>Biling\u00fce (espa\u00f1ol-catal\u00e0)<\/p>\n<p>Data: Desembre<\/p>\n<p>[\/dsm_card][dsm_card title=&#8221;FERRAN BADOSA I COLL &#8211; Articles seleccionats&#8221; subtitle=&#8221;Premi Puig Salellas&#8221; layout=&#8221;inline&#8221; layout_inline_image_width=&#8221;120px&#8221; content_horizontal_alignment=&#8221;flex-start&#8221; image=&#8221;https:\/\/www.colegionotarial.org\/wp-content\/uploads\/2024\/10\/publicacion_image_1602674127.jpeg&#8221; image_as_background=&#8221;off&#8221; button_url_new_window=&#8221;1&#8243; _builder_version=&#8221;4.26.1&#8243; _module_preset=&#8221;default&#8221; body_font_size=&#8221;1rem&#8221; background_enable_color=&#8221;off&#8221; height=&#8221;200px&#8221; custom_padding=&#8221;10px|10px|10px|10px|true|true&#8221; link_option_url_new_window=&#8221;on&#8221; border_radii=&#8221;on|6px|6px|6px|6px&#8221; border_width_all=&#8221;1px&#8221; border_color_all=&#8221;#FFFFFF&#8221; global_colors_info=&#8221;{%22gcid-ab52094e-5a6f-4ce7-9faf-05f357b7a987%22:%91%22border_color_all__hover%22,%22border_color_all__hover%22%93}&#8221; border_radii__hover_enabled=&#8221;on|desktop&#8221; border_color_all__hover_enabled=&#8221;on|hover&#8221; border_color_all__hover=&#8221;#0c2d75&#8243; border_radii__hover=&#8221;on|6px|6px|6px|6px&#8221;]<\/p>\n<p>EDICI\u00d3 2014<\/p>\n<p>Articles seleccionats<\/p>\n<p>Biling\u00fce (espa\u00f1ol-catal\u00e0)<\/p>\n<p>Data: Desembre<\/p>\n<p>[\/dsm_card][dsm_card title=&#8221;ROBERT FOLLIA I CAMPS &#8211; Articles seleccionats&#8221; subtitle=&#8221;Premi Puig Salellas&#8221; layout=&#8221;inline&#8221; layout_inline_image_width=&#8221;120px&#8221; content_horizontal_alignment=&#8221;flex-start&#8221; image=&#8221;https:\/\/www.colegionotarial.org\/wp-content\/uploads\/2024\/10\/publicacion_image_1602674120.jpeg&#8221; image_as_background=&#8221;off&#8221; button_url_new_window=&#8221;1&#8243; _builder_version=&#8221;4.26.1&#8243; _module_preset=&#8221;default&#8221; body_font_size=&#8221;1rem&#8221; background_enable_color=&#8221;off&#8221; height=&#8221;200px&#8221; custom_padding=&#8221;10px|10px|10px|10px|true|true&#8221; link_option_url_new_window=&#8221;on&#8221; border_radii=&#8221;on|6px|6px|6px|6px&#8221; border_width_all=&#8221;1px&#8221; border_color_all=&#8221;#FFFFFF&#8221; global_colors_info=&#8221;{%22gcid-ab52094e-5a6f-4ce7-9faf-05f357b7a987%22:%91%22border_color_all__hover%22,%22border_color_all__hover%22%93}&#8221; border_radii__hover_enabled=&#8221;on|desktop&#8221; border_color_all__hover_enabled=&#8221;on|hover&#8221; border_color_all__hover=&#8221;#0c2d75&#8243; border_radii__hover=&#8221;on|6px|6px|6px|6px&#8221;]<\/p>\n<p>EDICI\u00d3 2013<\/p>\n<p>Articles seleccionats<\/p>\n<p>Biling\u00fce (espa\u00f1ol-catal\u00e0)<\/p>\n<p>Data: Desembre<\/p>\n<p>[\/dsm_card][dsm_card title=&#8221;ENCARNA ROCA I TRIAS &#8211; El resum d&#8217;una vida d&#8217;investigaci\u00f3&#8221; subtitle=&#8221;Premi Puig Salellas&#8221; layout=&#8221;inline&#8221; layout_inline_image_width=&#8221;120px&#8221; content_horizontal_alignment=&#8221;flex-start&#8221; image=&#8221;https:\/\/www.colegionotarial.org\/wp-content\/uploads\/2024\/10\/publicacion_image_1602674165.jpeg&#8221; image_as_background=&#8221;off&#8221; button_url_new_window=&#8221;1&#8243; _builder_version=&#8221;4.26.1&#8243; _module_preset=&#8221;default&#8221; body_font_size=&#8221;1rem&#8221; background_enable_color=&#8221;off&#8221; height=&#8221;200px&#8221; custom_padding=&#8221;10px|10px|10px|10px|true|true&#8221; link_option_url_new_window=&#8221;on&#8221; border_radii=&#8221;on|6px|6px|6px|6px&#8221; border_width_all=&#8221;1px&#8221; border_color_all=&#8221;#FFFFFF&#8221; global_colors_info=&#8221;{%22gcid-ab52094e-5a6f-4ce7-9faf-05f357b7a987%22:%91%22border_color_all__hover%22,%22border_color_all__hover%22%93}&#8221; border_radii__hover_enabled=&#8221;on|desktop&#8221; border_color_all__hover_enabled=&#8221;on|hover&#8221; border_color_all__hover=&#8221;#0c2d75&#8243; border_radii__hover=&#8221;on|6px|6px|6px|6px&#8221;]<\/p>\n<p>EDICI\u00d3 2012<\/p>\n<p>El resum d&#8217;una vida d&#8217;investigaci\u00f3<\/p>\n<p>Biling\u00fce (espa\u00f1ol-catal\u00e0)<\/p>\n<p>Data: Gener<\/p>\n<p>[\/dsm_card][dsm_card title=&#8221;JOSEP JOAN PINT\u00d3 I RUIZ &#8211; Articles seleccionats&#8221; subtitle=&#8221;Premi Puig Salellas&#8221; layout=&#8221;inline&#8221; layout_inline_image_width=&#8221;120px&#8221; content_horizontal_alignment=&#8221;flex-start&#8221; image=&#8221;https:\/\/www.colegionotarial.org\/wp-content\/uploads\/2024\/10\/publicacion_image_1602674158.jpeg&#8221; image_as_background=&#8221;off&#8221; button_url_new_window=&#8221;1&#8243; _builder_version=&#8221;4.26.1&#8243; _module_preset=&#8221;default&#8221; body_font_size=&#8221;1rem&#8221; background_enable_color=&#8221;off&#8221; height=&#8221;200px&#8221; custom_padding=&#8221;10px|10px|10px|10px|true|true&#8221; link_option_url_new_window=&#8221;on&#8221; border_radii=&#8221;on|6px|6px|6px|6px&#8221; border_width_all=&#8221;1px&#8221; border_color_all=&#8221;#FFFFFF&#8221; global_colors_info=&#8221;{%22gcid-ab52094e-5a6f-4ce7-9faf-05f357b7a987%22:%91%22border_color_all__hover%22,%22border_color_all__hover%22%93}&#8221; border_radii__hover_enabled=&#8221;on|desktop&#8221; border_color_all__hover_enabled=&#8221;on|hover&#8221; border_color_all__hover=&#8221;#0c2d75&#8243; border_radii__hover=&#8221;on|6px|6px|6px|6px&#8221;]<\/p>\n<p>EDICI\u00d3 2011<\/p>\n<p>Articles seleccionats<\/p>\n<p>Biling\u00fce (espa\u00f1ol-catal\u00e0)<\/p>\n<p>Data: Gener<\/p>\n<p>[\/dsm_card][dsm_card title=&#8221;JUAN BERCHMANS VALLET DE GOYTISOLO &#8211; Articles seleccionats&#8221; subtitle=&#8221;Premi Puig Salellas&#8221; layout=&#8221;inline&#8221; layout_inline_image_width=&#8221;120px&#8221; content_horizontal_alignment=&#8221;flex-start&#8221; image=&#8221;https:\/\/www.colegionotarial.org\/wp-content\/uploads\/2024\/10\/publicacion_image_1602674150.jpeg&#8221; image_as_background=&#8221;off&#8221; button_url_new_window=&#8221;1&#8243; _builder_version=&#8221;4.26.1&#8243; _module_preset=&#8221;default&#8221; body_font_size=&#8221;1rem&#8221; background_enable_color=&#8221;off&#8221; height=&#8221;200px&#8221; custom_padding=&#8221;10px|10px|10px|10px|true|true&#8221; link_option_url_new_window=&#8221;on&#8221; border_radii=&#8221;on|6px|6px|6px|6px&#8221; border_width_all=&#8221;1px&#8221; border_color_all=&#8221;#FFFFFF&#8221; global_colors_info=&#8221;{%22gcid-ab52094e-5a6f-4ce7-9faf-05f357b7a987%22:%91%22border_color_all__hover%22,%22border_color_all__hover%22%93}&#8221; border_radii__hover_enabled=&#8221;on|desktop&#8221; border_color_all__hover_enabled=&#8221;on|hover&#8221; border_color_all__hover=&#8221;#0c2d75&#8243; border_radii__hover=&#8221;on|6px|6px|6px|6px&#8221;]<\/p>\n<p>EDICI\u00d3 2010<\/p>\n<p>Articles seleccionats<\/p>\n<p>Editatat en espanyol<\/p>\n<p>Data: Juny<\/p>\n<p>[\/dsm_card][\/et_pb_column][\/et_pb_row][et_pb_row _builder_version=&#8221;4.25.2&#8243; _module_preset=&#8221;default&#8221; global_colors_info=&#8221;{}&#8221;][et_pb_column type=&#8221;4_4&#8243; _builder_version=&#8221;4.25.2&#8243; _module_preset=&#8221;default&#8221; global_colors_info=&#8221;{}&#8221;][et_pb_code _builder_version=&#8221;4.26.1&#8243; _module_preset=&#8221;default&#8221; global_colors_info=&#8221;{}&#8221;]<\/p>\n<style><!-- [et_pb_line_break_holder] --><!-- [et_pb_line_break_holder] -->.custom-flex-row .et_pb_column > .et_pb_module {<!-- [et_pb_line_break_holder] -->    width: 500px!important;<!-- [et_pb_line_break_holder] -->}<!-- [et_pb_line_break_holder] --><!-- [et_pb_line_break_holder] -->  p{<!-- [et_pb_line_break_holder] -->    font-size: 90%;<!-- [et_pb_line_break_holder] -->    line-height: normal;<!-- [et_pb_line_break_holder] -->  }<!-- [et_pb_line_break_holder] --><!-- [et_pb_line_break_holder] -->.dsm_card_layout_inline .et_pb_module_inner {<!-- [et_pb_line_break_holder] -->  align-items: flex-start!important<!-- [et_pb_line_break_holder] -->}<!-- [et_pb_line_break_holder] --><!-- [et_pb_line_break_holder] -->img.dsm_card_img {<!-- [et_pb_line_break_holder] -->  margin-top: 0px!important;<!-- [et_pb_line_break_holder] -->}<!-- [et_pb_line_break_holder] -->h4.dsm_card_title {<!-- [et_pb_line_break_holder] -->  margin-top: -20px!important;<!-- [et_pb_line_break_holder] -->  <!-- [et_pb_line_break_holder] -->}<!-- [et_pb_line_break_holder] -->  <!-- [et_pb_line_break_holder] -->  .dsm_card {<!-- [et_pb_line_break_holder] -->    min-height: 280px!important;<!-- [et_pb_line_break_holder] -->    height: auto!important;<!-- [et_pb_line_break_holder] -->  }<!-- [et_pb_line_break_holder] -->  <!-- [et_pb_line_break_holder] --><\/style>\n<p>[\/et_pb_code][\/et_pb_column][\/et_pb_row][\/et_pb_section]<\/p>\n","protected":false},"excerpt":{"rendered":"<p><div class=\"et_pb_with_border et_pb_module dsm_card dsm_card_0 et_pb_bg_layout_light  dsm_card_layout_inline\">\n\t\t\t\t\n\t\t\t\t\n\t\t\t\t\n\t\t\t\t\n\t\t\t\t\n\t\t\t\t\n\t\t\t\t<div class=\"et_pb_module_inner\">\n\t\t\t\t\t\n\t\t\t\n\t\t\t<figure class=\"dsm_card_image_wrapper dsm_card_badge_top_right\"><img decoding=\"async\" src=\"https:\/\/www.colegionotarial.org\/wp-content\/uploads\/2025\/07\/Portada-premio-Puig-salellas-2022.jpg\" alt=\"\" srcset=\"https:\/\/www.colegionotarial.org\/wp-content\/uploads\/2025\/07\/Portada-premio-Puig-salellas-2022.jpg 534w, https:\/\/www.colegionotarial.org\/wp-content\/uploads\/2025\/07\/Portada-premio-Puig-salellas-2022-480x630.jpg 480w\" sizes=\"(min-width: 0px) and (max-width: 480px) 480px, (min-width: 481px) 534px, 100vw\" class=\"dsm_card_img dsm_card_image_stretch\" \/><\/figure>\n\t\t\t<div class=\"et_pb_module dsm_card_wrapper et_pb_text_align_left\">\n\t\t\t\t\t\n\t\t\t\t\t<h4 class=\"dsm_card_title et_pb_module_header\">Premi Puig Salellas Edici\u00f3 2022<\/h4>\n\t\t\t\t\t<div class=\"dsm_card_subtitle\">Premi Puig Salellas<\/div>\n\t\t\t\t\t<div class=\"dsm_card_description\">Edici\u00f3n 2022EL\u00cdAS CAMPO VILLEGASOBRA ESCOGIDA Data: MaigAutor: Col\u00b7legi Notarial de Catalunya<\/div>\n\t\t\t\t\t\n\t\t\t\t<\/div>\n\t\t\t\n\t\t\t\t<\/div>\n\t\t\t<\/div><div class=\"et_pb_with_border et_pb_module dsm_card dsm_card_1 et_pb_bg_layout_light  dsm_card_layout_inline\">\n\t\t\t\t\n\t\t\t\t\n\t\t\t\t\n\t\t\t\t\n\t\t\t\t\n\t\t\t\t\n\t\t\t\t<div class=\"et_pb_module_inner\">\n\t\t\t\t\t\n\t\t\t\n\t\t\t<figure class=\"dsm_card_image_wrapper dsm_card_badge_top_right\"><img decoding=\"async\" src=\"https:\/\/www.colegionotarial.org\/wp-content\/uploads\/2024\/10\/publicacion_image_1684741384.jpeg\" alt=\"\" class=\"dsm_card_img dsm_card_image_stretch\" \/><\/figure>\n\t\t\t<div class=\"et_pb_module dsm_card_wrapper et_pb_text_align_left\">\n\t\t\t\t\t\n\t\t\t\t\t<h4 class=\"dsm_card_title et_pb_module_header\">Premi Puig Salellas Edici\u00f3 2021<\/h4>\n\t\t\t\t\t<div class=\"dsm_card_subtitle\">Premi Puig Salellas<\/div>\n\t\t\t\t\t<div class=\"dsm_card_description\">Edici\u00f3 2021Quaranta anys d&#8217;evoluci\u00f3del dret catal\u00e0 a les Jornadas de TossaJORNADES DE DRET CATAL\u00c0 A TOSSA Data: maigAutor: Col\u00b7legi Notarial de Catalunya<\/div>\n\t\t\t\t\t\n\t\t\t\t<\/div>\n\t\t\t\n\t\t\t\t<\/div>\n\t\t\t<\/div><div class=\"et_pb_with_border et_pb_module dsm_card dsm_card_2 et_pb_bg_layout_light  dsm_card_layout_inline\">\n\t\t\t\t\n\t\t\t\t\n\t\t\t\t\n\t\t\t\t\n\t\t\t\t\n\t\t\t\t\n\t\t\t\t<div class=\"et_pb_module_inner\">\n\t\t\t\t\t\n\t\t\t\n\t\t\t<figure class=\"dsm_card_image_wrapper dsm_card_badge_top_right\"><img decoding=\"async\" src=\"https:\/\/www.colegionotarial.org\/wp-content\/uploads\/2024\/10\/publicacion_image_1638869521.png\" alt=\"\" class=\"dsm_card_img dsm_card_image_stretch\" \/><\/figure>\n\t\t\t<div class=\"et_pb_module dsm_card_wrapper et_pb_text_align_left\">\n\t\t\t\t\t\n\t\t\t\t\t<h4 class=\"dsm_card_title et_pb_module_header\">Premi Puig Salellas Edici\u00f3n 2020<\/h4>\n\t\t\t\t\t<div class=\"dsm_card_subtitle\">Premi Puig Salellas<\/div>\n\t\t\t\t\t<div class=\"dsm_card_description\">Edici\u00f3 2020M\u00aa. del Carmen Gete-Alonso y CaleraOBRA ESCOLLIDA Data: desembreAutor: M\u00aa. del Carmen Gete-Alonso y Calera<\/div>\n\t\t\t\t\t\n\t\t\t\t<\/div>\n\t\t\t\n\t\t\t\t<\/div>\n\t\t\t<\/div><div class=\"et_pb_with_border et_pb_module dsm_card dsm_card_3 et_pb_bg_layout_light  dsm_card_layout_inline\">\n\t\t\t\t\n\t\t\t\t\n\t\t\t\t\n\t\t\t\t\n\t\t\t\t\n\t\t\t\t\n\t\t\t\t<div class=\"et_pb_module_inner\">\n\t\t\t\t\t\n\t\t\t\n\t\t\t<figure class=\"dsm_card_image_wrapper dsm_card_badge_top_right\"><img decoding=\"async\" src=\"https:\/\/www.colegionotarial.org\/wp-content\/uploads\/2024\/10\/publicacion_image_1633689728.png\" alt=\"\" class=\"dsm_card_img dsm_card_image_stretch\" \/><\/figure>\n\t\t\t<div class=\"et_pb_module dsm_card_wrapper et_pb_text_align_left\">\n\t\t\t\t\t\n\t\t\t\t\t<h4 class=\"dsm_card_title et_pb_module_header\">Premi Puig Salellas Edici\u00f3n 2019<\/h4>\n\t\t\t\t\t<div class=\"dsm_card_subtitle\">Premi Puig Salellas<\/div>\n\t\t\t\t\t<div class=\"dsm_card_description\">Edici\u00f3n 2019Joan Egea i Fern\u00e1ndezOBRA ESCOLLIDA Data: MaigAutor: Joan Egea i Fern\u00e0ndez<\/div>\n\t\t\t\t\t\n\t\t\t\t<\/div>\n\t\t\t\n\t\t\t\t<\/div>\n\t\t\t<\/div><div class=\"et_pb_module dsm_card dsm_card_4 et_pb_bg_layout_light  dsm_card_layout_&#8221;inline&#8221;\">\n\t\t\t\t\n\t\t\t\t\n\t\t\t\t\n\t\t\t\t\n\t\t\t\t\n\t\t\t\t\n\t\t\t\t<div class=\"et_pb_module_inner\">\n\t\t\t\t\t\n\t\t\t\n\t\t\t<figure class=\"dsm_card_image_wrapper dsm_card_badge_top_right\"><img decoding=\"async\" src=\"\" alt=\"\" class=\"et_multi_view_hidden_image dsm_card_img dsm_card_image_stretch\" \/><\/figure>\n\t\t\t<div class=\"et_pb_module dsm_card_wrapper et_pb_text_align_left\">\n\t\t\t\t\t\n\t\t\t\t\t<h4 class=\"dsm_card_title et_pb_module_header\">&#8221;Alegr\u00eda<\/h4>\n\t\t\t\t\t<div class=\"dsm_card_subtitle\">&#8221;Premi<\/div>\n\t\t\t\t\t\n\t\t\t\t\t\n\t\t\t\t<\/div>\n\t\t\t\n\t\t\t\t<\/div>\n\t\t\t<\/div><\/p>\n","protected":false},"author":1,"featured_media":0,"parent":14522,"menu_order":0,"comment_status":"closed","ping_status":"closed","template":"","meta":{"_acf_changed":false,"_et_pb_use_builder":"on","_et_pb_old_content":"","_et_gb_content_width":"","ngg_post_thumbnail":0,"_price":"","_stock":"","_tribe_ticket_header":"","_tribe_default_ticket_provider":"","_tribe_ticket_capacity":"0","_ticket_start_date":"","_ticket_end_date":"","_tribe_ticket_show_description":"","_tribe_ticket_show_not_going":false,"_tribe_ticket_use_global_stock":"","_tribe_ticket_global_stock_level":"","_global_stock_mode":"","_global_stock_cap":"","_tribe_rsvp_for_event":"","_tribe_ticket_going_count":"","_tribe_ticket_not_going_count":"","_tribe_tickets_list":"[]","_tribe_ticket_has_attendee_info_fields":false,"footnotes":"","_tec_slr_enabled":"","_tec_slr_layout":""},"class_list":["post-14918","page","type-page","status-publish","hentry"],"acf":[],"ticketed":false,"_links":{"self":[{"href":"https:\/\/www.colegionotarial.org\/ca\/wp-json\/wp\/v2\/pages\/14918","targetHints":{"allow":["GET"]}}],"collection":[{"href":"https:\/\/www.colegionotarial.org\/ca\/wp-json\/wp\/v2\/pages"}],"about":[{"href":"https:\/\/www.colegionotarial.org\/ca\/wp-json\/wp\/v2\/types\/page"}],"author":[{"embeddable":true,"href":"https:\/\/www.colegionotarial.org\/ca\/wp-json\/wp\/v2\/users\/1"}],"replies":[{"embeddable":true,"href":"https:\/\/www.colegionotarial.org\/ca\/wp-json\/wp\/v2\/comments?post=14918"}],"version-history":[{"count":4,"href":"https:\/\/www.colegionotarial.org\/ca\/wp-json\/wp\/v2\/pages\/14918\/revisions"}],"predecessor-version":[{"id":26410,"href":"https:\/\/www.colegionotarial.org\/ca\/wp-json\/wp\/v2\/pages\/14918\/revisions\/26410"}],"up":[{"embeddable":true,"href":"https:\/\/www.colegionotarial.org\/ca\/wp-json\/wp\/v2\/pages\/14522"}],"wp:attachment":[{"href":"https:\/\/www.colegionotarial.org\/ca\/wp-json\/wp\/v2\/media?parent=14918"}],"curies":[{"name":"wp","href":"https:\/\/api.w.org\/{rel}","templated":true}]}}