{"id":14522,"date":"2024-07-03T09:09:11","date_gmt":"2024-07-03T07:09:11","guid":{"rendered":"https:\/\/www.colegionotarial.org\/actualitat\/publicaciones\/"},"modified":"2025-07-11T09:48:08","modified_gmt":"2025-07-11T07:48:08","slug":"publicacions","status":"publish","type":"page","link":"https:\/\/www.colegionotarial.org\/ca\/actualitat\/publicacions\/","title":{"rendered":"Publicacions"},"content":{"rendered":"<p>[et_pb_section fb_built=&#8221;1&#8243; _builder_version=&#8221;4.25.2&#8243; _module_preset=&#8221;default&#8221; locked=&#8221;off&#8221; global_colors_info=&#8221;{}&#8221;][et_pb_row _builder_version=&#8221;4.25.2&#8243; _module_preset=&#8221;default&#8221; global_colors_info=&#8221;{}&#8221;][et_pb_column type=&#8221;4_4&#8243; _builder_version=&#8221;4.25.2&#8243; _module_preset=&#8221;default&#8221; global_colors_info=&#8221;{}&#8221;][et_pb_code _builder_version=&#8221;4.26.1&#8243; _module_preset=&#8221;default&#8221; global_colors_info=&#8221;{}&#8221;]<\/p>\n<style><!-- [et_pb_line_break_holder] --><!-- [et_pb_line_break_holder] -->.custom-flex-row .et_pb_column > .et_pb_module {<!-- [et_pb_line_break_holder] -->    width: 100%!important;<!-- [et_pb_line_break_holder] -->}<!-- [et_pb_line_break_holder] --><!-- [et_pb_line_break_holder] -->  p {<!-- [et_pb_line_break_holder] -->\tfont-size: 90%;<!-- [et_pb_line_break_holder] -->  }<!-- [et_pb_line_break_holder] --><!-- [et_pb_line_break_holder] -->.dsm_card_layout_inline .et_pb_module_inner {<!-- [et_pb_line_break_holder] -->  align-items: flex-start!important<!-- [et_pb_line_break_holder] -->}<!-- [et_pb_line_break_holder] --><!-- [et_pb_line_break_holder] -->img.dsm_card_img {<!-- [et_pb_line_break_holder] -->  margin-top: 0px!important;<!-- [et_pb_line_break_holder] -->}<!-- [et_pb_line_break_holder] -->h4.dsm_card_title {<!-- [et_pb_line_break_holder] -->  margin-top: -20px!important;<!-- [et_pb_line_break_holder] -->  <!-- [et_pb_line_break_holder] -->}<!-- [et_pb_line_break_holder] -->  <!-- [et_pb_line_break_holder] --><\/style>\n<p>[\/et_pb_code][\/et_pb_column][\/et_pb_row][et_pb_row module_class=&#8221;custom-flex-row&#8221; _builder_version=&#8221;4.26.1&#8243; _module_preset=&#8221;default&#8221; custom_margin=&#8221;0px||0px||false|false&#8221; custom_padding=&#8221;0px||0px||false|false&#8221; locked=&#8221;off&#8221; global_colors_info=&#8221;{}&#8221;][et_pb_column type=&#8221;4_4&#8243; _builder_version=&#8221;4.25.2&#8243; _module_preset=&#8221;default&#8221; global_colors_info=&#8221;{}&#8221;][et_pb_text _builder_version=&#8221;4.27.3&#8243; _module_preset=&#8221;default&#8221; custom_margin=&#8221;-20px||||false|false&#8221; global_colors_info=&#8221;{}&#8221;]<\/p>\n<h2><a href=\"https:\/\/revistalanotaria.com\/index.php\/rln\" target=\"_blank\" rel=\"noopener\" title=\"La Notar\u00eda\">La Notaria<\/a><\/h2>\n<p>[\/et_pb_text][et_pb_image src=&#8221;https:\/\/www.colegionotarial.org\/wp-content\/uploads\/2025\/05\/LANOTARIA-WEB-CA.png&#8221; title_text=&#8221;LANOTARIA WEB ES&#8221; url=&#8221;https:\/\/revistalanotaria.com\/index.php\/rln&#8221; url_new_window=&#8221;on&#8221; _builder_version=&#8221;4.27.3&#8243; _module_preset=&#8221;default&#8221; max_width=&#8221;500px&#8221; global_colors_info=&#8221;{}&#8221;][\/et_pb_image][\/et_pb_column][\/et_pb_row][\/et_pb_section][et_pb_section fb_built=&#8221;1&#8243; _builder_version=&#8221;4.26.1&#8243; _module_preset=&#8221;default&#8221; background_color=&#8221;#f2f2f2&#8243; locked=&#8221;off&#8221; global_colors_info=&#8221;{}&#8221;][et_pb_row module_class=&#8221;custom-flex-row&#8221; _builder_version=&#8221;4.26.1&#8243; _module_preset=&#8221;default&#8221; custom_margin=&#8221;0px||0px||false|false&#8221; custom_padding=&#8221;0px||0px||false|false&#8221; global_colors_info=&#8221;{}&#8221;][et_pb_column type=&#8221;4_4&#8243; _builder_version=&#8221;4.25.2&#8243; _module_preset=&#8221;default&#8221; global_colors_info=&#8221;{}&#8221;][et_pb_text _builder_version=&#8221;4.26.1&#8243; _module_preset=&#8221;default&#8221; custom_margin=&#8221;-20px||||false|false&#8221; custom_padding=&#8221;0px||||false|false&#8221; global_colors_info=&#8221;{}&#8221;]<\/p>\n<h2>Dret catal\u00e0<\/h2>\n<p>[\/et_pb_text][dsm_card title=&#8221;El testamento y su interpretaci\u00f3n&#8221; subtitle=&#8221;Dret catal\u00e0&#8221; layout=&#8221;inline&#8221; layout_inline_image_width=&#8221;120px&#8221; content_horizontal_alignment=&#8221;flex-start&#8221; image=&#8221;https:\/\/www.colegionotarial.org\/wp-content\/uploads\/2024\/10\/publicacion_image_1615281938.jpeg&#8221; image_as_background=&#8221;off&#8221; button_url_new_window=&#8221;1&#8243; _builder_version=&#8221;4.26.1&#8243; _module_preset=&#8221;default&#8221; body_font_size=&#8221;1rem&#8221; background_enable_color=&#8221;off&#8221; height=&#8221;200px&#8221; custom_padding=&#8221;10px|10px|10px|10px|true|true&#8221; link_option_url_new_window=&#8221;on&#8221; border_radii=&#8221;on|6px|6px|6px|6px&#8221; border_width_all=&#8221;1px&#8221; border_color_all=&#8221;#FFFFFF&#8221; global_colors_info=&#8221;{%22gcid-ab52094e-5a6f-4ce7-9faf-05f357b7a987%22:%91%22border_color_all__hover%22,%22border_color_all__hover%22%93}&#8221; border_radii__hover_enabled=&#8221;on|desktop&#8221; border_color_all__hover_enabled=&#8221;on|hover&#8221; border_color_all__hover=&#8221;#0c2d75&#8243; border_radii__hover=&#8221;on|6px|6px|6px|6px&#8221;]<\/p>\n<p>Autor: Martin Garrido Melero<br \/>Fecha: Marzo<\/p>\n<p><a href=\"https:\/\/www.colegionotarial.org\/ca\/actualitat\/publicacions\/dret-catala\/\">N\u00fameros anteriors<\/a><\/p>\n<p>[\/dsm_card][\/et_pb_column][\/et_pb_row][\/et_pb_section][et_pb_section fb_built=&#8221;1&#8243; _builder_version=&#8221;4.25.2&#8243; _module_preset=&#8221;default&#8221; locked=&#8221;off&#8221; global_colors_info=&#8221;{}&#8221;][et_pb_row module_class=&#8221;custom-flex-row&#8221; _builder_version=&#8221;4.26.1&#8243; _module_preset=&#8221;default&#8221; custom_margin=&#8221;0px||0px||false|false&#8221; custom_padding=&#8221;0px||0px||false|false&#8221; global_colors_info=&#8221;{}&#8221;][et_pb_column type=&#8221;4_4&#8243; _builder_version=&#8221;4.25.2&#8243; _module_preset=&#8221;default&#8221; global_colors_info=&#8221;{}&#8221;][et_pb_text _builder_version=&#8221;4.26.1&#8243; _module_preset=&#8221;default&#8221; custom_margin=&#8221;-20px||||false|false&#8221; global_colors_info=&#8221;{}&#8221;]<\/p>\n<h2>NotariaT AVUI<\/h2>\n<p>[\/et_pb_text][dsm_card title=&#8221;El testament de les persones amb discapacitat&#8221; subtitle=&#8221;Notariat avui&#8221; layout=&#8221;inline&#8221; layout_inline_image_width=&#8221;120px&#8221; content_horizontal_alignment=&#8221;flex-start&#8221; image=&#8221;https:\/\/www.colegionotarial.org\/wp-content\/uploads\/2024\/10\/publicacion_image_1703669214.png&#8221; image_as_background=&#8221;off&#8221; button_url_new_window=&#8221;1&#8243; _builder_version=&#8221;4.27.3&#8243; _module_preset=&#8221;default&#8221; body_font_size=&#8221;1rem&#8221; background_enable_color=&#8221;off&#8221; height=&#8221;200px&#8221; custom_padding=&#8221;10px|10px|10px|10px|true|true&#8221; link_option_url=&#8221;\/documents\/publicaciones\/la-notaria\/publicacion_file_1706693335.pdf&#8221; link_option_url_new_window=&#8221;on&#8221; border_radii=&#8221;on|6px|6px|6px|6px&#8221; border_width_all=&#8221;1px&#8221; border_color_all=&#8221;#FFFFFF&#8221; global_colors_info=&#8221;{%22gcid-ab52094e-5a6f-4ce7-9faf-05f357b7a987%22:%91%22border_color_all__hover%22,%22border_color_all__hover%22%93}&#8221; border_radii__hover_enabled=&#8221;on|desktop&#8221; border_color_all__hover_enabled=&#8221;on|hover&#8221; border_color_all__hover=&#8221;#0c2d75&#8243; border_radii__hover=&#8221;on|6px|6px|6px|6px&#8221;]<\/p>\n<p>Data: Desembre<br \/>Autor: Juan Carlos Mart\u00ednez Ortega &#8211; Ana Isabel Busto Caballero<\/p>\n<p><a href=\"https:\/\/www.colegionotarial.org\/ca\/actualitat\/publicacions\/notariat-avui\/\">N\u00fameros anteriors<\/a><\/p>\n<p>[\/dsm_card][\/et_pb_column][\/et_pb_row][\/et_pb_section][et_pb_section fb_built=&#8221;1&#8243; _builder_version=&#8221;4.26.1&#8243; _module_preset=&#8221;default&#8221; background_color=&#8221;#f2f2f2&#8243; locked=&#8221;off&#8221; global_colors_info=&#8221;{}&#8221;][et_pb_row module_class=&#8221;custom-flex-row&#8221; _builder_version=&#8221;4.26.1&#8243; _module_preset=&#8221;default&#8221; custom_margin=&#8221;0px||0px||false|false&#8221; custom_padding=&#8221;0px||0px||false|false&#8221; global_colors_info=&#8221;{}&#8221;][et_pb_column type=&#8221;4_4&#8243; _builder_version=&#8221;4.25.2&#8243; _module_preset=&#8221;default&#8221; global_colors_info=&#8221;{}&#8221;][et_pb_text _builder_version=&#8221;4.26.1&#8243; _module_preset=&#8221;default&#8221; custom_margin=&#8221;-20px||||false|false&#8221; custom_padding=&#8221;0px||||false|false&#8221; global_colors_info=&#8221;{}&#8221;]<\/p>\n<h2>premi Puig Salellas<\/h2>\n<p>[\/et_pb_text][dsm_card title=&#8221;Premi Puig Salellas Edici\u00f3 2022&#8243; subtitle=&#8221;Premi Puig Salellas&#8221; layout=&#8221;inline&#8221; layout_inline_image_width=&#8221;120px&#8221; content_horizontal_alignment=&#8221;flex-start&#8221; image_as_background=&#8221;off&#8221; button_url_new_window=&#8221;1&#8243; _builder_version=&#8221;4.27.3&#8243; _module_preset=&#8221;default&#8221; body_font_size=&#8221;1rem&#8221; background_enable_color=&#8221;off&#8221; height=&#8221;200px&#8221; custom_padding=&#8221;10px|10px|10px|10px|true|true&#8221; link_option_url_new_window=&#8221;on&#8221; hover_enabled=&#8221;0&#8243; border_radii=&#8221;on|6px|6px|6px|6px&#8221; border_width_all=&#8221;1px&#8221; border_color_all=&#8221;#FFFFFF&#8221; locked=&#8221;off&#8221; global_colors_info=&#8221;{%22gcid-ab52094e-5a6f-4ce7-9faf-05f357b7a987%22:%91%22border_color_all__hover%22,%22border_color_all__hover%22%93}&#8221; border_radii__hover_enabled=&#8221;on|desktop&#8221; border_color_all__hover_enabled=&#8221;on|hover&#8221; border_color_all__hover=&#8221;#0c2d75&#8243; border_radii__hover=&#8221;on|6px|6px|6px|6px&#8221; sticky_enabled=&#8221;0&#8243; title_text=&#8221;Portada premio Puig salellas 2022&#8243; image=&#8221;https:\/\/www.colegionotarial.org\/wp-content\/uploads\/2025\/07\/Portada-premio-Puig-salellas-2022.jpg&#8221;]<\/p>\n<p>EL\u00cdAS CAMPO VILLEGAS<br \/>Data: maig &#8211; Autor: Col\u00b7legi Notarial de Catalunya<\/p>\n<p><a href=\"https:\/\/www.colegionotarial.org\/ca\/actualitat\/publicacions\/premi-puig-salellas\/\">N\u00fameros anteriors<\/a><\/p>\n<p>[\/dsm_card][\/et_pb_column][\/et_pb_row][\/et_pb_section][et_pb_section fb_built=&#8221;1&#8243; _builder_version=&#8221;4.25.2&#8243; _module_preset=&#8221;default&#8221; locked=&#8221;off&#8221; global_colors_info=&#8221;{}&#8221;][et_pb_row module_class=&#8221;custom-flex-row&#8221; _builder_version=&#8221;4.26.1&#8243; _module_preset=&#8221;default&#8221; custom_margin=&#8221;0px||0px||false|false&#8221; custom_padding=&#8221;0px||0px||false|false&#8221; global_colors_info=&#8221;{}&#8221;][et_pb_column type=&#8221;4_4&#8243; _builder_version=&#8221;4.25.2&#8243; _module_preset=&#8221;default&#8221; global_colors_info=&#8221;{}&#8221;][et_pb_text _builder_version=&#8221;4.26.1&#8243; _module_preset=&#8221;default&#8221; custom_margin=&#8221;-20px||||false|false&#8221; custom_padding=&#8221;0px||||false|false&#8221; global_colors_info=&#8221;{}&#8221;]<\/p>\n<h2>Altres llibres<\/h2>\n<p>[\/et_pb_text][dsm_card title=&#8221;Rob\u00f2tica quir\u00fargica i dret de danys&#8221; subtitle=&#8221;Altres llibres&#8221; layout=&#8221;inline&#8221; layout_inline_image_width=&#8221;120px&#8221; content_horizontal_alignment=&#8221;flex-start&#8221; image=&#8221;https:\/\/www.colegionotarial.org\/wp-content\/uploads\/2024\/10\/publicacion_image_1715590513.png&#8221; image_as_background=&#8221;off&#8221; button_url_new_window=&#8221;1&#8243; _builder_version=&#8221;4.26.1&#8243; _module_preset=&#8221;default&#8221; body_font_size=&#8221;1rem&#8221; background_enable_color=&#8221;off&#8221; height=&#8221;200px&#8221; custom_padding=&#8221;10px|10px|10px|10px|true|true&#8221; link_option_url_new_window=&#8221;on&#8221; border_radii=&#8221;on|6px|6px|6px|6px&#8221; border_width_all=&#8221;1px&#8221; border_color_all=&#8221;#FFFFFF&#8221; global_colors_info=&#8221;{%22gcid-ab52094e-5a6f-4ce7-9faf-05f357b7a987%22:%91%22border_color_all__hover%22,%22border_color_all__hover%22%93}&#8221; border_radii__hover_enabled=&#8221;on|desktop&#8221; border_color_all__hover_enabled=&#8221;on|hover&#8221; border_color_all__hover=&#8221;#0c2d75&#8243; border_radii__hover=&#8221;on|6px|6px|6px|6px&#8221;]<\/p>\n<p>La cirurgia rob\u00f2tica amb el Da Vinci s&#8217;est\u00e0 convertint en una alternativa cada vegada m\u00e9s com\u00fa per a la pr\u00e0ctica de procediments quir\u00fargics a tot el m\u00f3n. Aquest robot no constitueix un exemple d&#8217;intel\u00b7lig\u00e8ncia artificial, ja que \u00e9s un sistema mestre-esclau, [cuyo] funcionament est\u00e0 sempre condicionat als moviments del cirurgi\u00e0 executats en una consola.<br \/><a href=\"\/actualidad\/publicaciones\/altres-llibres\">N\u00fameros anteriors<\/a><\/p>\n<p>[\/dsm_card][\/et_pb_column][\/et_pb_row][\/et_pb_section]<\/p>\n","protected":false},"excerpt":{"rendered":"<p>La NotariaDret catal\u00e0<div class=\"et_pb_with_border et_pb_module dsm_card dsm_card_0 et_pb_bg_layout_light  dsm_card_layout_inline\">\n\t\t\t\t\n\t\t\t\t\n\t\t\t\t\n\t\t\t\t\n\t\t\t\t\n\t\t\t\t\n\t\t\t\t<div class=\"et_pb_module_inner\">\n\t\t\t\t\t\n\t\t\t\n\t\t\t<figure class=\"dsm_card_image_wrapper dsm_card_badge_top_right\"><img decoding=\"async\" src=\"https:\/\/www.colegionotarial.org\/wp-content\/uploads\/2024\/10\/publicacion_image_1615281938.jpeg\" alt=\"\" class=\"dsm_card_img dsm_card_image_stretch\" \/><\/figure>\n\t\t\t<div class=\"et_pb_module dsm_card_wrapper et_pb_text_align_left\">\n\t\t\t\t\t\n\t\t\t\t\t<h4 class=\"dsm_card_title et_pb_module_header\">El testamento y su interpretaci\u00f3n<\/h4>\n\t\t\t\t\t<div class=\"dsm_card_subtitle\">Dret catal\u00e0<\/div>\n\t\t\t\t\t<div class=\"dsm_card_description\">Autor: Martin Garrido MeleroFecha: Marzo N\u00fameros anteriors<\/div>\n\t\t\t\t\t\n\t\t\t\t<\/div>\n\t\t\t\n\t\t\t\t<\/div>\n\t\t\t<\/div>NotariaT AVUI<div class=\"et_pb_with_border et_pb_module dsm_card dsm_card_1 et_clickable et_pb_bg_layout_light  dsm_card_layout_inline\">\n\t\t\t\t\n\t\t\t\t\n\t\t\t\t\n\t\t\t\t\n\t\t\t\t\n\t\t\t\t\n\t\t\t\t<div class=\"et_pb_module_inner\">\n\t\t\t\t\t\n\t\t\t\n\t\t\t<figure class=\"dsm_card_image_wrapper dsm_card_badge_top_right\"><img decoding=\"async\" src=\"https:\/\/www.colegionotarial.org\/wp-content\/uploads\/2024\/10\/publicacion_image_1703669214.png\" alt=\"\" class=\"dsm_card_img dsm_card_image_stretch\" \/><\/figure>\n\t\t\t<div class=\"et_pb_module dsm_card_wrapper et_pb_text_align_left\">\n\t\t\t\t\t\n\t\t\t\t\t<h4 class=\"dsm_card_title et_pb_module_header\">El testament de les persones amb discapacitat<\/h4>\n\t\t\t\t\t<div class=\"dsm_card_subtitle\">Notariat avui<\/div>\n\t\t\t\t\t<div class=\"dsm_card_description\">Data: DesembreAutor: Juan Carlos Mart\u00ednez Ortega &#8211; Ana Isabel Busto Caballero N\u00fameros anteriors<\/div>\n\t\t\t\t\t\n\t\t\t\t<\/div>\n\t\t\t\n\t\t\t\t<\/div>\n\t\t\t<\/div>premi Puig Salellas<div class=\"et_pb_with_border et_pb_module dsm_card dsm_card_2 et_pb_bg_layout_light  dsm_card_layout_inline\">\n\t\t\t\t\n\t\t\t\t\n\t\t\t\t\n\t\t\t\t\n\t\t\t\t\n\t\t\t\t\n\t\t\t\t<div class=\"et_pb_module_inner\">\n\t\t\t\t\t\n\t\t\t\n\t\t\t<figure class=\"dsm_card_image_wrapper dsm_card_badge_top_right\"><img decoding=\"async\" src=\"https:\/\/www.colegionotarial.org\/wp-content\/uploads\/2025\/07\/Portada-premio-Puig-salellas-2022.jpg\" alt=\"\" srcset=\"https:\/\/www.colegionotarial.org\/wp-content\/uploads\/2025\/07\/Portada-premio-Puig-salellas-2022.jpg 534w, https:\/\/www.colegionotarial.org\/wp-content\/uploads\/2025\/07\/Portada-premio-Puig-salellas-2022-480x630.jpg 480w\" sizes=\"(min-width: 0px) and (max-width: 480px) 480px, (min-width: 481px) 534px, 100vw\" class=\"dsm_card_img dsm_card_image_stretch\" \/><\/figure>\n\t\t\t<div class=\"et_pb_module dsm_card_wrapper et_pb_text_align_left\">\n\t\t\t\t\t\n\t\t\t\t\t<h4 class=\"dsm_card_title et_pb_module_header\">Premi Puig Salellas Edici\u00f3 2022<\/h4>\n\t\t\t\t\t<div class=\"dsm_card_subtitle\">Premi Puig Salellas<\/div>\n\t\t\t\t\t<div class=\"dsm_card_description\">EL\u00cdAS CAMPO VILLEGASData: maig &#8211; Autor: Col\u00b7legi Notarial de Catalunya N\u00fameros anteriors<\/div>\n\t\t\t\t\t\n\t\t\t\t<\/div>\n\t\t\t\n\t\t\t\t<\/div>\n\t\t\t<\/div>Altres llibres<div class=\"et_pb_with_border et_pb_module dsm_card dsm_card_3 et_pb_bg_layout_light  dsm_card_layout_inline\">\n\t\t\t\t\n\t\t\t\t\n\t\t\t\t\n\t\t\t\t\n\t\t\t\t\n\t\t\t\t\n\t\t\t\t<div class=\"et_pb_module_inner\">\n\t\t\t\t\t\n\t\t\t\n\t\t\t<figure class=\"dsm_card_image_wrapper dsm_card_badge_top_right\"><img decoding=\"async\" src=\"https:\/\/www.colegionotarial.org\/wp-content\/uploads\/2024\/10\/publicacion_image_1715590513.png\" alt=\"\" class=\"dsm_card_img dsm_card_image_stretch\" \/><\/figure>\n\t\t\t<div class=\"et_pb_module dsm_card_wrapper et_pb_text_align_left\">\n\t\t\t\t\t\n\t\t\t\t\t<h4 class=\"dsm_card_title et_pb_module_header\">Rob\u00f2tica quir\u00fargica i dret de danys<\/h4>\n\t\t\t\t\t<div class=\"dsm_card_subtitle\">Altres llibres<\/div>\n\t\t\t\t\t\n\t\t\t\t\t\n\t\t\t\t<\/div>\n\t\t\t\n\t\t\t\t<\/div>\n\t\t\t<\/div>La cirurgia rob\u00f2tica amb el Da Vinci s&#8217;est\u00e0 convertint en una alternativa cada vegada m\u00e9s com\u00fa per a la pr\u00e0ctica de procediments quir\u00fargics a tot el m\u00f3n. Aquest robot no constitueix un exemple d&#8217;intel\u00b7lig\u00e8ncia artificial, ja que \u00e9s un sistema [&hellip;]<\/p>\n","protected":false},"author":1,"featured_media":14092,"parent":11721,"menu_order":0,"comment_status":"closed","ping_status":"closed","template":"","meta":{"_acf_changed":false,"_et_pb_use_builder":"on","_et_pb_old_content":"","_et_gb_content_width":"","ngg_post_thumbnail":0,"_price":"","_stock":"","_tribe_ticket_header":"","_tribe_default_ticket_provider":"","_tribe_ticket_capacity":"0","_ticket_start_date":"","_ticket_end_date":"","_tribe_ticket_show_description":"","_tribe_ticket_show_not_going":false,"_tribe_ticket_use_global_stock":"","_tribe_ticket_global_stock_level":"","_global_stock_mode":"","_global_stock_cap":"","_tribe_rsvp_for_event":"","_tribe_ticket_going_count":"","_tribe_ticket_not_going_count":"","_tribe_tickets_list":"[]","_tribe_ticket_has_attendee_info_fields":false,"footnotes":"","_tec_slr_enabled":"","_tec_slr_layout":""},"class_list":["post-14522","page","type-page","status-publish","has-post-thumbnail","hentry"],"acf":[],"ticketed":false,"_links":{"self":[{"href":"https:\/\/www.colegionotarial.org\/ca\/wp-json\/wp\/v2\/pages\/14522","targetHints":{"allow":["GET"]}}],"collection":[{"href":"https:\/\/www.colegionotarial.org\/ca\/wp-json\/wp\/v2\/pages"}],"about":[{"href":"https:\/\/www.colegionotarial.org\/ca\/wp-json\/wp\/v2\/types\/page"}],"author":[{"embeddable":true,"href":"https:\/\/www.colegionotarial.org\/ca\/wp-json\/wp\/v2\/users\/1"}],"replies":[{"embeddable":true,"href":"https:\/\/www.colegionotarial.org\/ca\/wp-json\/wp\/v2\/comments?post=14522"}],"version-history":[{"count":16,"href":"https:\/\/www.colegionotarial.org\/ca\/wp-json\/wp\/v2\/pages\/14522\/revisions"}],"predecessor-version":[{"id":26408,"href":"https:\/\/www.colegionotarial.org\/ca\/wp-json\/wp\/v2\/pages\/14522\/revisions\/26408"}],"up":[{"embeddable":true,"href":"https:\/\/www.colegionotarial.org\/ca\/wp-json\/wp\/v2\/pages\/11721"}],"wp:featuredmedia":[{"embeddable":true,"href":"https:\/\/www.colegionotarial.org\/ca\/wp-json\/wp\/v2\/media\/14092"}],"wp:attachment":[{"href":"https:\/\/www.colegionotarial.org\/ca\/wp-json\/wp\/v2\/media?parent=14522"}],"curies":[{"name":"wp","href":"https:\/\/api.w.org\/{rel}","templated":true}]}}