{"id":14303,"date":"2024-08-28T08:53:28","date_gmt":"2024-08-28T06:53:28","guid":{"rendered":"https:\/\/www.colegionotarial.org\/col-legi\/canal-de-denuncias\/"},"modified":"2024-10-07T17:23:15","modified_gmt":"2024-10-07T15:23:15","slug":"canal-de-denuncias","status":"publish","type":"page","link":"https:\/\/www.colegionotarial.org\/ca\/col-legi\/canal-de-denuncias\/","title":{"rendered":"Canal de den\u00fancies"},"content":{"rendered":"<p>[et_pb_section fb_built=&#8221;1&#8243; module_class=&#8221;contenido&#8221; _builder_version=&#8221;4.25.1&#8243; _module_preset=&#8221;default&#8221; locked=&#8221;off&#8221; global_colors_info=&#8221;{}&#8221;][et_pb_row _builder_version=&#8221;4.25.1&#8243; _module_preset=&#8221;default&#8221; global_colors_info=&#8221;{}&#8221;][et_pb_column type=&#8221;4_4&#8243; _builder_version=&#8221;4.25.1&#8243; _module_preset=&#8221;default&#8221; global_colors_info=&#8221;{}&#8221;][et_pb_text _builder_version=&#8221;4.26.1&#8243; _module_preset=&#8221;default&#8221; hover_enabled=&#8221;0&#8243; global_colors_info=&#8221;{}&#8221; sticky_enabled=&#8221;0&#8243;]<\/p>\n<p>El Col\u00b7legi Notarial de Catalunya ha implementat el Sistema Intern d&#8217;Informaci\u00f3, segons disposa la Llei 2\/2023, del 20 de febrer, reguladora de la protecci\u00f3 de les persones que informin sobre infraccions normatives i de lluita contra la corrupci\u00f3.<\/p>\n<p>El sistema intern d&#8217;informaci\u00f3 \u00e9s el canal preferent que poden emprar les persones f\u00edsiques per informar de qualsevol acci\u00f3 i omissi\u00f3 que pugui constituir infraccions del dret de la UE, aix\u00ed com d&#8217;infraccions penals o administratives greus o molt greus.<\/p>\n<p><a class=\"pdf\" href=\"\/documents\/canal-denuncias\/Ley%202-2023.pdf\" target=\"_blank\" rel=\"noopener\">Llei 2\/2023, de 20 de febrer<\/a><\/p>\n<p><a class=\"pdf\" href=\"\/documents\/canal-denuncias\/Politica%20SII.pdf\" target=\"_blank\" rel=\"noopener\">Enlla\u00e7 a pol\u00edtica del sistema intern<\/a><\/p>\n<p><a class=\"pdf\" href=\"\/documents\/canal-denuncias\/Procedimiento%20SII.pdf\" target=\"_blank\" rel=\"noopener\">Enlla\u00e7 a procediment de gesti\u00f3 d&#8217;informacions<\/a><\/p>\n<p>[\/et_pb_text][\/et_pb_column][\/et_pb_row][\/et_pb_section]<\/p>\n","protected":false},"excerpt":{"rendered":"<p>El Col\u00b7legi Notarial de Catalunya ha implementat el Sistema Intern d&#8217;Informaci\u00f3, segons disposa la Llei 2\/2023, del 20 de febrer, reguladora de la protecci\u00f3 de les persones que informin sobre infraccions normatives i de lluita contra la corrupci\u00f3. El sistema intern d&#8217;informaci\u00f3 \u00e9s el canal preferent que poden emprar les persones f\u00edsiques per informar de qualsevol acci\u00f3 i omissi\u00f3 que pugui constituir infraccions del dret de la UE, aix\u00ed com d&#8217;infraccions penals o administratives greus o molt greus. Llei 2\/2023, de 20 de febrer Enlla\u00e7 a pol\u00edtica del sistema intern Enlla\u00e7 a procediment de gesti\u00f3 d&#8217;informacions<\/p>\n","protected":false},"author":1,"featured_media":0,"parent":11271,"menu_order":0,"comment_status":"closed","ping_status":"closed","template":"","meta":{"_acf_changed":false,"_et_pb_use_builder":"on","_et_pb_old_content":"","_et_gb_content_width":"","ngg_post_thumbnail":0,"_price":"","_stock":"","_tribe_ticket_header":"","_tribe_default_ticket_provider":"","_tribe_ticket_capacity":"0","_ticket_start_date":"","_ticket_end_date":"","_tribe_ticket_show_description":"","_tribe_ticket_show_not_going":false,"_tribe_ticket_use_global_stock":"","_tribe_ticket_global_stock_level":"","_global_stock_mode":"","_global_stock_cap":"","_tribe_rsvp_for_event":"","_tribe_ticket_going_count":"","_tribe_ticket_not_going_count":"","_tribe_tickets_list":"[]","_tribe_ticket_has_attendee_info_fields":false,"footnotes":"","_tec_slr_enabled":"","_tec_slr_layout":""},"class_list":["post-14303","page","type-page","status-publish","hentry"],"acf":[],"ticketed":false,"_links":{"self":[{"href":"https:\/\/www.colegionotarial.org\/ca\/wp-json\/wp\/v2\/pages\/14303","targetHints":{"allow":["GET"]}}],"collection":[{"href":"https:\/\/www.colegionotarial.org\/ca\/wp-json\/wp\/v2\/pages"}],"about":[{"href":"https:\/\/www.colegionotarial.org\/ca\/wp-json\/wp\/v2\/types\/page"}],"author":[{"embeddable":true,"href":"https:\/\/www.colegionotarial.org\/ca\/wp-json\/wp\/v2\/users\/1"}],"replies":[{"embeddable":true,"href":"https:\/\/www.colegionotarial.org\/ca\/wp-json\/wp\/v2\/comments?post=14303"}],"version-history":[{"count":6,"href":"https:\/\/www.colegionotarial.org\/ca\/wp-json\/wp\/v2\/pages\/14303\/revisions"}],"predecessor-version":[{"id":14841,"href":"https:\/\/www.colegionotarial.org\/ca\/wp-json\/wp\/v2\/pages\/14303\/revisions\/14841"}],"up":[{"embeddable":true,"href":"https:\/\/www.colegionotarial.org\/ca\/wp-json\/wp\/v2\/pages\/11271"}],"wp:attachment":[{"href":"https:\/\/www.colegionotarial.org\/ca\/wp-json\/wp\/v2\/media?parent=14303"}],"curies":[{"name":"wp","href":"https:\/\/api.w.org\/{rel}","templated":true}]}}