{"id":13813,"date":"2024-09-20T10:24:31","date_gmt":"2024-09-20T08:24:31","guid":{"rendered":"https:\/\/www.colegionotarial.org\/actualitat\/cultura-notarial\/archivo\/"},"modified":"2024-09-20T10:54:58","modified_gmt":"2024-09-20T08:54:58","slug":"arxiu","status":"publish","type":"page","link":"https:\/\/www.colegionotarial.org\/ca\/actualitat\/biblioteca-conferencies-webinars\/arxiu\/","title":{"rendered":"Arxiu"},"content":{"rendered":"<p>[et_pb_section fb_built=&#8221;1&#8243; _builder_version=&#8221;4.25.2&#8243; _module_preset=&#8221;default&#8221; background_color=&#8221;RGBA(255,255,255,0)&#8221; global_colors_info=&#8221;{}&#8221;][et_pb_row _builder_version=&#8221;4.26.1&#8243; _module_preset=&#8221;default&#8221; global_colors_info=&#8221;{}&#8221;][et_pb_column type=&#8221;4_4&#8243; _builder_version=&#8221;4.26.1&#8243; _module_preset=&#8221;default&#8221; global_colors_info=&#8221;{}&#8221;][et_pb_button button_url=&#8221;@ET-DC@eyJkeW5hbWljIjp0cnVlLCJjb250ZW50IjoicG9zdF9saW5rX3VybF9wYWdlIiwic2V0dGluZ3MiOnsicG9zdF9pZCI6IjEyNzgzIn19@&#8221; button_text=&#8221;Vista de calendari&#8221; button_alignment=&#8221;right&#8221; _builder_version=&#8221;4.26.1&#8243; _dynamic_attributes=&#8221;button_url&#8221; _module_preset=&#8221;default&#8221; custom_button=&#8221;on&#8221; button_text_size=&#8221;12px&#8221; button_letter_spacing=&#8221;2px&#8221; button_font=&#8221;Raleway|||on|||||&#8221; locked=&#8221;off&#8221; global_colors_info=&#8221;{}&#8221;][\/et_pb_button][dcnb_custom_post_list post_type=&#8221;culturanotarial&#8221; posts_number=&#8221;8&#8243; display_type=&#8221;full&#8221; meta_key=&#8221;cultura_hora&#8221; _builder_version=&#8221;4.26.1&#8243; _module_preset=&#8221;default&#8221; locked=&#8221;off&#8221; global_colors_info=&#8221;{}&#8221;][\/dcnb_custom_post_list][\/et_pb_column][\/et_pb_row][\/et_pb_section]<\/p>\n","protected":false},"excerpt":{"rendered":"<div class=\"et_pb_module dcnb_custom_post_list dcnb_custom_post_list_0\">\n\t\t\t\t\n\t\t\t\t\n\t\t\t\t\n\t\t\t\t\n\t\t\t\t\n\t\t\t\t\n\t\t\t\t<div class=\"et_pb_module_inner\">\n\t\t\t\t\t<div class=\"dcnb-custom-post-list full\"><a href=\"https:\/\/youtu.be\/bxSk712hswA\"><div class=\"post-item\"><div class=\"post-image\"><img decoding=\"async\" src=\"https:\/\/www.colegionotarial.org\/wp-content\/uploads\/2026\/03\/Catala.png\" alt=\"Jornada: Modernitzaci\u00f3 del Dret successori. Propostes des de la pr\u00e0ctica del Dret.\"><\/div><h3><a href=\"https:\/\/youtu.be\/bxSk712hswA\">Jornada: Modernitzaci\u00f3 del Dret successori. Propostes des de la pr\u00e0ctica del Dret.<\/a><\/h3><div class=\"post-content\"><p>En el marc del projecte de recerca sobre la modernitzaci\u00f3 del Dret successori, el Col\u00b7legi Notarial de Catalunya va acollir una jornada acad\u00e8mica dedicada a l\u2019an\u00e0lisi de q\u00fcestions de gran rellev\u00e0ncia pr\u00e0ctica en mat\u00e8ria success\u00f2ria.<\/p>\n<h2>\ud83c\udfa5 Primera taula&nbsp;<strong>Reformes en mat\u00e8ria de leg\u00edtima i responsabilitat de l\u2019hereu<\/strong><\/h2>\n<p>\ud83d\udc49 <a href=\"https:\/\/youtu.be\/bxSk712hswA\"><em>Veure el v\u00eddeo complet de la primera taula aqu\u00ed<\/em><\/a><\/p>\n<h2>\ud83c\udfa5 Segona taula&nbsp;<strong>Negocis jur\u00eddics per a la transmissi\u00f3 mortis causa del patrimoni digital<\/strong><\/h2>\n<p>\ud83d\udc49 <a href=\"https:\/\/youtu.be\/bxSk712hswA\"><em>Veure el v\u00eddeo complet de la segona taula<\/em><\/a><\/p>\n<h2>\ud83c\udfa5 Panells d\u2019intervencions dels investigadors del projecte.<\/h2>\n<p><strong>La quantia de l\u2019haver hereditari lliure<\/strong><\/p>\n<p>\ud83d\udc49 <a href=\"https:\/\/youtu.be\/l3iNGdbWTt4\"><em>Veure el v\u00eddeo complet del panell<\/em><\/a><\/p>\n<p><strong>L\u2019her\u00e8ncia de naturalesa digital<\/strong><\/p>\n<p>\ud83d\udc49 <a href=\"https:\/\/youtu.be\/NJ9DJ2qMgGI\"><em>Veure el v\u00eddeo complet del panell<\/em><\/a><\/p>\n<p><a href=\"https:\/\/www.colegionotarial.org\/wp-content\/uploads\/2026\/03\/Jornada-Internacional-Modernizacion-del-Derecho-Sucesorio-5-y-6-de-marzo-de-2026-ESP-2.pdf\"><br \/>\n<strong>\ud83d\udcc4 PROGRAMA DE LA JORNADA<\/strong><br \/>\n<\/a><\/p>\n<\/div><\/div><\/a><a href=\"https:\/\/www.youtube.com\/watch?v=3CGSg0lztUo\"><div class=\"post-item\"><div class=\"post-image\"><img decoding=\"async\" src=\"https:\/\/www.colegionotarial.org\/wp-content\/uploads\/2026\/02\/Portada-Web-81-cat.png\" alt=\"Webinot 82: El contracte d&#8217;opci\u00f3 de compra: arestes legals de la seva funci\u00f3 en garant\u00eda\"><\/div><h3><a href=\"https:\/\/www.youtube.com\/watch?v=3CGSg0lztUo\">Webinot 82: El contracte d&#8217;opci\u00f3 de compra: arestes legals de la seva funci\u00f3 en garant\u00eda<\/a><\/h3><div class=\"post-content\"><p>Recupera el contingut <a href=\"https:\/\/www.youtube.com\/watch?v=3CGSg0lztUo\">aqu\u00ed<\/a><\/p>\n<\/div><\/div><\/a><a href=\"https:\/\/youtu.be\/-5MWCD3-A4o\"><div class=\"post-item\"><div class=\"post-image\"><img decoding=\"async\" src=\"https:\/\/www.colegionotarial.org\/wp-content\/uploads\/2026\/02\/1.png\" alt=\"Jornada: Q\u00fcestions actuals de Dret de Successions\"><\/div><h3><a href=\"https:\/\/youtu.be\/-5MWCD3-A4o\">Jornada: Q\u00fcestions actuals de Dret de Successions<\/a><\/h3><div class=\"post-content\"><p>V\u00eddeo de la Jornada <a href=\"https:\/\/youtu.be\/-5MWCD3-A4o\">aqu\u00ed<\/a><\/p>\n<p>Programa de la jornada <a href=\"https:\/\/www.colegionotarial.org\/wp-content\/uploads\/2026\/02\/Programa-Jornada-sobre-questions-actuals-de-Dret-de-successions-CNC-dijous-29-de-gener-de-2026-CAT.pdf\">aqu\u00ed<\/a><\/p>\n<p>&nbsp;<\/p>\n<\/div><\/div><\/a><a href=\"https:\/\/youtu.be\/woori2CfWK4\"><div class=\"post-item\"><div class=\"post-image\"><img decoding=\"async\" src=\"https:\/\/www.colegionotarial.org\/wp-content\/uploads\/2026\/01\/WebiNots-28-1-2026-Galdon-Fund.-AURA-ca.png\" alt=\"Webinot 81: Marc legal i gesti\u00f3 empresarial. Llei General de Discapacitat\"><\/div><h3><a href=\"https:\/\/youtu.be\/woori2CfWK4\">Webinot 81: Marc legal i gesti\u00f3 empresarial. Llei General de Discapacitat<\/a><\/h3><div class=\"post-content\"><p>&nbsp; <a href=\"https:\/\/youtu.be\/woori2CfWK4\"> V\u00eddeo del Webinot aqu\u00ed<\/a><\/p>\n<\/div><\/div><\/a><a href=\"https:\/\/youtu.be\/tfdlW-DTDZA\"><div class=\"post-item\"><div class=\"post-image\"><img decoding=\"async\" src=\"https:\/\/www.colegionotarial.org\/wp-content\/uploads\/2026\/01\/Portada-Impacte-juridic-notarial-i-social-de-la-nova-regulacio-de-lhabitatge-a-Catalunya-Presentacio.jpg\" alt=\"Jornada: Impacte jur\u00eddic, notarial i social de la nova regulaci\u00f3 d&#8217;habitatge a Catalunya\"><\/div><h3><a href=\"https:\/\/youtu.be\/tfdlW-DTDZA\">Jornada: Impacte jur\u00eddic, notarial i social de la nova regulaci\u00f3 d&#8217;habitatge a Catalunya<\/a><\/h3><div class=\"post-content\"><p>Recupera el contingut <a href=\"https:\/\/youtu.be\/tfdlW-DTDZA\">aqu\u00ed<\/a><br \/>\nPrograma de la sessi\u00f3 <a href=\"https:\/\/www.colegionotarial.org\/wp-content\/uploads\/2025\/12\/Programa-Jornada-Vivienda-Habitatge-2025.pdf\">aqu\u00ed<\/a><\/p>\n<p>&nbsp;<\/p>\n<\/div><\/div><\/a><a href=\"https:\/\/youtu.be\/fJNgRMG7v_Y\"><div class=\"post-item\"><div class=\"post-image\"><img decoding=\"async\" src=\"https:\/\/www.colegionotarial.org\/wp-content\/uploads\/2025\/11\/Webinot-Fiscal-3-desembre-25-CAT.png\" alt=\"Webinot Fiscal: TPO i AJD a Catalunya, Impost de Successions i An\u00e0lisi de Resolucions Fiscals\"><\/div><h3><a href=\"https:\/\/youtu.be\/fJNgRMG7v_Y\">Webinot Fiscal: TPO i AJD a Catalunya, Impost de Successions i An\u00e0lisi de Resolucions Fiscals<\/a><\/h3><div class=\"post-content\"><p>Recupera el contingut de la sessi\u00f3 online <a href=\"https:\/\/youtu.be\/fJNgRMG7v_Y\">aqu\u00ed<\/a><\/p>\n<\/div><\/div><\/a><a href=\"https:\/\/youtu.be\/oUiHAhr3DW4\"><div class=\"post-item\"><div class=\"post-image\"><img decoding=\"async\" src=\"https:\/\/www.colegionotarial.org\/wp-content\/uploads\/2025\/11\/INDIP-26-novembre-2025-CA.png\" alt=\"INDIP \u2013 Dret comparat: Alemanya\"><\/div><h3><a href=\"https:\/\/youtu.be\/oUiHAhr3DW4\">INDIP \u2013 Dret comparat: Alemanya<\/a><\/h3><div class=\"post-content\"><p>26 de novembre de 2025<br \/>\nRecupera la sessi\u00f3 online <a href=\"https:\/\/youtu.be\/oUiHAhr3DW4\">aqu\u00ed.<\/a><\/p>\n<\/div><\/div><\/a><a href=\"https:\/\/youtu.be\/FmoJ55uKw5w\"><div class=\"post-item\"><div class=\"post-image\"><img decoding=\"async\" src=\"https:\/\/www.colegionotarial.org\/wp-content\/uploads\/2025\/11\/WebiNots-19-11-2025-cat.jpg\" alt=\"Fiscalitat de les donacions mortis causa i dels pactes successoris d\u2019atribuci\u00f3 particular\"><\/div><h3><a href=\"https:\/\/youtu.be\/FmoJ55uKw5w\">Fiscalitat de les donacions mortis causa i dels pactes successoris d\u2019atribuci\u00f3 particular<\/a><\/h3><div class=\"post-content\"><p>19 de noviembre 19:30<\/p>\n<p>Recupera la sessi\u00f3 <a href=\"https:\/\/youtu.be\/FmoJ55uKw5w\">aqu\u00ed.<\/a><\/p>\n<\/div><\/div><\/a><\/div><div class='wp-pagenavi' role='navigation'>\n<span aria-current='page' class='current'>1<\/span><a class=\"page larger\" title=\"P\u00e0gina 2\" href=\"https:\/\/www.colegionotarial.org\/ca\/wp-json\/wp\/v2\/pages\/13813\/page\/2\/\">2<\/a><a class=\"page larger\" title=\"P\u00e0gina 3\" href=\"https:\/\/www.colegionotarial.org\/ca\/wp-json\/wp\/v2\/pages\/13813\/page\/3\/\">3<\/a><a class=\"page larger\" title=\"P\u00e0gina 4\" href=\"https:\/\/www.colegionotarial.org\/ca\/wp-json\/wp\/v2\/pages\/13813\/page\/4\/\">4<\/a><a class=\"page larger\" title=\"P\u00e0gina 5\" href=\"https:\/\/www.colegionotarial.org\/ca\/wp-json\/wp\/v2\/pages\/13813\/page\/5\/\">5<\/a><a class=\"page larger\" title=\"P\u00e0gina 6\" href=\"https:\/\/www.colegionotarial.org\/ca\/wp-json\/wp\/v2\/pages\/13813\/page\/6\/\">6<\/a><a class=\"page larger\" title=\"P\u00e0gina 7\" href=\"https:\/\/www.colegionotarial.org\/ca\/wp-json\/wp\/v2\/pages\/13813\/page\/7\/\">7<\/a><a class=\"page larger\" title=\"P\u00e0gina 8\" href=\"https:\/\/www.colegionotarial.org\/ca\/wp-json\/wp\/v2\/pages\/13813\/page\/8\/\">8<\/a><a class=\"page larger\" title=\"P\u00e0gina 9\" href=\"https:\/\/www.colegionotarial.org\/ca\/wp-json\/wp\/v2\/pages\/13813\/page\/9\/\">9<\/a><a class=\"page larger\" title=\"P\u00e0gina 10\" href=\"https:\/\/www.colegionotarial.org\/ca\/wp-json\/wp\/v2\/pages\/13813\/page\/10\/\">10<\/a><a class=\"page larger\" title=\"P\u00e0gina 11\" href=\"https:\/\/www.colegionotarial.org\/ca\/wp-json\/wp\/v2\/pages\/13813\/page\/11\/\">11<\/a><a class=\"page larger\" title=\"P\u00e0gina 12\" href=\"https:\/\/www.colegionotarial.org\/ca\/wp-json\/wp\/v2\/pages\/13813\/page\/12\/\">12<\/a><a class=\"page larger\" title=\"P\u00e0gina 13\" href=\"https:\/\/www.colegionotarial.org\/ca\/wp-json\/wp\/v2\/pages\/13813\/page\/13\/\">13<\/a><a class=\"page larger\" title=\"P\u00e0gina 14\" href=\"https:\/\/www.colegionotarial.org\/ca\/wp-json\/wp\/v2\/pages\/13813\/page\/14\/\">14<\/a><a class=\"nextpostslink\" rel=\"next\" aria-label=\"P\u00e0gina seg\u00fcent\" href=\"https:\/\/www.colegionotarial.org\/ca\/wp-json\/wp\/v2\/pages\/13813\/page\/2\/\">\u00bb<\/a>\n<\/div>\n\t\t\t\t<\/div>\n\t\t\t<\/div>\n","protected":false},"author":1,"featured_media":14049,"parent":12799,"menu_order":0,"comment_status":"closed","ping_status":"closed","template":"","meta":{"_acf_changed":false,"_et_pb_use_builder":"on","_et_pb_old_content":"","_et_gb_content_width":"","ngg_post_thumbnail":0,"_price":"","_stock":"","_tribe_ticket_header":"","_tribe_default_ticket_provider":"","_tribe_ticket_capacity":"0","_ticket_start_date":"","_ticket_end_date":"","_tribe_ticket_show_description":"","_tribe_ticket_show_not_going":false,"_tribe_ticket_use_global_stock":"","_tribe_ticket_global_stock_level":"","_global_stock_mode":"","_global_stock_cap":"","_tribe_rsvp_for_event":"","_tribe_ticket_going_count":"","_tribe_ticket_not_going_count":"","_tribe_tickets_list":"[]","_tribe_ticket_has_attendee_info_fields":false,"footnotes":"","_tec_slr_enabled":"","_tec_slr_layout":""},"class_list":["post-13813","page","type-page","status-publish","has-post-thumbnail","hentry"],"acf":[],"ticketed":false,"_links":{"self":[{"href":"https:\/\/www.colegionotarial.org\/ca\/wp-json\/wp\/v2\/pages\/13813","targetHints":{"allow":["GET"]}}],"collection":[{"href":"https:\/\/www.colegionotarial.org\/ca\/wp-json\/wp\/v2\/pages"}],"about":[{"href":"https:\/\/www.colegionotarial.org\/ca\/wp-json\/wp\/v2\/types\/page"}],"author":[{"embeddable":true,"href":"https:\/\/www.colegionotarial.org\/ca\/wp-json\/wp\/v2\/users\/1"}],"replies":[{"embeddable":true,"href":"https:\/\/www.colegionotarial.org\/ca\/wp-json\/wp\/v2\/comments?post=13813"}],"version-history":[{"count":3,"href":"https:\/\/www.colegionotarial.org\/ca\/wp-json\/wp\/v2\/pages\/13813\/revisions"}],"predecessor-version":[{"id":13816,"href":"https:\/\/www.colegionotarial.org\/ca\/wp-json\/wp\/v2\/pages\/13813\/revisions\/13816"}],"up":[{"embeddable":true,"href":"https:\/\/www.colegionotarial.org\/ca\/wp-json\/wp\/v2\/pages\/12799"}],"wp:featuredmedia":[{"embeddable":true,"href":"https:\/\/www.colegionotarial.org\/ca\/wp-json\/wp\/v2\/media\/14049"}],"wp:attachment":[{"href":"https:\/\/www.colegionotarial.org\/ca\/wp-json\/wp\/v2\/media?parent=13813"}],"curies":[{"name":"wp","href":"https:\/\/api.w.org\/{rel}","templated":true}]}}