{"id":12723,"date":"2024-07-03T12:35:45","date_gmt":"2024-07-03T10:35:45","guid":{"rendered":"https:\/\/www.colegionotarial.org\/fundacio-privada-del-collegi-notarial\/becas\/"},"modified":"2024-09-06T12:25:46","modified_gmt":"2024-09-06T10:25:46","slug":"beques","status":"publish","type":"page","link":"https:\/\/www.colegionotarial.org\/ca\/fundacio-privada-del-collegi-notarial\/beques\/","title":{"rendered":"Beques"},"content":{"rendered":"<p>[et_pb_section fb_built=&#8221;1&#8243; module_class=&#8221;contenido&#8221; _builder_version=&#8221;4.25.1&#8243; _module_preset=&#8221;default&#8221; global_colors_info=&#8221;{}&#8221;][et_pb_row _builder_version=&#8221;4.25.1&#8243; _module_preset=&#8221;default&#8221; custom_padding=&#8221;|15px||15px|false|false&#8221; global_colors_info=&#8221;{}&#8221;][et_pb_column type=&#8221;4_4&#8243; _builder_version=&#8221;4.25.1&#8243; _module_preset=&#8221;default&#8221; global_colors_info=&#8221;{}&#8221;][et_pb_text ul_type=&#8221;circle&#8221; _builder_version=&#8221;4.25.2&#8243; _module_preset=&#8221;default&#8221; link_font=&#8221;|600|||||||&#8221; global_colors_info=&#8221;{%22gcid-84f3cc8b-3b8f-4dca-8f6a-f958ef42e056%22:%91%22link_text_color__hover%22%93}&#8221; link_text_color__hover_enabled=&#8221;on|hover&#8221; link_text_color__hover=&#8221;#76767a&#8221;]<\/p>\n<p>Anualment la Fundaci\u00f3 dels Notaris de Catalunya convoca beques en concepte d&#8217; ajut econ\u00f2mic a l&#8217;estudi de l&#8217;oposici\u00f3 a l&#8217;Acad\u00e8mia d&#8217;Opositors al T\u00edtol de Notari de Catalunya, essent la seva concessi\u00f3 compet\u00e8ncia del Patronat de la Fundaci\u00f3.<\/p>\n<h2>\u00a0<strong>Documentaci\u00f3 a aportar<\/strong><\/h2>\n<p>\u00a0Abans del 30 d&#8217;octubre de cada any, l&#8217;opositor que desitja optar a la concessi\u00f3 d&#8217;una beca haur\u00e0 de presentar a la Secretaria de l&#8217;Acad\u00e8mia, en sobre adre\u00e7at al Patronat de la Fundaci\u00f3, la documentaci\u00f3 seg\u00fcent:<\/p>\n<ul>\n<li>Inst\u00e0ncia exposant les raons i incloent un breu &#8220;curr\u00edculum vitae&#8221; (dades personals, formaci\u00f3 acad\u00e8mica i qualificacions, cost de la resid\u00e8ncia habitual quan sigui diferent de la llar familiar i si s&#8217;ha gaudit o no d&#8217;alguna beca amb anterioritat)<\/li>\n<li>Certificat d&#8217;empadronament o justificant del lloc de resid\u00e8ncia.<\/li>\n<li>Declaraci\u00f3 de la renda del sol\u00b7licitant i de la unitat familiar<\/li>\n<li>Informe del Director de l&#8217;Acad\u00e8mia o del preparador que el tingui al seu c\u00e0rrec<\/li>\n<\/ul>\n<p>La resoluci\u00f3 concedint les beques s&#8217;adopta atenent fonamentalment un criteri econ\u00f2mic, un criteri acad\u00e8mic i es t\u00e9 en compte les despeses de resid\u00e8ncia de l&#8217;opositor i el trasllat a l&#8217;Acad\u00e8mia.<\/p>\n<p>L&#8217;import m\u00e0xim de les beques ser\u00e0 de 600 euros mensuals (beca completa), podent ser graduada en funci\u00f3 dels criteris valorats.<\/p>\n<p>La concessi\u00f3 de la beca es notificar\u00e0 a l\u2019opositor abans del 30 de desembre de cada any. No obstant aix\u00f2, la beca concedida tindr\u00e0 efectes des de l&#8217;1 d&#8217;octubre immediat previ.<\/p>\n<p>Les beques es concedeixen per per\u00edodes prorrogables i, llevat de circumst\u00e0ncies excepcionals, s&#8217;extingir\u00e0 el dret un cop l&#8217;opositor s&#8217;hagi presentat a dues convocat\u00f2ries sense \u00e8xit i, en tot cas, en transc\u00f3rrer el per\u00edode de cinc anys des de la data inicial del seu gaudi.<\/p>\n<p>Les beques es revisen pel Patronat de la Fundaci\u00f3 durant els mesos de gener i juliol de cada any.<\/p>\n<blockquote><\/blockquote>\n<p>[\/et_pb_text][\/et_pb_column][\/et_pb_row][\/et_pb_section]<\/p>\n","protected":false},"excerpt":{"rendered":"<p>Anualment la Fundaci\u00f3 dels Notaris de Catalunya convoca beques en concepte d&#8217; ajut econ\u00f2mic a l&#8217;estudi de l&#8217;oposici\u00f3 a l&#8217;Acad\u00e8mia d&#8217;Opositors al T\u00edtol de Notari de Catalunya, essent la seva concessi\u00f3 compet\u00e8ncia del Patronat de la Fundaci\u00f3. \u00a0Documentaci\u00f3 a aportar \u00a0Abans del 30 d&#8217;octubre de cada any, l&#8217;opositor que desitja optar a la concessi\u00f3 d&#8217;una beca haur\u00e0 de presentar a la Secretaria de l&#8217;Acad\u00e8mia, en sobre adre\u00e7at al Patronat de la Fundaci\u00f3, la documentaci\u00f3 seg\u00fcent: Inst\u00e0ncia exposant les raons i incloent un breu &#8220;curr\u00edculum vitae&#8221; (dades personals, formaci\u00f3 acad\u00e8mica i qualificacions, cost de la resid\u00e8ncia habitual quan sigui diferent de la llar familiar i si s&#8217;ha gaudit o no d&#8217;alguna beca amb anterioritat) Certificat d&#8217;empadronament o justificant del lloc de resid\u00e8ncia. Declaraci\u00f3 de la renda del sol\u00b7licitant i de la unitat familiar Informe del Director de l&#8217;Acad\u00e8mia o del preparador que el tingui al seu c\u00e0rrec La resoluci\u00f3 concedint les beques s&#8217;adopta atenent fonamentalment un criteri econ\u00f2mic, un criteri acad\u00e8mic i es t\u00e9 en compte les despeses de resid\u00e8ncia de l&#8217;opositor i el trasllat a l&#8217;Acad\u00e8mia. L&#8217;import m\u00e0xim de les beques ser\u00e0 de 600 euros mensuals (beca completa), podent ser graduada en funci\u00f3 dels criteris valorats. La concessi\u00f3 de la [&hellip;]<\/p>\n","protected":false},"author":1,"featured_media":10340,"parent":12673,"menu_order":0,"comment_status":"closed","ping_status":"closed","template":"","meta":{"_acf_changed":false,"_et_pb_use_builder":"on","_et_pb_old_content":"","_et_gb_content_width":"","ngg_post_thumbnail":0,"_price":"","_stock":"","_tribe_ticket_header":"","_tribe_default_ticket_provider":"","_tribe_ticket_capacity":"0","_ticket_start_date":"","_ticket_end_date":"","_tribe_ticket_show_description":"","_tribe_ticket_show_not_going":false,"_tribe_ticket_use_global_stock":"","_tribe_ticket_global_stock_level":"","_global_stock_mode":"","_global_stock_cap":"","_tribe_rsvp_for_event":"","_tribe_ticket_going_count":"","_tribe_ticket_not_going_count":"","_tribe_tickets_list":"[]","_tribe_ticket_has_attendee_info_fields":false,"footnotes":"","_tec_slr_enabled":"","_tec_slr_layout":""},"class_list":["post-12723","page","type-page","status-publish","has-post-thumbnail","hentry"],"acf":[],"ticketed":false,"_links":{"self":[{"href":"https:\/\/www.colegionotarial.org\/ca\/wp-json\/wp\/v2\/pages\/12723","targetHints":{"allow":["GET"]}}],"collection":[{"href":"https:\/\/www.colegionotarial.org\/ca\/wp-json\/wp\/v2\/pages"}],"about":[{"href":"https:\/\/www.colegionotarial.org\/ca\/wp-json\/wp\/v2\/types\/page"}],"author":[{"embeddable":true,"href":"https:\/\/www.colegionotarial.org\/ca\/wp-json\/wp\/v2\/users\/1"}],"replies":[{"embeddable":true,"href":"https:\/\/www.colegionotarial.org\/ca\/wp-json\/wp\/v2\/comments?post=12723"}],"version-history":[{"count":5,"href":"https:\/\/www.colegionotarial.org\/ca\/wp-json\/wp\/v2\/pages\/12723\/revisions"}],"predecessor-version":[{"id":12733,"href":"https:\/\/www.colegionotarial.org\/ca\/wp-json\/wp\/v2\/pages\/12723\/revisions\/12733"}],"up":[{"embeddable":true,"href":"https:\/\/www.colegionotarial.org\/ca\/wp-json\/wp\/v2\/pages\/12673"}],"wp:featuredmedia":[{"embeddable":true,"href":"https:\/\/www.colegionotarial.org\/ca\/wp-json\/wp\/v2\/media\/10340"}],"wp:attachment":[{"href":"https:\/\/www.colegionotarial.org\/ca\/wp-json\/wp\/v2\/media?parent=12723"}],"curies":[{"name":"wp","href":"https:\/\/api.w.org\/{rel}","templated":true}]}}