{"id":12722,"date":"2024-07-03T12:19:43","date_gmt":"2024-07-03T10:19:43","guid":{"rendered":"https:\/\/www.colegionotarial.org\/fundacio-privada-del-collegi-notarial\/la-oposicion\/"},"modified":"2024-09-06T12:24:23","modified_gmt":"2024-09-06T10:24:23","slug":"oposicio","status":"publish","type":"page","link":"https:\/\/www.colegionotarial.org\/ca\/fundacio-privada-del-collegi-notarial\/oposicio\/","title":{"rendered":"L&#8217;oposici\u00f3"},"content":{"rendered":"<p>[et_pb_section fb_built=&#8221;1&#8243; module_class=&#8221;contenido&#8221; _builder_version=&#8221;4.25.1&#8243; _module_preset=&#8221;default&#8221; global_colors_info=&#8221;{}&#8221;][et_pb_row _builder_version=&#8221;4.25.1&#8243; _module_preset=&#8221;default&#8221; custom_padding=&#8221;|15px||15px|false|false&#8221; global_colors_info=&#8221;{}&#8221;][et_pb_column type=&#8221;4_4&#8243; _builder_version=&#8221;4.25.1&#8243; _module_preset=&#8221;default&#8221; global_colors_info=&#8221;{}&#8221;][et_pb_text ul_type=&#8221;circle&#8221; _builder_version=&#8221;4.25.2&#8243; _module_preset=&#8221;default&#8221; link_font=&#8221;|600|||||||&#8221; global_colors_info=&#8221;{%22gcid-84f3cc8b-3b8f-4dca-8f6a-f958ef42e056%22:%91%22link_text_color__hover%22%93}&#8221; link_text_color__hover_enabled=&#8221;on|hover&#8221; link_text_color__hover=&#8221;#76767a&#8221;]<\/p>\n<p>L&#8217;oposici\u00f3 a notaries consta de quatre exercicis eliminatoris, cadascun dels quals s&#8217;ha d&#8217;aprovar per avan\u00e7ar al seg\u00fcent.<\/p>\n<p>El primer i segon exercicis s\u00f3n orals; el primer consisteix en l&#8217;exposici\u00f3 de quatre temes relacionats amb dret civil i fiscal, mentre que el segon aborda temes de dret mercantil, hipotecari, notarial, i processal o administratiu.<\/p>\n<p>El tercer exercici \u00e9s un examen escrit en el qual els candidats resolen un cas pr\u00e0ctic de dret substantiu en un m\u00e0xim de sis hores. El quart exercici tamb\u00e9 \u00e9s escrit i se centra en la redacci\u00f3 d&#8217;una escriptura notarial, incloent-hi la liquidaci\u00f3 d\u2019impostos i la resoluci\u00f3 d&#8217;un problema de comptabilitat i matem\u00e0tica financera.<\/p>\n<p>Aquest proc\u00e9s es convoca aproximadament cada dos anys en algun dels 17 col\u00b7legis notarials d&#8217;Espanya, segons l&#8217;estipulat en el Reglament Notarial vigent.<\/p>\n<p>El programa de l&#8217;oposici\u00f3, que defineix els temes a estudiar, \u00e9s l&#8217;aprovat per la mateixa Direcci\u00f3 General.<\/p>\n<p>[\/et_pb_text][\/et_pb_column][\/et_pb_row][\/et_pb_section]<\/p>\n","protected":false},"excerpt":{"rendered":"<p>L&#8217;oposici\u00f3 a notaries consta de quatre exercicis eliminatoris, cadascun dels quals s&#8217;ha d&#8217;aprovar per avan\u00e7ar al seg\u00fcent. El primer i segon exercicis s\u00f3n orals; el primer consisteix en l&#8217;exposici\u00f3 de quatre temes relacionats amb dret civil i fiscal, mentre que el segon aborda temes de dret mercantil, hipotecari, notarial, i processal o administratiu. El tercer exercici \u00e9s un examen escrit en el qual els candidats resolen un cas pr\u00e0ctic de dret substantiu en un m\u00e0xim de sis hores. El quart exercici tamb\u00e9 \u00e9s escrit i se centra en la redacci\u00f3 d&#8217;una escriptura notarial, incloent-hi la liquidaci\u00f3 d\u2019impostos i la resoluci\u00f3 d&#8217;un problema de comptabilitat i matem\u00e0tica financera. Aquest proc\u00e9s es convoca aproximadament cada dos anys en algun dels 17 col\u00b7legis notarials d&#8217;Espanya, segons l&#8217;estipulat en el Reglament Notarial vigent. El programa de l&#8217;oposici\u00f3, que defineix els temes a estudiar, \u00e9s l&#8217;aprovat per la mateixa Direcci\u00f3 General.<\/p>\n","protected":false},"author":1,"featured_media":10502,"parent":12673,"menu_order":0,"comment_status":"closed","ping_status":"closed","template":"","meta":{"_acf_changed":false,"_et_pb_use_builder":"on","_et_pb_old_content":"","_et_gb_content_width":"","ngg_post_thumbnail":0,"_price":"","_stock":"","_tribe_ticket_header":"","_tribe_default_ticket_provider":"","_tribe_ticket_capacity":"0","_ticket_start_date":"","_ticket_end_date":"","_tribe_ticket_show_description":"","_tribe_ticket_show_not_going":false,"_tribe_ticket_use_global_stock":"","_tribe_ticket_global_stock_level":"","_global_stock_mode":"","_global_stock_cap":"","_tribe_rsvp_for_event":"","_tribe_ticket_going_count":"","_tribe_ticket_not_going_count":"","_tribe_tickets_list":"[]","_tribe_ticket_has_attendee_info_fields":false,"footnotes":"","_tec_slr_enabled":"","_tec_slr_layout":""},"class_list":["post-12722","page","type-page","status-publish","has-post-thumbnail","hentry"],"acf":[],"ticketed":false,"_links":{"self":[{"href":"https:\/\/www.colegionotarial.org\/ca\/wp-json\/wp\/v2\/pages\/12722","targetHints":{"allow":["GET"]}}],"collection":[{"href":"https:\/\/www.colegionotarial.org\/ca\/wp-json\/wp\/v2\/pages"}],"about":[{"href":"https:\/\/www.colegionotarial.org\/ca\/wp-json\/wp\/v2\/types\/page"}],"author":[{"embeddable":true,"href":"https:\/\/www.colegionotarial.org\/ca\/wp-json\/wp\/v2\/users\/1"}],"replies":[{"embeddable":true,"href":"https:\/\/www.colegionotarial.org\/ca\/wp-json\/wp\/v2\/comments?post=12722"}],"version-history":[{"count":3,"href":"https:\/\/www.colegionotarial.org\/ca\/wp-json\/wp\/v2\/pages\/12722\/revisions"}],"predecessor-version":[{"id":12732,"href":"https:\/\/www.colegionotarial.org\/ca\/wp-json\/wp\/v2\/pages\/12722\/revisions\/12732"}],"up":[{"embeddable":true,"href":"https:\/\/www.colegionotarial.org\/ca\/wp-json\/wp\/v2\/pages\/12673"}],"wp:featuredmedia":[{"embeddable":true,"href":"https:\/\/www.colegionotarial.org\/ca\/wp-json\/wp\/v2\/media\/10502"}],"wp:attachment":[{"href":"https:\/\/www.colegionotarial.org\/ca\/wp-json\/wp\/v2\/media?parent=12722"}],"curies":[{"name":"wp","href":"https:\/\/api.w.org\/{rel}","templated":true}]}}