{"id":12707,"date":"2024-07-03T11:54:52","date_gmt":"2024-07-03T09:54:52","guid":{"rendered":"https:\/\/www.colegionotarial.org\/fundacio-privada-del-collegi-notarial\/proyectos\/"},"modified":"2024-09-06T12:07:16","modified_gmt":"2024-09-06T10:07:16","slug":"projectes","status":"publish","type":"page","link":"https:\/\/www.colegionotarial.org\/ca\/fundacio-privada-del-collegi-notarial\/projectes\/","title":{"rendered":"Projectes"},"content":{"rendered":"<p>[et_pb_section fb_built=&#8221;1&#8243; _builder_version=&#8221;4.25.2&#8243; _module_preset=&#8221;default&#8221; global_colors_info=&#8221;{}&#8221;][et_pb_row module_class=&#8221;contenido&#8221; _builder_version=&#8221;4.26.1&#8243; _module_preset=&#8221;default&#8221; global_colors_info=&#8221;{}&#8221;][et_pb_column type=&#8221;4_4&#8243; _builder_version=&#8221;4.25.2&#8243; _module_preset=&#8221;default&#8221; global_colors_info=&#8221;{}&#8221;][et_pb_text _builder_version=&#8221;4.26.1&#8243; _module_preset=&#8221;default&#8221; global_colors_info=&#8221;{}&#8221;]<\/p>\n<p>La Fundaci\u00f3 impulsa una \u00e0mplia gamma de projectes dirigits a satisfer les necessitats jur\u00eddiques i socials dels col\u00b7lectius m\u00e9s vulnerables. Entre les seves principals activitats s&#8217; inclouen:<\/p>\n<ol>\n<li>La concessi\u00f3 de beques per a estudis jur\u00eddics<\/li>\n<li>L\u2019elaboraci\u00f3 i publicaci\u00f3 d\u2019estudis, treballs jur\u00eddics, revistes o fulletons d\u2019inter\u00e8s social, sola o en col\u00b7laboraci\u00f3 amb altres entitats<\/li>\n<li>L\u2019organitzaci\u00f3 de confer\u00e8ncies, cursos, seminaris i campanyes informatives<\/li>\n<li>La col\u00b7laboraci\u00f3 amb entitats, institucions o fundacions amb finalitats similars<\/li>\n<li>Qualsevol altra iniciativa que contribueixi al desenvolupament personal i social de les persones a les quals es dirigeix<\/li>\n<\/ol>\n<p>Aquests projectes no nom\u00e9s busquen oferir assist\u00e8ncia directa als qui ho necessiten, sin\u00f3 tamb\u00e9 fomentar un entorn de seguretat jur\u00eddica preventiva, ajudant les persones a prendre decisions informades i segures en els seus assumptes legals. La col\u00b7laboraci\u00f3 activa dels notaris en aquests projectes \u00e9s essencial per al seu \u00e8xit, aportant el seu coneixement i experi\u00e8ncia per garantir el compliment dels objectius de la Fundaci\u00f3.<\/p>\n<p>[\/et_pb_text][\/et_pb_column][\/et_pb_row][\/et_pb_section]<\/p>\n","protected":false},"excerpt":{"rendered":"<p>La Fundaci\u00f3 impulsa una \u00e0mplia gamma de projectes dirigits a satisfer les necessitats jur\u00eddiques i socials dels col\u00b7lectius m\u00e9s vulnerables. Entre les seves principals activitats s&#8217; inclouen: La concessi\u00f3 de beques per a estudis jur\u00eddics L\u2019elaboraci\u00f3 i publicaci\u00f3 d\u2019estudis, treballs jur\u00eddics, revistes o fulletons d\u2019inter\u00e8s social, sola o en col\u00b7laboraci\u00f3 amb altres entitats L\u2019organitzaci\u00f3 de confer\u00e8ncies, cursos, seminaris i campanyes informatives La col\u00b7laboraci\u00f3 amb entitats, institucions o fundacions amb finalitats similars Qualsevol altra iniciativa que contribueixi al desenvolupament personal i social de les persones a les quals es dirigeix Aquests projectes no nom\u00e9s busquen oferir assist\u00e8ncia directa als qui ho necessiten, sin\u00f3 tamb\u00e9 fomentar un entorn de seguretat jur\u00eddica preventiva, ajudant les persones a prendre decisions informades i segures en els seus assumptes legals. La col\u00b7laboraci\u00f3 activa dels notaris en aquests projectes \u00e9s essencial per al seu \u00e8xit, aportant el seu coneixement i experi\u00e8ncia per garantir el compliment dels objectius de la Fundaci\u00f3.<\/p>\n","protected":false},"author":1,"featured_media":14090,"parent":12673,"menu_order":0,"comment_status":"closed","ping_status":"closed","template":"","meta":{"_acf_changed":false,"_et_pb_use_builder":"on","_et_pb_old_content":"","_et_gb_content_width":"","ngg_post_thumbnail":0,"_price":"","_stock":"","_tribe_ticket_header":"","_tribe_default_ticket_provider":"","_tribe_ticket_capacity":"0","_ticket_start_date":"","_ticket_end_date":"","_tribe_ticket_show_description":"","_tribe_ticket_show_not_going":false,"_tribe_ticket_use_global_stock":"","_tribe_ticket_global_stock_level":"","_global_stock_mode":"","_global_stock_cap":"","_tribe_rsvp_for_event":"","_tribe_ticket_going_count":"","_tribe_ticket_not_going_count":"","_tribe_tickets_list":"[]","_tribe_ticket_has_attendee_info_fields":false,"footnotes":"","_tec_slr_enabled":"","_tec_slr_layout":""},"class_list":["post-12707","page","type-page","status-publish","has-post-thumbnail","hentry"],"acf":[],"ticketed":false,"_links":{"self":[{"href":"https:\/\/www.colegionotarial.org\/ca\/wp-json\/wp\/v2\/pages\/12707","targetHints":{"allow":["GET"]}}],"collection":[{"href":"https:\/\/www.colegionotarial.org\/ca\/wp-json\/wp\/v2\/pages"}],"about":[{"href":"https:\/\/www.colegionotarial.org\/ca\/wp-json\/wp\/v2\/types\/page"}],"author":[{"embeddable":true,"href":"https:\/\/www.colegionotarial.org\/ca\/wp-json\/wp\/v2\/users\/1"}],"replies":[{"embeddable":true,"href":"https:\/\/www.colegionotarial.org\/ca\/wp-json\/wp\/v2\/comments?post=12707"}],"version-history":[{"count":3,"href":"https:\/\/www.colegionotarial.org\/ca\/wp-json\/wp\/v2\/pages\/12707\/revisions"}],"predecessor-version":[{"id":12715,"href":"https:\/\/www.colegionotarial.org\/ca\/wp-json\/wp\/v2\/pages\/12707\/revisions\/12715"}],"up":[{"embeddable":true,"href":"https:\/\/www.colegionotarial.org\/ca\/wp-json\/wp\/v2\/pages\/12673"}],"wp:featuredmedia":[{"embeddable":true,"href":"https:\/\/www.colegionotarial.org\/ca\/wp-json\/wp\/v2\/media\/14090"}],"wp:attachment":[{"href":"https:\/\/www.colegionotarial.org\/ca\/wp-json\/wp\/v2\/media?parent=12707"}],"curies":[{"name":"wp","href":"https:\/\/api.w.org\/{rel}","templated":true}]}}