{"id":12673,"date":"2024-07-03T11:53:52","date_gmt":"2024-07-03T09:53:52","guid":{"rendered":"https:\/\/www.colegionotarial.org\/fundacion-privada-del-colegio-notarial\/"},"modified":"2024-09-06T13:12:55","modified_gmt":"2024-09-06T11:12:55","slug":"fundacio-privada-del-collegi-notarial","status":"publish","type":"page","link":"https:\/\/www.colegionotarial.org\/ca\/fundacio-privada-del-collegi-notarial\/","title":{"rendered":"Fundaci\u00f3 Privada del Col\u00b7legi Notarial"},"content":{"rendered":"<p>[et_pb_section fb_built=&#8221;1&#8243; module_class=&#8221;contenido&#8221; _builder_version=&#8221;4.25.1&#8243; _module_preset=&#8221;default&#8221; global_colors_info=&#8221;{}&#8221;][et_pb_row _builder_version=&#8221;4.25.1&#8243; _module_preset=&#8221;default&#8221; custom_padding=&#8221;|15px||15px|false|false&#8221; global_colors_info=&#8221;{}&#8221;][et_pb_column type=&#8221;4_4&#8243; _builder_version=&#8221;4.25.1&#8243; _module_preset=&#8221;default&#8221; global_colors_info=&#8221;{}&#8221;][et_pb_text ul_type=&#8221;circle&#8221; _builder_version=&#8221;4.26.1&#8243; _module_preset=&#8221;default&#8221; link_font=&#8221;|600|||||||&#8221; global_colors_info=&#8221;{%22gcid-84f3cc8b-3b8f-4dca-8f6a-f958ef42e056%22:%91%22link_text_color__hover%22%93}&#8221; link_text_color__hover_enabled=&#8221;on|hover&#8221; link_text_color__hover=&#8221;#76767a&#8221;]<\/p>\n<p>La Fundaci\u00f3 Privada del Col\u00b7legi Notarial de Catalunya \u00e9s una entitat sense \u00e0nim de lucre, establerta sota la tutela del Col\u00b7legi. El seu principal objectiu \u00e9s proporcionar ajuda i suport a col\u00b7lectius desfavorits i vulnerables que requereixen protecci\u00f3 jur\u00eddica i social. Entre els beneficiaris es troben persones d&#8217; edat avan\u00e7ada, aquelles amb capacitats limitades i infants, tot i que la seva tasca no es restringeix exclusivament a aquests grups. La Fundaci\u00f3 tamb\u00e9 promou el desenvolupament personal, educatiu i cultural de persones en risc d&#8217;exclusi\u00f3 social i altres col\u00b7lectius necessitats, assegurant que tots puguin accedir a la seguretat jur\u00eddica preventiva oferta pels notaris.<\/p>\n<p>Nascuda de la m\u00e0 del Col\u00b7legi Notarial de Catalunya, la Fundaci\u00f3 \u00e9s dirigida per un Patronat en el qual participen el Deg\u00e0 del Col\u00b7legi, el Secretari i el Tresorer de la Junta Directiva, i un Director\/a designat a proposta del Patronat. La Fundaci\u00f3 compta amb el suport de gaireb\u00e9 500 notaris de Catalunya que, de manera desinteressada, participen en les diverses campanyes i projectes que la Fundaci\u00f3 posa en marxa.<\/p>\n<blockquote><\/blockquote>\n<p>[\/et_pb_text][\/et_pb_column][\/et_pb_row][\/et_pb_section]<\/p>\n","protected":false},"excerpt":{"rendered":"<p>La Fundaci\u00f3 Privada del Col\u00b7legi Notarial de Catalunya \u00e9s una entitat sense \u00e0nim de lucre, establerta sota la tutela del Col\u00b7legi. El seu principal objectiu \u00e9s proporcionar ajuda i suport a col\u00b7lectius desfavorits i vulnerables que requereixen protecci\u00f3 jur\u00eddica i social. Entre els beneficiaris es troben persones d&#8217; edat avan\u00e7ada, aquelles amb capacitats limitades i infants, tot i que la seva tasca no es restringeix exclusivament a aquests grups. La Fundaci\u00f3 tamb\u00e9 promou el desenvolupament personal, educatiu i cultural de persones en risc d&#8217;exclusi\u00f3 social i altres col\u00b7lectius necessitats, assegurant que tots puguin accedir a la seguretat jur\u00eddica preventiva oferta pels notaris. Nascuda de la m\u00e0 del Col\u00b7legi Notarial de Catalunya, la Fundaci\u00f3 \u00e9s dirigida per un Patronat en el qual participen el Deg\u00e0 del Col\u00b7legi, el Secretari i el Tresorer de la Junta Directiva, i un Director\/a designat a proposta del Patronat. La Fundaci\u00f3 compta amb el suport de gaireb\u00e9 500 notaris de Catalunya que, de manera desinteressada, participen en les diverses campanyes i projectes que la Fundaci\u00f3 posa en marxa.<\/p>\n","protected":false},"author":1,"featured_media":10288,"parent":0,"menu_order":0,"comment_status":"closed","ping_status":"closed","template":"","meta":{"_acf_changed":false,"_et_pb_use_builder":"on","_et_pb_old_content":"","_et_gb_content_width":"","ngg_post_thumbnail":0,"_price":"","_stock":"","_tribe_ticket_header":"","_tribe_default_ticket_provider":"","_tribe_ticket_capacity":"0","_ticket_start_date":"","_ticket_end_date":"","_tribe_ticket_show_description":"","_tribe_ticket_show_not_going":false,"_tribe_ticket_use_global_stock":"","_tribe_ticket_global_stock_level":"","_global_stock_mode":"","_global_stock_cap":"","_tribe_rsvp_for_event":"","_tribe_ticket_going_count":"","_tribe_ticket_not_going_count":"","_tribe_tickets_list":"[]","_tribe_ticket_has_attendee_info_fields":false,"footnotes":"","_tec_slr_enabled":"","_tec_slr_layout":""},"class_list":["post-12673","page","type-page","status-publish","has-post-thumbnail","hentry"],"acf":[],"ticketed":false,"_links":{"self":[{"href":"https:\/\/www.colegionotarial.org\/ca\/wp-json\/wp\/v2\/pages\/12673","targetHints":{"allow":["GET"]}}],"collection":[{"href":"https:\/\/www.colegionotarial.org\/ca\/wp-json\/wp\/v2\/pages"}],"about":[{"href":"https:\/\/www.colegionotarial.org\/ca\/wp-json\/wp\/v2\/types\/page"}],"author":[{"embeddable":true,"href":"https:\/\/www.colegionotarial.org\/ca\/wp-json\/wp\/v2\/users\/1"}],"replies":[{"embeddable":true,"href":"https:\/\/www.colegionotarial.org\/ca\/wp-json\/wp\/v2\/comments?post=12673"}],"version-history":[{"count":3,"href":"https:\/\/www.colegionotarial.org\/ca\/wp-json\/wp\/v2\/pages\/12673\/revisions"}],"predecessor-version":[{"id":12677,"href":"https:\/\/www.colegionotarial.org\/ca\/wp-json\/wp\/v2\/pages\/12673\/revisions\/12677"}],"wp:featuredmedia":[{"embeddable":true,"href":"https:\/\/www.colegionotarial.org\/ca\/wp-json\/wp\/v2\/media\/10288"}],"wp:attachment":[{"href":"https:\/\/www.colegionotarial.org\/ca\/wp-json\/wp\/v2\/media?parent=12673"}],"curies":[{"name":"wp","href":"https:\/\/api.w.org\/{rel}","templated":true}]}}