{"id":12558,"date":"2024-07-04T13:30:23","date_gmt":"2024-07-04T11:30:23","guid":{"rendered":"https:\/\/www.colegionotarial.org\/politica-de-cookies\/"},"modified":"2024-09-02T10:49:17","modified_gmt":"2024-09-02T08:49:17","slug":"politica-de-galetes","status":"publish","type":"page","link":"https:\/\/www.colegionotarial.org\/ca\/politica-de-galetes\/","title":{"rendered":"Pol\u00edtica de galetes"},"content":{"rendered":"\n<p>Galeta \u00e9s un fitxer que es descarrega en el seu ordinador en accedir a determinades p\u00e0gines web. Les galetes permeten a una p\u00e0gina web, entre d&#8217;altres coses, emmagatzemar i recuperar informaci\u00f3 sobre els h\u00e0bits de navegaci\u00f3 d&#8217;un usuari o del seu equip i, depenent de la informaci\u00f3 que continguin i de la manera com utilitzi el seu equip, poden utilitzar-se per recon\u00e8ixer a l&#8217;usuari. El navegador de l&#8217;usuari memoritza galetes en el disc dur nom\u00e9s durant la sessi\u00f3 actual ocupant un espai de mem\u00f2ria m\u00ednim i no perjudicant a l&#8217;ordinador. Les galetes no contenen cap classe d&#8217;informaci\u00f3 personal espec\u00edfica, i la majoria de les mateixes s&#8217;esborren del disc dur en finalitzar la sessi\u00f3 de navegador (les denominades galetes de sessi\u00f3).<\/p>\n\n\n\n<p>La majoria dels navegadors accepten com a est\u00e0ndard a les galetes i, independentment d\u2019aquestes, permeten o impedeixen en els ajustaments de seguretat les galetes temporals o memoritzades.<\/p>\n\n\n\n<p>Sense el seu expr\u00e9s consentiment \u2013 mitjan\u00e7ant l&#8217;activaci\u00f3 de les galetes en el seu navegador \u2013 El Col\u00b7legi de Notaris de Catalunya, d&#8217;ara endavant CNC, no enlla\u00e7ar\u00e0 en les galetes les dades memoritzades amb les seves dades personals proporcionades en el moment del registre o la compra.<\/p>\n\n\n\n<p><strong>Quins tipus de galetes utilitza aquesta p\u00e0gina web?<\/strong><\/p>\n\n\n\n<p>&#8211; Galetes t\u00e8cniques: S\u00f3n aquelles que permeten a l&#8217;usuari la navegaci\u00f3 a trav\u00e9s d&#8217;una p\u00e0gina web, plataforma o aplicaci\u00f3 i la utilitzaci\u00f3 de les diferents opcions o serveis que en ella existeixin com, per exemple, controlar el tr\u00e0nsit i la comunicaci\u00f3 de dades, identificar la sessi\u00f3, accedir a parts d&#8217;acc\u00e9s restringit, recordar els elements que integren una comanda, realitzar el proc\u00e9s de compra d&#8217;una comanda, realitzar la sol\u00b7licitud d&#8217;inscripci\u00f3 o participaci\u00f3 en un esdeveniment, utilitzar elements de seguretat durant la navegaci\u00f3, emmagatzemar continguts per a la difusi\u00f3 de v\u00eddeos o so o compartir continguts a trav\u00e9s de xarxes socials.<\/p>\n\n\n\n<p>&#8211; Galetes de personalitzaci\u00f3: S\u00f3n aquelles que permeten a l\u2019usuari accedir al servei amb algunes caracter\u00edstiques de car\u00e0cter general predefinides en funci\u00f3 d&#8217;una s\u00e8rie de criteris en el terminal de l&#8217;usuari com per exemple serien l&#8217;idioma, el tipus de navegador a trav\u00e9s del qual accedeix al servei, la configuraci\u00f3 regional des d&#8217;on accedeix al servei, etc.<\/p>\n\n\n\n<p>&#8211; Galetes d&#8217;an\u00e0lisi: S\u00f3n aquelles que b\u00e9 tractades per nosaltres o per tercers, ens permeten quantificar el n\u00famero d&#8217;usuaris i aix\u00ed realitzar la mesura i an\u00e0lisi estad\u00edstic de la utilitzaci\u00f3 que fan els usuaris del servei ofert. Per a aix\u00f2 s&#8217;analitza la seva navegaci\u00f3 en la nostra p\u00e0gina web amb la finalitat de millorar l&#8217;oferta de productes o serveis que li oferim.<\/p>\n\n\n\n<p>&#8211; Galetes publicit\u00e0ries: S\u00f3n aquelles que, b\u00e9 tractades per nosaltres o per tercers, ens permeten gestionar de la forma m\u00e9s efica\u00e7 possible l&#8217;oferta dels espais publicitaris que hi ha en la p\u00e0gina web, adequant el contingut de l&#8217;anunci al contingut del servei sol\u00b7licitat o a l&#8217;\u00fas que realitzi de la nostra p\u00e0gina web. Per a aix\u00f2 podem analitzar els seus h\u00e0bits de navegaci\u00f3 a Internet i podem mostrar-li publicitat relacionada amb el seu perfil de navegaci\u00f3.<\/p>\n\n\n\n<p>&#8211; Galetes de comportament de la publicitat: S\u00f3n aquelles que permeten la gesti\u00f3, de la forma m\u00e9s efica\u00e7 possible, dels espais publicitaris que, si s&#8217;escau, l&#8217;editor hagi incl\u00f2s en una p\u00e0gina web, aplicaci\u00f3 o plataforma des de la qual presta el servei sol\u00b7licitat. Aquestes galetes emmagatzemen informaci\u00f3 del comportament dels usuaris obtinguda a trav\u00e9s de l&#8217;observaci\u00f3 continuada dels seus h\u00e0bits de navegaci\u00f3, el que permet desenvolupar un perfil espec\u00edfic per mostrar publicitat en funci\u00f3 d\u2019aquest.<\/p>\n\n\n\n<p>&#8211;&nbsp;<strong>Galetes de tercers<\/strong>: El Web del CNC pot utilitzar serveis de tercers que, a compte de CNC, recopilessin informaci\u00f3 amb fins estad\u00edstics, d&#8217;\u00fas del Site per part de l&#8217;usuari i per a la prestaci\u00f3 d&#8217;altres serveis relacionats amb l&#8217;activitat del Website i altres serveis d&#8217;Internet.<\/p>\n\n\n\n<p>En particular, aquest lloc Web utilitza Google Analytics, un servei anal\u00edtic de web prestat per Google, Inc. amb domicili als Estats Units amb seu central en 1600 Amphitheatre Parkway, Mountain View, Calif\u00f2rnia 94043.&nbsp; Per a la prestaci\u00f3 d&#8217;aquests serveis, aquests utilitzen galetes que recopilen la informaci\u00f3, inclosa l&#8217;adre\u00e7a IP de l&#8217;usuari, que ser\u00e0 transmesa, tractada i emmagatzemada per Google en els termes fixats en el Web Google.com. Incloent la possible transmissi\u00f3 de l&#8217;esmentada informaci\u00f3 a tercers per raons d&#8217;exig\u00e8ncia legal o quan els esmentats tercers processin la informaci\u00f3 a compte de Google.<\/p>\n\n\n\n<p><strong>L&#8217;usuari accepta expressament, per la utilitzaci\u00f3 d&#8217;aquest Site, el tractament de la informaci\u00f3 recollida en la forma i amb els fins anteriorment esmentats.<\/strong>&nbsp;I tamb\u00e9 reconeix con\u00e8ixer la possibilitat de rebutjar el tractament d\u2019aquestes dades o informaci\u00f3 rebutjant l&#8217;\u00fas de Galetes mitjan\u00e7ant la selecci\u00f3 de la configuraci\u00f3 apropiada amb aquesta finalitat en el seu navegador. Si b\u00e9 aquesta opci\u00f3 de bloqueig de Galetes en el seu navegador pot no permetre-li l&#8217;\u00fas ple de totes les funcionalitats del Website.<\/p>\n\n\n\n<p>Pot vost\u00e8 permetre, bloquejar o eliminar les galetes instal\u00b7lades en el seu equip mitjan\u00e7ant la configuraci\u00f3 de les opcions del navegador instal\u00b7lat en el seu ordinador:<\/p>\n\n\n\n<ul class=\"wp-block-list\">\n<li>Chrome<\/li>\n\n\n\n<li>Explorer<\/li>\n\n\n\n<li>Firefox<\/li>\n\n\n\n<li>Safari<\/li>\n<\/ul>\n\n\n\n<p>Si t\u00e9 dubtes sobre aquesta pol\u00edtica de galetes, pot contactar amb Inform\u00e0tica en&nbsp;<a href=\"mailto:informatica@catalunya.notariado.org\">informatica@catalunya.notariado.org<\/a><\/p>\n\n\n\n<p><\/p>\n","protected":false},"excerpt":{"rendered":"<p>Galeta \u00e9s un fitxer que es descarrega en el seu ordinador en accedir a determinades p\u00e0gines web. Les galetes permeten a una p\u00e0gina web, entre d&#8217;altres coses, emmagatzemar i recuperar [&hellip;]<\/p>\n","protected":false},"author":1,"featured_media":0,"parent":0,"menu_order":0,"comment_status":"closed","ping_status":"closed","template":"","meta":{"_acf_changed":false,"_et_pb_use_builder":"off","_et_pb_old_content":"","_et_gb_content_width":"1080","ngg_post_thumbnail":0,"_price":"","_stock":"","_tribe_ticket_header":"","_tribe_default_ticket_provider":"","_tribe_ticket_capacity":"0","_ticket_start_date":"","_ticket_end_date":"","_tribe_ticket_show_description":"","_tribe_ticket_show_not_going":false,"_tribe_ticket_use_global_stock":"","_tribe_ticket_global_stock_level":"","_global_stock_mode":"","_global_stock_cap":"","_tribe_rsvp_for_event":"","_tribe_ticket_going_count":"","_tribe_ticket_not_going_count":"","_tribe_tickets_list":"[]","_tribe_ticket_has_attendee_info_fields":false,"footnotes":"","_tec_slr_enabled":"","_tec_slr_layout":""},"class_list":["post-12558","page","type-page","status-publish","hentry"],"acf":[],"ticketed":false,"_links":{"self":[{"href":"https:\/\/www.colegionotarial.org\/ca\/wp-json\/wp\/v2\/pages\/12558","targetHints":{"allow":["GET"]}}],"collection":[{"href":"https:\/\/www.colegionotarial.org\/ca\/wp-json\/wp\/v2\/pages"}],"about":[{"href":"https:\/\/www.colegionotarial.org\/ca\/wp-json\/wp\/v2\/types\/page"}],"author":[{"embeddable":true,"href":"https:\/\/www.colegionotarial.org\/ca\/wp-json\/wp\/v2\/users\/1"}],"replies":[{"embeddable":true,"href":"https:\/\/www.colegionotarial.org\/ca\/wp-json\/wp\/v2\/comments?post=12558"}],"version-history":[{"count":1,"href":"https:\/\/www.colegionotarial.org\/ca\/wp-json\/wp\/v2\/pages\/12558\/revisions"}],"predecessor-version":[{"id":12560,"href":"https:\/\/www.colegionotarial.org\/ca\/wp-json\/wp\/v2\/pages\/12558\/revisions\/12560"}],"wp:attachment":[{"href":"https:\/\/www.colegionotarial.org\/ca\/wp-json\/wp\/v2\/media?parent=12558"}],"curies":[{"name":"wp","href":"https:\/\/api.w.org\/{rel}","templated":true}]}}