{"id":12543,"date":"2024-07-04T13:28:51","date_gmt":"2024-07-04T11:28:51","guid":{"rendered":"https:\/\/www.colegionotarial.org\/politica-de-privacidad\/"},"modified":"2024-09-02T10:15:16","modified_gmt":"2024-09-02T08:15:16","slug":"politica-de-privacitat","status":"publish","type":"page","link":"https:\/\/www.colegionotarial.org\/ca\/politica-de-privacitat\/","title":{"rendered":"Pol\u00edtica de privacitat"},"content":{"rendered":"<p>[et_pb_section fb_built=&#8221;1&#8243; admin_label=&#8221;section&#8221; _builder_version=&#8221;4.16&#8243; global_colors_info=&#8221;{}&#8221;][et_pb_row admin_label=&#8221;row&#8221; _builder_version=&#8221;4.16&#8243; background_size=&#8221;initial&#8221; background_position=&#8221;top_left&#8221; background_repeat=&#8221;repeat&#8221; global_colors_info=&#8221;{}&#8221;][et_pb_column type=&#8221;4_4&#8243; _builder_version=&#8221;4.16&#8243; custom_padding=&#8221;|||&#8221; global_colors_info=&#8221;{}&#8221; custom_padding__hover=&#8221;|||&#8221;][et_pb_text admin_label=&#8221;Text&#8221; _builder_version=&#8221;4.26.1&#8243; background_size=&#8221;initial&#8221; background_position=&#8221;top_left&#8221; background_repeat=&#8221;repeat&#8221; hover_enabled=&#8221;0&#8243; global_colors_info=&#8221;{}&#8221; sticky_enabled=&#8221;0&#8243;]<\/p>\n<p>Aquesta Pol\u00edtica de Privacitat t\u00e9 per objecte facilitar informaci\u00f3 sobre els drets que assisteixen als usuaris del web<span>\u00a0<\/span><a href=\"http:\/\/www.notarisdecatalunya.org\/\">http:\/\/www.notarisdecatalunya.org<\/a><span>\u00a0<\/span>(d\u2019ara endavant\u00a0 &#8220;Web &#8220;) en virtut de la legislaci\u00f3 vigent.<\/p>\n<p><strong>I. Identitat i dades de contacte del Responsable del tractament i del delegat de protecci\u00f3 de dades<\/strong><\/p>\n<p>1.<span>\u00a0<\/span><strong>Identitat i dades de contacte del Responsable del tractament<\/strong><\/p>\n<p>Identitat: COL\u00b7LEGI DE NOTARIS DE CATALUNYA (d\u2019ara endavant\u00a0 \u201cCNC\u201d)<\/p>\n<p>Adre\u00e7a postal: carrer Notariat, 4, 08001-Barcelona<\/p>\n<p>Adre\u00e7a electr\u00f2nica:<span>\u00a0<\/span><a href=\"mailto:info@catalunya.notariado.org\">info@catalunya.notariado.org<\/a><\/p>\n<p>Tel\u00e8fon: (34) 933174800<\/p>\n<p><strong>2. Identitat i dades de contacte del delegat de protecci\u00f3 de dades<\/strong><\/p>\n<p>Identitat: AGENCIA NOTARIAL DE CERTIFICACION, S.L.U.<\/p>\n<p>Adre\u00e7a postal: c\/ Avenida d&#8217;Arag\u00f3n, 330, Edifici 6, pl. 2\u00aa, 28022-Madrid,<\/p>\n<p>Adre\u00e7a electr\u00f2nica:<span>\u00a0<\/span><a href=\"mailto:dpoancert@notariado.org\">dpoancert@notariado.org<\/a><\/p>\n<p><strong>II. Finalitat del tractament<\/strong><\/p>\n<p>Gestionar les sol\u00b7licituds d&#8217;informaci\u00f3 i consultes realitzades a trav\u00e9s del Lloc Web, registrar a usuaris mitjan\u00e7ant formularis i, si escau, enviar a l&#8217;usuari comunicacions d&#8217;alertes i butlletins informatius del CNC.<\/p>\n<p><strong>III. Temps de conservaci\u00f3 de les dades<\/strong><\/p>\n<p>Les dades seran conservades fins que se sol\u00b7liciti la seva supressi\u00f3 per l&#8217;usuari que ha donat el seu consentiment o, en el cas del tractament per inter\u00e8s leg\u00edtim del CNC, fins a quan aquest consideri que \u00e9s necessari per atendre les consultes realitzades.<\/p>\n<p><strong>IV. Legitimaci\u00f3 del Tractament<\/strong><\/p>\n<p>La base jur\u00eddica del tractament de les dades personals pel CNC dels usuaris que remeten formularis per registrar-se o sol\u00b7licitar rebre comunicacions d&#8217;alertes i butlletins informatius del CNC, \u00e9s el consentiment, i dels usuaris que contacten amb el CNC per sol\u00b7licitar qualsevol gesti\u00f3 o consulta \u00e9s l&#8217;inter\u00e8s leg\u00edtim.<\/p>\n<p>En els formularis de recollida de dades, haur\u00e0 camps que s&#8217;assenyalen com a obligatoris per la qual cosa en cas que l&#8217;usuari no faciliti les dades corresponents, el CNC podr\u00e0 denegar el corresponent servei.<\/p>\n<p><strong>V. Destinataris<\/strong><\/p>\n<p>Les dades no se cediran a tercers, excepte requeriment judicial o de l&#8217;Administraci\u00f3 P\u00fablica en l&#8217;exercici de les seves potestats.<\/p>\n<p><strong>VI. Drets<\/strong><\/p>\n<p>Els drets que assisteixen als usuaris s\u00f3n:<\/p>\n<p>&#8211; Dret a sol\u00b7licitar l&#8217;acc\u00e9s a les dades personals relatives a l&#8217;interessat<\/p>\n<p>&#8211; Dret a sol\u00b7licitar la seva rectificaci\u00f3 o supressi\u00f3<\/p>\n<p>&#8211; Dret a sol\u00b7licitar la limitaci\u00f3 del seu tractament<\/p>\n<p>&#8211; Dret a oposar-se al tractament<\/p>\n<p>&#8211; Dret a la portabilitat de les dades<\/p>\n<p>L&#8217;usuari podr\u00e0 exercir els referits drets respecte a les dades enviades mitjan\u00e7ant petici\u00f3 escrita dirigida a l&#8217;adre\u00e7a postal del CNC.<\/p>\n<p>Els interessats poden presentar una reclamaci\u00f3 davant qualsevol autoritat de control Autoritat Catalana de Protecci\u00f3 de Dades. C\/ Rossell\u00f3, 214, Esc. A, 1r 1a, 08008 Barcelona, Tel. 935527800,<span>\u00a0<\/span><a href=\"mailto:apdcat@gencat.cat\">apdcat@gencat.cat<\/a>, Ag\u00e8ncia Espanyola de Protecci\u00f3 de Dades (<a href=\"http:\/\/www.agpd.es-\/\">www.agpd.es-<\/a><span>\u00a0<\/span>c\/ Jorge Juan, 6 de Madrid), especialment quan no hagi obtingut satisfacci\u00f3 en l&#8217;exercici dels seus drets.<\/p>\n<p><!-- \/divi:paragraph --><\/p>\n<p>[\/et_pb_text][\/et_pb_column][\/et_pb_row][\/et_pb_section][et_pb_section fb_built=&#8221;1&#8243; admin_label=&#8221;section&#8221; _builder_version=&#8221;4.16&#8243; global_colors_info=&#8221;{}&#8221;][et_pb_row admin_label=&#8221;row&#8221; _builder_version=&#8221;4.16&#8243; background_size=&#8221;initial&#8221; background_position=&#8221;top_left&#8221; background_repeat=&#8221;repeat&#8221; global_colors_info=&#8221;{}&#8221;][et_pb_column type=&#8221;4_4&#8243; _builder_version=&#8221;4.16&#8243; custom_padding=&#8221;|||&#8221; global_colors_info=&#8221;{}&#8221; custom_padding__hover=&#8221;|||&#8221;][et_pb_text admin_label=&#8221;Text&#8221; _builder_version=&#8221;4.16&#8243; background_size=&#8221;initial&#8221; background_position=&#8221;top_left&#8221; background_repeat=&#8221;repeat&#8221; global_colors_info=&#8221;{}&#8221;]<\/p>\n<p>La presente Pol\u00edtica de Privacidad tiene por objeto facilitar informaci\u00f3n sobre los derechos que asisten a los usuarios del sitio web&nbsp;<a href=\"http:\/\/www.notariosdecatalu\/\">http:\/\/www.notariosdecatalu<\/a>\u00f1a.org (en adelante &nbsp;&#8220;Sitio Web&#8221;) en virtud de la legislaci\u00f3n vigente.<\/p>\n<p><strong>I. Identidad y datos de contacto del Responsable del tratamiento y del delegado de protecci\u00f3n de datos<\/strong><\/p>\n<p>1.&nbsp;<strong>Identidad y datos de contacto del Responsable del tratamiento<\/strong><\/p>\n<p>Identidad: COLEGIO NOTARIAL DE CATALU\u00d1A (en adelante \u201cCNC\u201d)<\/p>\n<p>Direcci\u00f3n postal: calle Notariat, 4, 08001-Barcelona<\/p>\n<p>Correo electr\u00f3nico:&nbsp;<a href=\"mailto:info@catalunya.notariado.org\">info@catalunya.notariado.org<\/a><\/p>\n<p>Tel\u00e9fono: (34) 933174800<\/p>\n<p><strong>2. Identidad y datos de contacto del delegado de protecci\u00f3n de datos<\/strong><\/p>\n<p>Identidad: AGENCIA NOTARIAL DE CERTIFICACION, S.L.U.<\/p>\n<p>Direcci\u00f3n postal: c\/ Avenida de Arag\u00f3n, 330, Edificio 6, pl. 2\u00aa,&nbsp; 28022-Madrid<\/p>\n<p>Correo electr\u00f3nico:&nbsp;<a href=\"mailto:dpoancert@notariado.org\">dpoancert@notariado.org<\/a><\/p>\n<p><strong>II. Finalidad del tratamiento<\/strong><\/p>\n<p>Gestionar las solicitudes de informaci\u00f3n y consultas realizadas a trav\u00e9s del Sitio Web, registrar a usuarios mediante formularios y, en su caso, enviar al usuario comunicaciones de alertas y boletines informativos del CNC<\/p>\n<p><strong>III. Tiempo de conservaci\u00f3n de los datos<\/strong><\/p>\n<p>Los datos ser\u00e1n conservados hasta que se solicite su supresi\u00f3n por el usuario que ha dado su consentimiento o, en el caso del tratamiento por inter\u00e9s leg\u00edtimo del CNC, hasta cuando \u00e9ste considere que es necesario para atender las consultas realizadas.<\/p>\n<p><strong>IV. Legitimaci\u00f3n del Tratamiento<\/strong><\/p>\n<p>La base jur\u00eddica del tratamiento de los datos personales por el CNC de los usuarios que remiten formularios para registrarse o solicitar recibir comunicaciones de alertas y boletines informativos del CNC, es el consentimiento, y de los usuarios que contactan con el CNC para solicitar cualquier gesti\u00f3n o consulta es el inter\u00e9s leg\u00edtimo.<\/p>\n<p>En los formularios de recogida de datos, habr\u00e1 campos que se se\u00f1alan como obligatorios por lo que en caso de que el usuario no facilite los datos correspondientes, el CNC podr\u00e1 denegar el correspondiente servicio<\/p>\n<p><strong>V. Destinatarios<\/strong><\/p>\n<p>Los datos no se ceder\u00e1n a terceros, salvo requerimiento judicial o de la Administraci\u00f3n P\u00fablica en el ejercicio de sus potestades.<\/p>\n<p><strong>VI. Derechos<\/strong><\/p>\n<p>Los derechos que asisten a los usuarios son:<\/p>\n<p>&#8211; Derecho a solicitar el acceso a los datos personales relativos al interesado<\/p>\n<p>&#8211; Derecho a solicitar su rectificaci\u00f3n o supresi\u00f3n<\/p>\n<p>&#8211; Derecho a solicitar la limitaci\u00f3n de su tratamiento<\/p>\n<p>&#8211; Derecho a oponerse al tratamiento<\/p>\n<p>&#8211; Derecho a la portabilidad de los datos<\/p>\n<p>El usuario podr\u00e1 ejercer los referidos derechos respecto a los datos enviados mediante petici\u00f3n escrita dirigida a la direcci\u00f3n postal del CNC.<\/p>\n<p>Los interesados pueden presentar una reclamaci\u00f3n ante cualquier autoridad de control \u201cAutoritat&nbsp;Catalana de Protecci\u00f3 de Dades\u201d. C\/ Rossell\u00f3, 214, Esc. A, 1r 1a, 08008 Barcelona, Tel. 935527800,&nbsp;<a href=\"mailto:apdcat@gencat.cat\">apdcat@gencat.cat<\/a>; Agencia Espa\u00f1ola de Protecci\u00f3n de Datos (<a href=\"http:\/\/www.agpd.es-\/\">www.agpd.es-<\/a>&nbsp;C\/ Jorge Juan, 6 de Madrid), especialmente cuando no haya obtenido satisfacci\u00f3n en el ejercicio de sus derechos.<\/p>\n<p>[\/et_pb_text][\/et_pb_column][\/et_pb_row][\/et_pb_section]<\/p>\n","protected":false},"excerpt":{"rendered":"<p>Aquesta Pol\u00edtica de Privacitat t\u00e9 per objecte facilitar informaci\u00f3 sobre els drets que assisteixen als usuaris del web\u00a0http:\/\/www.notarisdecatalunya.org\u00a0(d\u2019ara endavant\u00a0 &#8220;Web &#8220;) en virtut de la legislaci\u00f3 vigent. I. Identitat i dades de contacte del Responsable del tractament i del delegat de protecci\u00f3 de dades 1.\u00a0Identitat i dades de contacte del Responsable del tractament Identitat: COL\u00b7LEGI DE NOTARIS DE CATALUNYA (d\u2019ara endavant\u00a0 \u201cCNC\u201d) Adre\u00e7a postal: carrer Notariat, 4, 08001-Barcelona Adre\u00e7a electr\u00f2nica:\u00a0info@catalunya.notariado.org Tel\u00e8fon: (34) 933174800 2. Identitat i dades de contacte del delegat de protecci\u00f3 de dades Identitat: AGENCIA NOTARIAL DE CERTIFICACION, S.L.U. Adre\u00e7a postal: c\/ Avenida d&#8217;Arag\u00f3n, 330, Edifici 6, pl. 2\u00aa, 28022-Madrid, Adre\u00e7a electr\u00f2nica:\u00a0dpoancert@notariado.org II. Finalitat del tractament Gestionar les sol\u00b7licituds d&#8217;informaci\u00f3 i consultes realitzades a trav\u00e9s del Lloc Web, registrar a usuaris mitjan\u00e7ant formularis i, si escau, enviar a l&#8217;usuari comunicacions d&#8217;alertes i butlletins informatius del CNC. III. Temps de conservaci\u00f3 de les dades Les dades seran conservades fins que se sol\u00b7liciti la seva supressi\u00f3 per l&#8217;usuari que ha donat el seu consentiment o, en el cas del tractament per inter\u00e8s leg\u00edtim del CNC, fins a quan aquest consideri que \u00e9s necessari per atendre les consultes realitzades. IV. Legitimaci\u00f3 del Tractament La base jur\u00eddica del tractament de les dades [&hellip;]<\/p>\n","protected":false},"author":1,"featured_media":0,"parent":0,"menu_order":0,"comment_status":"closed","ping_status":"closed","template":"","meta":{"_acf_changed":false,"_et_pb_use_builder":"on","_et_pb_old_content":"<!-- wp:paragraph -->\n<p>La presente Pol\u00edtica de Privacidad tiene por objeto facilitar informaci\u00f3n sobre los derechos que asisten a los usuarios del sitio web&nbsp;<a href=\"http:\/\/www.notariosdecatalu\/\">http:\/\/www.notariosdecatalu<\/a>\u00f1a.org (en adelante &nbsp;\"Sitio Web\") en virtud de la legislaci\u00f3n vigente.<\/p>\n<!-- \/wp:paragraph -->\n\n<!-- wp:paragraph -->\n<p><strong>I. Identidad y datos de contacto del Responsable del tratamiento y del delegado de protecci\u00f3n de datos<\/strong><\/p>\n<!-- \/wp:paragraph -->\n\n<!-- wp:paragraph -->\n<p>1.&nbsp;<strong>Identidad y datos de contacto del Responsable del tratamiento<\/strong><\/p>\n<!-- \/wp:paragraph -->\n\n<!-- wp:paragraph -->\n<p>Identidad: COLEGIO NOTARIAL DE CATALU\u00d1A (en adelante \u201cCNC\u201d)<\/p>\n<!-- \/wp:paragraph -->\n\n<!-- wp:paragraph -->\n<p>Direcci\u00f3n postal: calle Notariat, 4, 08001-Barcelona<\/p>\n<!-- \/wp:paragraph -->\n\n<!-- wp:paragraph -->\n<p>Correo electr\u00f3nico:&nbsp;<a href=\"mailto:info@catalunya.notariado.org\">info@catalunya.notariado.org<\/a><\/p>\n<!-- \/wp:paragraph -->\n\n<!-- wp:paragraph -->\n<p>Tel\u00e9fono: (34) 933174800<\/p>\n<!-- \/wp:paragraph -->\n\n<!-- wp:paragraph -->\n<p><strong>2. Identidad y datos de contacto del delegado de protecci\u00f3n de datos<\/strong><\/p>\n<!-- \/wp:paragraph -->\n\n<!-- wp:paragraph -->\n<p>Identidad: AGENCIA NOTARIAL DE CERTIFICACION, S.L.U.<\/p>\n<!-- \/wp:paragraph -->\n\n<!-- wp:paragraph -->\n<p>Direcci\u00f3n postal: c\/ Avenida de Arag\u00f3n, 330, Edificio 6, pl. 2\u00aa,&nbsp; 28022-Madrid<\/p>\n<!-- \/wp:paragraph -->\n\n<!-- wp:paragraph -->\n<p>Correo electr\u00f3nico:&nbsp;<a href=\"mailto:dpoancert@notariado.org\">dpoancert@notariado.org<\/a><\/p>\n<!-- \/wp:paragraph -->\n\n<!-- wp:paragraph -->\n<p><strong>II. Finalidad del tratamiento<\/strong><\/p>\n<!-- \/wp:paragraph -->\n\n<!-- wp:paragraph -->\n<p>Gestionar las solicitudes de informaci\u00f3n y consultas realizadas a trav\u00e9s del Sitio Web, registrar a usuarios mediante formularios y, en su caso, enviar al usuario comunicaciones de alertas y boletines informativos del CNC<\/p>\n<!-- \/wp:paragraph -->\n\n<!-- wp:paragraph -->\n<p><strong>III. Tiempo de conservaci\u00f3n de los datos<\/strong><\/p>\n<!-- \/wp:paragraph -->\n\n<!-- wp:paragraph -->\n<p>Los datos ser\u00e1n conservados hasta que se solicite su supresi\u00f3n por el usuario que ha dado su consentimiento o, en el caso del tratamiento por inter\u00e9s leg\u00edtimo del CNC, hasta cuando \u00e9ste considere que es necesario para atender las consultas realizadas.<\/p>\n<!-- \/wp:paragraph -->\n\n<!-- wp:paragraph -->\n<p><strong>IV. Legitimaci\u00f3n del Tratamiento<\/strong><\/p>\n<!-- \/wp:paragraph -->\n\n<!-- wp:paragraph -->\n<p>La base jur\u00eddica del tratamiento de los datos personales por el CNC de los usuarios que remiten formularios para registrarse o solicitar recibir comunicaciones de alertas y boletines informativos del CNC, es el consentimiento, y de los usuarios que contactan con el CNC para solicitar cualquier gesti\u00f3n o consulta es el inter\u00e9s leg\u00edtimo.<\/p>\n<!-- \/wp:paragraph -->\n\n<!-- wp:paragraph -->\n<p>En los formularios de recogida de datos, habr\u00e1 campos que se se\u00f1alan como obligatorios por lo que en caso de que el usuario no facilite los datos correspondientes, el CNC podr\u00e1 denegar el correspondiente servicio<\/p>\n<!-- \/wp:paragraph -->\n\n<!-- wp:paragraph -->\n<p><strong>V. Destinatarios<\/strong><\/p>\n<!-- \/wp:paragraph -->\n\n<!-- wp:paragraph -->\n<p>Los datos no se ceder\u00e1n a terceros, salvo requerimiento judicial o de la Administraci\u00f3n P\u00fablica en el ejercicio de sus potestades.<\/p>\n<!-- \/wp:paragraph -->\n\n<!-- wp:paragraph -->\n<p><strong>VI. Derechos<\/strong><\/p>\n<!-- \/wp:paragraph -->\n\n<!-- wp:paragraph -->\n<p>Los derechos que asisten a los usuarios son:<\/p>\n<!-- \/wp:paragraph -->\n\n<!-- wp:paragraph -->\n<p>- Derecho a solicitar el acceso a los datos personales relativos al interesado<\/p>\n<!-- \/wp:paragraph -->\n\n<!-- wp:paragraph -->\n<p>- Derecho a solicitar su rectificaci\u00f3n o supresi\u00f3n<\/p>\n<!-- \/wp:paragraph -->\n\n<!-- wp:paragraph -->\n<p>- Derecho a solicitar la limitaci\u00f3n de su tratamiento<\/p>\n<!-- \/wp:paragraph -->\n\n<!-- wp:paragraph -->\n<p>- Derecho a oponerse al tratamiento<\/p>\n<!-- \/wp:paragraph -->\n\n<!-- wp:paragraph -->\n<p>- Derecho a la portabilidad de los datos<\/p>\n<!-- \/wp:paragraph -->\n\n<!-- wp:paragraph -->\n<p>El usuario podr\u00e1 ejercer los referidos derechos respecto a los datos enviados mediante petici\u00f3n escrita dirigida a la direcci\u00f3n postal del CNC.<\/p>\n<!-- \/wp:paragraph -->\n\n<!-- wp:paragraph -->\n<p>Los interesados pueden presentar una reclamaci\u00f3n ante cualquier autoridad de control \u201cAutoritat&nbsp;Catalana de Protecci\u00f3 de Dades\u201d. C\/ Rossell\u00f3, 214, Esc. A, 1r 1a, 08008 Barcelona, Tel. 935527800,&nbsp;<a href=\"mailto:apdcat@gencat.cat\">apdcat@gencat.cat<\/a>; Agencia Espa\u00f1ola de Protecci\u00f3n de Datos (<a href=\"http:\/\/www.agpd.es-\/\">www.agpd.es-<\/a>&nbsp;C\/ Jorge Juan, 6 de Madrid), especialmente cuando no haya obtenido satisfacci\u00f3n en el ejercicio de sus derechos.<\/p>\n<!-- \/wp:paragraph -->","_et_gb_content_width":"1080","ngg_post_thumbnail":0,"_price":"","_stock":"","_tribe_ticket_header":"","_tribe_default_ticket_provider":"","_tribe_ticket_capacity":"0","_ticket_start_date":"","_ticket_end_date":"","_tribe_ticket_show_description":"","_tribe_ticket_show_not_going":false,"_tribe_ticket_use_global_stock":"","_tribe_ticket_global_stock_level":"","_global_stock_mode":"","_global_stock_cap":"","_tribe_rsvp_for_event":"","_tribe_ticket_going_count":"","_tribe_ticket_not_going_count":"","_tribe_tickets_list":"[]","_tribe_ticket_has_attendee_info_fields":false,"footnotes":"","_tec_slr_enabled":"","_tec_slr_layout":""},"class_list":["post-12543","page","type-page","status-publish","hentry"],"acf":[],"ticketed":false,"_links":{"self":[{"href":"https:\/\/www.colegionotarial.org\/ca\/wp-json\/wp\/v2\/pages\/12543","targetHints":{"allow":["GET"]}}],"collection":[{"href":"https:\/\/www.colegionotarial.org\/ca\/wp-json\/wp\/v2\/pages"}],"about":[{"href":"https:\/\/www.colegionotarial.org\/ca\/wp-json\/wp\/v2\/types\/page"}],"author":[{"embeddable":true,"href":"https:\/\/www.colegionotarial.org\/ca\/wp-json\/wp\/v2\/users\/1"}],"replies":[{"embeddable":true,"href":"https:\/\/www.colegionotarial.org\/ca\/wp-json\/wp\/v2\/comments?post=12543"}],"version-history":[{"count":3,"href":"https:\/\/www.colegionotarial.org\/ca\/wp-json\/wp\/v2\/pages\/12543\/revisions"}],"predecessor-version":[{"id":12547,"href":"https:\/\/www.colegionotarial.org\/ca\/wp-json\/wp\/v2\/pages\/12543\/revisions\/12547"}],"wp:attachment":[{"href":"https:\/\/www.colegionotarial.org\/ca\/wp-json\/wp\/v2\/media?parent=12543"}],"curies":[{"name":"wp","href":"https:\/\/api.w.org\/{rel}","templated":true}]}}