{"id":12528,"date":"2024-06-27T11:52:30","date_gmt":"2024-06-27T09:52:30","guid":{"rendered":"https:\/\/www.colegionotarial.org\/actualitat\/agenda\/"},"modified":"2024-10-14T20:31:23","modified_gmt":"2024-10-14T18:31:23","slug":"agenda","status":"publish","type":"page","link":"https:\/\/www.colegionotarial.org\/ca\/actualitat\/agenda\/","title":{"rendered":"Agenda"},"content":{"rendered":"<p>[et_pb_section fb_built=&#8221;1&#8243; module_class=&#8221;contenido&#8221; _builder_version=&#8221;4.25.1&#8243; _module_preset=&#8221;default&#8221; locked=&#8221;off&#8221; global_colors_info=&#8221;{}&#8221;][et_pb_row module_class=&#8221;contenido&#8221; _builder_version=&#8221;4.26.1&#8243; _module_preset=&#8221;default&#8221; global_colors_info=&#8221;{}&#8221;][et_pb_column type=&#8221;4_4&#8243; _builder_version=&#8221;4.25.1&#8243; _module_preset=&#8221;default&#8221; global_colors_info=&#8221;{}&#8221;][dcnb_custom_post_list posts_number=&#8221;12&#8243; display_type=&#8221;full&#8221; meta_key=&#8221;published_date&#8221; _builder_version=&#8221;4.26.1&#8243; _module_preset=&#8221;default&#8221; hover_enabled=&#8221;0&#8243; global_colors_info=&#8221;{}&#8221; sticky_enabled=&#8221;0&#8243;][\/dcnb_custom_post_list][\/et_pb_column][\/et_pb_row][\/et_pb_section]<\/p>\n","protected":false},"excerpt":{"rendered":"<div class=\"et_pb_module dcnb_custom_post_list dcnb_custom_post_list_0\">\n\t\t\t\t\n\t\t\t\t\n\t\t\t\t\n\t\t\t\t\n\t\t\t\t\n\t\t\t\t\n\t\t\t\t<div class=\"et_pb_module_inner\">\n\t\t\t\t\t<div class=\"dcnb-custom-post-list full\"><a href=\"https:\/\/www.colegionotarial.org\/ca\/agenda\/webinot-79-el-notariado-y-la-tokenizacion-de-activos-tambien-inmobiliarios\/\"><div class=\"post-item\"><h3><a href=\"https:\/\/www.colegionotarial.org\/ca\/agenda\/webinot-79-el-notariado-y-la-tokenizacion-de-activos-tambien-inmobiliarios\/\">Webinot 79: El notariado y la tokenizaci\u00f3n de activos\u2026 tambi\u00e9n inmobiliarios?<\/a><\/h3><div class=\"post-content\"><!-- wp:paragraph -->\n<p>22 de octubre de 2025<\/p>\n<!-- \/wp:paragraph -->\n\n<!-- wp:paragraph -->\n<p>Recupera la sesi\u00f3n <a href=\"https:\/\/youtu.be\/xmvJdFUzO34\">aqu\u00ed.<\/a><\/p>\n<!-- \/wp:paragraph -->\n\n<!-- wp:image {\"lightbox\":{\"enabled\":false},\"id\":27717,\"sizeSlug\":\"full\",\"linkDestination\":\"custom\"} -->\n<figure class=\"wp-block-image size-full\"><a href=\"https:\/\/youtu.be\/xmvJdFUzO34\"><\/a><\/figure>\n<!-- \/wp:image --><\/div><\/div><\/a><a href=\"https:\/\/www.colegionotarial.org\/ca\/agenda\/talleres-arbitrales-con-conflictos-y-arbitrajes-reales-6a-edicion\/\"><div class=\"post-item\"><div class=\"post-image\"><img decoding=\"async\" src=\"https:\/\/www.colegionotarial.org\/wp-content\/uploads\/2025\/09\/TALLERS-ARBITRALS-6-TAB-1920-x-1080-px-980x551-1.png\" alt=\"Tallers Arbitrals amb conflictes i arbitratges reals- 6\u00aa Edici\u00f3\"><\/div><h3><a href=\"https:\/\/www.colegionotarial.org\/ca\/agenda\/talleres-arbitrales-con-conflictos-y-arbitrajes-reales-6a-edicion\/\">Tallers Arbitrals amb conflictes i arbitratges reals- 6\u00aa Edici\u00f3<\/a><\/h3><div class=\"post-content\"><!-- wp:paragraph -->\n<p>14 d'octubre de 2025 a les 14:30<\/p>\n<!-- \/wp:paragraph -->\n\n<!-- wp:paragraph -->\n<p>Inscripcions <a href=\"https:\/\/tab.es\/ca\/tallers-arbitrals\/\">aqu\u00ed<\/a><\/p>\n<!-- \/wp:paragraph -->\n\n<!-- wp:image {\"id\":26582,\"sizeSlug\":\"full\",\"linkDestination\":\"none\"} -->\n<figure class=\"wp-block-image size-full\"><\/figure>\n<!-- \/wp:image --><\/div><\/div><\/a><a href=\"https:\/\/www.colegionotarial.org\/ca\/agenda\/la-vivienda-en-cataluna-un-derecho-real-un-ano-despues\/\"><div class=\"post-item\"><div class=\"post-image\"><img decoding=\"async\" src=\"https:\/\/www.colegionotarial.org\/wp-content\/uploads\/2025\/06\/Segona-Jornada-Habitatge-CAT-1.png\" alt=\"L&#8217;habitatge a Catalunya: un dret \u201creal\u201d? Un any despr\u00e9s\"><\/div><h3><a href=\"https:\/\/www.colegionotarial.org\/ca\/agenda\/la-vivienda-en-cataluna-un-derecho-real-un-ano-despues\/\">L&#8217;habitatge a Catalunya: un dret \u201creal\u201d? Un any despr\u00e9s<\/a><\/h3><div class=\"post-content\"><!-- wp:paragraph -->\n<p><strong>2 de juliol de 2025 \u00b7 16:30h<\/strong><\/p>\n<!-- \/wp:paragraph -->\n\n<!-- wp:image {\"id\":26249,\"sizeSlug\":\"full\",\"linkDestination\":\"none\"} -->\n<figure class=\"wp-block-image size-full\"><\/figure>\n<!-- \/wp:image -->\n\n<!-- wp:image {\"id\":26364,\"sizeSlug\":\"full\",\"linkDestination\":\"none\"} -->\n<figure class=\"wp-block-image size-full\"><\/figure>\n<!-- \/wp:image -->\n\n<!-- wp:paragraph -->\n<p><\/p>\n<!-- \/wp:paragraph --><\/div><\/div><\/a><a href=\"https:\/\/www.colegionotarial.org\/ca\/agenda\/jornada-el-reglamento-de-sucesiones-europeo-en-la-jurisprudencia-y-en-la-practica-diaria\/\"><div class=\"post-item\"><div class=\"post-image\"><img decoding=\"async\" src=\"https:\/\/www.colegionotarial.org\/wp-content\/uploads\/2025\/06\/Jornada-10-Anos-Reglamento-Europeo.png\" alt=\"Jornada: El reglament de successions europeu a la jurisprud\u00e8ncia ia la pr\u00e0ctica di\u00e0ria\"><\/div><h3><a href=\"https:\/\/www.colegionotarial.org\/ca\/agenda\/jornada-el-reglamento-de-sucesiones-europeo-en-la-jurisprudencia-y-en-la-practica-diaria\/\">Jornada: El reglament de successions europeu a la jurisprud\u00e8ncia ia la pr\u00e0ctica di\u00e0ria<\/a><\/h3><div class=\"post-content\"><!-- wp:paragraph -->\n<p>30 de juny de 2025, a les 16:30 hores<\/p>\n<!-- \/wp:paragraph -->\n\n<!-- wp:image {\"id\":26287,\"sizeSlug\":\"full\",\"linkDestination\":\"none\"} -->\n<figure class=\"wp-block-image size-full\"><\/figure>\n<!-- \/wp:image --><\/div><\/div><\/a><a href=\"https:\/\/www.colegionotarial.org\/ca\/agenda\/jornada-fiscal-nuevas-perspectivas-fiscales-en-cataluna\/\"><div class=\"post-item\"><div class=\"post-image\"><img decoding=\"async\" src=\"https:\/\/www.colegionotarial.org\/wp-content\/uploads\/2025\/06\/Programa-Jornada-Fiscal-ATC-18-06-CAST-ok.png\" alt=\"Jornada Fiscal Noves perspectives fiscals a Catalunya\"><\/div><h3><a href=\"https:\/\/www.colegionotarial.org\/ca\/agenda\/jornada-fiscal-nuevas-perspectivas-fiscales-en-cataluna\/\">Jornada Fiscal Noves perspectives fiscals a Catalunya<\/a><\/h3><div class=\"post-content\"><!-- wp:paragraph -->\n<p>18 de juny de 2025, a les 18.00 hores.<\/p>\n<!-- \/wp:paragraph -->\n\n<!-- wp:image {\"id\":26228,\"sizeSlug\":\"full\",\"linkDestination\":\"none\"} -->\n<figure class=\"wp-block-image size-full\"><\/figure>\n<!-- \/wp:image --><\/div><\/div><\/a><a href=\"https:\/\/www.colegionotarial.org\/ca\/agenda\/webinots-el-problematico-concepto-de-gran-tenedor-y-otras-cuestiones-en-la-aplicacion-de-los-decretos-ley-2-2025-y-5-2025\/\"><div class=\"post-item\"><div class=\"post-image\"><img decoding=\"async\" src=\"https:\/\/www.colegionotarial.org\/wp-content\/uploads\/2025\/06\/WebiNots-11-6-2025-cat.png\" alt=\"WebiNots: &#8220;El problem\u00e0tic concepte de gran tenidor I altres q\u00fcestions en l\u2019aplicaci\u00f3 dels Decrets llei 2\/2025 i 5\/2025&#8221;\"><\/div><h3><a href=\"https:\/\/www.colegionotarial.org\/ca\/agenda\/webinots-el-problematico-concepto-de-gran-tenedor-y-otras-cuestiones-en-la-aplicacion-de-los-decretos-ley-2-2025-y-5-2025\/\">WebiNots: &#8220;El problem\u00e0tic concepte de gran tenidor I altres q\u00fcestions en l\u2019aplicaci\u00f3 dels Decrets llei 2\/2025 i 5\/2025&#8221;<\/a><\/h3><div class=\"post-content\"><!-- wp:paragraph -->\n<p>11 de juny de 2025, a les 19.00 hores.<\/p>\n<!-- \/wp:paragraph -->\n\n<!-- wp:paragraph -->\n<p>Segueix la sessi\u00f3 <a href=\"https:\/\/us06web.zoom.us\/j\/83488231409\" data-type=\"link\" data-id=\"https:\/\/us06web.zoom.us\/j\/83488231409\">aqu\u00ed.<\/a><\/p>\n<!-- \/wp:paragraph -->\n\n<!-- wp:image {\"id\":26199,\"sizeSlug\":\"full\",\"linkDestination\":\"none\"} -->\n<figure class=\"wp-block-image size-full\"><\/figure>\n<!-- \/wp:image --><\/div><\/div><\/a><a href=\"https:\/\/www.colegionotarial.org\/ca\/agenda\/portes-obertes-de-larxiu-historic-de-protocols-de-barcelona\/\"><div class=\"post-item\"><div class=\"post-image\"><img decoding=\"async\" src=\"https:\/\/www.colegionotarial.org\/wp-content\/uploads\/2025\/05\/Portes-Obertes-AHPB-CAT-scaled.jpg\" alt=\"Portes obertes de l&#8217;Arxiu Hist\u00f2ric de Protocols de Barcelona\"><\/div><h3><a href=\"https:\/\/www.colegionotarial.org\/ca\/agenda\/portes-obertes-de-larxiu-historic-de-protocols-de-barcelona\/\">Portes obertes de l&#8217;Arxiu Hist\u00f2ric de Protocols de Barcelona<\/a><\/h3><div class=\"post-content\"><!-- wp:paragraph -->\n<p>Dijous 12 de juny, de 10 a 14 hores.<\/p>\n<!-- \/wp:paragraph -->\n\n<!-- wp:paragraph -->\n<p>Inscripcions <a href=\"https:\/\/docs.google.com\/forms\/d\/e\/1FAIpQLSfXsjMK0hlI--Rh1FywbLxjoahiw-GLTvZ1e7EaeF1ckDhixg\/viewform?usp=dialog\" target=\"_blank\" rel=\"noreferrer noopener\">aqu\u00ed<\/a>.<\/p>\n<!-- \/wp:paragraph -->\n\n<!-- wp:paragraph -->\n<p><\/p>\n<!-- \/wp:paragraph -->\n\n<!-- wp:image {\"id\":26125,\"sizeSlug\":\"full\",\"linkDestination\":\"none\"} -->\n<figure class=\"wp-block-image size-full\"><\/figure>\n<!-- \/wp:image --><\/div><\/div><\/a><a href=\"https:\/\/www.colegionotarial.org\/ca\/agenda\/webinot-fiscal\/\"><div class=\"post-item\"><div class=\"post-image\"><img decoding=\"async\" src=\"https:\/\/www.colegionotarial.org\/wp-content\/uploads\/2025\/05\/Webinot-Fiscal-21-mayo-25-ES.png\" alt=\"WEBINOT FISCAL\"><\/div><h3><a href=\"https:\/\/www.colegionotarial.org\/ca\/agenda\/webinot-fiscal\/\">WEBINOT FISCAL<\/a><\/h3><div class=\"post-content\"><!-- wp:paragraph -->\n<p>21 de maig de 2025, a las 19.15 horas.<\/p>\n<!-- \/wp:paragraph -->\n\n<!-- wp:paragraph -->\n<p><br>Recupera la sessi\u00f3\u00a0<a href=\"https:\/\/youtu.be\/y5OrNHxqnBA\">aqu\u00ed.<\/a><\/p>\n<!-- \/wp:paragraph -->\n\n<!-- wp:image {\"id\":25470,\"sizeSlug\":\"full\",\"linkDestination\":\"none\"} -->\n<figure class=\"wp-block-image size-full\"><\/figure>\n<!-- \/wp:image -->\n\n<!-- wp:paragraph -->\n<p><\/p>\n<!-- \/wp:paragraph --><\/div><\/div><\/a><a href=\"https:\/\/www.colegionotarial.org\/ca\/agenda\/jornada-aspectos-polemicos-de-la-ley-de-eficiencia-procesal\/\"><div class=\"post-item\"><div class=\"post-image\"><img decoding=\"async\" src=\"https:\/\/www.colegionotarial.org\/wp-content\/uploads\/2025\/04\/Jornada-Mediacio-2025.png\" alt=\"Jornada: Aspectes pol\u00e8mics de la Llei d&#8217;Efici\u00e8ncia Processal\"><\/div><h3><a href=\"https:\/\/www.colegionotarial.org\/ca\/agenda\/jornada-aspectos-polemicos-de-la-ley-de-eficiencia-procesal\/\">Jornada: Aspectes pol\u00e8mics de la Llei d&#8217;Efici\u00e8ncia Processal<\/a><\/h3><div class=\"post-content\"><!-- wp:paragraph -->\n<p>06 de maig, 9:00 a 18:00 hores<br><\/p>\n<!-- \/wp:paragraph -->\n\n<!-- wp:image {\"id\":25286,\"sizeSlug\":\"full\",\"linkDestination\":\"none\"} -->\n<figure class=\"wp-block-image size-full\"><\/figure>\n<!-- \/wp:image -->\n\n<!-- wp:paragraph -->\n<p><\/p>\n<!-- \/wp:paragraph -->\n\n<!-- wp:buttons -->\n<div class=\"wp-block-buttons\"><!-- wp:button {\"className\":\"is-style-outline\"} -->\n<div class=\"wp-block-button is-style-outline\"><a class=\"wp-block-button__link wp-element-button\" href=\"https:\/\/www.colegionotarial.org\/wp-content\/uploads\/2025\/04\/Jornada-Mediacio-2025.pdf\" target=\"_blank\" rel=\"noreferrer noopener\">Descarrega el programa<\/a><\/div>\n<!-- \/wp:button --><\/div>\n<!-- \/wp:buttons --><\/div><\/div><\/a><a href=\"https:\/\/www.colegionotarial.org\/ca\/agenda\/webinots-cuestiones-tecnologicas-copias-csv-y-protocolo-electronico\/\"><div class=\"post-item\"><div class=\"post-image\"><img decoding=\"async\" src=\"https:\/\/www.colegionotarial.org\/wp-content\/uploads\/2025\/04\/WebiNots-9-4-2025-ca.png\" alt=\"WebiNots: &#8220;Q\u00fcestions tecnol\u00f2giques. C\u00f2pies CSV i protocol electr\u00f2nic&#8221;\"><\/div><h3><a href=\"https:\/\/www.colegionotarial.org\/ca\/agenda\/webinots-cuestiones-tecnologicas-copias-csv-y-protocolo-electronico\/\">WebiNots: &#8220;Q\u00fcestions tecnol\u00f2giques. C\u00f2pies CSV i protocol electr\u00f2nic&#8221;<\/a><\/h3><div class=\"post-content\"><!-- wp:paragraph -->\n<p>09 de abril de 2025, a les 19.30 horas.<\/p>\n<!-- \/wp:paragraph -->\n\n<!-- wp:paragraph -->\n<p>Recupera la sessi\u00f3 <a href=\"https:\/\/youtu.be\/LCl2sXL1CWw\" target=\"_blank\" rel=\"noreferrer noopener\">aqu\u00ed.<\/a><\/p>\n<!-- \/wp:paragraph -->\n\n<!-- wp:image {\"id\":25226,\"sizeSlug\":\"full\",\"linkDestination\":\"none\"} -->\n<figure class=\"wp-block-image size-full\"><\/figure>\n<!-- \/wp:image --><\/div><\/div><\/a><a href=\"https:\/\/www.colegionotarial.org\/ca\/agenda\/ii-premio-elias-campo\/\"><div class=\"post-item\"><div class=\"post-image\"><img decoding=\"async\" src=\"https:\/\/www.colegionotarial.org\/wp-content\/uploads\/2025\/02\/II-Premi-Elias-Campo-Villegas.jpeg\" alt=\"II Premi El\u00edas Campo Villegas\"><\/div><h3><a href=\"https:\/\/www.colegionotarial.org\/ca\/agenda\/ii-premio-elias-campo\/\">II Premi El\u00edas Campo Villegas<\/a><\/h3><div class=\"post-content\"><!-- wp:paragraph -->\n<p>19 de mar\u00e7, a les 19 hores.<\/p>\n<!-- \/wp:paragraph -->\n\n<!-- wp:paragraph -->\n<p>En reconeixement al foment de la mediaci\u00f3, l'arbitratge i la conciliaci\u00f3 notarial.<\/p>\n<!-- \/wp:paragraph -->\n\n<!-- wp:paragraph -->\n<p>Confirmacions d'assist\u00e8ncia a cultura@catalunya.notariado.org<\/p>\n<!-- \/wp:paragraph -->\n\n<!-- wp:paragraph -->\n<p><\/p>\n<!-- \/wp:paragraph -->\n\n<!-- wp:image {\"id\":24985,\"sizeSlug\":\"full\",\"linkDestination\":\"none\"} -->\n<figure class=\"wp-block-image size-full\"><\/figure>\n<!-- \/wp:image --><\/div><\/div><\/a><a href=\"https:\/\/www.colegionotarial.org\/ca\/agenda\/webinots-prestamos-hipotecarios-seguros-y-otros-productos-vinculados-y-combinados\/\"><div class=\"post-item\"><div class=\"post-image\"><img decoding=\"async\" src=\"https:\/\/www.colegionotarial.org\/wp-content\/uploads\/2025\/03\/WebiNots-12-3-2025-cat.png\" alt=\"WebiNots &#8220;Pr\u00e9stecs hipotecaris: assegurances i altres productes vinculats i combinats&#8221;\"><\/div><h3><a href=\"https:\/\/www.colegionotarial.org\/ca\/agenda\/webinots-prestamos-hipotecarios-seguros-y-otros-productos-vinculados-y-combinados\/\">WebiNots &#8220;Pr\u00e9stecs hipotecaris: assegurances i altres productes vinculats i combinats&#8221;<\/a><\/h3><div class=\"post-content\"><!-- wp:paragraph -->\n<p>12 de mar\u00e7 de 2025, a les 19.30 hores.<\/p>\n<!-- \/wp:paragraph -->\n\n<!-- wp:paragraph -->\n<p>Semipresencial. Confirmacions d'assist\u00e8ncia a cultura@catalunya.notariado.org<\/p>\n<!-- \/wp:paragraph -->\n\n<!-- wp:paragraph -->\n<p>Enlla\u00e7 per seguir la sessi\u00f3 online <strong><a href=\"https:\/\/us06web.zoom.us\/j\/88418618622#success\" target=\"_blank\" rel=\"noreferrer noopener\">aqu\u00ed.<\/a><\/strong><\/p>\n<!-- \/wp:paragraph -->\n\n<!-- wp:paragraph -->\n<p><\/p>\n<!-- \/wp:paragraph -->\n\n<!-- wp:image {\"id\":25002,\"sizeSlug\":\"full\",\"linkDestination\":\"none\"} -->\n<figure class=\"wp-block-image size-full\"><\/figure>\n<!-- \/wp:image --><\/div><\/div><\/a><\/div><div class='wp-pagenavi' role='navigation'>\n<span aria-current='page' class='current'>1<\/span><a class=\"page larger\" title=\"P\u00e0gina 2\" href=\"https:\/\/www.colegionotarial.org\/ca\/wp-json\/wp\/v2\/pages\/12528\/page\/2\/\">2<\/a><a class=\"page larger\" title=\"P\u00e0gina 3\" href=\"https:\/\/www.colegionotarial.org\/ca\/wp-json\/wp\/v2\/pages\/12528\/page\/3\/\">3<\/a><a class=\"page larger\" title=\"P\u00e0gina 4\" href=\"https:\/\/www.colegionotarial.org\/ca\/wp-json\/wp\/v2\/pages\/12528\/page\/4\/\">4<\/a><a class=\"page larger\" title=\"P\u00e0gina 5\" href=\"https:\/\/www.colegionotarial.org\/ca\/wp-json\/wp\/v2\/pages\/12528\/page\/5\/\">5<\/a><a class=\"page larger\" title=\"P\u00e0gina 6\" href=\"https:\/\/www.colegionotarial.org\/ca\/wp-json\/wp\/v2\/pages\/12528\/page\/6\/\">6<\/a><a class=\"page larger\" title=\"P\u00e0gina 7\" href=\"https:\/\/www.colegionotarial.org\/ca\/wp-json\/wp\/v2\/pages\/12528\/page\/7\/\">7<\/a><a class=\"page larger\" title=\"P\u00e0gina 8\" href=\"https:\/\/www.colegionotarial.org\/ca\/wp-json\/wp\/v2\/pages\/12528\/page\/8\/\">8<\/a><a class=\"page larger\" title=\"P\u00e0gina 9\" href=\"https:\/\/www.colegionotarial.org\/ca\/wp-json\/wp\/v2\/pages\/12528\/page\/9\/\">9<\/a><a class=\"page larger\" title=\"P\u00e0gina 10\" href=\"https:\/\/www.colegionotarial.org\/ca\/wp-json\/wp\/v2\/pages\/12528\/page\/10\/\">10<\/a><a class=\"page larger\" title=\"P\u00e0gina 11\" href=\"https:\/\/www.colegionotarial.org\/ca\/wp-json\/wp\/v2\/pages\/12528\/page\/11\/\">11<\/a><a class=\"page larger\" title=\"P\u00e0gina 12\" href=\"https:\/\/www.colegionotarial.org\/ca\/wp-json\/wp\/v2\/pages\/12528\/page\/12\/\">12<\/a><a class=\"page larger\" title=\"P\u00e0gina 13\" href=\"https:\/\/www.colegionotarial.org\/ca\/wp-json\/wp\/v2\/pages\/12528\/page\/13\/\">13<\/a><a class=\"page larger\" title=\"P\u00e0gina 14\" href=\"https:\/\/www.colegionotarial.org\/ca\/wp-json\/wp\/v2\/pages\/12528\/page\/14\/\">14<\/a><a class=\"page larger\" title=\"P\u00e0gina 15\" href=\"https:\/\/www.colegionotarial.org\/ca\/wp-json\/wp\/v2\/pages\/12528\/page\/15\/\">15<\/a><a class=\"page larger\" title=\"P\u00e0gina 16\" href=\"https:\/\/www.colegionotarial.org\/ca\/wp-json\/wp\/v2\/pages\/12528\/page\/16\/\">16<\/a><a class=\"page larger\" title=\"P\u00e0gina 17\" href=\"https:\/\/www.colegionotarial.org\/ca\/wp-json\/wp\/v2\/pages\/12528\/page\/17\/\">17<\/a><a class=\"page larger\" title=\"P\u00e0gina 18\" href=\"https:\/\/www.colegionotarial.org\/ca\/wp-json\/wp\/v2\/pages\/12528\/page\/18\/\">18<\/a><a class=\"page larger\" title=\"P\u00e0gina 19\" href=\"https:\/\/www.colegionotarial.org\/ca\/wp-json\/wp\/v2\/pages\/12528\/page\/19\/\">19<\/a><a class=\"page larger\" title=\"P\u00e0gina 20\" href=\"https:\/\/www.colegionotarial.org\/ca\/wp-json\/wp\/v2\/pages\/12528\/page\/20\/\">20<\/a><a class=\"page larger\" title=\"P\u00e0gina 21\" href=\"https:\/\/www.colegionotarial.org\/ca\/wp-json\/wp\/v2\/pages\/12528\/page\/21\/\">21<\/a><a class=\"page larger\" title=\"P\u00e0gina 22\" href=\"https:\/\/www.colegionotarial.org\/ca\/wp-json\/wp\/v2\/pages\/12528\/page\/22\/\">22<\/a><a class=\"page larger\" title=\"P\u00e0gina 23\" href=\"https:\/\/www.colegionotarial.org\/ca\/wp-json\/wp\/v2\/pages\/12528\/page\/23\/\">23<\/a><a class=\"page larger\" title=\"P\u00e0gina 24\" href=\"https:\/\/www.colegionotarial.org\/ca\/wp-json\/wp\/v2\/pages\/12528\/page\/24\/\">24<\/a><a class=\"page larger\" title=\"P\u00e0gina 25\" href=\"https:\/\/www.colegionotarial.org\/ca\/wp-json\/wp\/v2\/pages\/12528\/page\/25\/\">25<\/a><a class=\"page larger\" title=\"P\u00e0gina 26\" href=\"https:\/\/www.colegionotarial.org\/ca\/wp-json\/wp\/v2\/pages\/12528\/page\/26\/\">26<\/a><a class=\"page larger\" title=\"P\u00e0gina 27\" href=\"https:\/\/www.colegionotarial.org\/ca\/wp-json\/wp\/v2\/pages\/12528\/page\/27\/\">27<\/a><a class=\"page larger\" title=\"P\u00e0gina 28\" href=\"https:\/\/www.colegionotarial.org\/ca\/wp-json\/wp\/v2\/pages\/12528\/page\/28\/\">28<\/a><a class=\"page larger\" title=\"P\u00e0gina 29\" href=\"https:\/\/www.colegionotarial.org\/ca\/wp-json\/wp\/v2\/pages\/12528\/page\/29\/\">29<\/a><a class=\"page larger\" title=\"P\u00e0gina 30\" href=\"https:\/\/www.colegionotarial.org\/ca\/wp-json\/wp\/v2\/pages\/12528\/page\/30\/\">30<\/a><a class=\"page larger\" title=\"P\u00e0gina 31\" href=\"https:\/\/www.colegionotarial.org\/ca\/wp-json\/wp\/v2\/pages\/12528\/page\/31\/\">31<\/a><a class=\"page larger\" title=\"P\u00e0gina 32\" href=\"https:\/\/www.colegionotarial.org\/ca\/wp-json\/wp\/v2\/pages\/12528\/page\/32\/\">32<\/a><a class=\"page larger\" title=\"P\u00e0gina 33\" href=\"https:\/\/www.colegionotarial.org\/ca\/wp-json\/wp\/v2\/pages\/12528\/page\/33\/\">33<\/a><a class=\"page larger\" title=\"P\u00e0gina 34\" href=\"https:\/\/www.colegionotarial.org\/ca\/wp-json\/wp\/v2\/pages\/12528\/page\/34\/\">34<\/a><a class=\"page larger\" title=\"P\u00e0gina 35\" href=\"https:\/\/www.colegionotarial.org\/ca\/wp-json\/wp\/v2\/pages\/12528\/page\/35\/\">35<\/a><a class=\"page larger\" title=\"P\u00e0gina 36\" href=\"https:\/\/www.colegionotarial.org\/ca\/wp-json\/wp\/v2\/pages\/12528\/page\/36\/\">36<\/a><a class=\"page larger\" title=\"P\u00e0gina 37\" href=\"https:\/\/www.colegionotarial.org\/ca\/wp-json\/wp\/v2\/pages\/12528\/page\/37\/\">37<\/a><a class=\"page larger\" title=\"P\u00e0gina 38\" href=\"https:\/\/www.colegionotarial.org\/ca\/wp-json\/wp\/v2\/pages\/12528\/page\/38\/\">38<\/a><a class=\"page larger\" title=\"P\u00e0gina 39\" href=\"https:\/\/www.colegionotarial.org\/ca\/wp-json\/wp\/v2\/pages\/12528\/page\/39\/\">39<\/a><a class=\"page larger\" title=\"P\u00e0gina 40\" href=\"https:\/\/www.colegionotarial.org\/ca\/wp-json\/wp\/v2\/pages\/12528\/page\/40\/\">40<\/a><a class=\"page larger\" title=\"P\u00e0gina 41\" href=\"https:\/\/www.colegionotarial.org\/ca\/wp-json\/wp\/v2\/pages\/12528\/page\/41\/\">41<\/a><a class=\"page larger\" title=\"P\u00e0gina 42\" href=\"https:\/\/www.colegionotarial.org\/ca\/wp-json\/wp\/v2\/pages\/12528\/page\/42\/\">42<\/a><a class=\"page larger\" title=\"P\u00e0gina 43\" href=\"https:\/\/www.colegionotarial.org\/ca\/wp-json\/wp\/v2\/pages\/12528\/page\/43\/\">43<\/a><a class=\"page larger\" title=\"P\u00e0gina 44\" href=\"https:\/\/www.colegionotarial.org\/ca\/wp-json\/wp\/v2\/pages\/12528\/page\/44\/\">44<\/a><a class=\"page larger\" title=\"P\u00e0gina 45\" href=\"https:\/\/www.colegionotarial.org\/ca\/wp-json\/wp\/v2\/pages\/12528\/page\/45\/\">45<\/a><a class=\"page larger\" title=\"P\u00e0gina 46\" href=\"https:\/\/www.colegionotarial.org\/ca\/wp-json\/wp\/v2\/pages\/12528\/page\/46\/\">46<\/a><a class=\"page larger\" title=\"P\u00e0gina 47\" href=\"https:\/\/www.colegionotarial.org\/ca\/wp-json\/wp\/v2\/pages\/12528\/page\/47\/\">47<\/a><a class=\"page larger\" title=\"P\u00e0gina 48\" href=\"https:\/\/www.colegionotarial.org\/ca\/wp-json\/wp\/v2\/pages\/12528\/page\/48\/\">48<\/a><a class=\"page larger\" title=\"P\u00e0gina 49\" href=\"https:\/\/www.colegionotarial.org\/ca\/wp-json\/wp\/v2\/pages\/12528\/page\/49\/\">49<\/a><a class=\"page larger\" title=\"P\u00e0gina 50\" href=\"https:\/\/www.colegionotarial.org\/ca\/wp-json\/wp\/v2\/pages\/12528\/page\/50\/\">50<\/a><a class=\"nextpostslink\" rel=\"next\" aria-label=\"P\u00e0gina seg\u00fcent\" href=\"https:\/\/www.colegionotarial.org\/ca\/wp-json\/wp\/v2\/pages\/12528\/page\/2\/\">\u00bb<\/a>\n<\/div>\n\t\t\t\t<\/div>\n\t\t\t<\/div>\n","protected":false},"author":1,"featured_media":9782,"parent":11721,"menu_order":0,"comment_status":"closed","ping_status":"closed","template":"","meta":{"_acf_changed":false,"_et_pb_use_builder":"on","_et_pb_old_content":"","_et_gb_content_width":"","ngg_post_thumbnail":0,"_price":"","_stock":"","_tribe_ticket_header":"","_tribe_default_ticket_provider":"","_tribe_ticket_capacity":"0","_ticket_start_date":"","_ticket_end_date":"","_tribe_ticket_show_description":"","_tribe_ticket_show_not_going":false,"_tribe_ticket_use_global_stock":"","_tribe_ticket_global_stock_level":"","_global_stock_mode":"","_global_stock_cap":"","_tribe_rsvp_for_event":"","_tribe_ticket_going_count":"","_tribe_ticket_not_going_count":"","_tribe_tickets_list":"[]","_tribe_ticket_has_attendee_info_fields":false,"footnotes":"","_tec_slr_enabled":"","_tec_slr_layout":""},"class_list":["post-12528","page","type-page","status-publish","has-post-thumbnail","hentry"],"acf":[],"ticketed":false,"_links":{"self":[{"href":"https:\/\/www.colegionotarial.org\/ca\/wp-json\/wp\/v2\/pages\/12528","targetHints":{"allow":["GET"]}}],"collection":[{"href":"https:\/\/www.colegionotarial.org\/ca\/wp-json\/wp\/v2\/pages"}],"about":[{"href":"https:\/\/www.colegionotarial.org\/ca\/wp-json\/wp\/v2\/types\/page"}],"author":[{"embeddable":true,"href":"https:\/\/www.colegionotarial.org\/ca\/wp-json\/wp\/v2\/users\/1"}],"replies":[{"embeddable":true,"href":"https:\/\/www.colegionotarial.org\/ca\/wp-json\/wp\/v2\/comments?post=12528"}],"version-history":[{"count":7,"href":"https:\/\/www.colegionotarial.org\/ca\/wp-json\/wp\/v2\/pages\/12528\/revisions"}],"predecessor-version":[{"id":18228,"href":"https:\/\/www.colegionotarial.org\/ca\/wp-json\/wp\/v2\/pages\/12528\/revisions\/18228"}],"up":[{"embeddable":true,"href":"https:\/\/www.colegionotarial.org\/ca\/wp-json\/wp\/v2\/pages\/11721"}],"wp:featuredmedia":[{"embeddable":true,"href":"https:\/\/www.colegionotarial.org\/ca\/wp-json\/wp\/v2\/media\/9782"}],"wp:attachment":[{"href":"https:\/\/www.colegionotarial.org\/ca\/wp-json\/wp\/v2\/media?parent=12528"}],"curies":[{"name":"wp","href":"https:\/\/api.w.org\/{rel}","templated":true}]}}