{"id":11454,"date":"2024-08-29T11:42:34","date_gmt":"2024-08-29T09:42:34","guid":{"rendered":"https:\/\/www.colegionotarial.org\/fundacio-mediacio\/documentacion\/"},"modified":"2024-08-29T11:57:59","modified_gmt":"2024-08-29T09:57:59","slug":"documentacio","status":"publish","type":"page","link":"https:\/\/www.colegionotarial.org\/ca\/fundacio-mediacio\/documentacio\/","title":{"rendered":"Documentaci\u00f3"},"content":{"rendered":"<p>[et_pb_section fb_built=&#8221;1&#8243; _builder_version=&#8221;4.26.1&#8243; _module_preset=&#8221;default&#8221; global_colors_info=&#8221;{}&#8221;][et_pb_row module_class=&#8221;contenido&#8221; _builder_version=&#8221;4.26.1&#8243; _module_preset=&#8221;default&#8221; max_width=&#8221;600px&#8221; global_colors_info=&#8221;{}&#8221;][et_pb_column type=&#8221;4_4&#8243; _builder_version=&#8221;4.26.1&#8243; _module_preset=&#8221;default&#8221; global_colors_info=&#8221;{}&#8221;][et_pb_text _builder_version=&#8221;4.26.1&#8243; _module_preset=&#8221;default&#8221; hover_enabled=&#8221;0&#8243; custom_css_free_form=&#8221;ul.dentro{||  margin-top: -30px!important;||  margin-left: 100px!important;||}&#8221; global_colors_info=&#8221;{}&#8221; sticky_enabled=&#8221;0&#8243;]<\/p>\n<p><a class=\"pdf\" href=\"\/documents\/fundacio-mediacio\/SOL%C2%B7lICITUD%20UNILATERAL.pdf\" target=\"_blank\" rel=\"noopener\">Sol\u00b7icitud de mediaci\u00f3 per una part<\/a><\/p>\n<p><a class=\"pdf\" href=\"\/documents\/fundacio-mediacio\/SOL%C2%B7LICITUD%20MUTU%20ACORD.pdf\" target=\"_blank\" rel=\"noopener\">Sol\u00b7licitud de mediaci\u00f3 de mutu acord per les parts<\/a><\/p>\n<p><a class=\"pdf\" href=\"\/documents\/fundacio-mediacio\/Reglament%20catal%C3%A0%20WEB.pdf\" target=\"_blank\" rel=\"noopener\">Reglament de Mediaci\u00f3 de la Fundaci\u00f3 Mediaci\u00f3<\/a><\/p>\n<p>&nbsp;<\/p>\n<p>[\/et_pb_text][\/et_pb_column][\/et_pb_row][\/et_pb_section]<\/p>\n","protected":false},"excerpt":{"rendered":"<p>Sol\u00b7icitud de mediaci\u00f3 per una part Sol\u00b7licitud de mediaci\u00f3 de mutu acord per les parts Reglament de Mediaci\u00f3 de la Fundaci\u00f3 Mediaci\u00f3 &nbsp;<\/p>\n","protected":false},"author":1,"featured_media":14051,"parent":11400,"menu_order":0,"comment_status":"closed","ping_status":"closed","template":"","meta":{"_acf_changed":false,"_et_pb_use_builder":"on","_et_pb_old_content":"","_et_gb_content_width":"","ngg_post_thumbnail":0,"_price":"","_stock":"","_tribe_ticket_header":"","_tribe_default_ticket_provider":"","_tribe_ticket_capacity":"0","_ticket_start_date":"","_ticket_end_date":"","_tribe_ticket_show_description":"","_tribe_ticket_show_not_going":false,"_tribe_ticket_use_global_stock":"","_tribe_ticket_global_stock_level":"","_global_stock_mode":"","_global_stock_cap":"","_tribe_rsvp_for_event":"","_tribe_ticket_going_count":"","_tribe_ticket_not_going_count":"","_tribe_tickets_list":"[]","_tribe_ticket_has_attendee_info_fields":false,"footnotes":"","_tec_slr_enabled":"","_tec_slr_layout":""},"class_list":["post-11454","page","type-page","status-publish","has-post-thumbnail","hentry"],"acf":[],"ticketed":false,"_links":{"self":[{"href":"https:\/\/www.colegionotarial.org\/ca\/wp-json\/wp\/v2\/pages\/11454","targetHints":{"allow":["GET"]}}],"collection":[{"href":"https:\/\/www.colegionotarial.org\/ca\/wp-json\/wp\/v2\/pages"}],"about":[{"href":"https:\/\/www.colegionotarial.org\/ca\/wp-json\/wp\/v2\/types\/page"}],"author":[{"embeddable":true,"href":"https:\/\/www.colegionotarial.org\/ca\/wp-json\/wp\/v2\/users\/1"}],"replies":[{"embeddable":true,"href":"https:\/\/www.colegionotarial.org\/ca\/wp-json\/wp\/v2\/comments?post=11454"}],"version-history":[{"count":3,"href":"https:\/\/www.colegionotarial.org\/ca\/wp-json\/wp\/v2\/pages\/11454\/revisions"}],"predecessor-version":[{"id":11458,"href":"https:\/\/www.colegionotarial.org\/ca\/wp-json\/wp\/v2\/pages\/11454\/revisions\/11458"}],"up":[{"embeddable":true,"href":"https:\/\/www.colegionotarial.org\/ca\/wp-json\/wp\/v2\/pages\/11400"}],"wp:featuredmedia":[{"embeddable":true,"href":"https:\/\/www.colegionotarial.org\/ca\/wp-json\/wp\/v2\/media\/14051"}],"wp:attachment":[{"href":"https:\/\/www.colegionotarial.org\/ca\/wp-json\/wp\/v2\/media?parent=11454"}],"curies":[{"name":"wp","href":"https:\/\/api.w.org\/{rel}","templated":true}]}}