{"id":11442,"date":"2024-07-03T14:02:55","date_gmt":"2024-07-03T12:02:55","guid":{"rendered":"https:\/\/www.colegionotarial.org\/fundacio-mediacio\/premio-elias-campo\/"},"modified":"2025-09-26T12:42:59","modified_gmt":"2025-09-26T10:42:59","slug":"premi-elias-campo-villegas","status":"publish","type":"page","link":"https:\/\/www.colegionotarial.org\/ca\/fundacio-mediacio\/premi-elias-campo-villegas\/","title":{"rendered":"Premi El\u00edas Campo Villegas"},"content":{"rendered":"<p>[et_pb_section fb_built=&#8221;1&#8243; _builder_version=&#8221;4.25.2&#8243; _module_preset=&#8221;default&#8221; global_colors_info=&#8221;{}&#8221;][et_pb_row column_structure=&#8221;2_3,1_3&#8243; _builder_version=&#8221;4.26.1&#8243; _module_preset=&#8221;default&#8221; global_colors_info=&#8221;{}&#8221;][et_pb_column type=&#8221;2_3&#8243; _builder_version=&#8221;4.26.1&#8243; _module_preset=&#8221;default&#8221; global_colors_info=&#8221;{}&#8221;][et_pb_text _builder_version=&#8221;4.27.3&#8243; _module_preset=&#8221;default&#8221; global_colors_info=&#8221;{}&#8221;]<\/p>\n<p>El Col\u00b7legi Notarial de Catalunya presenta el \u201cPremi El\u00edas Campo Villegas\u201d, en l\u00ednia amb el seu comprom\u00eds per promoure i visibilitzar la disciplina de la mediaci\u00f3, aix\u00ed com d&#8217;altres m\u00e8todes alternatius de resoluci\u00f3 de conflictes. El guard\u00f3 condecorar\u00e0 als millors articles jur\u00eddics i period\u00edstics referits a la promoci\u00f3 i difusi\u00f3 dels mitjans alternatius de resoluci\u00f3 de conflictes; especialment, la mediaci\u00f3, la conciliaci\u00f3 i l&#8217;arbitratge.<\/p>\n<p><a class=\"pdf\" href=\"https:\/\/www.colegionotarial.org\/wp-content\/uploads\/2025\/09\/2025-BASES-PREMI-ELIAS-CAMPO-VILLEGAS.pdf\" target=\"_blank\" rel=\"noopener\">Bases del &#8220;Premi El\u00edas Campo Villegas&#8221; &#8211; 2025<\/a><\/p>\n<p><a class=\"pdf\" href=\"\/documents\/fundacio-mediacio\/2024 BASES PREMI EL\u00cdAS CAMPO VILLEGAS.pdf\" target=\"_blank\" rel=\"noopener\">Bases del &#8220;Premi El\u00edas Campo Villegas&#8221; &#8211; 2024<\/a><\/p>\n<p><a class=\"pdf\" href=\"\/documents\/fundacio-mediacio\/2023 BASES PREMI ELIAS CAMPO VILLEGAS.pdf\" target=\"_blank\" rel=\"noopener\">Bases del &#8220;Premi El\u00edas Campo Villegas&#8221; &#8211; 2023<\/a><\/p>\n<p>[\/et_pb_text][\/et_pb_column][et_pb_column type=&#8221;1_3&#8243; _builder_version=&#8221;4.26.1&#8243; _module_preset=&#8221;default&#8221; global_colors_info=&#8221;{}&#8221;][et_pb_image src=&#8221;https:\/\/www.colegionotarial.org\/wp-content\/uploads\/2024\/07\/Publicacions-Articles-TAB.png&#8221; title_text=&#8221;Publicacions-Articles-TAB&#8221; _builder_version=&#8221;4.26.1&#8243; _module_preset=&#8221;default&#8221; global_colors_info=&#8221;{}&#8221;][\/et_pb_image][\/et_pb_column][\/et_pb_row][\/et_pb_section]<\/p>\n","protected":false},"excerpt":{"rendered":"<p>El Col\u00b7legi Notarial de Catalunya presenta el \u201cPremi El\u00edas Campo Villegas\u201d, en l\u00ednia amb el seu comprom\u00eds per promoure i visibilitzar la disciplina de la mediaci\u00f3, aix\u00ed com d&#8217;altres m\u00e8todes alternatius de resoluci\u00f3 de conflictes. El guard\u00f3 condecorar\u00e0 als millors articles jur\u00eddics i period\u00edstics referits a la promoci\u00f3 i difusi\u00f3 dels mitjans alternatius de resoluci\u00f3 de conflictes; especialment, la mediaci\u00f3, la conciliaci\u00f3 i l&#8217;arbitratge. Bases del &#8220;Premi El\u00edas Campo Villegas&#8221; &#8211; 2025 Bases del &#8220;Premi El\u00edas Campo Villegas&#8221; &#8211; 2024 Bases del &#8220;Premi El\u00edas Campo Villegas&#8221; &#8211; 2023<\/p>\n","protected":false},"author":1,"featured_media":14313,"parent":11400,"menu_order":0,"comment_status":"closed","ping_status":"closed","template":"","meta":{"_acf_changed":false,"_et_pb_use_builder":"on","_et_pb_old_content":"","_et_gb_content_width":"","ngg_post_thumbnail":0,"_price":"","_stock":"","_tribe_ticket_header":"","_tribe_default_ticket_provider":"","_tribe_ticket_capacity":"0","_ticket_start_date":"","_ticket_end_date":"","_tribe_ticket_show_description":"","_tribe_ticket_show_not_going":false,"_tribe_ticket_use_global_stock":"","_tribe_ticket_global_stock_level":"","_global_stock_mode":"","_global_stock_cap":"","_tribe_rsvp_for_event":"","_tribe_ticket_going_count":"","_tribe_ticket_not_going_count":"","_tribe_tickets_list":"[]","_tribe_ticket_has_attendee_info_fields":false,"footnotes":"","_tec_slr_enabled":"","_tec_slr_layout":""},"class_list":["post-11442","page","type-page","status-publish","has-post-thumbnail","hentry"],"acf":[],"ticketed":false,"_links":{"self":[{"href":"https:\/\/www.colegionotarial.org\/ca\/wp-json\/wp\/v2\/pages\/11442","targetHints":{"allow":["GET"]}}],"collection":[{"href":"https:\/\/www.colegionotarial.org\/ca\/wp-json\/wp\/v2\/pages"}],"about":[{"href":"https:\/\/www.colegionotarial.org\/ca\/wp-json\/wp\/v2\/types\/page"}],"author":[{"embeddable":true,"href":"https:\/\/www.colegionotarial.org\/ca\/wp-json\/wp\/v2\/users\/1"}],"replies":[{"embeddable":true,"href":"https:\/\/www.colegionotarial.org\/ca\/wp-json\/wp\/v2\/comments?post=11442"}],"version-history":[{"count":15,"href":"https:\/\/www.colegionotarial.org\/ca\/wp-json\/wp\/v2\/pages\/11442\/revisions"}],"predecessor-version":[{"id":26907,"href":"https:\/\/www.colegionotarial.org\/ca\/wp-json\/wp\/v2\/pages\/11442\/revisions\/26907"}],"up":[{"embeddable":true,"href":"https:\/\/www.colegionotarial.org\/ca\/wp-json\/wp\/v2\/pages\/11400"}],"wp:featuredmedia":[{"embeddable":true,"href":"https:\/\/www.colegionotarial.org\/ca\/wp-json\/wp\/v2\/media\/14313"}],"wp:attachment":[{"href":"https:\/\/www.colegionotarial.org\/ca\/wp-json\/wp\/v2\/media?parent=11442"}],"curies":[{"name":"wp","href":"https:\/\/api.w.org\/{rel}","templated":true}]}}