{"id":11432,"date":"2024-08-29T10:14:30","date_gmt":"2024-08-29T08:14:30","guid":{"rendered":"https:\/\/www.colegionotarial.org\/fundacio-mediacio\/como-acceder-a-una-mediacion\/"},"modified":"2025-06-11T16:55:02","modified_gmt":"2025-06-11T14:55:02","slug":"com-accedir-a-una-mediacio","status":"publish","type":"page","link":"https:\/\/www.colegionotarial.org\/ca\/fundacio-mediacio\/com-accedir-a-una-mediacio\/","title":{"rendered":"Com accedir a una mediaci\u00f3 o conciliaci\u00f3"},"content":{"rendered":"<p>[et_pb_section fb_built=&#8221;1&#8243; module_class=&#8221;contenido&#8221; _builder_version=&#8221;4.25.1&#8243; _module_preset=&#8221;default&#8221; locked=&#8221;off&#8221; global_colors_info=&#8221;{}&#8221;][et_pb_row _builder_version=&#8221;4.25.2&#8243; _module_preset=&#8221;default&#8221; width_tablet=&#8221;&#8221; width_phone=&#8221;90%&#8221; width_last_edited=&#8221;on|phone&#8221; custom_padding=&#8221;|15px||15px|false|false&#8221; global_colors_info=&#8221;{}&#8221;][et_pb_column type=&#8221;4_4&#8243; _builder_version=&#8221;4.25.1&#8243; _module_preset=&#8221;default&#8221; global_colors_info=&#8221;{}&#8221;][et_pb_text ul_type=&#8221;circle&#8221; disabled_on=&#8221;off|off|off&#8221; _builder_version=&#8221;4.27.3&#8243; _module_preset=&#8221;default&#8221; link_font=&#8221;|600|||||||&#8221; global_colors_info=&#8221;{}&#8221; link_text_color__hover_enabled=&#8221;on|hover&#8221;]<\/p>\n<p>A partir del 3 d&#8217;abril de 2025 entra en vigor la Llei org\u00e0nica 1\/2025, de 2 de gener, de mesures d&#8217;efici\u00e8ncia del Servei P\u00fablic de Just\u00edcia, per la qual s&#8217;estableix l&#8217;obligatorietat d&#8217;utilitzar mitjans alternatius de resoluci\u00f3 de conflictes (MASC) abans d&#8217;acudir a la via judicial. Aquesta mediaci\u00f3 o conciliaci\u00f3 pr\u00e8via obligat\u00f2ria s&#8217;aplica en \u00e0mbits com el civil, mercantil i social.<\/p>\n<p>El Centre de Mediaci\u00f3 i Conciliaci\u00f3 del Col\u00b7legi Notarial de Catalunya \u00e9s una instituci\u00f3 que t\u00e9 com a objectiu oferir un espai de refer\u00e8ncia per dur a terme els processos de mediaci\u00f3 i conciliaci\u00f3 en l&#8217;\u00e0mbit civil.<\/p>\n<p><span style=\"color: #0c2d75; font-family: Raleway; font-size: 26px; font-weight: bold; letter-spacing: 1px;\">COM ACCEDIR A UNA MEDIACI\u00d3 O CONCILIACI\u00d3<\/span><\/p>\n<ul>\n<li>La part sol\u00b7licitant ha d&#8217;emplenar el seg\u00fcent formulari, indicant les possibles causes del conflicte aix\u00ed com les dades de la part amb qu\u00e8 es vol fer la mediaci\u00f3 o conciliaci\u00f3.\n<p><span style=\"font-size: 1rem;\"><strong>Taxa de Gesti\u00f3 i Administraci\u00f3: 60,50\u20ac (50\u20ac + IVA).<\/strong> Els sol\u00b7licitants han de pagar una taxa de gesti\u00f3 i administraci\u00f3 al compte corrent del Col\u00b7legi Notarial de Catalunya, indicant el nom i cognoms amb la refer\u00e8ncia a Fundaci\u00f3 Mediaci\u00f3 i enviant c\u00f2pia a <\/span><a href=\"mailto:fundaciomediacio@catalunya.notariado.org\" target=\"_blank\" rel=\"noopener\" style=\"font-size: 1rem;\">fundaciomediacio@catalunya.notariado.org<\/a><\/p>\n<\/li>\n<\/ul>\n<p>[\/et_pb_text][et_pb_code _builder_version=&#8221;4.27.3&#8243; _module_preset=&#8221;default&#8221; global_colors_info=&#8221;{}&#8221;]  <iframe class=\"responsive-iframe\" src=\"https:\/\/www.colegionotarial.org\/fm-form\/formulari.php\" style=\"width: 100%; height:860px\" frameborder=no scrolling=yes><\/iframe><!-- [et_pb_line_break_holder] --><script><!-- [et_pb_line_break_holder] -->document.addEventListener(\"DOMContentLoaded\", function () {<!-- [et_pb_line_break_holder] -->    let iframe = document.querySelector(\".responsive-iframe\");<!-- [et_pb_line_break_holder] --><!-- [et_pb_line_break_holder] -->    if (iframe) {<!-- [et_pb_line_break_holder] -->        \/\/ Guarda la altura inicial del iframe<!-- [et_pb_line_break_holder] -->        let alturaOriginal = iframe.style.height || \"3000px\";<!-- [et_pb_line_break_holder] --><!-- [et_pb_line_break_holder] -->        iframe.addEventListener(\"load\", function () {<!-- [et_pb_line_break_holder] -->            console.log(\"El contenido del iframe se ha recargado.\");<!-- [et_pb_line_break_holder] -->            <!-- [et_pb_line_break_holder] -->            \/\/ Hace scroll hacia arriba en la p\u00e1gina contenedora<!-- [et_pb_line_break_holder] -->            window.scrollTo({ top: 0, behavior: \"smooth\" });<!-- [et_pb_line_break_holder] --><!-- [et_pb_line_break_holder] -->            \/\/ Cambia la altura del iframe solo si ya se hab\u00eda cargado antes<!-- [et_pb_line_break_holder] -->            if (iframe.dataset.recargado) {<!-- [et_pb_line_break_holder] -->                iframe.style.height = \"100px\";<!-- [et_pb_line_break_holder] -->            }<!-- [et_pb_line_break_holder] --><!-- [et_pb_line_break_holder] -->            \/\/ Marca el iframe como recargado<!-- [et_pb_line_break_holder] -->            iframe.dataset.recargado = \"true\";<!-- [et_pb_line_break_holder] -->        });<!-- [et_pb_line_break_holder] -->    }<!-- [et_pb_line_break_holder] -->});<!-- [et_pb_line_break_holder] --><\/script><!-- [et_pb_line_break_holder] --><!-- [et_pb_line_break_holder] -->[\/et_pb_code][et_pb_text ul_type=&#8221;circle&#8221; disabled_on=&#8221;off|off|off&#8221; _builder_version=&#8221;4.27.3&#8243; _module_preset=&#8221;default&#8221; link_font=&#8221;|600|||||||&#8221; global_colors_info=&#8221;{}&#8221; link_text_color__hover_enabled=&#8221;on|hover&#8221;]<\/p>\n<ul>\n<li>\n<p>El Centre de Mediaci\u00f3 i Conciliaci\u00f3 Notarial de la Fundaci\u00f3 Mediaci\u00f3 acceptar\u00e0 la sol\u00b7licitud un cop s&#8217;hagi comprovat que es compleixen els requisits i, en el cas de sol\u00b7licitud de mediaci\u00f3 o conciliaci\u00f3 de mutu acord per les parts, s&#8217;encarregar\u00e0 de posar-se en contacte amb les parts per tal de fixar una data per a la sessi\u00f3 informativa.<\/p>\n<p>Si es tracta d&#8217;una sol\u00b7licitud de mediaci\u00f3 o conciliaci\u00f3 per una banda, es posar\u00e0 en contacte amb l&#8217;altra o altres parts per informar-los de la sol\u00b7licitud presentada i con\u00e8ixer-ne la disposici\u00f3 en relaci\u00f3 amb el procediment. En cas que les part o parts contactades no acceptin o sigui impossible contactar-hi, s&#8217;informar\u00e0 la part sol\u00b7licitant i s&#8217;emetr\u00e0 un certificat a aquest efecte. En cas d&#8217;acceptaci\u00f3 per part o parts contactades, se li comunicar\u00e0 al sol\u00b7licitant i es procedir\u00e0 a fixar una data per a la sessi\u00f3 informativa<\/p>\n<\/li>\n<\/ul>\n<p><a class=\"pdf\" href=\"\/documents\/fundacio-mediacio\/Reglament%20catal%C3%A0%20WEB.pdf\" target=\"_blank\" rel=\"noopener\">Reglament de Mediaci\u00f3 de la Fundaci\u00f3 Mediaci\u00f3<\/a><\/p>\n<p>[\/et_pb_text][\/et_pb_column][\/et_pb_row][\/et_pb_section][et_pb_section fb_built=&#8221;1&#8243; module_class=&#8221;contenido gris&#8221; _builder_version=&#8221;4.25.1&#8243; _module_preset=&#8221;default&#8221; background_color=&#8221;gcid-d258bfa0-2134-462a-a874-ffbc41698437&#8243; locked=&#8221;off&#8221; global_colors_info=&#8221;{%22gcid-d258bfa0-2134-462a-a874-ffbc41698437%22:%91%22background_color%22%93}&#8221;][et_pb_row column_structure=&#8221;2_5,3_5&#8243; _builder_version=&#8221;4.25.1&#8243; _module_preset=&#8221;default&#8221; z_index=&#8221;0&#8243; custom_padding=&#8221;||47px|||&#8221; locked=&#8221;off&#8221; global_colors_info=&#8221;{}&#8221;][et_pb_column type=&#8221;2_5&#8243; _builder_version=&#8221;4.25.2&#8243; _module_preset=&#8221;default&#8221; sticky_limit_bottom=&#8221;row&#8221; global_colors_info=&#8221;{}&#8221;][et_pb_heading title=&#8221;Contacte&#8221; _builder_version=&#8221;4.27.3&#8243; _module_preset=&#8221;default&#8221; title_level=&#8221;h2&#8243; title_font=&#8221;|800||on|||||&#8221; title_text_align=&#8221;left&#8221; title_text_color=&#8221;gcid-ab52094e-5a6f-4ce7-9faf-05f357b7a987&#8243; title_font_size=&#8221;2em&#8221; title_letter_spacing=&#8221;2px&#8221; title_line_height=&#8221;1.3em&#8221; custom_margin=&#8221;||||false|false&#8221; custom_padding=&#8221;6px|||||&#8221; custom_css_free_form=&#8221;selector h2{||  margin-top: 0px!important||}&#8221; border_color_all=&#8221;gcid-ab52094e-5a6f-4ce7-9faf-05f357b7a987&#8243; border_color_top=&#8221;gcid-ab52094e-5a6f-4ce7-9faf-05f357b7a987&#8243; global_colors_info=&#8221;{%22gcid-ab52094e-5a6f-4ce7-9faf-05f357b7a987%22:%91%22border_color_all%22,%22border_color_top%22,%22title_text_color%22%93}&#8221;][\/et_pb_heading][et_pb_text _builder_version=&#8221;4.27.3&#8243; _module_preset=&#8221;default&#8221; global_colors_info=&#8221;{}&#8221;]<\/p>\n<p>Notariat, 4<br \/>08001 Barcelona<\/p>\n<p><strong>Tel\u00e8fon<\/strong>: 93 317 48 00<br \/><strong>E-Mail<\/strong>: <a href=\"mailto:fundaciomediacio@catalunya.notariado.org\" target=\"_blank\" rel=\"noopener\">fundaciomediacio@catalunya.notariado.org<\/a><\/p>\n<p>&nbsp;<\/p>\n<p>[\/et_pb_text][\/et_pb_column][et_pb_column type=&#8221;3_5&#8243; _builder_version=&#8221;4.25.1&#8243; _module_preset=&#8221;default&#8221; global_colors_info=&#8221;{}&#8221;][et_pb_code _builder_version=&#8221;4.25.2&#8243; _module_preset=&#8221;default&#8221; global_colors_info=&#8221;{}&#8221;]<iframe src=\"https:\/\/www.google.com\/maps\/embed?pb=!1m18!1m12!1m3!1d2993.595308003799!2d2.1644852895344084!3d41.382876422285754!2m3!1f0!2f0!3f0!3m2!1i1024!2i768!4f13.1!3m3!1m2!1s0x12a4a2f5d3caaf8f%3A0xdaa62971c3ff6ac2!2sCol%C2%B7legi%20de%20Notaris%20de%20Catalunya!5e0!3m2!1sca!2ses!4v1718870530516!5m2!1sca!2ses\" width=\"600\" height=\"450\" style=\"border:0;\" allowfullscreen=\"\" loading=\"lazy\" referrerpolicy=\"no-referrer-when-downgrade\"><\/iframe>[\/et_pb_code][\/et_pb_column][\/et_pb_row][\/et_pb_section]<\/p>\n","protected":false},"excerpt":{"rendered":"<p>A partir del 3 d&#8217;abril de 2025 entra en vigor la Llei org\u00e0nica 1\/2025, de 2 de gener, de mesures d&#8217;efici\u00e8ncia del Servei P\u00fablic de Just\u00edcia, per la qual s&#8217;estableix l&#8217;obligatorietat d&#8217;utilitzar mitjans alternatius de resoluci\u00f3 de conflictes (MASC) abans d&#8217;acudir a la via judicial. Aquesta mediaci\u00f3 o conciliaci\u00f3 pr\u00e8via obligat\u00f2ria s&#8217;aplica en \u00e0mbits com el civil, mercantil i social. El Centre de Mediaci\u00f3 i Conciliaci\u00f3 del Col\u00b7legi Notarial de Catalunya \u00e9s una instituci\u00f3 que t\u00e9 com a objectiu oferir un espai de refer\u00e8ncia per dur a terme els processos de mediaci\u00f3 i conciliaci\u00f3 en l&#8217;\u00e0mbit civil. COM ACCEDIR A UNA MEDIACI\u00d3 O CONCILIACI\u00d3 La part sol\u00b7licitant ha d&#8217;emplenar el seg\u00fcent formulari, indicant les possibles causes del conflicte aix\u00ed com les dades de la part amb qu\u00e8 es vol fer la mediaci\u00f3 o conciliaci\u00f3. Taxa de Gesti\u00f3 i Administraci\u00f3: 60,50\u20ac (50\u20ac + IVA). Els sol\u00b7licitants han de pagar una taxa de gesti\u00f3 i administraci\u00f3 al compte corrent del Col\u00b7legi Notarial de Catalunya, indicant el nom i cognoms amb la refer\u00e8ncia a Fundaci\u00f3 Mediaci\u00f3 i enviant c\u00f2pia a fundaciomediacio@catalunya.notariado.org El Centre de Mediaci\u00f3 i Conciliaci\u00f3 Notarial de la Fundaci\u00f3 Mediaci\u00f3 acceptar\u00e0 la sol\u00b7licitud un cop s&#8217;hagi comprovat que es compleixen els [&hellip;]<\/p>\n","protected":false},"author":1,"featured_media":14043,"parent":11400,"menu_order":0,"comment_status":"closed","ping_status":"closed","template":"","meta":{"_acf_changed":false,"_et_pb_use_builder":"on","_et_pb_old_content":"","_et_gb_content_width":"","ngg_post_thumbnail":0,"_price":"","_stock":"","_tribe_ticket_header":"","_tribe_default_ticket_provider":"","_tribe_ticket_capacity":"0","_ticket_start_date":"","_ticket_end_date":"","_tribe_ticket_show_description":"","_tribe_ticket_show_not_going":false,"_tribe_ticket_use_global_stock":"","_tribe_ticket_global_stock_level":"","_global_stock_mode":"","_global_stock_cap":"","_tribe_rsvp_for_event":"","_tribe_ticket_going_count":"","_tribe_ticket_not_going_count":"","_tribe_tickets_list":"[]","_tribe_ticket_has_attendee_info_fields":false,"footnotes":"","_tec_slr_enabled":"","_tec_slr_layout":""},"class_list":["post-11432","page","type-page","status-publish","has-post-thumbnail","hentry"],"acf":[],"ticketed":false,"_links":{"self":[{"href":"https:\/\/www.colegionotarial.org\/ca\/wp-json\/wp\/v2\/pages\/11432","targetHints":{"allow":["GET"]}}],"collection":[{"href":"https:\/\/www.colegionotarial.org\/ca\/wp-json\/wp\/v2\/pages"}],"about":[{"href":"https:\/\/www.colegionotarial.org\/ca\/wp-json\/wp\/v2\/types\/page"}],"author":[{"embeddable":true,"href":"https:\/\/www.colegionotarial.org\/ca\/wp-json\/wp\/v2\/users\/1"}],"replies":[{"embeddable":true,"href":"https:\/\/www.colegionotarial.org\/ca\/wp-json\/wp\/v2\/comments?post=11432"}],"version-history":[{"count":9,"href":"https:\/\/www.colegionotarial.org\/ca\/wp-json\/wp\/v2\/pages\/11432\/revisions"}],"predecessor-version":[{"id":26208,"href":"https:\/\/www.colegionotarial.org\/ca\/wp-json\/wp\/v2\/pages\/11432\/revisions\/26208"}],"up":[{"embeddable":true,"href":"https:\/\/www.colegionotarial.org\/ca\/wp-json\/wp\/v2\/pages\/11400"}],"wp:featuredmedia":[{"embeddable":true,"href":"https:\/\/www.colegionotarial.org\/ca\/wp-json\/wp\/v2\/media\/14043"}],"wp:attachment":[{"href":"https:\/\/www.colegionotarial.org\/ca\/wp-json\/wp\/v2\/media?parent=11432"}],"curies":[{"name":"wp","href":"https:\/\/api.w.org\/{rel}","templated":true}]}}