{"id":11411,"date":"2024-07-03T14:01:46","date_gmt":"2024-07-03T12:01:46","guid":{"rendered":"https:\/\/www.colegionotarial.org\/fundacio-mediacio\/mediacion\/"},"modified":"2024-10-16T11:36:13","modified_gmt":"2024-10-16T09:36:13","slug":"mediacio","status":"publish","type":"page","link":"https:\/\/www.colegionotarial.org\/ca\/fundacio-mediacio\/mediacio\/","title":{"rendered":"Mediaci\u00f3"},"content":{"rendered":"<p>[et_pb_section fb_built=&#8221;1&#8243; module_class=&#8221;contenido&#8221; _builder_version=&#8221;4.25.1&#8243; _module_preset=&#8221;default&#8221; global_colors_info=&#8221;{}&#8221;][et_pb_row _builder_version=&#8221;4.25.1&#8243; _module_preset=&#8221;default&#8221; custom_padding=&#8221;|15px||15px|false|false&#8221; global_colors_info=&#8221;{}&#8221;][et_pb_column type=&#8221;4_4&#8243; _builder_version=&#8221;4.25.1&#8243; _module_preset=&#8221;default&#8221; global_colors_info=&#8221;{}&#8221;][et_pb_text ul_type=&#8221;circle&#8221; _builder_version=&#8221;4.25.2&#8243; _module_preset=&#8221;default&#8221; link_font=&#8221;|600|||||||&#8221; global_colors_info=&#8221;{%22gcid-84f3cc8b-3b8f-4dca-8f6a-f958ef42e056%22:%91%22link_text_color__hover%22%93}&#8221; link_text_color__hover_enabled=&#8221;on|hover&#8221; link_text_color__hover=&#8221;#76767a&#8221;]<\/p>\n<h3>QU\u00c8 \u00c9S LA MEDIACI\u00d3?<\/h3>\n<p>La mediaci\u00f3 \u00e9s un m\u00e8tode pac\u00edfic de resoluci\u00f3 de conflictes, voluntari i confidencial, en el qual una tercera persona, el mediador, de manera imparcial i neutral, ajuda a les parts implicades perqu\u00e8 a trav\u00e9s del di\u00e0leg i la comunicaci\u00f3 trobin per elles mateixes la soluci\u00f3 m\u00e9s beneficiosa al seu conflicte que sigui v\u00e0lida per a tots.<\/p>\n<p>\u00c9s un m\u00e8tode que no es basa en la confrontaci\u00f3 sin\u00f3 en la col\u00b7laboraci\u00f3 entre les persones el que significa que s\u00f3n els propis interessats els que com a protagonistes prenen les pr\u00f2pies decisions de forma consensuada amb l&#8217;assist\u00e8ncia del mediador que els gui\u00e9s en el proc\u00e9s promovent el di\u00e0leg, escoltant-los i ajudant-los a resoldre les seves difer\u00e8ncies per\u00f2 sense poder de decisi\u00f3.<\/p>\n<blockquote><\/blockquote>\n<p>[\/et_pb_text][\/et_pb_column][\/et_pb_row][\/et_pb_section][et_pb_section fb_built=&#8221;1&#8243; module_class=&#8221;contenido gris&#8221; _builder_version=&#8221;4.25.1&#8243; _module_preset=&#8221;default&#8221; background_color=&#8221;gcid-d258bfa0-2134-462a-a874-ffbc41698437&#8243; global_colors_info=&#8221;{%22gcid-d258bfa0-2134-462a-a874-ffbc41698437%22:%91%22background_color%22%93}&#8221;][et_pb_row _builder_version=&#8221;4.25.1&#8243; _module_preset=&#8221;default&#8221; z_index=&#8221;0&#8243; custom_padding=&#8221;||47px|||&#8221; locked=&#8221;off&#8221; global_colors_info=&#8221;{}&#8221;][et_pb_column type=&#8221;4_4&#8243; _builder_version=&#8221;4.25.2&#8243; _module_preset=&#8221;default&#8221; sticky_limit_bottom=&#8221;row&#8221; global_colors_info=&#8221;{}&#8221;][et_pb_text _builder_version=&#8221;4.25.2&#8243; _module_preset=&#8221;default&#8221; global_colors_info=&#8221;{}&#8221;]<\/p>\n<p><span style=\"color: #0c2d75; font-family: Raleway; font-size: 22px; font-weight: bold; letter-spacing: 1px; text-transform: uppercase;\">PrincipiS i caracter\u00edstiques<\/span><\/p>\n<ul>\n<li>Voluntarietat: la mediaci\u00f3 \u00e9s volunt\u00e0ria i les parts decideixen volunt\u00e0riament iniciar el procediment.<\/li>\n<li>Lliure disposici\u00f3: Ning\u00fa est\u00e0 obligat a mantenir-se en el procediment ni a concloure un acord. Les parts en qualsevol moment poden abandonar la mediaci\u00f3.<\/li>\n<li>Confidencialitat: El procediment de mediaci\u00f3 i la documentaci\u00f3 que s&#8217;utilitzi en el mateix \u00e9s confidencial tant per al mediador com per a les parts.<\/li>\n<li>Imparcialitat: El mediador no podr\u00e0 actuar en perjudici o inter\u00e8s de cap de les parts.<\/li>\n<li>Neutralitat: El mediador no t\u00e9 poder de decisi\u00f3 sobre la soluci\u00f3 del conflicte.<\/li>\n<li>Igualtat de les parts: En el procediment de mediaci\u00f3 es garantir\u00e0 que les parts intervinguin amb plena igualtat d&#8217;oportunitats mantenint l&#8217;equilibri entre les seves posicions.<\/li>\n<li>Autodeterminaci\u00f3 de les parts: S\u00f3n les parts les que busquen alternatives i opcions de soluci\u00f3 al seu conflicte arribant a acords creats per elles mateixes.<\/li>\n<li>Bona fe: Les parts en el procediment han d&#8217;actuar conforme als principis de lleialtat i respecte mutu.<\/li>\n<\/ul>\n<ul><\/ul>\n<p>[\/et_pb_text][\/et_pb_column][\/et_pb_row][\/et_pb_section][et_pb_section fb_built=&#8221;1&#8243; module_class=&#8221;contenido&#8221; _builder_version=&#8221;4.25.1&#8243; _module_preset=&#8221;default&#8221; global_colors_info=&#8221;{}&#8221;][et_pb_row _builder_version=&#8221;4.25.1&#8243; _module_preset=&#8221;default&#8221; custom_padding=&#8221;|15px||15px|false|false&#8221; global_colors_info=&#8221;{}&#8221;][et_pb_column type=&#8221;4_4&#8243; _builder_version=&#8221;4.25.1&#8243; _module_preset=&#8221;default&#8221; global_colors_info=&#8221;{}&#8221;][et_pb_text ul_type=&#8221;circle&#8221; _builder_version=&#8221;4.25.2&#8243; _module_preset=&#8221;default&#8221; link_font=&#8221;|600|||||||&#8221; global_colors_info=&#8221;{%22gcid-84f3cc8b-3b8f-4dca-8f6a-f958ef42e056%22:%91%22link_text_color__hover%22%93}&#8221; link_text_color__hover_enabled=&#8221;on|hover&#8221; link_text_color__hover=&#8221;#76767a&#8221;]<\/p>\n<h3>AVANTATGES<\/h3>\n<ul>\n<li>\u00c9s un sistema en el qual s&#8217;aconsegueix una soluci\u00f3 r\u00e0pida.<\/li>\n<li>No sols el cost econ\u00f2mic \u00e9s inferior a un proc\u00e9s judicial sin\u00f3 que s&#8217;eviten els costos emocionals que suposa un judici.<\/li>\n<li>El car\u00e0cter confidencial preserva la privacitat.<\/li>\n<li>Restableix la comunicaci\u00f3 i mant\u00e9 les relacions entre les parts.<\/li>\n<li>Repara les relacions comercials.<\/li>\n<li>Es produeix un major comprom\u00eds amb el resultat.<\/li>\n<li>Evita la insatisfacci\u00f3 d&#8217;una resoluci\u00f3 judicial.<\/li>\n<li>Evita els danys d&#8217;imatge que comporta la publicitat d&#8217;un judici.<\/li>\n<li>Les persones recuperen el protagonisme i la capacitat de prendre decisions.<\/li>\n<li>\u00c9s flexible, enfront de la rigidesa d&#8217;un proc\u00e9s judicial, perqu\u00e8 s&#8217;adapta a les necessitats dels interessats que poden arribar a acords m\u00e9s imaginatius que satisfacin a tots.<\/li>\n<\/ul>\n<blockquote><\/blockquote>\n<p>[\/et_pb_text][\/et_pb_column][\/et_pb_row][\/et_pb_section]<\/p>\n","protected":false},"excerpt":{"rendered":"<p>QU\u00c8 \u00c9S LA MEDIACI\u00d3? La mediaci\u00f3 \u00e9s un m\u00e8tode pac\u00edfic de resoluci\u00f3 de conflictes, voluntari i confidencial, en el qual una tercera persona, el mediador, de manera imparcial i neutral, ajuda a les parts implicades perqu\u00e8 a trav\u00e9s del di\u00e0leg i la comunicaci\u00f3 trobin per elles mateixes la soluci\u00f3 m\u00e9s beneficiosa al seu conflicte que sigui v\u00e0lida per a tots. \u00c9s un m\u00e8tode que no es basa en la confrontaci\u00f3 sin\u00f3 en la col\u00b7laboraci\u00f3 entre les persones el que significa que s\u00f3n els propis interessats els que com a protagonistes prenen les pr\u00f2pies decisions de forma consensuada amb l&#8217;assist\u00e8ncia del mediador que els gui\u00e9s en el proc\u00e9s promovent el di\u00e0leg, escoltant-los i ajudant-los a resoldre les seves difer\u00e8ncies per\u00f2 sense poder de decisi\u00f3. PrincipiS i caracter\u00edstiques Voluntarietat: la mediaci\u00f3 \u00e9s volunt\u00e0ria i les parts decideixen volunt\u00e0riament iniciar el procediment. Lliure disposici\u00f3: Ning\u00fa est\u00e0 obligat a mantenir-se en el procediment ni a concloure un acord. Les parts en qualsevol moment poden abandonar la mediaci\u00f3. Confidencialitat: El procediment de mediaci\u00f3 i la documentaci\u00f3 que s&#8217;utilitzi en el mateix \u00e9s confidencial tant per al mediador com per a les parts. Imparcialitat: El mediador no podr\u00e0 actuar en perjudici o inter\u00e8s de cap de [&hellip;]<\/p>\n","protected":false},"author":1,"featured_media":14080,"parent":11400,"menu_order":0,"comment_status":"closed","ping_status":"closed","template":"","meta":{"_acf_changed":false,"_et_pb_use_builder":"on","_et_pb_old_content":"","_et_gb_content_width":"","ngg_post_thumbnail":0,"_price":"","_stock":"","_tribe_ticket_header":"","_tribe_default_ticket_provider":"","_tribe_ticket_capacity":"0","_ticket_start_date":"","_ticket_end_date":"","_tribe_ticket_show_description":"","_tribe_ticket_show_not_going":false,"_tribe_ticket_use_global_stock":"","_tribe_ticket_global_stock_level":"","_global_stock_mode":"","_global_stock_cap":"","_tribe_rsvp_for_event":"","_tribe_ticket_going_count":"","_tribe_ticket_not_going_count":"","_tribe_tickets_list":"[]","_tribe_ticket_has_attendee_info_fields":false,"footnotes":"","_tec_slr_enabled":"","_tec_slr_layout":""},"class_list":["post-11411","page","type-page","status-publish","has-post-thumbnail","hentry"],"acf":[],"ticketed":false,"_links":{"self":[{"href":"https:\/\/www.colegionotarial.org\/ca\/wp-json\/wp\/v2\/pages\/11411","targetHints":{"allow":["GET"]}}],"collection":[{"href":"https:\/\/www.colegionotarial.org\/ca\/wp-json\/wp\/v2\/pages"}],"about":[{"href":"https:\/\/www.colegionotarial.org\/ca\/wp-json\/wp\/v2\/types\/page"}],"author":[{"embeddable":true,"href":"https:\/\/www.colegionotarial.org\/ca\/wp-json\/wp\/v2\/users\/1"}],"replies":[{"embeddable":true,"href":"https:\/\/www.colegionotarial.org\/ca\/wp-json\/wp\/v2\/comments?post=11411"}],"version-history":[{"count":9,"href":"https:\/\/www.colegionotarial.org\/ca\/wp-json\/wp\/v2\/pages\/11411\/revisions"}],"predecessor-version":[{"id":18819,"href":"https:\/\/www.colegionotarial.org\/ca\/wp-json\/wp\/v2\/pages\/11411\/revisions\/18819"}],"up":[{"embeddable":true,"href":"https:\/\/www.colegionotarial.org\/ca\/wp-json\/wp\/v2\/pages\/11400"}],"wp:featuredmedia":[{"embeddable":true,"href":"https:\/\/www.colegionotarial.org\/ca\/wp-json\/wp\/v2\/media\/14080"}],"wp:attachment":[{"href":"https:\/\/www.colegionotarial.org\/ca\/wp-json\/wp\/v2\/media?parent=11411"}],"curies":[{"name":"wp","href":"https:\/\/api.w.org\/{rel}","templated":true}]}}