{"id":11400,"date":"2024-07-03T13:29:16","date_gmt":"2024-07-03T11:29:16","guid":{"rendered":"https:\/\/www.colegionotarial.org\/fundacion-mediacion\/"},"modified":"2025-03-28T10:58:10","modified_gmt":"2025-03-28T09:58:10","slug":"fundacio-mediacio","status":"publish","type":"page","link":"https:\/\/www.colegionotarial.org\/ca\/fundacio-mediacio\/","title":{"rendered":"Fundaci\u00f3 Mediaci\u00f3"},"content":{"rendered":"<p>[et_pb_section fb_built=&#8221;1&#8243; module_class=&#8221;contenido&#8221; _builder_version=&#8221;4.25.1&#8243; _module_preset=&#8221;default&#8221; global_colors_info=&#8221;{}&#8221;][et_pb_row _builder_version=&#8221;4.25.1&#8243; _module_preset=&#8221;default&#8221; custom_padding=&#8221;|15px||15px|false|false&#8221; global_colors_info=&#8221;{}&#8221;][et_pb_column type=&#8221;4_4&#8243; _builder_version=&#8221;4.25.1&#8243; _module_preset=&#8221;default&#8221; global_colors_info=&#8221;{}&#8221;][et_pb_text ul_type=&#8221;circle&#8221; _builder_version=&#8221;4.25.2&#8243; _module_preset=&#8221;default&#8221; link_font=&#8221;|600|||||||&#8221; global_colors_info=&#8221;{%22gcid-84f3cc8b-3b8f-4dca-8f6a-f958ef42e056%22:%91%22link_text_color__hover%22%93}&#8221; link_text_color__hover_enabled=&#8221;on|hover&#8221; link_text_color__hover=&#8221;#76767a&#8221;]<\/p>\n<p><img loading=\"lazy\" decoding=\"async\" width=\"720\" height=\"166\" src=\"https:\/\/www.colegionotarial.org\/wp-content\/uploads\/2024\/06\/FMCNC_logo_web.jpg\" alt=\"\" class=\"wp-image-9156 aligncenter size-medium\" srcset=\"https:\/\/www.colegionotarial.org\/wp-content\/uploads\/2024\/06\/FMCNC_logo_web.jpg 720w, https:\/\/www.colegionotarial.org\/wp-content\/uploads\/2024\/06\/FMCNC_logo_web-480x111.jpg 480w\" sizes=\"(min-width: 0px) and (max-width: 480px) 480px, (min-width: 481px) 720px, 100vw\" \/><\/p>\n<p class=\"x_MsoNormal\" data-olk-copy-source=\"MessageBody\">El Col\u00b7legi Notarial de Catalunya, conscient de la necessitat de promoure altres vies de resoluci\u00f3 de conflictes diferents de la litigaci\u00f3, lligades al protagonisme dels ciutadans, ha creat la Fundaci\u00f3 Mediaci\u00f3.<\/p>\n<p class=\"x_MsoNormal\">La Fundaci\u00f3 pret\u00e9n oferir un servei de mediaci\u00f3 a particulars i empreses amb especial atenci\u00f3 a l\u2019\u00e0mbit civil i mercantil mitjan\u00e7ant un Centre de Mediaci\u00f3 i Conciliaci\u00f3 que s\u2019encarregui de la selecci\u00f3 i designaci\u00f3 dels mediadors acreditats pel\u00a0<i>Center for Effective Dispute Resolutions<\/i>\u00a0(CEDR), el centre de refer\u00e8ncia a Europa en l\u2019\u00e0mbit de la mediaci\u00f3, i gestioni els tr\u00e0mits d\u2019actuaci\u00f3.<\/p>\n<p class=\"x_MsoNormal\">Aix\u00ed mateix, la finalitat de la Fundaci\u00f3 es basa en l\u2019impuls i la promoci\u00f3 de la mediaci\u00f3 i d\u2019altres sistemes extrajudicials de resoluci\u00f3 de conflictes mitjan\u00e7ant programes formatius, recerca, publicacions i altres activitats de difusi\u00f3.<\/p>\n<p class=\"x_MsoNormal\">La Fundaci\u00f3 es constitueix amb la voluntat de ser una instituci\u00f3 de mediaci\u00f3, d\u2019acord amb el que estableix la Llei 5\/2012, de 6 de Juliol, de mediaci\u00f3 en assumptes civils i mercantils.<\/p>\n<p class=\"x_MsoNormal\" aria-hidden=\"true\">\u00a0<\/p>\n<blockquote><\/blockquote>\n<p>[\/et_pb_text][\/et_pb_column][\/et_pb_row][\/et_pb_section][et_pb_section fb_built=&#8221;1&#8243; module_class=&#8221;contenido gris&#8221; _builder_version=&#8221;4.25.1&#8243; _module_preset=&#8221;default&#8221; background_color=&#8221;gcid-d258bfa0-2134-462a-a874-ffbc41698437&#8243; global_colors_info=&#8221;{%22gcid-d258bfa0-2134-462a-a874-ffbc41698437%22:%91%22background_color%22%93}&#8221;][et_pb_row column_structure=&#8221;2_5,3_5&#8243; _builder_version=&#8221;4.25.1&#8243; _module_preset=&#8221;default&#8221; z_index=&#8221;0&#8243; custom_padding=&#8221;||47px|||&#8221; locked=&#8221;off&#8221; global_colors_info=&#8221;{}&#8221;][et_pb_column type=&#8221;2_5&#8243; _builder_version=&#8221;4.25.2&#8243; _module_preset=&#8221;default&#8221; sticky_limit_bottom=&#8221;row&#8221; global_colors_info=&#8221;{}&#8221;][et_pb_heading title=&#8221;Contacte&#8221; _builder_version=&#8221;4.26.1&#8243; _module_preset=&#8221;default&#8221; title_level=&#8221;h2&#8243; title_font=&#8221;|800||on|||||&#8221; title_text_align=&#8221;left&#8221; title_text_color=&#8221;gcid-ab52094e-5a6f-4ce7-9faf-05f357b7a987&#8243; title_font_size=&#8221;2em&#8221; title_letter_spacing=&#8221;2px&#8221; title_line_height=&#8221;1.3em&#8221; custom_margin=&#8221;||||false|false&#8221; custom_padding=&#8221;6px|||||&#8221; custom_css_free_form=&#8221;selector h2{||  margin-top: 0px!important||}&#8221; border_color_all=&#8221;gcid-ab52094e-5a6f-4ce7-9faf-05f357b7a987&#8243; border_color_top=&#8221;gcid-ab52094e-5a6f-4ce7-9faf-05f357b7a987&#8243; global_colors_info=&#8221;{%22gcid-ab52094e-5a6f-4ce7-9faf-05f357b7a987%22:%91%22border_color_all%22,%22border_color_top%22,%22title_text_color%22%93}&#8221;][\/et_pb_heading][et_pb_text _builder_version=&#8221;4.25.2&#8243; _module_preset=&#8221;default&#8221; global_colors_info=&#8221;{}&#8221;]<\/p>\n<p>Notariat, 4<br \/>08001 Barcelona<\/p>\n<p><strong>Tel\u00e8fon<\/strong>: 93 317 48 00<br \/><strong>E-Mail<\/strong>: <a href=\"mailto:fundaciomediacio@catalunya.notariado.org\" target=\"_blank\" rel=\"noopener\">fundaciomediacio@catalunya.notariado.org<\/a><\/p>\n<p>&nbsp;<\/p>\n<p>[\/et_pb_text][\/et_pb_column][et_pb_column type=&#8221;3_5&#8243; _builder_version=&#8221;4.25.1&#8243; _module_preset=&#8221;default&#8221; global_colors_info=&#8221;{}&#8221;][et_pb_code _builder_version=&#8221;4.25.2&#8243; _module_preset=&#8221;default&#8221; global_colors_info=&#8221;{}&#8221;]<iframe src=\"https:\/\/www.google.com\/maps\/embed?pb=!1m18!1m12!1m3!1d2993.595308003799!2d2.1644852895344084!3d41.382876422285754!2m3!1f0!2f0!3f0!3m2!1i1024!2i768!4f13.1!3m3!1m2!1s0x12a4a2f5d3caaf8f%3A0xdaa62971c3ff6ac2!2sCol%C2%B7legi%20de%20Notaris%20de%20Catalunya!5e0!3m2!1sca!2ses!4v1718870530516!5m2!1sca!2ses\" width=\"600\" height=\"450\" style=\"border:0;\" allowfullscreen=\"\" loading=\"lazy\" referrerpolicy=\"no-referrer-when-downgrade\"><\/iframe>[\/et_pb_code][\/et_pb_column][\/et_pb_row][\/et_pb_section]<\/p>\n","protected":false},"excerpt":{"rendered":"<p>El Col\u00b7legi Notarial de Catalunya, conscient de la necessitat de promoure altres vies de resoluci\u00f3 de conflictes diferents de la litigaci\u00f3, lligades al protagonisme dels ciutadans, ha creat la Fundaci\u00f3 Mediaci\u00f3. La Fundaci\u00f3 pret\u00e9n oferir un servei de mediaci\u00f3 a particulars i empreses amb especial atenci\u00f3 a l\u2019\u00e0mbit civil i mercantil mitjan\u00e7ant un Centre de Mediaci\u00f3 i Conciliaci\u00f3 que s\u2019encarregui de la selecci\u00f3 i designaci\u00f3 dels mediadors acreditats pel\u00a0Center for Effective Dispute Resolutions\u00a0(CEDR), el centre de refer\u00e8ncia a Europa en l\u2019\u00e0mbit de la mediaci\u00f3, i gestioni els tr\u00e0mits d\u2019actuaci\u00f3. Aix\u00ed mateix, la finalitat de la Fundaci\u00f3 es basa en l\u2019impuls i la promoci\u00f3 de la mediaci\u00f3 i d\u2019altres sistemes extrajudicials de resoluci\u00f3 de conflictes mitjan\u00e7ant programes formatius, recerca, publicacions i altres activitats de difusi\u00f3. La Fundaci\u00f3 es constitueix amb la voluntat de ser una instituci\u00f3 de mediaci\u00f3, d\u2019acord amb el que estableix la Llei 5\/2012, de 6 de Juliol, de mediaci\u00f3 en assumptes civils i mercantils. \u00a0 Notariat, 408001 Barcelona Tel\u00e8fon: 93 317 48 00E-Mail: fundaciomediacio@catalunya.notariado.org &nbsp;<\/p>\n","protected":false},"author":1,"featured_media":10505,"parent":0,"menu_order":0,"comment_status":"closed","ping_status":"closed","template":"","meta":{"_acf_changed":false,"_et_pb_use_builder":"on","_et_pb_old_content":"","_et_gb_content_width":"","ngg_post_thumbnail":0,"_price":"","_stock":"","_tribe_ticket_header":"","_tribe_default_ticket_provider":"","_tribe_ticket_capacity":"0","_ticket_start_date":"","_ticket_end_date":"","_tribe_ticket_show_description":"","_tribe_ticket_show_not_going":false,"_tribe_ticket_use_global_stock":"","_tribe_ticket_global_stock_level":"","_global_stock_mode":"","_global_stock_cap":"","_tribe_rsvp_for_event":"","_tribe_ticket_going_count":"","_tribe_ticket_not_going_count":"","_tribe_tickets_list":"[]","_tribe_ticket_has_attendee_info_fields":false,"footnotes":"","_tec_slr_enabled":"","_tec_slr_layout":""},"class_list":["post-11400","page","type-page","status-publish","has-post-thumbnail","hentry"],"acf":[],"ticketed":false,"_links":{"self":[{"href":"https:\/\/www.colegionotarial.org\/ca\/wp-json\/wp\/v2\/pages\/11400","targetHints":{"allow":["GET"]}}],"collection":[{"href":"https:\/\/www.colegionotarial.org\/ca\/wp-json\/wp\/v2\/pages"}],"about":[{"href":"https:\/\/www.colegionotarial.org\/ca\/wp-json\/wp\/v2\/types\/page"}],"author":[{"embeddable":true,"href":"https:\/\/www.colegionotarial.org\/ca\/wp-json\/wp\/v2\/users\/1"}],"replies":[{"embeddable":true,"href":"https:\/\/www.colegionotarial.org\/ca\/wp-json\/wp\/v2\/comments?post=11400"}],"version-history":[{"count":5,"href":"https:\/\/www.colegionotarial.org\/ca\/wp-json\/wp\/v2\/pages\/11400\/revisions"}],"predecessor-version":[{"id":25179,"href":"https:\/\/www.colegionotarial.org\/ca\/wp-json\/wp\/v2\/pages\/11400\/revisions\/25179"}],"wp:featuredmedia":[{"embeddable":true,"href":"https:\/\/www.colegionotarial.org\/ca\/wp-json\/wp\/v2\/media\/10505"}],"wp:attachment":[{"href":"https:\/\/www.colegionotarial.org\/ca\/wp-json\/wp\/v2\/media?parent=11400"}],"curies":[{"name":"wp","href":"https:\/\/api.w.org\/{rel}","templated":true}]}}