{"id":11354,"date":"2024-06-12T15:55:49","date_gmt":"2024-06-12T13:55:49","guid":{"rendered":"https:\/\/www.colegionotarial.org\/col-legi\/delegados-y-subdelegados\/"},"modified":"2026-03-31T11:54:24","modified_gmt":"2026-03-31T09:54:24","slug":"delegats-i-subdelegats","status":"publish","type":"page","link":"https:\/\/www.colegionotarial.org\/ca\/col-legi\/delegats-i-subdelegats\/","title":{"rendered":"Delegats i subdelegats"},"content":{"rendered":"<p>[et_pb_section fb_built=&#8221;1&#8243; module_class=&#8221;contenido&#8221; _builder_version=&#8221;4.27.3&#8243; _module_preset=&#8221;default&#8221; hover_enabled=&#8221;0&#8243; global_colors_info=&#8221;{}&#8221; sticky_enabled=&#8221;0&#8243;][et_pb_row _builder_version=&#8221;4.27.3&#8243; _module_preset=&#8221;default&#8221; custom_padding=&#8221;|15px||15px|false|false&#8221; global_colors_info=&#8221;{}&#8221;][et_pb_column type=&#8221;4_4&#8243; _builder_version=&#8221;4.25.1&#8243; _module_preset=&#8221;default&#8221; global_colors_info=&#8221;{}&#8221;][et_pb_tabs active_tab_background_color=&#8221;#0C71C3&#8243; active_tab_text_color=&#8221;#FFFFFF&#8221; _builder_version=&#8221;4.27.6&#8243; _module_preset=&#8221;default&#8221; tab_font=&#8221;Raleway|||on|||||&#8221; tab_letter_spacing=&#8221;1px&#8221; hover_enabled=&#8221;0&#8243; custom_css_free_form=&#8221;ul.et_pb_tabs_controls {||  margin-left: 0;||    background: white;||  ||}&#8221; global_colors_info=&#8221;{}&#8221; sticky_enabled=&#8221;0&#8243;][et_pb_tab title=&#8221;Provincia de Barcelona&#8221; _builder_version=&#8221;4.27.3&#8243; _module_preset=&#8221;default&#8221; global_colors_info=&#8221;{}&#8221;]<\/p>\n<div class=\"span12\">\n<div class=\"Delegat::s_block span6\">\n<table border=\"1\" style=\"width: 100%; border: 0px; float: left;\">\n<tbody>\n<tr>\n<td style=\"width: 50% vertical-align: top; border: 0px;\">\n<h5>Districte d&#8217;ARENYS DE MAR<\/h5>\n<p>Delegat:<br \/>Josep Antoni Pedrosa Santiago<\/p>\n<p>Subdelegat:<br \/>Jos\u00e9 Luis Navarro Com\u00edn<\/p>\n<h5>Districte de BADALONA<\/h5>\n<p>Delegat:<br \/>Ivan Emilio Robles Caramazana<\/p>\n<p>Subdelegat:<br \/>Maria F\u00e0tima Hern\u00e1ndez Ravanals<\/p>\n<h5>Districte de BARCELONA<\/h5>\n<p>Delegat:<br \/>Jos\u00e9 Alberto Mar\u00edn S\u00e1nchez<\/p>\n<p>Subdelegat:<br \/>Lu\u00eds Fernando Pazos Pezzi<br \/>Francisco Armas Omedes<\/p>\n<h5>Districte de BERGA<\/h5>\n<p>Delegat:<br \/>Montserrat Moratilla Fern\u00e1ndez<\/p>\n<p>Subdelegat:<br \/>Francisco de As\u00eds Ca\u00f1ada Oya<\/p>\n<h5>Districte de GRANOLLERS<\/h5>\n<p>Delegat:<br \/>Mar\u00eda Angeles Vidal Davydoff<\/p>\n<p>Subdelegat:<br \/>Francesc Borrell Papaceit<\/p>\n<h5>Districte de L&#8217;HOSPITALET DE LLOBREGAT<\/h5>\n<p>Delegat:<br \/>Fernando M\u00aa. D\u00edaz Gallardo<\/p>\n<p>Subdelegat:<br \/>Carlos Manuel Parejo-Merino Parejo<\/p>\n<h5>Districte d&#8217;IGUALADA<\/h5>\n<p>Delegat:<br \/>Carlos Jim\u00e9nez Fueyo<\/p>\n<p>Subdelegat:<br \/>Mar\u00eda Gloria Montes Pineda<\/p>\n<h5>Districte de MANRESA<\/h5>\n<p>Delegat:<br \/>Francisco de Borja Morgades de Olivar<\/p>\n<p>Subdelegat:<br \/>Perfecto Blanes Cabanes<\/p>\n<h5>Districte de MATAR\u00d3<\/h5>\n<p>Delegat:<br \/>V\u00edctor J. Asensio Borrellas<\/p>\n<p>Subdelegat:<br \/>Elena Orta Cimas<\/p>\n<\/td>\n<td style=\"width: 50%; vertical-align: top; border: 0px;\">\n<h5>Districte de SABADELL<\/h5>\n<p>Delegat:<br \/>Jes\u00fas Cembrano Zaldivar<\/p>\n<p>Subdelegat:<br \/>Jos\u00e9 Lu\u00eds Pascual Vega<\/p>\n<h5>Districte de SANT BOI DE LLOBREGAT<\/h5>\n<p>Delegat:<br \/>Pablo Soriano Calabuig<\/p>\n<p>Subdelegat:<br \/>Ignacio Rodr\u00edguez-Monsalve Navarro<\/p>\n<h5>Districte de SANT FELIU DE LLOBREGAT<\/h5>\n<p>Delegat:<br \/>Vicente Miguel Mestre Soro<\/p>\n<p>Subdelegat:<br \/>Sonia Dalmases Mahamud<\/p>\n<h5>Districte de SANTA COLOMA DE GRAMENET<\/h5>\n<p>Delegat:<br \/>Mario Gonz\u00e1lez Ortiz<\/p>\n<p>Subdelegat:<br \/>Victor Mateu Prades<\/p>\n<h5>Districte de TERRASSA<\/h5>\n<p>Delegat:<br \/>Alfredo Arbona Casp<\/p>\n<p>Subdelegat:<br \/>Llu\u00eds Gasch Cabot<\/p>\n<h5>Districte de VIC<\/h5>\n<p>Delegat:<br \/>Esteban Bendicho Solanellas<\/p>\n<p>Subdelegat:<br \/>Antonio de Juan Ortiz<\/p>\n<h5>Districte de VILAFRANCA DEL PENED\u00c9S<\/h5>\n<p>Delegat:<br \/>Francisco Javier Ferreres Ort\u00ed<\/p>\n<p>Subdelegat:<br \/>Antonio V\u00edctor Garc\u00eda-Gal\u00e1n San Miguel<\/p>\n<h5>Districte de VILANOVA I LA GELTR\u00da<\/h5>\n<p>Delegat:<br \/>Andr\u00e9s H. Ferrando L\u00f3pez<\/p>\n<p>Subdelegat:<br \/>Maria Pilar Cabanas Trejo<\/p>\n<\/td>\n<\/tr>\n<\/tbody>\n<\/table>\n<p>&nbsp;<\/p>\n<p>&nbsp;<\/p>\n<\/div>\n<\/div>\n<p>[\/et_pb_tab][et_pb_tab title=&#8221;Provincia de Girona&#8221; _builder_version=&#8221;4.27.3&#8243; _module_preset=&#8221;default&#8221; global_colors_info=&#8221;{}&#8221;]<\/p>\n<div class=\"span12\">\n<div class=\"delegados_block span6\">\n<p>&nbsp;<\/p>\n<table border=\"1\" style=\"width: 100%; border: 0px; float: left;\">\n<tbody>\n<tr>\n<td style=\"width: 50% vertical-align: top; border: 0px;\">\n<h5>Districte de LA BISBAL D&#8217;EMPORD\u00c0<\/h5>\n<p>Delegat:<br \/>Marta Bernabeu Farr\u00fas<\/p>\n<p>Subdelegat:<\/p>\n<h5>Districte de FIGUERES<\/h5>\n<p>Delegat:<br \/>Miguel \u00c1ngel Vera Moreno<\/p>\n<p>Subdelegat:<br \/>Mar\u00eda del Carmen Rusi\u00f1ol Riba<\/p>\n<h5>Districte de GIRONA<\/h5>\n<p>Delegat:<br \/>Bel\u00e9n Mayoral del Barrio<\/p>\n<p>Subdelegat:<br \/>Jos\u00e9 Mar\u00eda Mart\u00ednez Palmer<\/p>\n<\/td>\n<td style=\"width: 50%; vertical-align: top; border: 0px;\">\n<h5>Districte d&#8217;OLOT<\/h5>\n<p>Delegat:<br \/>\u00c1ngel Arregui Laborda<\/p>\n<p>Subdelegat:<br \/>Juan Ignacio C\u00f3rcoles Cuervo<\/p>\n<h5>Districte de PUIGCERD\u00c0<\/h5>\n<p>Delegat:<br \/>Elena Mar\u00eda Espa\u00f1a Aparisi<\/p>\n<p>Subdelegat:<br \/>Guillermo Mart\u00edn-Riva Ruiz<\/p>\n<h5>Districte de SANTA COLOMA DE FARNERS<\/h5>\n<p>Delegat:<br \/>Concepci\u00f3n de los Reyes Arias Gallego<\/p>\n<p>Subdelegat:<br \/>Jordi Josep Fugardo Pelliser<\/p>\n<\/td>\n<\/tr>\n<\/tbody>\n<\/table>\n<p>&nbsp;<\/p>\n<\/div>\n<\/div>\n<p>[\/et_pb_tab][et_pb_tab title=&#8221;Provincia de Tarragona&#8221; _builder_version=&#8221;4.27.3&#8243; _module_preset=&#8221;default&#8221; global_colors_info=&#8221;{}&#8221;]<\/p>\n<div class=\"span12\">\n<div class=\"delegados_block span6\">\n<p>&nbsp;<\/p>\n<table border=\"1\" style=\"width: 100%; border: 0px; float: left;\">\n<tbody>\n<tr>\n<td style=\"border: 0px; width: 50%;\">\n<h5>Districte de REUS<\/h5>\n<p>Delegat:<br \/><span style=\"font-size: 1.1rem;\">Josep Rodr\u00edguez Calvo<\/span><\/p>\n<p>Subdelegat:<br \/><span style=\"font-size: 1.1rem;\">Argentina Jara R\u00f3denes<\/span><\/p>\n<h5>Districte de TARRAGONA<\/h5>\n<p>Delegat:<br \/><span style=\"font-size: 1.1rem;\">Mart\u00edn Garrido Melero<\/span><\/p>\n<p>Subdelegat:<br \/><span style=\"font-size: 1.1rem;\">Jes\u00fas A. Fern\u00e1ndez-Reyes Luis<\/span><\/p>\n<h5>Districte de TORTOSA<\/h5>\n<p>Delegat:<br \/>Andr\u00e9s Vald\u00e9s Segura<\/p>\n<p>Subdelegat:<br \/>Pedro F. Carpena Sofio<\/p>\n<\/td>\n<td style=\"width: 50%; vertical-align: top; border: 0px;\">\n<h5>Districte de VALLS<\/h5>\n<p>Delegat:<br \/>Juan R. Su\u00e1rez S\u00e1nchez-Ventura<\/p>\n<p>Subdelegat:<br \/>Manuel P. Sarobe Oyarzuna<\/p>\n<h5>Districte del VENDRELL<\/h5>\n<p>Delegat:<br \/>Manuel \u00dabeda Mu\u00f1oz<\/p>\n<p>Subdelegat:<br \/>Mar\u00eda Carmen V\u00e1zquez de Parga Pita<\/p>\n<\/td>\n<\/tr>\n<\/tbody>\n<\/table>\n<p>&nbsp;<\/p>\n<\/div>\n<\/div>\n<p>[\/et_pb_tab][et_pb_tab title=&#8221;Provincia de Lleida&#8221; _builder_version=&#8221;4.27.6&#8243; _module_preset=&#8221;default&#8221; hover_enabled=&#8221;0&#8243; global_colors_info=&#8221;{}&#8221; sticky_enabled=&#8221;0&#8243;]<\/p>\n<div class=\"span12\">\n<div class=\"delegados_block span6\">\n<p>&nbsp;<\/p>\n<table border=\"1\" style=\"width: 100%; border: 0px; float: left;\">\n<tbody>\n<tr>\n<td style=\"border: 0px; width: 50%;\">\n<h5>Districte de BALAGUER<\/h5>\n<p>Delegat:<\/p>\n<p>Subdelegat:<br \/>Francisco Javier L\u00e1zaro Ayuso<\/p>\n<h5>Districte de CERVERA<\/h5>\n<p>Delegat:<br \/>Jordi Pan\u00e9 Foix<\/p>\n<p>Subdelegat:<br \/>Estrella Herrero Pizarro<\/p>\n<h5>Districte de LLEIDA<\/h5>\n<p>Delegat:<br \/>Jos\u00e9 Manuel Villafranca Merc\u00e9<\/p>\n<p>Subdelegat:<br \/>M\u00aa. Cristina Hern\u00e1ndez Ruiz<\/p>\n<\/td>\n<td style=\"width: 50%; vertical-align: top; border: 0px;\">\n<h5>Districte de LA SEU D&#8217;URGELL<\/h5>\n<p>Delegat:<br \/>Francesc Xavier Francino Batlle<\/p>\n<p>Subdelegat:<br \/>Roser Berenguer Sabat\u00e9<\/p>\n<h5>Districte de TREMP<\/h5>\n<p>Delegat:<br \/>Mar\u00eda Teresa Sanahuja Cambra<\/p>\n<p>Subdelegat:<br \/>Santiago Javier Castillo Guti\u00e9rrez<\/p>\n<h5>Districte de VIELHA<\/h5>\n<p>Delegat:<br \/>Henar Alonso Pascual<\/p>\n<p>Subdelegat:<\/p>\n<h5><\/h5>\n<\/td>\n<\/tr>\n<\/tbody>\n<\/table>\n<p>&nbsp;<\/p>\n<\/div>\n<\/div>\n<p>[\/et_pb_tab][\/et_pb_tabs][\/et_pb_column][\/et_pb_row][\/et_pb_section]<\/p>\n","protected":false},"excerpt":{"rendered":"<p>Districte d&#8217;ARENYS DE MAR Delegat:Josep Antoni Pedrosa Santiago Subdelegat:Jos\u00e9 Luis Navarro Com\u00edn Districte de BADALONA Delegat:Ivan Emilio Robles Caramazana Subdelegat:Maria F\u00e0tima Hern\u00e1ndez Ravanals Districte de BARCELONA Delegat:Jos\u00e9 Alberto Mar\u00edn S\u00e1nchez Subdelegat:Lu\u00eds Fernando Pazos PezziFrancisco Armas Omedes Districte de BERGA Delegat:Montserrat Moratilla Fern\u00e1ndez Subdelegat:Francisco de As\u00eds Ca\u00f1ada Oya Districte de GRANOLLERS Delegat:Mar\u00eda Angeles Vidal Davydoff Subdelegat:Francesc Borrell Papaceit Districte de L&#8217;HOSPITALET DE LLOBREGAT Delegat:Fernando M\u00aa. D\u00edaz Gallardo Subdelegat:Carlos Manuel Parejo-Merino Parejo Districte d&#8217;IGUALADA Delegat:Carlos Jim\u00e9nez Fueyo Subdelegat:Mar\u00eda Gloria Montes Pineda Districte de MANRESA Delegat:Francisco de Borja Morgades de Olivar Subdelegat:Perfecto Blanes Cabanes Districte de MATAR\u00d3 Delegat:V\u00edctor J. Asensio Borrellas Subdelegat:Elena Orta Cimas Districte de SABADELL Delegat:Jes\u00fas Cembrano Zaldivar Subdelegat:Jos\u00e9 Lu\u00eds Pascual Vega Districte de SANT BOI DE LLOBREGAT Delegat:Pablo Soriano Calabuig Subdelegat:Ignacio Rodr\u00edguez-Monsalve Navarro Districte de SANT FELIU DE LLOBREGAT Delegat:Vicente Miguel Mestre Soro Subdelegat:Sonia Dalmases Mahamud Districte de SANTA COLOMA DE GRAMENET Delegat:Mario Gonz\u00e1lez Ortiz Subdelegat:Victor Mateu Prades Districte de TERRASSA Delegat:Alfredo Arbona Casp Subdelegat:Llu\u00eds Gasch Cabot Districte de VIC Delegat:Esteban Bendicho Solanellas Subdelegat:Antonio de Juan Ortiz Districte de VILAFRANCA DEL PENED\u00c9S Delegat:Francisco Javier Ferreres Ort\u00ed Subdelegat:Antonio V\u00edctor Garc\u00eda-Gal\u00e1n San Miguel Districte de VILANOVA I LA GELTR\u00da Delegat:Andr\u00e9s H. Ferrando L\u00f3pez Subdelegat:Maria Pilar Cabanas Trejo &nbsp; &nbsp; &nbsp; Districte de [&hellip;]<\/p>\n","protected":false},"author":1,"featured_media":0,"parent":11271,"menu_order":6,"comment_status":"closed","ping_status":"open","template":"","meta":{"_acf_changed":false,"_et_pb_use_builder":"on","_et_pb_old_content":"","_et_gb_content_width":"","ngg_post_thumbnail":0,"_price":"","_stock":"","_tribe_ticket_header":"","_tribe_default_ticket_provider":"","_tribe_ticket_capacity":"0","_ticket_start_date":"","_ticket_end_date":"","_tribe_ticket_show_description":"","_tribe_ticket_show_not_going":false,"_tribe_ticket_use_global_stock":"","_tribe_ticket_global_stock_level":"","_global_stock_mode":"","_global_stock_cap":"","_tribe_rsvp_for_event":"","_tribe_ticket_going_count":"","_tribe_ticket_not_going_count":"","_tribe_tickets_list":"[]","_tribe_ticket_has_attendee_info_fields":false,"footnotes":"","_tec_slr_enabled":"","_tec_slr_layout":""},"class_list":["post-11354","page","type-page","status-publish","hentry"],"acf":[],"ticketed":false,"_links":{"self":[{"href":"https:\/\/www.colegionotarial.org\/ca\/wp-json\/wp\/v2\/pages\/11354","targetHints":{"allow":["GET"]}}],"collection":[{"href":"https:\/\/www.colegionotarial.org\/ca\/wp-json\/wp\/v2\/pages"}],"about":[{"href":"https:\/\/www.colegionotarial.org\/ca\/wp-json\/wp\/v2\/types\/page"}],"author":[{"embeddable":true,"href":"https:\/\/www.colegionotarial.org\/ca\/wp-json\/wp\/v2\/users\/1"}],"replies":[{"embeddable":true,"href":"https:\/\/www.colegionotarial.org\/ca\/wp-json\/wp\/v2\/comments?post=11354"}],"version-history":[{"count":15,"href":"https:\/\/www.colegionotarial.org\/ca\/wp-json\/wp\/v2\/pages\/11354\/revisions"}],"predecessor-version":[{"id":32618,"href":"https:\/\/www.colegionotarial.org\/ca\/wp-json\/wp\/v2\/pages\/11354\/revisions\/32618"}],"up":[{"embeddable":true,"href":"https:\/\/www.colegionotarial.org\/ca\/wp-json\/wp\/v2\/pages\/11271"}],"wp:attachment":[{"href":"https:\/\/www.colegionotarial.org\/ca\/wp-json\/wp\/v2\/media?parent=11354"}],"curies":[{"name":"wp","href":"https:\/\/api.w.org\/{rel}","templated":true}]}}