{"id":11331,"date":"2024-08-28T08:50:24","date_gmt":"2024-08-28T06:50:24","guid":{"rendered":"https:\/\/www.colegionotarial.org\/col-legi\/notariat\/derecho-a-escoger-notario\/"},"modified":"2024-09-05T17:19:19","modified_gmt":"2024-09-05T15:19:19","slug":"lliure-eleccio-de-notari","status":"publish","type":"page","link":"https:\/\/www.colegionotarial.org\/ca\/col-legi\/notariat\/lliure-eleccio-de-notari\/","title":{"rendered":"Lliure elecci\u00f3 de notari"},"content":{"rendered":"<p>[et_pb_section fb_built=&#8221;1&#8243; _builder_version=&#8221;4.26.1&#8243; _module_preset=&#8221;default&#8221; global_colors_info=&#8221;{}&#8221;][et_pb_row module_class=&#8221;contenido&#8221; _builder_version=&#8221;4.26.1&#8243; _module_preset=&#8221;default&#8221; global_colors_info=&#8221;{}&#8221;][et_pb_column type=&#8221;4_4&#8243; _builder_version=&#8221;4.26.1&#8243; _module_preset=&#8221;default&#8221; global_colors_info=&#8221;{}&#8221;][et_pb_text _builder_version=&#8221;4.26.1&#8243; _module_preset=&#8221;default&#8221; global_colors_info=&#8221;{}&#8221;]<\/p>\n<p><strong>Vost\u00e8 t\u00e9 dret a triar notari<\/strong><br \/>Vost\u00e8 t\u00e9 dret a triar al seu notari i es considera il\u00b7legal qualsevol conducta o contracte que li negui aquest dret.<\/p>\n<p><strong>El notari presta especial assist\u00e8ncia a qui m\u00e9s la necessita<\/strong><br \/>El notari assessora amb imparcialitat i vela pel respecte dels drets b\u00e0sics dels consumidors i usuaris.<\/p>\n<p><strong>En una compravenda<\/strong><br \/>El comprador t\u00e9 dret a triar notari per ser qui paga la major part dels aranzels notarials.<\/p>\n<p><strong>Com a client d&#8217;un banc o en adquirir un b\u00e9 o dret<\/strong><br \/>Vost\u00e8 t\u00e9 dret a triar notari per a equilibrar la possible situaci\u00f3 de predomini d&#8217;una de les parts. Que un gran operador econ\u00f2mic tri\u00ef el notari \u00e9s una pr\u00e0ctica abusiva en perjudici del client.<\/p>\n<p><strong>Pot denunciar la vulneraci\u00f3 del seu dret a triar notari en el Servei d&#8217;Atenci\u00f3 a l&#8217;Usuari: <a href=\"mailto:sau@catalunya.notariado.org\">sau@catalunya.notariado.org<\/a><\/strong><\/p>\n<p><strong>No coneix cap notari?<\/strong><br \/>El Col\u00b7legi Notarial de Catalunya l\u2019informar\u00e0.<\/p>\n<p><a href=\"mailto:info@catalunya.notariado.org\">info@catalunya.notariado.org <\/a><br \/>Tel\u00e8fon: 93 317 48 00<\/p>\n<p>[\/et_pb_text][\/et_pb_column][\/et_pb_row][\/et_pb_section]<\/p>\n","protected":false},"excerpt":{"rendered":"<p>Vost\u00e8 t\u00e9 dret a triar notariVost\u00e8 t\u00e9 dret a triar al seu notari i es considera il\u00b7legal qualsevol conducta o contracte que li negui aquest dret. El notari presta especial assist\u00e8ncia a qui m\u00e9s la necessitaEl notari assessora amb imparcialitat i vela pel respecte dels drets b\u00e0sics dels consumidors i usuaris. En una compravendaEl comprador t\u00e9 dret a triar notari per ser qui paga la major part dels aranzels notarials. Com a client d&#8217;un banc o en adquirir un b\u00e9 o dretVost\u00e8 t\u00e9 dret a triar notari per a equilibrar la possible situaci\u00f3 de predomini d&#8217;una de les parts. Que un gran operador econ\u00f2mic tri\u00ef el notari \u00e9s una pr\u00e0ctica abusiva en perjudici del client. Pot denunciar la vulneraci\u00f3 del seu dret a triar notari en el Servei d&#8217;Atenci\u00f3 a l&#8217;Usuari: sau@catalunya.notariado.org No coneix cap notari?El Col\u00b7legi Notarial de Catalunya l\u2019informar\u00e0. info@catalunya.notariado.org Tel\u00e8fon: 93 317 48 00<\/p>\n","protected":false},"author":1,"featured_media":14323,"parent":11308,"menu_order":3,"comment_status":"closed","ping_status":"closed","template":"","meta":{"_acf_changed":false,"_et_pb_use_builder":"on","_et_pb_old_content":"","_et_gb_content_width":"","ngg_post_thumbnail":0,"_price":"","_stock":"","_tribe_ticket_header":"","_tribe_default_ticket_provider":"","_tribe_ticket_capacity":"0","_ticket_start_date":"","_ticket_end_date":"","_tribe_ticket_show_description":"","_tribe_ticket_show_not_going":false,"_tribe_ticket_use_global_stock":"","_tribe_ticket_global_stock_level":"","_global_stock_mode":"","_global_stock_cap":"","_tribe_rsvp_for_event":"","_tribe_ticket_going_count":"","_tribe_ticket_not_going_count":"","_tribe_tickets_list":"[]","_tribe_ticket_has_attendee_info_fields":false,"footnotes":"","_tec_slr_enabled":"","_tec_slr_layout":""},"class_list":["post-11331","page","type-page","status-publish","has-post-thumbnail","hentry"],"acf":[],"ticketed":false,"_links":{"self":[{"href":"https:\/\/www.colegionotarial.org\/ca\/wp-json\/wp\/v2\/pages\/11331","targetHints":{"allow":["GET"]}}],"collection":[{"href":"https:\/\/www.colegionotarial.org\/ca\/wp-json\/wp\/v2\/pages"}],"about":[{"href":"https:\/\/www.colegionotarial.org\/ca\/wp-json\/wp\/v2\/types\/page"}],"author":[{"embeddable":true,"href":"https:\/\/www.colegionotarial.org\/ca\/wp-json\/wp\/v2\/users\/1"}],"replies":[{"embeddable":true,"href":"https:\/\/www.colegionotarial.org\/ca\/wp-json\/wp\/v2\/comments?post=11331"}],"version-history":[{"count":4,"href":"https:\/\/www.colegionotarial.org\/ca\/wp-json\/wp\/v2\/pages\/11331\/revisions"}],"predecessor-version":[{"id":12659,"href":"https:\/\/www.colegionotarial.org\/ca\/wp-json\/wp\/v2\/pages\/11331\/revisions\/12659"}],"up":[{"embeddable":true,"href":"https:\/\/www.colegionotarial.org\/ca\/wp-json\/wp\/v2\/pages\/11308"}],"wp:featuredmedia":[{"embeddable":true,"href":"https:\/\/www.colegionotarial.org\/ca\/wp-json\/wp\/v2\/media\/14323"}],"wp:attachment":[{"href":"https:\/\/www.colegionotarial.org\/ca\/wp-json\/wp\/v2\/media?parent=11331"}],"curies":[{"name":"wp","href":"https:\/\/api.w.org\/{rel}","templated":true}]}}