{"id":11321,"date":"2024-08-28T08:50:24","date_gmt":"2024-08-28T06:50:24","guid":{"rendered":"https:\/\/www.colegionotarial.org\/col-legi\/notariat\/funciones\/"},"modified":"2024-10-16T11:31:18","modified_gmt":"2024-10-16T09:31:18","slug":"documents-notarials","status":"publish","type":"page","link":"https:\/\/www.colegionotarial.org\/ca\/col-legi\/notariat\/documents-notarials\/","title":{"rendered":"Documents notarials"},"content":{"rendered":"<p>[et_pb_section fb_built=&#8221;1&#8243; _builder_version=&#8221;4.26.1&#8243; _module_preset=&#8221;default&#8221; global_colors_info=&#8221;{}&#8221;][et_pb_row module_class=&#8221;contenido&#8221; _builder_version=&#8221;4.26.1&#8243; _module_preset=&#8221;default&#8221; global_colors_info=&#8221;{}&#8221;][et_pb_column type=&#8221;4_4&#8243; _builder_version=&#8221;4.26.1&#8243; _module_preset=&#8221;default&#8221; global_colors_info=&#8221;{}&#8221;][et_pb_text _builder_version=&#8221;4.26.1&#8243; _module_preset=&#8221;default&#8221; global_colors_info=&#8221;{}&#8221;]<\/p>\n<p>El notari assessora els ciutadans o empreses, sense cap cost, aconsellant la millor manera de donar forma jur\u00eddica a aquella contractaci\u00f3. Els ciutadans tenen dret a la lliure elecci\u00f3 de notari, que es distribueixen geogr\u00e0ficament en qualsevol part de tot el territori, arribant fins i tot a poblacions de 1.000 habitants.<\/p>\n<h2>PARTICULARITATS<\/h2>\n<p>Entre les funcions notarials dirigides als particulars es troba la realitzaci\u00f3 de qualsevol acte jur\u00eddic relacionat amb la contractaci\u00f3 privada civil o mercantil, amb la vida familiar o amb les successions per causa de mort.<\/p>\n<h3>Actes familiars i personals<\/h3>\n<p>S\u00f3n aquells actes relacionats amb l&#8217;expressa voluntat del qui els signa de transmetre el seu patrimoni, fixar mesures de protecci\u00f3 o reconeixement, establir vincles familiars, etc.<\/p>\n<ul>\n<li>Testament<\/li>\n<li>Testament vital<\/li>\n<li>Donaci\u00f3<\/li>\n<li>Autotutela<\/li>\n<li>Declaraci\u00f3 d&#8217;hereus abintestat<\/li>\n<li>Emancipaci\u00f3 d&#8217;un fill<\/li>\n<li>Informaci\u00f3 a entitats ben\u00e8fiques benefici\u00e0ries de llegats o her\u00e8ncies que desconeixen<\/li>\n<li>Inventari de b\u00e9ns<\/li>\n<li>Manifestaci\u00f3 i partici\u00f3 d&#8217;her\u00e8ncia i actes particionals<\/li>\n<li>Mesures de protecci\u00f3 de familiars disminu\u00efts o incapacitats<\/li>\n<li>Unions de parelles de fet<\/li>\n<li>Modificaci\u00f3 del r\u00e8gim matrimonial<\/li>\n<\/ul>\n<h3>Habitatges i immobles<\/h3>\n<p>En refer\u00e8ncia a aquells negocis jur\u00eddics vinculats a l&#8217;habitatge o a qualsevol altre b\u00e9 immoble.<\/p>\n<ul>\n<li>Compravendes<\/li>\n<li>Constituci\u00f3 de pr\u00e9stecs hipotecaris<\/li>\n<li>Cancel\u00b7laci\u00f3, novaci\u00f3 i subrogaci\u00f3 d&#8217;hipoteques<\/li>\n<li>Execuci\u00f3 hipotec\u00e0ria extrajudicial<\/li>\n<li>Arrendaments<\/li>\n<li>Comunicacions als ajuntaments de les noves finques transmeses o creades<\/li>\n<li>Constituci\u00f3 de servituds o carregues<\/li>\n<li>Constituci\u00f3 d&#8217;usdefruits i rendes<\/li>\n<li>Comunicacions al Cadastre<\/li>\n<\/ul>\n<h3>Poders<\/h3>\n<p>S\u00f3n aquells documents p\u00fablics autoritzats davant notari que permeten a una persona o empresa (poderdant) designar a una altra (apoderat) com a representant en determinats actes jur\u00eddics i materials.<\/p>\n<ul>\n<li>\u00a0Poders generals: permeten a una persona facultar a una altra persona perqu\u00e8 pugui fer en el seu nom qualsevol acte jur\u00eddic, exceptuant els relacionats amb a pr\u00f2pia persona (per exemple, el testament).<\/li>\n<li>Poders especials: referit a un b\u00e9 jur\u00eddic concret sobre el que es vol realitzar un acte.<\/li>\n<li>Poders espec\u00edfics: per a determinades funcions. Per exemple, per plets, per a contreure matrimoni, per a delegar una decisi\u00f3 m\u00e8dic-quir\u00fargica, o per a l&#8217;administraci\u00f3 de b\u00e9ns.<\/li>\n<\/ul>\n<h3>Actes<\/h3>\n<p>S\u00f3n documents notarials en qu\u00e8 el notari dona fe dels fets que percep i constitueixen una prova incontestable d&#8217;all\u00f2, sense que sigui discutible ni tan sols en seu judicial, tret que es presenti querella de falsedat.<\/p>\n<ul>\n<li>de pres\u00e8ncia<\/li>\n<li>de manifestacions o de refer\u00e8ncia<\/li>\n<li>de remissi\u00f3 de documents per correu<\/li>\n<li>de notificaci\u00f3 i requeriment<\/li>\n<li>d&#8217;exhibici\u00f3 de coses i documents<\/li>\n<li>de notorietat<\/li>\n<li>de protocol\u00b7litzaci\u00f3<\/li>\n<li>de dip\u00f2sit davant notari<\/li>\n<li>de subhastes<\/li>\n<li>de sorteig<\/li>\n<\/ul>\n<h2>EMPRESES<\/h2>\n<p>Els notaris tamb\u00e9 realitzen nombrosos actes jur\u00eddics relacionats amb el m\u00f3n empresarial. Una de les seves principals funcions \u00e9s la constituci\u00f3 d&#8217;empreses, assessorant sobre quina forma jur\u00eddica s&#8217;adequa a les necessitats del contractant i garantint la legalitat de tot el procediment.<\/p>\n<p>L&#8217;activitat empresarial genera un important volum d&#8217;activitat jur\u00eddica, sent els actes m\u00e9s destacats:<\/p>\n<ul>\n<li>Constituci\u00f3 de societats an\u00f2nimes i limitades<\/li>\n<li>Constituci\u00f3 de cooperatives i societats professionals<\/li>\n<li>Dissoluci\u00f3 i liquidaci\u00f3 de societats<\/li>\n<li>Emprenedor de Responsabilitat Limitada<\/li>\n<li>Dissoluci\u00f3 de societats conjugals<\/li>\n<li>Societats patrimonials<\/li>\n<li>Pr\u00e9stecs personals i hipotecaris<\/li>\n<li>Formalitzaci\u00f3 d&#8217;operacions financeres<\/li>\n<li>Fusions, escissions i transformacions<\/li>\n<li>L\u00edsing immobiliari<\/li>\n<li>Transmissi\u00f3 d&#8217;accions i participacions<\/li>\n<li>Transmissi\u00f3 de patents i marques<\/li>\n<li>Pr\u00e9stecs, p\u00f2lisses i cancel\u00b7lacions<\/li>\n<\/ul>\n<p>Es tracta d&#8217;actes jur\u00eddics que suposen f\u00f3rmules de finan\u00e7ament, ja sigui personal \u2013 un cr\u00e8dit personal, per exemple &#8211; ja sigui empresarial \u2013 una p\u00f2lissa de cr\u00e8dit, per exemple.<\/p>\n<p>En aquests actes, la pres\u00e8ncia del notari garanteix l&#8217;assessorament reequilibrador, ajustant-se a la voluntat de les parts, i el compliment de la legalitat.<\/p>\n<h2>ALTRES DOCUMENTS<\/h2>\n<p>Altres documents que tamb\u00e9 requereixen de la intervenci\u00f3 notarial s\u00f3n:<\/p>\n<ul>\n<li>Certificaci\u00f3 de c\u00f2pies<\/li>\n<li>Protocol\u00b7litzaci\u00f3 de documents<\/li>\n<li>Declaracions al Registre d&#8217;Inversions Estrangeres<\/li>\n<li>Reconeixement d&#8217;un fill<\/li>\n<li>Constituci\u00f3 de fundacions i associacions<\/li>\n<li>Etc.<\/li>\n<\/ul>\n<p>[\/et_pb_text][\/et_pb_column][\/et_pb_row][\/et_pb_section]<\/p>\n","protected":false},"excerpt":{"rendered":"<p>El notari assessora els ciutadans o empreses, sense cap cost, aconsellant la millor manera de donar forma jur\u00eddica a aquella contractaci\u00f3. Els ciutadans tenen dret a la lliure elecci\u00f3 de notari, que es distribueixen geogr\u00e0ficament en qualsevol part de tot el territori, arribant fins i tot a poblacions de 1.000 habitants. PARTICULARITATS Entre les funcions notarials dirigides als particulars es troba la realitzaci\u00f3 de qualsevol acte jur\u00eddic relacionat amb la contractaci\u00f3 privada civil o mercantil, amb la vida familiar o amb les successions per causa de mort. Actes familiars i personals S\u00f3n aquells actes relacionats amb l&#8217;expressa voluntat del qui els signa de transmetre el seu patrimoni, fixar mesures de protecci\u00f3 o reconeixement, establir vincles familiars, etc. Testament Testament vital Donaci\u00f3 Autotutela Declaraci\u00f3 d&#8217;hereus abintestat Emancipaci\u00f3 d&#8217;un fill Informaci\u00f3 a entitats ben\u00e8fiques benefici\u00e0ries de llegats o her\u00e8ncies que desconeixen Inventari de b\u00e9ns Manifestaci\u00f3 i partici\u00f3 d&#8217;her\u00e8ncia i actes particionals Mesures de protecci\u00f3 de familiars disminu\u00efts o incapacitats Unions de parelles de fet Modificaci\u00f3 del r\u00e8gim matrimonial Habitatges i immobles En refer\u00e8ncia a aquells negocis jur\u00eddics vinculats a l&#8217;habitatge o a qualsevol altre b\u00e9 immoble. Compravendes Constituci\u00f3 de pr\u00e9stecs hipotecaris Cancel\u00b7laci\u00f3, novaci\u00f3 i subrogaci\u00f3 d&#8217;hipoteques Execuci\u00f3 hipotec\u00e0ria extrajudicial Arrendaments Comunicacions als [&hellip;]<\/p>\n","protected":false},"author":1,"featured_media":14055,"parent":11308,"menu_order":1,"comment_status":"closed","ping_status":"closed","template":"","meta":{"_acf_changed":false,"_et_pb_use_builder":"on","_et_pb_old_content":"","_et_gb_content_width":"","ngg_post_thumbnail":0,"_price":"","_stock":"","_tribe_ticket_header":"","_tribe_default_ticket_provider":"","_tribe_ticket_capacity":"0","_ticket_start_date":"","_ticket_end_date":"","_tribe_ticket_show_description":"","_tribe_ticket_show_not_going":false,"_tribe_ticket_use_global_stock":"","_tribe_ticket_global_stock_level":"","_global_stock_mode":"","_global_stock_cap":"","_tribe_rsvp_for_event":"","_tribe_ticket_going_count":"","_tribe_ticket_not_going_count":"","_tribe_tickets_list":"[]","_tribe_ticket_has_attendee_info_fields":false,"footnotes":"","_tec_slr_enabled":"","_tec_slr_layout":""},"class_list":["post-11321","page","type-page","status-publish","has-post-thumbnail","hentry"],"acf":[],"ticketed":false,"_links":{"self":[{"href":"https:\/\/www.colegionotarial.org\/ca\/wp-json\/wp\/v2\/pages\/11321","targetHints":{"allow":["GET"]}}],"collection":[{"href":"https:\/\/www.colegionotarial.org\/ca\/wp-json\/wp\/v2\/pages"}],"about":[{"href":"https:\/\/www.colegionotarial.org\/ca\/wp-json\/wp\/v2\/types\/page"}],"author":[{"embeddable":true,"href":"https:\/\/www.colegionotarial.org\/ca\/wp-json\/wp\/v2\/users\/1"}],"replies":[{"embeddable":true,"href":"https:\/\/www.colegionotarial.org\/ca\/wp-json\/wp\/v2\/comments?post=11321"}],"version-history":[{"count":7,"href":"https:\/\/www.colegionotarial.org\/ca\/wp-json\/wp\/v2\/pages\/11321\/revisions"}],"predecessor-version":[{"id":18817,"href":"https:\/\/www.colegionotarial.org\/ca\/wp-json\/wp\/v2\/pages\/11321\/revisions\/18817"}],"up":[{"embeddable":true,"href":"https:\/\/www.colegionotarial.org\/ca\/wp-json\/wp\/v2\/pages\/11308"}],"wp:featuredmedia":[{"embeddable":true,"href":"https:\/\/www.colegionotarial.org\/ca\/wp-json\/wp\/v2\/media\/14055"}],"wp:attachment":[{"href":"https:\/\/www.colegionotarial.org\/ca\/wp-json\/wp\/v2\/media?parent=11321"}],"curies":[{"name":"wp","href":"https:\/\/api.w.org\/{rel}","templated":true}]}}