{"id":11313,"date":"2024-08-28T08:55:06","date_gmt":"2024-08-28T06:55:06","guid":{"rendered":"https:\/\/www.colegionotarial.org\/col-legi\/notariat\/que-es-ser-notario\/"},"modified":"2024-09-20T13:07:36","modified_gmt":"2024-09-20T11:07:36","slug":"que-es-ser-notari","status":"publish","type":"page","link":"https:\/\/www.colegionotarial.org\/ca\/col-legi\/notariat\/que-es-ser-notari\/","title":{"rendered":"Qu\u00e8 \u00e9s ser notari"},"content":{"rendered":"<p>[et_pb_section fb_built=&#8221;1&#8243; _builder_version=&#8221;4.26.1&#8243; _module_preset=&#8221;default&#8221; global_colors_info=&#8221;{}&#8221;][et_pb_row module_class=&#8221;contenido&#8221; _builder_version=&#8221;4.26.1&#8243; _module_preset=&#8221;default&#8221; global_colors_info=&#8221;{}&#8221;][et_pb_column type=&#8221;4_4&#8243; _builder_version=&#8221;4.26.1&#8243; _module_preset=&#8221;default&#8221; global_colors_info=&#8221;{}&#8221;][et_pb_text _builder_version=&#8221;4.26.1&#8243; _module_preset=&#8221;default&#8221; global_colors_info=&#8221;{}&#8221;]<\/p>\n<p>Els notaris, tots ells llicenciats en Dret i havent accedit a la professi\u00f3 superant una rigorosa oposici\u00f3, tenen una doble vessant professional.<\/p>\n<p>D&#8217;una banda, s\u00f3n funcionaris p\u00fablics que garanteixen als ciutadans la seguretat jur\u00eddica necess\u00e0ria que estableix la Constituci\u00f3 en el seu article 9\u00e8 en l&#8217;\u00e0mbit del tr\u00e0fic jur\u00eddic extrajudicial. I, al mateix temps, s\u00f3n professionals del Dret que exerceixen sota el r\u00e8gim de compet\u00e8ncia, \u00e9s a dir, que s\u00f3n ells mateixos qui s&#8217;encarreguen de la gesti\u00f3 i organitzaci\u00f3 dels seus despatxos.<\/p>\n<p>L&#8217;assessorament reequilibrador, la imparcialitat i la independ\u00e8ncia s\u00f3n caracter\u00edstiques fonamentals de la figura del notari, que t\u00e9 com a principal funci\u00f3 assessorar els ciutadans, les empreses i l&#8217;Administraci\u00f3 en la configuraci\u00f3 d&#8217;aquells contractes o negocis jur\u00eddics que millor s&#8217;ajustin a les seves necessitats i en el marc de l&#8217;estricta legalitat.<\/p>\n<p>El notari \u00e9s garantia de legitimitat i seguretat tant per als particulars com per a l&#8217;Estat.<\/p>\n<p>El Notariat presta una funci\u00f3 p\u00fablica que consisteix en:<\/p>\n<ul>\n<li>garantir als ciutadans un assessorament jur\u00eddic de proximitat en tots els camps del dret privat;<\/li>\n<li>redactar amb rigor jur\u00eddic i d&#8217;acord amb la voluntat comuna de les persones interessades els documents que contenen els actes i negocis jur\u00eddics de la vida civil i mercantil;<\/li>\n<li>autoritzar aquests documents i, per tant, dotar-los de la for\u00e7a probat\u00f2ria, de valor executiu, i amb la presumpci\u00f3 de legalitat que els atribueix la Llei;<\/li>\n<li>conservar els documents originals en arxius estrictament secrets, p\u00fablics per\u00f2 d&#8217;inter\u00e8s privat, lliurant les c\u00f2pies que conv\u00e9.<\/li>\n<\/ul>\n<h2>L\u2019acc\u00e9s a la professi\u00f3 i la remuneraci\u00f3<\/h2>\n<p>L&#8217;acc\u00e9s a aquest cos t\u00e9 lloc mitjan\u00e7ant una oposici\u00f3, que es convoca aproximadament cada dos anys a nivell nacional.<\/p>\n<p>Una vegada obtingut el t\u00edtol els notaris, i en funci\u00f3 de les places vacants i la nota obtinguda, prenen possessi\u00f3 a la corresponent localitat.<\/p>\n<p>La remuneraci\u00f3 es regula per l&#8217;aranzel que fixa el Govern, \u00e9s a dir, \u00e9s el Ministeri de Just\u00edcia qui fixa el cost dels documents notarials.<\/p>\n<p>[\/et_pb_text][\/et_pb_column][\/et_pb_row][\/et_pb_section]<\/p>\n","protected":false},"excerpt":{"rendered":"<p>Els notaris, tots ells llicenciats en Dret i havent accedit a la professi\u00f3 superant una rigorosa oposici\u00f3, tenen una doble vessant professional. D&#8217;una banda, s\u00f3n funcionaris p\u00fablics que garanteixen als ciutadans la seguretat jur\u00eddica necess\u00e0ria que estableix la Constituci\u00f3 en el seu article 9\u00e8 en l&#8217;\u00e0mbit del tr\u00e0fic jur\u00eddic extrajudicial. I, al mateix temps, s\u00f3n professionals del Dret que exerceixen sota el r\u00e8gim de compet\u00e8ncia, \u00e9s a dir, que s\u00f3n ells mateixos qui s&#8217;encarreguen de la gesti\u00f3 i organitzaci\u00f3 dels seus despatxos. L&#8217;assessorament reequilibrador, la imparcialitat i la independ\u00e8ncia s\u00f3n caracter\u00edstiques fonamentals de la figura del notari, que t\u00e9 com a principal funci\u00f3 assessorar els ciutadans, les empreses i l&#8217;Administraci\u00f3 en la configuraci\u00f3 d&#8217;aquells contractes o negocis jur\u00eddics que millor s&#8217;ajustin a les seves necessitats i en el marc de l&#8217;estricta legalitat. El notari \u00e9s garantia de legitimitat i seguretat tant per als particulars com per a l&#8217;Estat. El Notariat presta una funci\u00f3 p\u00fablica que consisteix en: garantir als ciutadans un assessorament jur\u00eddic de proximitat en tots els camps del dret privat; redactar amb rigor jur\u00eddic i d&#8217;acord amb la voluntat comuna de les persones interessades els documents que contenen els actes i negocis jur\u00eddics de la vida civil i [&hellip;]<\/p>\n","protected":false},"author":1,"featured_media":14094,"parent":11308,"menu_order":0,"comment_status":"closed","ping_status":"closed","template":"","meta":{"_acf_changed":false,"_et_pb_use_builder":"on","_et_pb_old_content":"","_et_gb_content_width":"","ngg_post_thumbnail":0,"_price":"","_stock":"","_tribe_ticket_header":"","_tribe_default_ticket_provider":"","_tribe_ticket_capacity":"0","_ticket_start_date":"","_ticket_end_date":"","_tribe_ticket_show_description":"","_tribe_ticket_show_not_going":false,"_tribe_ticket_use_global_stock":"","_tribe_ticket_global_stock_level":"","_global_stock_mode":"","_global_stock_cap":"","_tribe_rsvp_for_event":"","_tribe_ticket_going_count":"","_tribe_ticket_not_going_count":"","_tribe_tickets_list":"[]","_tribe_ticket_has_attendee_info_fields":false,"footnotes":"","_tec_slr_enabled":"","_tec_slr_layout":""},"class_list":["post-11313","page","type-page","status-publish","has-post-thumbnail","hentry"],"acf":[],"ticketed":false,"_links":{"self":[{"href":"https:\/\/www.colegionotarial.org\/ca\/wp-json\/wp\/v2\/pages\/11313","targetHints":{"allow":["GET"]}}],"collection":[{"href":"https:\/\/www.colegionotarial.org\/ca\/wp-json\/wp\/v2\/pages"}],"about":[{"href":"https:\/\/www.colegionotarial.org\/ca\/wp-json\/wp\/v2\/types\/page"}],"author":[{"embeddable":true,"href":"https:\/\/www.colegionotarial.org\/ca\/wp-json\/wp\/v2\/users\/1"}],"replies":[{"embeddable":true,"href":"https:\/\/www.colegionotarial.org\/ca\/wp-json\/wp\/v2\/comments?post=11313"}],"version-history":[{"count":3,"href":"https:\/\/www.colegionotarial.org\/ca\/wp-json\/wp\/v2\/pages\/11313\/revisions"}],"predecessor-version":[{"id":11316,"href":"https:\/\/www.colegionotarial.org\/ca\/wp-json\/wp\/v2\/pages\/11313\/revisions\/11316"}],"up":[{"embeddable":true,"href":"https:\/\/www.colegionotarial.org\/ca\/wp-json\/wp\/v2\/pages\/11308"}],"wp:featuredmedia":[{"embeddable":true,"href":"https:\/\/www.colegionotarial.org\/ca\/wp-json\/wp\/v2\/media\/14094"}],"wp:attachment":[{"href":"https:\/\/www.colegionotarial.org\/ca\/wp-json\/wp\/v2\/media?parent=11313"}],"curies":[{"name":"wp","href":"https:\/\/api.w.org\/{rel}","templated":true}]}}