{"id":11271,"date":"2024-06-11T11:42:37","date_gmt":"2024-06-11T09:42:37","guid":{"rendered":"https:\/\/www.colegionotarial.org\/colegio\/"},"modified":"2026-03-09T14:53:20","modified_gmt":"2026-03-09T13:53:20","slug":"col-legi","status":"publish","type":"page","link":"https:\/\/www.colegionotarial.org\/ca\/col-legi\/","title":{"rendered":"El Col\u00b7legi"},"content":{"rendered":"<p>[et_pb_section fb_built=&#8221;1&#8243; module_class=&#8221;contenido&#8221; _builder_version=&#8221;4.25.1&#8243; _module_preset=&#8221;default&#8221; global_colors_info=&#8221;{}&#8221;][et_pb_row _builder_version=&#8221;4.25.1&#8243; _module_preset=&#8221;default&#8221; custom_padding=&#8221;|15px||15px|false|false&#8221; global_colors_info=&#8221;{}&#8221;][et_pb_column type=&#8221;4_4&#8243; _builder_version=&#8221;4.25.1&#8243; _module_preset=&#8221;default&#8221; global_colors_info=&#8221;{}&#8221;][et_pb_text ul_type=&#8221;circle&#8221; _builder_version=&#8221;4.25.1&#8243; _module_preset=&#8221;default&#8221; link_font=&#8221;|600|||||||&#8221; global_colors_info=&#8221;{%22gcid-84f3cc8b-3b8f-4dca-8f6a-f958ef42e056%22:%91%22link_text_color__hover%22%93}&#8221; link_text_color__hover_enabled=&#8221;on|hover&#8221; link_text_color__hover=&#8221;#76767a&#8221;]<\/p>\n<p>Els notaris formen part d&#8217;un cos \u00fanic estatal adscrit al Ministeri de Just\u00edcia, sota el control i la inspecci\u00f3 del Col\u00b7legi Notarial i de la Direcci\u00f3 General de Seguretat jur\u00eddica i Fe P\u00fablica.<\/p>\n<p>El Col\u00b7legi est\u00e0 dirigit per la Junta General, formada per la totalitat dels notaris en actiu a Catalunya; la Junta Directiva, amb mandats per per\u00edodes de quatre anys; i el Deg\u00e0, triat igualment de manera directa.<\/p>\n<p>Existeixen 34 districtes notarials:<\/p>\n<ul>\n<li>17 a la prov\u00edncia de Barcelona<\/li>\n<li>6 a la prov\u00edncia de Girona<\/li>\n<li>6 a la prov\u00edncia de Lleida<\/li>\n<li>5 a la prov\u00edncia de Tarragona<\/li>\n<\/ul>\n<p>Cadascun d&#8217;ells compta amb un Delegat i Subdelegat, que recolzen en la Junta Directiva en l&#8217;exercici de les seves funcions al territori.<\/p>\n<p>Fins a ben entrat el segle XIX, el Notariat catal\u00e0 va mantenir viu l&#8217;\u00fas de la llengua catalana en la documentaci\u00f3 jur\u00eddica juntament amb el llat\u00ed i, a partir del segle XVIII, del castell\u00e0. Ara, contribueix a recuperar-la d&#8217;acord amb la voluntat dels atorgants.<\/p>\n<p>Els notaris han tingut sovint una intervenci\u00f3 rellevant en la vida p\u00fablica catalana, sobretot en l&#8217;\u00e0mbit jur\u00eddic, per\u00f2 tamb\u00e9 en el pol\u00edtic, en l&#8217;econ\u00f2mic i en el cultural. En aquest sentit, n&#8217;hi ha prou amb remarcar les personalitats de F\u00e9lix M Falguera, Antoni Par, Ramon Faus Esteve, Enric Gabarr\u00f3, Raimon Noguera, Llu\u00eds Figa Faura, Josep M. Puig Salellas o Llu\u00eds Roca-Sastre Muncunill, tots ells exdegans del Col\u00b7legi.<\/p>\n<p>Avui, el Col\u00b7legi Notarial, com tamb\u00e9 el Notariat, \u00e9s una instituci\u00f3 moderna i oberta a tots els canvis sociol\u00f2gics, institucionals, jur\u00eddics i tecnol\u00f2gics del canvi de segle.<\/p>\n<p>[\/et_pb_text][\/et_pb_column][\/et_pb_row][\/et_pb_section]<\/p>\n","protected":false},"excerpt":{"rendered":"<p>Els notaris formen part d&#8217;un cos \u00fanic estatal adscrit al Ministeri de Just\u00edcia, sota el control i la inspecci\u00f3 del Col\u00b7legi Notarial i de la Direcci\u00f3 General de Seguretat jur\u00eddica i Fe P\u00fablica. El Col\u00b7legi est\u00e0 dirigit per la Junta General, formada per la totalitat dels notaris en actiu a Catalunya; la Junta Directiva, amb mandats per per\u00edodes de quatre anys; i el Deg\u00e0, triat igualment de manera directa. Existeixen 34 districtes notarials: 17 a la prov\u00edncia de Barcelona 6 a la prov\u00edncia de Girona 6 a la prov\u00edncia de Lleida 5 a la prov\u00edncia de Tarragona Cadascun d&#8217;ells compta amb un Delegat i Subdelegat, que recolzen en la Junta Directiva en l&#8217;exercici de les seves funcions al territori. Fins a ben entrat el segle XIX, el Notariat catal\u00e0 va mantenir viu l&#8217;\u00fas de la llengua catalana en la documentaci\u00f3 jur\u00eddica juntament amb el llat\u00ed i, a partir del segle XVIII, del castell\u00e0. Ara, contribueix a recuperar-la d&#8217;acord amb la voluntat dels atorgants. Els notaris han tingut sovint una intervenci\u00f3 rellevant en la vida p\u00fablica catalana, sobretot en l&#8217;\u00e0mbit jur\u00eddic, per\u00f2 tamb\u00e9 en el pol\u00edtic, en l&#8217;econ\u00f2mic i en el cultural. En aquest sentit, n&#8217;hi ha prou amb remarcar les [&hellip;]<\/p>\n","protected":false},"author":1,"featured_media":10495,"parent":0,"menu_order":0,"comment_status":"closed","ping_status":"open","template":"","meta":{"_acf_changed":false,"_et_pb_use_builder":"on","_et_pb_old_content":"","_et_gb_content_width":"","ngg_post_thumbnail":0,"_price":"","_stock":"","_tribe_ticket_header":"","_tribe_default_ticket_provider":"","_tribe_ticket_capacity":"0","_ticket_start_date":"","_ticket_end_date":"","_tribe_ticket_show_description":"","_tribe_ticket_show_not_going":false,"_tribe_ticket_use_global_stock":"","_tribe_ticket_global_stock_level":"","_global_stock_mode":"","_global_stock_cap":"","_tribe_rsvp_for_event":"","_tribe_ticket_going_count":"","_tribe_ticket_not_going_count":"","_tribe_tickets_list":"[]","_tribe_ticket_has_attendee_info_fields":false,"footnotes":"","_tec_slr_enabled":"","_tec_slr_layout":""},"class_list":["post-11271","page","type-page","status-publish","has-post-thumbnail","hentry"],"acf":[],"ticketed":false,"_links":{"self":[{"href":"https:\/\/www.colegionotarial.org\/ca\/wp-json\/wp\/v2\/pages\/11271","targetHints":{"allow":["GET"]}}],"collection":[{"href":"https:\/\/www.colegionotarial.org\/ca\/wp-json\/wp\/v2\/pages"}],"about":[{"href":"https:\/\/www.colegionotarial.org\/ca\/wp-json\/wp\/v2\/types\/page"}],"author":[{"embeddable":true,"href":"https:\/\/www.colegionotarial.org\/ca\/wp-json\/wp\/v2\/users\/1"}],"replies":[{"embeddable":true,"href":"https:\/\/www.colegionotarial.org\/ca\/wp-json\/wp\/v2\/comments?post=11271"}],"version-history":[{"count":6,"href":"https:\/\/www.colegionotarial.org\/ca\/wp-json\/wp\/v2\/pages\/11271\/revisions"}],"predecessor-version":[{"id":32390,"href":"https:\/\/www.colegionotarial.org\/ca\/wp-json\/wp\/v2\/pages\/11271\/revisions\/32390"}],"wp:featuredmedia":[{"embeddable":true,"href":"https:\/\/www.colegionotarial.org\/ca\/wp-json\/wp\/v2\/media\/10495"}],"wp:attachment":[{"href":"https:\/\/www.colegionotarial.org\/ca\/wp-json\/wp\/v2\/media?parent=11271"}],"curies":[{"name":"wp","href":"https:\/\/api.w.org\/{rel}","templated":true}]}}