{"id":11270,"date":"2024-06-12T11:16:04","date_gmt":"2024-06-12T09:16:04","guid":{"rendered":"https:\/\/www.colegionotarial.org\/junta-directiva\/"},"modified":"2024-12-17T11:21:27","modified_gmt":"2024-12-17T10:21:27","slug":"junta-directiva","status":"publish","type":"page","link":"https:\/\/www.colegionotarial.org\/ca\/col-legi\/junta-directiva\/","title":{"rendered":"Junta Directiva"},"content":{"rendered":"<p>[et_pb_section fb_built=&#8221;1&#8243; module_class=&#8221;contenido&#8221; _builder_version=&#8221;4.25.1&#8243; _module_preset=&#8221;default&#8221; global_colors_info=&#8221;{}&#8221;][et_pb_row column_structure=&#8221;1_2,1_2&#8243; _builder_version=&#8221;4.25.1&#8243; _module_preset=&#8221;default&#8221; max_width=&#8221;800px&#8221; global_colors_info=&#8221;{}&#8221;][et_pb_column type=&#8221;1_2&#8243; _builder_version=&#8221;4.25.1&#8243; _module_preset=&#8221;default&#8221; global_colors_info=&#8221;{}&#8221;][ba_advanced_team member_name=&#8221;Jos\u00e9 Alberto Mar\u00edn S\u00e1nchez&#8221; job_title=&#8221;Deg\u00e0 President&#8221; photo_width=&#8221;200px&#8221; photo_height=&#8221;300px&#8221; photo_alignment=&#8221;center&#8221; content_alignment=&#8221;center&#8221; content_padding=&#8221;0px|0px|0px|0px|false|false&#8221; social_icon_color=&#8221;#ffffff&#8221; links_bg=&#8221;#3979ff&#8221; links_radius=&#8221;50px&#8221; name_bottom_spacing=&#8221;0px&#8221; job_bottom_spacing=&#8221;0px&#8221; overlay_on_hover=&#8221;off&#8221; _builder_version=&#8221;4.27.3&#8243; _module_preset=&#8221;default&#8221; name_font=&#8221;|700|||||||&#8221; name_text_color=&#8221;#3979ff&#8221; name_font_size=&#8221;1rem&#8221; animation_style=&#8221;slide&#8221; animation_direction=&#8221;bottom&#8221; animation_duration=&#8221;800ms&#8221; animation_speed_curve=&#8221;ease-out&#8221; hover_enabled=&#8221;0&#8243; custom_css_free_form=&#8221;h3.dtq-team-content-name {margin: 20px 0 5px!important;}&#8221; border_radii_photo=&#8221;on||||&#8221; border_width_all_photo=&#8221;1px&#8221; border_color_all_photo=&#8221;#FFFFFF&#8221; global_colors_info=&#8221;{}&#8221; border_color_all_photo__hover_enabled=&#8221;on|desktop&#8221; border_color_all_photo__hover=&#8221;#000000&#8243; title_text=&#8221;WhatsApp Image 2024-12-17 at 11.18.42&#8243; photo=&#8221;https:\/\/www.colegionotarial.org\/wp-content\/uploads\/2024\/12\/WhatsApp-Image-2024-12-17-at-11.18.42.jpeg&#8221; sticky_enabled=&#8221;0&#8243;][\/ba_advanced_team][\/et_pb_column][et_pb_column type=&#8221;1_2&#8243; _builder_version=&#8221;4.25.1&#8243; _module_preset=&#8221;default&#8221; global_colors_info=&#8221;{}&#8221;][ba_advanced_team photo=&#8221;https:\/\/www.colegionotarial.org\/wp-content\/uploads\/2024\/12\/Raquel-Iglesias.png&#8221; member_name=&#8221;Raquel Iglesias Pajares&#8221; job_title=&#8221;Vicedegana&#8221; photo_width=&#8221;200px&#8221; photo_height=&#8221;300px&#8221; photo_alignment=&#8221;center&#8221; content_alignment=&#8221;center&#8221; content_padding=&#8221;0px|0px|0px|0px|false|false&#8221; social_icon_color=&#8221;#ffffff&#8221; links_bg=&#8221;#3979ff&#8221; links_radius=&#8221;50px&#8221; name_bottom_spacing=&#8221;0px&#8221; job_bottom_spacing=&#8221;0px&#8221; overlay_on_hover=&#8221;off&#8221; _builder_version=&#8221;4.27.3&#8243; _module_preset=&#8221;default&#8221; name_font=&#8221;|700|||||||&#8221; name_text_color=&#8221;#3979ff&#8221; name_font_size=&#8221;1rem&#8221; animation_style=&#8221;slide&#8221; animation_direction=&#8221;bottom&#8221; animation_duration=&#8221;800ms&#8221; animation_speed_curve=&#8221;ease-out&#8221; custom_css_free_form=&#8221;h3.dtq-team-content-name {margin: 20px 0 5px!important;}&#8221; border_radii_photo=&#8221;on||||&#8221; border_width_all_photo=&#8221;1px&#8221; border_color_all_photo=&#8221;#FFFFFF&#8221; global_colors_info=&#8221;{}&#8221; border_color_all_photo__hover_enabled=&#8221;on|desktop&#8221; border_color_all_photo__hover=&#8221;#000000&#8243;][\/ba_advanced_team][\/et_pb_column][\/et_pb_row][et_pb_row column_structure=&#8221;1_3,1_3,1_3&#8243; _builder_version=&#8221;4.25.1&#8243; _module_preset=&#8221;default&#8221; max_width=&#8221;800px&#8221; global_colors_info=&#8221;{}&#8221;][et_pb_column type=&#8221;1_3&#8243; _builder_version=&#8221;4.25.1&#8243; _module_preset=&#8221;default&#8221; global_colors_info=&#8221;{}&#8221;][ba_advanced_team photo=&#8221;https:\/\/www.colegionotarial.org\/wp-content\/uploads\/2024\/12\/Pablo-Vazquez.png&#8221; member_name=&#8221;Pablo V\u00e1zquez Moral&#8221; job_title=&#8221;Censor 1r&#8221; photo_width=&#8221;200px&#8221; photo_height=&#8221;300px&#8221; photo_alignment=&#8221;center&#8221; content_alignment=&#8221;center&#8221; content_padding=&#8221;0px|0px|0px|0px|false|false&#8221; social_icon_color=&#8221;#ffffff&#8221; links_bg=&#8221;#3979ff&#8221; links_radius=&#8221;50px&#8221; name_bottom_spacing=&#8221;0px&#8221; job_bottom_spacing=&#8221;0px&#8221; overlay_on_hover=&#8221;off&#8221; _builder_version=&#8221;4.27.3&#8243; _module_preset=&#8221;default&#8221; name_font=&#8221;|700|||||||&#8221; name_text_color=&#8221;#3979ff&#8221; name_font_size=&#8221;1rem&#8221; animation_style=&#8221;slide&#8221; animation_direction=&#8221;bottom&#8221; animation_duration=&#8221;800ms&#8221; animation_speed_curve=&#8221;ease-out&#8221; custom_css_free_form=&#8221;h3.dtq-team-content-name {margin: 20px 0 5px!important;}&#8221; border_radii_photo=&#8221;on||||&#8221; border_width_all_photo=&#8221;1px&#8221; border_color_all_photo=&#8221;#FFFFFF&#8221; global_colors_info=&#8221;{}&#8221; border_color_all_photo__hover_enabled=&#8221;on|desktop&#8221; border_color_all_photo__hover=&#8221;#000000&#8243;][\/ba_advanced_team][\/et_pb_column][et_pb_column type=&#8221;1_3&#8243; _builder_version=&#8221;4.25.1&#8243; _module_preset=&#8221;default&#8221; global_colors_info=&#8221;{}&#8221;][ba_advanced_team photo=&#8221;https:\/\/www.colegionotarial.org\/wp-content\/uploads\/2024\/12\/Marta-Fuentes.png&#8221; member_name=&#8221;Marta Fuentes Blanco&#8221; job_title=&#8221;Censora 2a&#8221; photo_width=&#8221;200px&#8221; photo_height=&#8221;300px&#8221; photo_alignment=&#8221;center&#8221; content_alignment=&#8221;center&#8221; content_padding=&#8221;0px|0px|0px|0px|false|false&#8221; social_icon_color=&#8221;#ffffff&#8221; links_bg=&#8221;#3979ff&#8221; links_radius=&#8221;50px&#8221; name_bottom_spacing=&#8221;0px&#8221; job_bottom_spacing=&#8221;0px&#8221; overlay_on_hover=&#8221;off&#8221; _builder_version=&#8221;4.27.3&#8243; _module_preset=&#8221;default&#8221; name_font=&#8221;|700|||||||&#8221; name_text_color=&#8221;#3979ff&#8221; name_font_size=&#8221;1rem&#8221; animation_style=&#8221;slide&#8221; animation_direction=&#8221;bottom&#8221; animation_duration=&#8221;800ms&#8221; animation_speed_curve=&#8221;ease-out&#8221; custom_css_free_form=&#8221;h3.dtq-team-content-name {margin: 20px 0 5px!important;}&#8221; border_radii_photo=&#8221;on||||&#8221; border_width_all_photo=&#8221;1px&#8221; border_color_all_photo=&#8221;#FFFFFF&#8221; global_colors_info=&#8221;{}&#8221; border_color_all_photo__hover_enabled=&#8221;on|desktop&#8221; border_color_all_photo__hover=&#8221;#000000&#8243;][\/ba_advanced_team][\/et_pb_column][et_pb_column type=&#8221;1_3&#8243; _builder_version=&#8221;4.25.1&#8243; _module_preset=&#8221;default&#8221; global_colors_info=&#8221;{}&#8221;][ba_advanced_team photo=&#8221;https:\/\/www.colegionotarial.org\/wp-content\/uploads\/2024\/12\/Juan-Galdon.png&#8221; member_name=&#8221;Juan Gald\u00f3n L\u00f3pez&#8221; job_title=&#8221;Censor 3r&#8221; photo_width=&#8221;200px&#8221; photo_height=&#8221;300px&#8221; photo_alignment=&#8221;center&#8221; content_alignment=&#8221;center&#8221; content_padding=&#8221;0px|0px|0px|0px|false|false&#8221; social_icon_color=&#8221;#ffffff&#8221; links_bg=&#8221;#3979ff&#8221; links_radius=&#8221;50px&#8221; name_bottom_spacing=&#8221;0px&#8221; job_bottom_spacing=&#8221;0px&#8221; overlay_on_hover=&#8221;off&#8221; _builder_version=&#8221;4.27.3&#8243; _module_preset=&#8221;default&#8221; name_font=&#8221;|700|||||||&#8221; name_text_color=&#8221;#3979ff&#8221; name_font_size=&#8221;1rem&#8221; animation_style=&#8221;slide&#8221; animation_direction=&#8221;bottom&#8221; animation_duration=&#8221;800ms&#8221; animation_speed_curve=&#8221;ease-out&#8221; custom_css_free_form=&#8221;h3.dtq-team-content-name {margin: 20px 0 5px!important;}&#8221; border_radii_photo=&#8221;on||||&#8221; border_width_all_photo=&#8221;1px&#8221; border_color_all_photo=&#8221;#FFFFFF&#8221; global_colors_info=&#8221;{}&#8221; border_color_all_photo__hover_enabled=&#8221;on|desktop&#8221; border_color_all_photo__hover=&#8221;#000000&#8243;][\/ba_advanced_team][\/et_pb_column][\/et_pb_row][et_pb_row column_structure=&#8221;1_2,1_2&#8243; _builder_version=&#8221;4.25.1&#8243; _module_preset=&#8221;default&#8221; max_width=&#8221;800px&#8221; global_colors_info=&#8221;{}&#8221;][et_pb_column type=&#8221;1_2&#8243; _builder_version=&#8221;4.25.1&#8243; _module_preset=&#8221;default&#8221; global_colors_info=&#8221;{}&#8221;][ba_advanced_team photo=&#8221;https:\/\/www.colegionotarial.org\/wp-content\/uploads\/2024\/12\/Pilar-Martinez.png&#8221; member_name=&#8221;Pilar Mart\u00ednez-Cort\u00e9s Gimeno&#8221; job_title=&#8221;Censora 4a&#8221; photo_width=&#8221;200px&#8221; photo_height=&#8221;300px&#8221; photo_alignment=&#8221;center&#8221; content_alignment=&#8221;center&#8221; content_padding=&#8221;0px|0px|0px|0px|false|false&#8221; social_icon_color=&#8221;#ffffff&#8221; links_bg=&#8221;#3979ff&#8221; links_radius=&#8221;50px&#8221; name_bottom_spacing=&#8221;0px&#8221; job_bottom_spacing=&#8221;0px&#8221; overlay_on_hover=&#8221;off&#8221; _builder_version=&#8221;4.27.3&#8243; _module_preset=&#8221;default&#8221; name_font=&#8221;|700|||||||&#8221; name_text_color=&#8221;#3979ff&#8221; name_font_size=&#8221;1rem&#8221; animation_style=&#8221;slide&#8221; animation_direction=&#8221;bottom&#8221; animation_duration=&#8221;800ms&#8221; animation_speed_curve=&#8221;ease-out&#8221; custom_css_free_form=&#8221;h3.dtq-team-content-name {margin: 20px 0 5px!important;}&#8221; border_radii_photo=&#8221;on||||&#8221; border_width_all_photo=&#8221;1px&#8221; border_color_all_photo=&#8221;#FFFFFF&#8221; global_colors_info=&#8221;{}&#8221; border_color_all_photo__hover_enabled=&#8221;on|desktop&#8221; border_color_all_photo__hover=&#8221;#000000&#8243;][\/ba_advanced_team][\/et_pb_column][et_pb_column type=&#8221;1_2&#8243; _builder_version=&#8221;4.25.1&#8243; _module_preset=&#8221;default&#8221; global_colors_info=&#8221;{}&#8221;][ba_advanced_team photo=&#8221;https:\/\/www.colegionotarial.org\/wp-content\/uploads\/2024\/12\/Rocio-Ramirez.png&#8221; member_name=&#8221;Roc\u00edo Ram\u00edrez L\u00f3pez-Fr\u00edas&#8221; job_title=&#8221;Censora 5a&#8221; photo_width=&#8221;200px&#8221; photo_height=&#8221;300px&#8221; photo_alignment=&#8221;center&#8221; content_alignment=&#8221;center&#8221; content_padding=&#8221;0px|0px|0px|0px|false|false&#8221; social_icon_color=&#8221;#ffffff&#8221; links_bg=&#8221;#3979ff&#8221; links_radius=&#8221;50px&#8221; name_bottom_spacing=&#8221;0px&#8221; job_bottom_spacing=&#8221;0px&#8221; overlay_on_hover=&#8221;off&#8221; _builder_version=&#8221;4.27.3&#8243; _module_preset=&#8221;default&#8221; name_font=&#8221;|700|||||||&#8221; name_text_color=&#8221;#3979ff&#8221; name_font_size=&#8221;1rem&#8221; animation_style=&#8221;slide&#8221; animation_direction=&#8221;bottom&#8221; animation_duration=&#8221;800ms&#8221; animation_speed_curve=&#8221;ease-out&#8221; custom_css_free_form=&#8221;h3.dtq-team-content-name {margin: 20px 0 5px!important;}&#8221; border_radii_photo=&#8221;on||||&#8221; border_width_all_photo=&#8221;1px&#8221; border_color_all_photo=&#8221;#FFFFFF&#8221; global_colors_info=&#8221;{}&#8221; border_color_all_photo__hover_enabled=&#8221;on|desktop&#8221; border_color_all_photo__hover=&#8221;#000000&#8243;][\/ba_advanced_team][\/et_pb_column][\/et_pb_row][et_pb_row column_structure=&#8221;1_2,1_2&#8243; _builder_version=&#8221;4.25.1&#8243; _module_preset=&#8221;default&#8221; max_width=&#8221;800px&#8221; global_colors_info=&#8221;{}&#8221;][et_pb_column type=&#8221;1_2&#8243; _builder_version=&#8221;4.25.1&#8243; _module_preset=&#8221;default&#8221; global_colors_info=&#8221;{}&#8221;][ba_advanced_team photo=&#8221;https:\/\/www.colegionotarial.org\/wp-content\/uploads\/2024\/12\/Albert-Domingo.png&#8221; member_name=&#8221;Albert Domingo Castell\u00e0&#8221; job_title=&#8221;Tresorer&#8221; photo_width=&#8221;200px&#8221; photo_height=&#8221;300px&#8221; photo_alignment=&#8221;center&#8221; content_alignment=&#8221;center&#8221; content_padding=&#8221;0px|0px|0px|0px|false|false&#8221; social_icon_color=&#8221;#ffffff&#8221; links_bg=&#8221;#3979ff&#8221; links_radius=&#8221;50px&#8221; name_bottom_spacing=&#8221;0px&#8221; job_bottom_spacing=&#8221;0px&#8221; overlay_on_hover=&#8221;off&#8221; _builder_version=&#8221;4.27.3&#8243; _module_preset=&#8221;default&#8221; name_font=&#8221;|700|||||||&#8221; name_text_color=&#8221;#3979ff&#8221; name_font_size=&#8221;1rem&#8221; animation_style=&#8221;slide&#8221; animation_direction=&#8221;bottom&#8221; animation_duration=&#8221;800ms&#8221; animation_speed_curve=&#8221;ease-out&#8221; custom_css_free_form=&#8221;h3.dtq-team-content-name {margin: 20px 0 5px!important;}&#8221; border_radii_photo=&#8221;on||||&#8221; border_width_all_photo=&#8221;1px&#8221; border_color_all_photo=&#8221;#FFFFFF&#8221; global_colors_info=&#8221;{}&#8221; border_color_all_photo__hover_enabled=&#8221;on|desktop&#8221; border_color_all_photo__hover=&#8221;#000000&#8243;][\/ba_advanced_team][\/et_pb_column][et_pb_column type=&#8221;1_2&#8243; _builder_version=&#8221;4.25.1&#8243; _module_preset=&#8221;default&#8221; global_colors_info=&#8221;{}&#8221;][ba_advanced_team photo=&#8221;https:\/\/www.colegionotarial.org\/wp-content\/uploads\/2024\/12\/Alex-Saez.png&#8221; member_name=&#8221;Alejandro S\u00e1ez Ripoll&#8221; job_title=&#8221;Secretari&#8221; photo_width=&#8221;200px&#8221; photo_height=&#8221;300px&#8221; photo_alignment=&#8221;center&#8221; content_alignment=&#8221;center&#8221; content_padding=&#8221;0px|0px|0px|0px|false|false&#8221; social_icon_color=&#8221;#ffffff&#8221; links_bg=&#8221;#3979ff&#8221; links_radius=&#8221;50px&#8221; name_bottom_spacing=&#8221;0px&#8221; job_bottom_spacing=&#8221;0px&#8221; overlay_on_hover=&#8221;off&#8221; _builder_version=&#8221;4.27.3&#8243; _module_preset=&#8221;default&#8221; name_font=&#8221;|700|||||||&#8221; name_text_color=&#8221;#3979ff&#8221; name_font_size=&#8221;1rem&#8221; animation_style=&#8221;slide&#8221; animation_direction=&#8221;bottom&#8221; animation_duration=&#8221;800ms&#8221; animation_speed_curve=&#8221;ease-out&#8221; custom_css_free_form=&#8221;h3.dtq-team-content-name {margin: 20px 0 5px!important;}&#8221; border_radii_photo=&#8221;on||||&#8221; border_width_all_photo=&#8221;1px&#8221; border_color_all_photo=&#8221;#FFFFFF&#8221; global_colors_info=&#8221;{}&#8221; border_color_all_photo__hover_enabled=&#8221;on|desktop&#8221; border_color_all_photo__hover=&#8221;#000000&#8243;][\/ba_advanced_team][\/et_pb_column][\/et_pb_row][\/et_pb_section]<\/p>\n","protected":false},"excerpt":{"rendered":"<p><div class=\"et_pb_with_border et_pb_module ba_advanced_team ba_advanced_team_0 et_animated\">\n\t\t\t\t\n\t\t\t\t\n\t\t\t\t\n\t\t\t\t\n\t\t\t\t\n\t\t\t\t\n\t\t\t\t<div class=\"et_pb_module_inner\">\n\t\t\t\t\t<div class=\"dtq-module dtq-team dtq-bg-support dtq-swapped-img-selector dtq-hover--none\">\n                \n\t\t\t\t<figure class=\"dtq-figure dtq-team-figure\">\n\t\t\t\t\t\n\t\t\t\t\t<img decoding=\"async\" class=\"dtq-swapped-img \" data-mfp-src=\"https:\/\/www.colegionotarial.org\/wp-content\/uploads\/2024\/12\/WhatsApp-Image-2024-12-17-at-11.18.42.jpeg\" src=\"https:\/\/www.colegionotarial.org\/wp-content\/uploads\/2024\/12\/WhatsApp-Image-2024-12-17-at-11.18.42.jpeg\"  alt=\"\"\/>\n                <\/figure>\n\t\t\t\t<div class=\"dtq-team-content content-center\">\n                    <div class=\"flex-top\">\n                        <h3 class=\"dtq-team-content-name\">Jos\u00e9 Alberto Mar\u00edn S\u00e1nchez<\/h3> <div class=\"dtq-team-content-job-title\">Deg\u00e0 President<\/div> \n                    <\/div>\n                    \n\t\t\t\t<\/div>\n\t\t\t<\/div>\n\t\t\t\t<\/div>\n\t\t\t<\/div><div class=\"et_pb_with_border et_pb_module ba_advanced_team ba_advanced_team_1 et_animated\">\n\t\t\t\t\n\t\t\t\t\n\t\t\t\t\n\t\t\t\t\n\t\t\t\t\n\t\t\t\t\n\t\t\t\t<div class=\"et_pb_module_inner\">\n\t\t\t\t\t<div class=\"dtq-module dtq-team dtq-bg-support dtq-swapped-img-selector dtq-hover--none\">\n                \n\t\t\t\t<figure class=\"dtq-figure dtq-team-figure\">\n\t\t\t\t\t\n\t\t\t\t\t<img decoding=\"async\" class=\"dtq-swapped-img \" data-mfp-src=\"https:\/\/www.colegionotarial.org\/wp-content\/uploads\/2024\/12\/Raquel-Iglesias.png\" src=\"https:\/\/www.colegionotarial.org\/wp-content\/uploads\/2024\/12\/Raquel-Iglesias.png\"  alt=\"\"\/>\n                <\/figure>\n\t\t\t\t<div class=\"dtq-team-content content-center\">\n                    <div class=\"flex-top\">\n                        <h3 class=\"dtq-team-content-name\">Raquel Iglesias Pajares<\/h3> <div class=\"dtq-team-content-job-title\">Vicedegana<\/div> \n                    <\/div>\n                    \n\t\t\t\t<\/div>\n\t\t\t<\/div>\n\t\t\t\t<\/div>\n\t\t\t<\/div><div class=\"et_pb_with_border et_pb_module ba_advanced_team ba_advanced_team_2 et_animated\">\n\t\t\t\t\n\t\t\t\t\n\t\t\t\t\n\t\t\t\t\n\t\t\t\t\n\t\t\t\t\n\t\t\t\t<div class=\"et_pb_module_inner\">\n\t\t\t\t\t<div class=\"dtq-module dtq-team dtq-bg-support dtq-swapped-img-selector dtq-hover--none\">\n                \n\t\t\t\t<figure class=\"dtq-figure dtq-team-figure\">\n\t\t\t\t\t\n\t\t\t\t\t<img decoding=\"async\" class=\"dtq-swapped-img \" data-mfp-src=\"https:\/\/www.colegionotarial.org\/wp-content\/uploads\/2024\/12\/Pablo-Vazquez.png\" src=\"https:\/\/www.colegionotarial.org\/wp-content\/uploads\/2024\/12\/Pablo-Vazquez.png\"  alt=\"\"\/>\n                <\/figure>\n\t\t\t\t<div class=\"dtq-team-content content-center\">\n                    <div class=\"flex-top\">\n                        <h3 class=\"dtq-team-content-name\">Pablo V\u00e1zquez Moral<\/h3> <div class=\"dtq-team-content-job-title\">Censor 1r<\/div> \n                    <\/div>\n                    \n\t\t\t\t<\/div>\n\t\t\t<\/div>\n\t\t\t\t<\/div>\n\t\t\t<\/div><div class=\"et_pb_with_border et_pb_module ba_advanced_team ba_advanced_team_3 et_animated\">\n\t\t\t\t\n\t\t\t\t\n\t\t\t\t\n\t\t\t\t\n\t\t\t\t\n\t\t\t\t\n\t\t\t\t<div class=\"et_pb_module_inner\">\n\t\t\t\t\t<div class=\"dtq-module dtq-team dtq-bg-support dtq-swapped-img-selector dtq-hover--none\">\n                \n\t\t\t\t<figure class=\"dtq-figure dtq-team-figure\">\n\t\t\t\t\t\n\t\t\t\t\t<img decoding=\"async\" class=\"dtq-swapped-img \" data-mfp-src=\"https:\/\/www.colegionotarial.org\/wp-content\/uploads\/2024\/12\/Marta-Fuentes.png\" src=\"https:\/\/www.colegionotarial.org\/wp-content\/uploads\/2024\/12\/Marta-Fuentes.png\"  alt=\"\"\/>\n                <\/figure>\n\t\t\t\t<div class=\"dtq-team-content content-center\">\n                    <div class=\"flex-top\">\n                        <h3 class=\"dtq-team-content-name\">Marta Fuentes Blanco<\/h3> <div class=\"dtq-team-content-job-title\">Censora 2a<\/div> \n                    <\/div>\n                    \n\t\t\t\t<\/div>\n\t\t\t<\/div>\n\t\t\t\t<\/div>\n\t\t\t<\/div><div class=\"et_pb_with_border et_pb_module ba_advanced_team ba_advanced_team_4 et_animated\">\n\t\t\t\t\n\t\t\t\t\n\t\t\t\t\n\t\t\t\t\n\t\t\t\t\n\t\t\t\t\n\t\t\t\t<div class=\"et_pb_module_inner\">\n\t\t\t\t\t<div class=\"dtq-module dtq-team dtq-bg-support dtq-swapped-img-selector dtq-hover--none\">\n                \n\t\t\t\t<figure class=\"dtq-figure dtq-team-figure\">\n\t\t\t\t\t\n\t\t\t\t\t<img decoding=\"async\" class=\"dtq-swapped-img \" data-mfp-src=\"https:\/\/www.colegionotarial.org\/wp-content\/uploads\/2024\/12\/Juan-Galdon.png\" src=\"https:\/\/www.colegionotarial.org\/wp-content\/uploads\/2024\/12\/Juan-Galdon.png\"  alt=\"\"\/>\n                <\/figure>\n\t\t\t\t<div class=\"dtq-team-content content-center\">\n                    <div class=\"flex-top\">\n                        <h3 class=\"dtq-team-content-name\">Juan Gald\u00f3n L\u00f3pez<\/h3> <div class=\"dtq-team-content-job-title\">Censor 3r<\/div> \n                    <\/div>\n                    \n\t\t\t\t<\/div>\n\t\t\t<\/div>\n\t\t\t\t<\/div>\n\t\t\t<\/div><div class=\"et_pb_module ba_advanced_team ba_advanced_team_5\">\n\t\t\t\t\n\t\t\t\t\n\t\t\t\t\n\t\t\t\t\n\t\t\t\t\n\t\t\t\t\n\t\t\t\t<div class=\"et_pb_module_inner\">\n\t\t\t\t\t<div class=\"dtq-module dtq-team dtq-bg-support dtq-swapped-img-selector dtq-hover--none\">\n                \n\t\t\t\t<figure class=\"dtq-figure dtq-team-figure\">\n\t\t\t\t\t<div class=\"dtq-overlay\">\n\t\t\t\t\t<i class=\"dtq-overlay-icon\"><\/i>\n\t\t\t\t<\/div>\n\t\t\t\t\t<img decoding=\"async\" class=\"dtq-swapped-img \" data-mfp-src=\"\" src=\"\"  alt=\"\"\/>\n                <\/figure>\n\t\t\t\t<div class=\"dtq-team-content content-left\">\n                    <div class=\"flex-top\">\n                        <h3 class=\"dtq-team-content-name\">&#8221;Pilar<\/h3> <div class=\"dtq-team-content-job-title\">&#8221;Censora<\/div> \n                    <\/div>\n                    \n\t\t\t\t<\/div>\n\t\t\t<\/div>\n\t\t\t\t<\/div>\n\t\t\t<\/div><\/p>\n","protected":false},"author":1,"featured_media":0,"parent":11271,"menu_order":8,"comment_status":"closed","ping_status":"closed","template":"","meta":{"_acf_changed":false,"_et_pb_use_builder":"on","_et_pb_old_content":"","_et_gb_content_width":"","ngg_post_thumbnail":0,"_price":"","_stock":"","_tribe_ticket_header":"","_tribe_default_ticket_provider":"","_tribe_ticket_capacity":"0","_ticket_start_date":"","_ticket_end_date":"","_tribe_ticket_show_description":"","_tribe_ticket_show_not_going":false,"_tribe_ticket_use_global_stock":"","_tribe_ticket_global_stock_level":"","_global_stock_mode":"","_global_stock_cap":"","_tribe_rsvp_for_event":"","_tribe_ticket_going_count":"","_tribe_ticket_not_going_count":"","_tribe_tickets_list":"[]","_tribe_ticket_has_attendee_info_fields":false,"footnotes":"","_tec_slr_enabled":"","_tec_slr_layout":""},"class_list":["post-11270","page","type-page","status-publish","hentry"],"acf":[],"ticketed":false,"_links":{"self":[{"href":"https:\/\/www.colegionotarial.org\/ca\/wp-json\/wp\/v2\/pages\/11270","targetHints":{"allow":["GET"]}}],"collection":[{"href":"https:\/\/www.colegionotarial.org\/ca\/wp-json\/wp\/v2\/pages"}],"about":[{"href":"https:\/\/www.colegionotarial.org\/ca\/wp-json\/wp\/v2\/types\/page"}],"author":[{"embeddable":true,"href":"https:\/\/www.colegionotarial.org\/ca\/wp-json\/wp\/v2\/users\/1"}],"replies":[{"embeddable":true,"href":"https:\/\/www.colegionotarial.org\/ca\/wp-json\/wp\/v2\/comments?post=11270"}],"version-history":[{"count":8,"href":"https:\/\/www.colegionotarial.org\/ca\/wp-json\/wp\/v2\/pages\/11270\/revisions"}],"predecessor-version":[{"id":21599,"href":"https:\/\/www.colegionotarial.org\/ca\/wp-json\/wp\/v2\/pages\/11270\/revisions\/21599"}],"up":[{"embeddable":true,"href":"https:\/\/www.colegionotarial.org\/ca\/wp-json\/wp\/v2\/pages\/11271"}],"wp:attachment":[{"href":"https:\/\/www.colegionotarial.org\/ca\/wp-json\/wp\/v2\/media?parent=11270"}],"curies":[{"name":"wp","href":"https:\/\/api.w.org\/{rel}","templated":true}]}}