{"id":11063,"date":"2024-07-02T17:06:39","date_gmt":"2024-07-02T15:06:39","guid":{"rendered":"https:\/\/www.colegionotarial.org\/ahpd\/revista-ehdap\/"},"modified":"2026-04-07T09:32:58","modified_gmt":"2026-04-07T07:32:58","slug":"revista-ehdap","status":"publish","type":"page","link":"https:\/\/www.colegionotarial.org\/ca\/ahpb\/revista-ehdap\/","title":{"rendered":"Revista EHDAP"},"content":{"rendered":"<p>[et_pb_section fb_built=&#8221;1&#8243; _builder_version=&#8221;4.25.2&#8243; _module_preset=&#8221;default&#8221; global_colors_info=&#8221;{}&#8221;][et_pb_row _builder_version=&#8221;4.25.2&#8243; _module_preset=&#8221;default&#8221; global_colors_info=&#8221;{}&#8221;][et_pb_column type=&#8221;4_4&#8243; _builder_version=&#8221;4.25.2&#8243; _module_preset=&#8221;default&#8221; global_colors_info=&#8221;{}&#8221;][et_pb_text _builder_version=&#8221;4.27.6&#8243; _module_preset=&#8221;default&#8221; hover_enabled=&#8221;0&#8243; global_colors_info=&#8221;{}&#8221; sticky_enabled=&#8221;0&#8243;]<\/p>\n<p><span>La Revista d&#8217;Estudis Hist\u00f2rics i Documents dels Arxius de Protocols (<\/span><span>EHDAP)<\/span><span>, va n\u00e9ixer a Barcelona l&#8217;any 1948, impulsada per Raimon Noguera Guzm\u00e1n, notari de Barcelona, des del Col\u00b7legi Notarial de Catalunya. Recull treballs multidisciplinaris basats en documents dels protocols i registres notarials i estudis sobre aspectes institucionals, com la hist\u00f2ria del notariat o altres institucions de dret p\u00fablic o privat relacionades.<\/span><\/p>\n<p><span>La seva publicaci\u00f3 es va veure interrompuda en dues ocasions, entre els anys 1955 i 1974 i entre el 1984 i el 1995. En 1995, el Col\u00b7legi Notarial de Catalunya, conscient de la seva prestigiosa traject\u00f2ria, va tornar a editar-la amb la col\u00b7laboraci\u00f3 i patrocini de la\u00a0<\/span><span>Fundaci\u00f3<\/span><span> Noguera. En aquesta tercera etapa es va arribar fins al n\u00famero XXXIII, publicat l&#8217;any 2015.<\/span><\/p>\n<p><span>Els treballs que inclou abasten tota la cronologia possible (des del segle XIII al segle XIX) i un ampli \u00e0mbit tem\u00e0tic d&#8217;hist\u00f2ria jur\u00eddica, social, econ\u00f2mica, de l&#8217;art o de les mentalitats. Entre els seus autors figuren signatures prestigioses com a P. Vilar, J. M. <\/span><span>Madurell<\/span><span>, N. Coll, J.\u00a0<\/span><span>Codina<\/span><span>, M. T. Ferrer, J. Riera, J. M. Font\u00a0<\/span><span>Rius<\/span><span>, G. Col\u00f3n, A. Garc\u00eda, C.\u00a0<\/span><span>Batlle<\/span><span>, P. Molas, A.\u00a0<\/span><span>Eiras<\/span><span>\u00a0<\/span><span>Roel<\/span><span>, J. Bono, E. Giralt o J. Hernando.<\/span><\/p>\n<p><span>En l&#8217;actualitat es dona la circumst\u00e0ncia d&#8217;un context historiogr\u00e0fic en el qual es dona impuls als estudis sobre la hist\u00f2ria del notariat i la documentaci\u00f3 notarial. Tamb\u00e9 continuen sent fonamentals els estudis basats en l&#8217;\u00fas dels protocols notarials com a font d&#8217;informaci\u00f3, una tend\u00e8ncia que cont\u00ednua vigent. Sobretot \u00e9s en l&#8217;\u00e0mbit de la Diplom\u00e0tica en el qual la instituci\u00f3 notarial troba un espai d&#8217;estudi a nivell europeu que est\u00e0 aportant importants resultats en l&#8217;actualitat. Per aquest motiu, es vol reprendre la publicaci\u00f3 de la revista\u00a0<\/span><span>EHDAP,<\/span><span>\u00a0amb la intenci\u00f3 que continu\u00ef sent un vehicle per a la difusi\u00f3 de la recerca sobre el notariat, la seva hist\u00f2ria i la documentaci\u00f3 que ha produ\u00eft al llarg temps.<\/span><\/p>\n<p><strong>Enviament d&#8217;articles:<\/strong><\/p>\n<p><span>La revista\u00a0<\/span><span>EHDAP<\/span><span> t\u00e9 com a objectiu espec\u00edfic la publicaci\u00f3 d&#8217;articles que aprofundeixin en la hist\u00f2ria del notariat i de la documentaci\u00f3 que genera aquesta instituci\u00f3, aix\u00ed com en les diverses tipologies documentals registrades als protocols notarials. Tamb\u00e9, pot publicar articles que tinguin com a base l&#8217;an\u00e0lisi dels documents notarials.<\/span><\/p>\n<p><span>Igualment, es poden presentar propostes per a publicar articles referents a altres institucions que estiguin relacionades directament o indirectament amb el m\u00f3n notarial, incloent-hi la documentaci\u00f3 que generen aquestes institucions i les persones que treballen en aquestes.<\/span><\/p>\n<p>Els articles enviats a la revista hauran de complir amb les <strong><a href=\"\/documents\/ahpb\/normativa\/Normas%20EHDAP.pdf\" target=\"_blank\" rel=\"noopener\">normes per a la presentaci\u00f3 d&#8217;originals<\/a>.<\/strong><\/p>\n<p>Les propostes d&#8217;articles s&#8217;enviaran a la seg\u00fcent adre\u00e7a de correu: <a href=\"mailto:ehdap@catalunya.notariado.org\">ehdap@catalunya.notariado.org<\/a><\/p>\n<p><span>Termini per a l&#8217;enviament: 30 de setembre de cada any.<\/span><\/p>\n<p><span>Els articles rebuts seran enviats per a l&#8217;avaluaci\u00f3 per parells a doble cec\u00a0i seran retornats perqu\u00e8 els autors facin els canvis suggerits, quan n&#8217;hi hagi, o seran rebutjats seguint sempre les pautes marcades per les dues avaluacions i d&#8217;acord amb la decisi\u00f3 del Consell Editorial.<\/span><\/p>\n<p><a class=\"pdf\" href=\"\/documents\/ahpb\/normativa\/Normas%20EHDAP.pdf\" target=\"_blank\" rel=\"noopener\">Normes per a la presentaci\u00f3 d&#8217;originals<\/a><\/p>\n<p><strong>Equip editorial:<\/strong><\/p>\n<p><span>Director: Dr. Daniel Pi\u00f1ol\u00a0<\/span><span>Alabart<\/span><span>, professor titular de Ci\u00e8ncies i T\u00e8cniques Historiogr\u00e0fiques de la Universitat de Barcelona.<\/span><\/p>\n<p><span>Secretari: Dr. Antoni Albacete Gasc\u00f3n, director de l&#8217;Arxiu Hist\u00f2ric de Protocols de Barcelona.<\/span><\/p>\n<p>[\/et_pb_text][\/et_pb_column][\/et_pb_row][\/et_pb_section]<\/p>\n","protected":false},"excerpt":{"rendered":"<p>La Revista d&#8217;Estudis Hist\u00f2rics i Documents dels Arxius de Protocols (EHDAP), va n\u00e9ixer a Barcelona l&#8217;any 1948, impulsada per Raimon Noguera Guzm\u00e1n, notari de Barcelona, des del Col\u00b7legi Notarial de Catalunya. Recull treballs multidisciplinaris basats en documents dels protocols i registres notarials i estudis sobre aspectes institucionals, com la hist\u00f2ria del notariat o altres institucions de dret p\u00fablic o privat relacionades. La seva publicaci\u00f3 es va veure interrompuda en dues ocasions, entre els anys 1955 i 1974 i entre el 1984 i el 1995. En 1995, el Col\u00b7legi Notarial de Catalunya, conscient de la seva prestigiosa traject\u00f2ria, va tornar a editar-la amb la col\u00b7laboraci\u00f3 i patrocini de la\u00a0Fundaci\u00f3 Noguera. En aquesta tercera etapa es va arribar fins al n\u00famero XXXIII, publicat l&#8217;any 2015. Els treballs que inclou abasten tota la cronologia possible (des del segle XIII al segle XIX) i un ampli \u00e0mbit tem\u00e0tic d&#8217;hist\u00f2ria jur\u00eddica, social, econ\u00f2mica, de l&#8217;art o de les mentalitats. Entre els seus autors figuren signatures prestigioses com a P. Vilar, J. M. Madurell, N. Coll, J.\u00a0Codina, M. T. Ferrer, J. Riera, J. M. Font\u00a0Rius, G. Col\u00f3n, A. Garc\u00eda, C.\u00a0Batlle, P. Molas, A.\u00a0Eiras\u00a0Roel, J. Bono, E. Giralt o J. Hernando. En l&#8217;actualitat es dona la circumst\u00e0ncia [&hellip;]<\/p>\n","protected":false},"author":1,"featured_media":0,"parent":10828,"menu_order":0,"comment_status":"closed","ping_status":"closed","template":"","meta":{"_acf_changed":false,"_et_pb_use_builder":"on","_et_pb_old_content":"","_et_gb_content_width":"","ngg_post_thumbnail":0,"_price":"","_stock":"","_tribe_ticket_header":"","_tribe_default_ticket_provider":"","_tribe_ticket_capacity":"0","_ticket_start_date":"","_ticket_end_date":"","_tribe_ticket_show_description":"","_tribe_ticket_show_not_going":false,"_tribe_ticket_use_global_stock":"","_tribe_ticket_global_stock_level":"","_global_stock_mode":"","_global_stock_cap":"","_tribe_rsvp_for_event":"","_tribe_ticket_going_count":"","_tribe_ticket_not_going_count":"","_tribe_tickets_list":"[]","_tribe_ticket_has_attendee_info_fields":false,"footnotes":"","_tec_slr_enabled":"","_tec_slr_layout":""},"class_list":["post-11063","page","type-page","status-publish","hentry"],"acf":[],"ticketed":false,"_links":{"self":[{"href":"https:\/\/www.colegionotarial.org\/ca\/wp-json\/wp\/v2\/pages\/11063","targetHints":{"allow":["GET"]}}],"collection":[{"href":"https:\/\/www.colegionotarial.org\/ca\/wp-json\/wp\/v2\/pages"}],"about":[{"href":"https:\/\/www.colegionotarial.org\/ca\/wp-json\/wp\/v2\/types\/page"}],"author":[{"embeddable":true,"href":"https:\/\/www.colegionotarial.org\/ca\/wp-json\/wp\/v2\/users\/1"}],"replies":[{"embeddable":true,"href":"https:\/\/www.colegionotarial.org\/ca\/wp-json\/wp\/v2\/comments?post=11063"}],"version-history":[{"count":5,"href":"https:\/\/www.colegionotarial.org\/ca\/wp-json\/wp\/v2\/pages\/11063\/revisions"}],"predecessor-version":[{"id":32633,"href":"https:\/\/www.colegionotarial.org\/ca\/wp-json\/wp\/v2\/pages\/11063\/revisions\/32633"}],"up":[{"embeddable":true,"href":"https:\/\/www.colegionotarial.org\/ca\/wp-json\/wp\/v2\/pages\/10828"}],"wp:attachment":[{"href":"https:\/\/www.colegionotarial.org\/ca\/wp-json\/wp\/v2\/media?parent=11063"}],"curies":[{"name":"wp","href":"https:\/\/api.w.org\/{rel}","templated":true}]}}