{"id":10996,"date":"2024-07-02T16:59:44","date_gmt":"2024-07-02T14:59:44","guid":{"rendered":"https:\/\/www.colegionotarial.org\/exposiciones\/"},"modified":"2024-08-26T11:50:17","modified_gmt":"2024-08-26T09:50:17","slug":"exposicions","status":"publish","type":"page","link":"https:\/\/www.colegionotarial.org\/ca\/ahpb\/exposicions\/","title":{"rendered":"Exposicions"},"content":{"rendered":"<p>[et_pb_section fb_built=&#8221;1&#8243; module_class=&#8221;contenido&#8221; _builder_version=&#8221;4.25.1&#8243; _module_preset=&#8221;default&#8221; locked=&#8221;off&#8221; global_colors_info=&#8221;{}&#8221;][et_pb_row _builder_version=&#8221;4.25.1&#8243; _module_preset=&#8221;default&#8221; global_colors_info=&#8221;{}&#8221;][et_pb_column type=&#8221;4_4&#8243; _builder_version=&#8221;4.25.1&#8243; _module_preset=&#8221;default&#8221; global_colors_info=&#8221;{}&#8221;][et_pb_text _builder_version=&#8221;4.26.1&#8243; _module_preset=&#8221;default&#8221; global_colors_info=&#8221;{}&#8221;]<\/p>\n<p>La difusi\u00f3 \u00e9s una de les vessants que m\u00e9s s&#8217;han de potenciar des dels arxius per a garantir que el valor del patrimoni documental i la seva funci\u00f3 social arribi m\u00e9s enll\u00e0 de l&#8217;\u00e0mbit estrictament acad\u00e8mic. Sense perdre el rigor cient\u00edfic i assegurant la correcta contextualitzaci\u00f3 dels documents, els centres d&#8217;arxiu han de saber trobar el to prec\u00eds i els canals adequats per a captar l&#8217;inter\u00e8s del p\u00fablic en general i, aix\u00ed, guanyar visibilitat i reconeixement.<\/p>\n<p>Empesa per aquesta motivaci\u00f3, la secci\u00f3 hist\u00f2rica del Col\u00b7legi Notarial de Catalunya destina aquest espai virtual a l&#8217;elaboraci\u00f3 d&#8217;exposicions que permetin donar a con\u00e8ixer el ric patrimoni que conserva l&#8217;Arxiu Hist\u00f2ric de Protocols de Barcelona, un dels fons de protocols m\u00e9s rellevants del m\u00f3n.<\/p>\n<p>[\/et_pb_text][et_pb_button button_url=&#8221;https:\/\/arxiu.colegionotarial.org\/Expo\/&#8221; url_new_window=&#8221;on&#8221; button_text=&#8221;Sala d&#8217;exposicions&#8221; button_alignment=&#8221;center&#8221; _builder_version=&#8221;4.26.1&#8243; _module_preset=&#8221;default&#8221; custom_button=&#8221;on&#8221; button_text_color=&#8221;#FFFFFF&#8221; button_bg_color=&#8221;#0C71C3&#8243; hover_enabled=&#8221;0&#8243; global_colors_info=&#8221;{}&#8221; sticky_enabled=&#8221;0&#8243;][\/et_pb_button][\/et_pb_column][\/et_pb_row][\/et_pb_section]<\/p>\n","protected":false},"excerpt":{"rendered":"<p>La difusi\u00f3 \u00e9s una de les vessants que m\u00e9s s&#8217;han de potenciar des dels arxius per a garantir que el valor del patrimoni documental i la seva funci\u00f3 social arribi m\u00e9s enll\u00e0 de l&#8217;\u00e0mbit estrictament acad\u00e8mic. Sense perdre el rigor cient\u00edfic i assegurant la correcta contextualitzaci\u00f3 dels documents, els centres d&#8217;arxiu han de saber trobar el to prec\u00eds i els canals adequats per a captar l&#8217;inter\u00e8s del p\u00fablic en general i, aix\u00ed, guanyar visibilitat i reconeixement. Empesa per aquesta motivaci\u00f3, la secci\u00f3 hist\u00f2rica del Col\u00b7legi Notarial de Catalunya destina aquest espai virtual a l&#8217;elaboraci\u00f3 d&#8217;exposicions que permetin donar a con\u00e8ixer el ric patrimoni que conserva l&#8217;Arxiu Hist\u00f2ric de Protocols de Barcelona, un dels fons de protocols m\u00e9s rellevants del m\u00f3n.<\/p>\n","protected":false},"author":1,"featured_media":14067,"parent":10828,"menu_order":0,"comment_status":"closed","ping_status":"closed","template":"","meta":{"_acf_changed":false,"_et_pb_use_builder":"on","_et_pb_old_content":"","_et_gb_content_width":"","ngg_post_thumbnail":0,"_price":"","_stock":"","_tribe_ticket_header":"","_tribe_default_ticket_provider":"","_tribe_ticket_capacity":"0","_ticket_start_date":"","_ticket_end_date":"","_tribe_ticket_show_description":"","_tribe_ticket_show_not_going":false,"_tribe_ticket_use_global_stock":"","_tribe_ticket_global_stock_level":"","_global_stock_mode":"","_global_stock_cap":"","_tribe_rsvp_for_event":"","_tribe_ticket_going_count":"","_tribe_ticket_not_going_count":"","_tribe_tickets_list":"[]","_tribe_ticket_has_attendee_info_fields":false,"footnotes":"","_tec_slr_enabled":"","_tec_slr_layout":""},"class_list":["post-10996","page","type-page","status-publish","has-post-thumbnail","hentry"],"acf":[],"ticketed":false,"_links":{"self":[{"href":"https:\/\/www.colegionotarial.org\/ca\/wp-json\/wp\/v2\/pages\/10996","targetHints":{"allow":["GET"]}}],"collection":[{"href":"https:\/\/www.colegionotarial.org\/ca\/wp-json\/wp\/v2\/pages"}],"about":[{"href":"https:\/\/www.colegionotarial.org\/ca\/wp-json\/wp\/v2\/types\/page"}],"author":[{"embeddable":true,"href":"https:\/\/www.colegionotarial.org\/ca\/wp-json\/wp\/v2\/users\/1"}],"replies":[{"embeddable":true,"href":"https:\/\/www.colegionotarial.org\/ca\/wp-json\/wp\/v2\/comments?post=10996"}],"version-history":[{"count":8,"href":"https:\/\/www.colegionotarial.org\/ca\/wp-json\/wp\/v2\/pages\/10996\/revisions"}],"predecessor-version":[{"id":11006,"href":"https:\/\/www.colegionotarial.org\/ca\/wp-json\/wp\/v2\/pages\/10996\/revisions\/11006"}],"up":[{"embeddable":true,"href":"https:\/\/www.colegionotarial.org\/ca\/wp-json\/wp\/v2\/pages\/10828"}],"wp:featuredmedia":[{"embeddable":true,"href":"https:\/\/www.colegionotarial.org\/ca\/wp-json\/wp\/v2\/media\/14067"}],"wp:attachment":[{"href":"https:\/\/www.colegionotarial.org\/ca\/wp-json\/wp\/v2\/media?parent=10996"}],"curies":[{"name":"wp","href":"https:\/\/api.w.org\/{rel}","templated":true}]}}