{"id":10992,"date":"2024-07-02T16:51:28","date_gmt":"2024-07-02T14:51:28","guid":{"rendered":"https:\/\/www.colegionotarial.org\/ahpd\/ars-notariae\/"},"modified":"2024-08-26T11:41:07","modified_gmt":"2024-08-26T09:41:07","slug":"ars-notariae","status":"publish","type":"page","link":"https:\/\/www.colegionotarial.org\/ca\/ahpb\/ars-notariae\/","title":{"rendered":"ARS NOTARI\u00c6"},"content":{"rendered":"<p>[et_pb_section fb_built=&#8221;1&#8243; module_class=&#8221;contenido&#8221; _builder_version=&#8221;4.25.1&#8243; _module_preset=&#8221;default&#8221; locked=&#8221;off&#8221; global_colors_info=&#8221;{}&#8221;][et_pb_row _builder_version=&#8221;4.25.1&#8243; _module_preset=&#8221;default&#8221; global_colors_info=&#8221;{}&#8221;][et_pb_column type=&#8221;4_4&#8243; _builder_version=&#8221;4.25.1&#8243; _module_preset=&#8221;default&#8221; global_colors_info=&#8221;{}&#8221;][et_pb_accordion _builder_version=&#8221;4.26.1&#8243; _module_preset=&#8221;default&#8221; global_colors_info=&#8221;{}&#8221;][et_pb_accordion_item title=&#8221;La instituci\u00f3 notarial&#8221; _builder_version=&#8221;4.26.1&#8243; _module_preset=&#8221;default&#8221; global_colors_info=&#8221;{}&#8221; open=&#8221;off&#8221;]<\/p>\n<p>La figura del notari tal com el coneixem avui neix a la pen\u00ednsula it\u00e0lica del segle XII, a partir dels precedents romans del tabel\u00b7li\u00f3 i el tabulari. Ser\u00e0 quan es produeixi el pas del simple <em>notarius<\/em> a <em>publicus notarius<\/em>.<\/p>\n<p>Aquest proc\u00e9s es va donar a la It\u00e0lia Superior, en el <em>Regnum italicum<\/em>, a partir d\u2019una conjunci\u00f3 de factors entrelligats tals com el renaixement de les ciutats i la decad\u00e8ncia del feudalisme, el sorgiment de la burgesia comercial i la implementaci\u00f3 de l\u2019economia monet\u00e0ria de mercat.<\/p>\n<p>Alhora es va produir a Bolonya el Renaixement de dret amb l\u2019escola dels glossadors, de la m\u00e0 de Rainero de Perugia, Salatiel o Rolandino dei\u2019Passeggerii.<\/p>\n<p>Va ser al segle XIII quan es va produir la recepci\u00f3 a Catalunya del renaixement del dret provinent de la Pen\u00ednsula it\u00e0lica.<\/p>\n<ul>\n<li>\n<h4>Hist\u00f2ria del notariat catal\u00e1<\/h4>\n<p>Introducci\u00f3 a la hist\u00f2ria del notariat a Catalunya. Cont\u00e9 una explicaci\u00f3 de la significaci\u00f3 i abast de la instituci\u00f3, un rep\u00e0s als seus antecedents i una s\u00edntesi de les dues grans etapes del seu desenvolupament durant l\u2019Antic R\u00e8gim i en \u00e8poca contempor\u00e0nia.<\/p>\n<p><a class=\"pdf\" href=\"\/documents\/ars-notariae\/Hist%C3%B2ria%20del%20notariat%20catal%C3%A0.pdf\" target=\"_blank\" rel=\"noopener\">Hist\u00f2ria del notariat catal\u00e0<\/a><\/p>\n<\/li>\n<li>\n<h4>Instituci\u00f3 notarial<\/h4>\n<p>Presentaci\u00f3 sint\u00e8tica de la hist\u00f2ria del notariat a Catalunya, des de l&#8217;edat mitjana a la Llei marc de 1862<\/p>\n<p><a class=\"pdf\" href=\"\/documents\/ars-notariae\/Instituci%C3%B3_notarial.pdf\" target=\"_blank\" rel=\"noopener\">Instituci\u00f3 notarial<\/a><\/p>\n<\/li>\n<li>\n<h4>La instituci\u00f3 notarial als territoris de l\u2019antiga Corona d\u2019Arag\u00f3<\/h4>\n<p>Bibliografia escollida d\u2019obres historiogr\u00e0fiques dedicades a la instituci\u00f3 notarial al principat de Catalunya i als regnes d\u2019Arag\u00f3, Mallorca i Val\u00e8ncia.<\/p>\n<p><a class=\"pdf\" href=\"\/documents\/ars-notariae\/Bibliografia%20Instituci%C3%B3%20Corona%20Arag%C3%B3.pdf\" target=\"_blank\" rel=\"noopener\">Bibliografia Instituci\u00f3 Corona d&#8217;Arag\u00f3<\/a><\/p>\n<\/li>\n<li>\n<h4>La instituci\u00f3 notarial a la resta de regnes peninsulars hispans<\/h4>\n<p>Llista complement\u00e0ria a l\u2019anterior, en qu\u00e8 hi trobem una selecci\u00f3 de llibres i articles que han tractat el notariat a la resta de territoris peninsulars hispans.<\/p>\n<p><a class=\"pdf\" href=\"\/documents\/ars-notariae\/Bibliografia%20Instituci%C3%B3%20Regnes%20Peninsulars.pdf\" target=\"_blank\" rel=\"noopener\">Bibliografia Instituci\u00f3 Regnes peninsulars<\/a><\/p>\n<\/li>\n<\/ul>\n<p>[\/et_pb_accordion_item][et_pb_accordion_item title=&#8221;La corporaci\u00f3 notarial&#8221; _builder_version=&#8221;4.26.1&#8243; _module_preset=&#8221;default&#8221; global_colors_info=&#8221;{}&#8221; open=&#8221;off&#8221;]<\/p>\n<p>A partir del segle XIV tenim const\u00e0ncia de l&#8217;exist\u00e8ncia de col\u00b7legis professionals en l&#8217;\u00e0mbit notarial a Catalunya. Per a Barcelona, en concret, Joan I va atorgar el 1395 privilegi als notaris i escrivans reals per a reunir-se i resoldre els seus assumptes corporatius.<\/p>\n<p>Aqu\u00ed trobaran informaci\u00f3 relacionada amb els diversos col\u00b7legis notarials catalans que es van anar creant, especialment, entre el fi de l&#8217;edat mitjana i el fi de l&#8217;Antic R\u00e8gim, els seus \u00f2rgans i c\u00e0rrecs principals, els principals \u00e0mbits objecte de deliberaci\u00f3 o els problemes competencials que els afectaven.<\/p>\n<ul>\n<li>\n<h4>Les corporacions notarials<\/h4>\n<p>Selecci\u00f3 de llibres i articles centrats en el desenvolupament dels col\u2022legis notarials, especialment en \u00e8poca medieval i moderna. La llista \u00e9s for\u00e7a exhaustiva per a l\u2019\u00e0mbit catal\u00e0 i recull els t\u00edtols m\u00e9s significatius d\u2019\u00e0mbit hisp\u00e0nic.<\/p>\n<p><a class=\"pdf\" href=\"\/documents\/ars-notariae\/Bibliografia%20Corporaci%C3%B3.pdf\" target=\"_blank\" rel=\"noopener\">Bibliografia corporacions notarials<\/a><\/p>\n<\/li>\n<\/ul>\n<p>[\/et_pb_accordion_item][et_pb_accordion_item title=&#8221;Els arxius de protocols&#8221; _builder_version=&#8221;4.26.1&#8243; _module_preset=&#8221;default&#8221; global_colors_info=&#8221;{}&#8221; open=&#8221;off&#8221;]<\/p>\n<p>La millor prova de la rellev\u00e0ncia de la instituci\u00f3 notarial al llarg del temps a Catalunya \u00e9s, segurament, el m\u00e9s d&#8217;un quart de mili\u00f3 de registres i protocols que conformen els fons hist\u00f2rics notarials.<\/p>\n<p>El m\u00e9s antic conegut fins avui data de 1221 i diversos milers de volums pertanyen al per\u00edode medieval. Aquestes xifres s\u00f3n m\u00e9s significatives encara si tenim en compte que no va ser fins als anys setanta del segle XIX que es van concentrar per primera vegada els arxius de protocols de cada districte notarial.<\/p>\n<ul>\n<li>\n<h4>Els arxius de protocols<\/h4>\n<p>Bibliografia b\u00e0sica que permet familiaritzar-se amb els diferents aspectes relacionats amb els arxius i fons de protocols notarials, des de la hist\u00f2ria de la seva formaci\u00f3 a la descripci\u00f3 arxiv\u00edstica m\u00e9s adequada.<\/p>\n<p><a class=\"pdf\" href=\"\/documents\/ars-notariae\/Bibliografia%20Arxius.pdf\" target=\"_blank\" rel=\"noopener\">Bibliografia arxius<\/a><\/p>\n<\/li>\n<li>\n<h4>El protocol notarial<\/h4>\n<p>Llista seleccionada de t\u00edtols que s\u2019ocupen de la g\u00e8nesi, tipologia i abast dels llibres notarials des dels or\u00edgens al segle XIII fins al protocol hist\u00f2ric m\u00e9s recent. Pel que fa al seu aprofitament per a la recerca, es pot consultar la bibliografia tem\u00e0tica disponible a recursos.<\/p>\n<p><a class=\"pdf\" href=\"\/documents\/ars-notariae\/Bibliografia%20Protocol.pdf\" target=\"_blank\" rel=\"noopener\">Bibliografia protocol<\/a><\/p>\n<\/li>\n<\/ul>\n<p>[\/et_pb_accordion_item][et_pb_accordion_item title=&#8221;Diplom\u00e0tica notarial&#8221; open=&#8221;on&#8221; _builder_version=&#8221;4.26.1&#8243; _module_preset=&#8221;default&#8221; global_colors_info=&#8221;{}&#8221;]<\/p>\n<p>La diplom\u00e0tica \u00e9s la disciplina que estudia la forma dels documents i reconstrueix la seva tradici\u00f3, estructura i g\u00e8nesi per a jutjar la seva autenticitat i per a valorar el text en relaci\u00f3 amb les f\u00f3rmules emprades.<\/p>\n<p>En aquest apartat, trobaran informaci\u00f3 i materials diversos sobre la naturalesa i tipologia del document notarial, els seus elements fonamentals, la seva tradici\u00f3 i altres aspectes significatius que, des de la perspectiva diplom\u00e0tica, permeten entendre millor la materialitzaci\u00f3 escrita del quefer jur\u00eddic notarial.<\/p>\n<ul>\n<li>\n<h4>l&#8217;instrument notarial<\/h4>\n<p>Presentaci\u00f3 sint\u00e8tica que analitza el concepte, l\u2019estructura intel\u2022lectual i formal, i la g\u00e8nesi i tradici\u00f3 documentals de l\u2019instrument notarial.<\/p>\n<p><a class=\"pdf\" href=\"\/documents\/ars-notariae\/Diplom%C3%A0tica_notarial.pdf\" target=\"_blank\" rel=\"noopener\">Diplom\u00e0tica notarial<\/a><\/p>\n<\/li>\n<li>\n<h4>BibliografIa b\u00c0sica<\/h4>\n<p>Breu recull dels t\u00edtols m\u00e9s significatius que, per a l\u2019\u00e0mbit catal\u00e0, han abordat a trav\u00e9s de la perspectiva diplom\u00e0tica el notariat. S\u2019inclouen tamb\u00e9 refer\u00e8ncies a treballs cl\u00e0ssics de la diplom\u00e0tica notarial.<\/p>\n<p><a class=\"pdf\" href=\"\/documents\/ars-notariae\/Bibliografia%20Diplom%C3%A0tica.pdf\" target=\"_blank\" rel=\"noopener\">Bibliografia diplom\u00e0tica<\/a><\/p>\n<\/li>\n<\/ul>\n<p>[\/et_pb_accordion_item][\/et_pb_accordion][\/et_pb_column][\/et_pb_row][\/et_pb_section]<\/p>\n","protected":false},"excerpt":{"rendered":"<p>La figura del notari tal com el coneixem avui neix a la pen\u00ednsula it\u00e0lica del segle XII, a partir dels precedents romans del tabel\u00b7li\u00f3 i el tabulari. Ser\u00e0 quan es produeixi el pas del simple notarius a publicus notarius. Aquest proc\u00e9s es va donar a la It\u00e0lia Superior, en el Regnum italicum, a partir d\u2019una conjunci\u00f3 de factors entrelligats tals com el renaixement de les ciutats i la decad\u00e8ncia del feudalisme, el sorgiment de la burgesia comercial i la implementaci\u00f3 de l\u2019economia monet\u00e0ria de mercat. Alhora es va produir a Bolonya el Renaixement de dret amb l\u2019escola dels glossadors, de la m\u00e0 de Rainero de Perugia, Salatiel o Rolandino dei\u2019Passeggerii. Va ser al segle XIII quan es va produir la recepci\u00f3 a Catalunya del renaixement del dret provinent de la Pen\u00ednsula it\u00e0lica. Hist\u00f2ria del notariat catal\u00e1 Introducci\u00f3 a la hist\u00f2ria del notariat a Catalunya. Cont\u00e9 una explicaci\u00f3 de la significaci\u00f3 i abast de la instituci\u00f3, un rep\u00e0s als seus antecedents i una s\u00edntesi de les dues grans etapes del seu desenvolupament durant l\u2019Antic R\u00e8gim i en \u00e8poca contempor\u00e0nia. Hist\u00f2ria del notariat catal\u00e0 Instituci\u00f3 notarial Presentaci\u00f3 sint\u00e8tica de la hist\u00f2ria del notariat a Catalunya, des de l&#8217;edat mitjana a la Llei [&hellip;]<\/p>\n","protected":false},"author":1,"featured_media":14032,"parent":10828,"menu_order":0,"comment_status":"closed","ping_status":"closed","template":"","meta":{"_acf_changed":false,"_et_pb_use_builder":"on","_et_pb_old_content":"","_et_gb_content_width":"","ngg_post_thumbnail":0,"_price":"","_stock":"","_tribe_ticket_header":"","_tribe_default_ticket_provider":"","_tribe_ticket_capacity":"0","_ticket_start_date":"","_ticket_end_date":"","_tribe_ticket_show_description":"","_tribe_ticket_show_not_going":false,"_tribe_ticket_use_global_stock":"","_tribe_ticket_global_stock_level":"","_global_stock_mode":"","_global_stock_cap":"","_tribe_rsvp_for_event":"","_tribe_ticket_going_count":"","_tribe_ticket_not_going_count":"","_tribe_tickets_list":"[]","_tribe_ticket_has_attendee_info_fields":false,"footnotes":"","_tec_slr_enabled":"","_tec_slr_layout":""},"class_list":["post-10992","page","type-page","status-publish","has-post-thumbnail","hentry"],"acf":[],"ticketed":false,"_links":{"self":[{"href":"https:\/\/www.colegionotarial.org\/ca\/wp-json\/wp\/v2\/pages\/10992","targetHints":{"allow":["GET"]}}],"collection":[{"href":"https:\/\/www.colegionotarial.org\/ca\/wp-json\/wp\/v2\/pages"}],"about":[{"href":"https:\/\/www.colegionotarial.org\/ca\/wp-json\/wp\/v2\/types\/page"}],"author":[{"embeddable":true,"href":"https:\/\/www.colegionotarial.org\/ca\/wp-json\/wp\/v2\/users\/1"}],"replies":[{"embeddable":true,"href":"https:\/\/www.colegionotarial.org\/ca\/wp-json\/wp\/v2\/comments?post=10992"}],"version-history":[{"count":1,"href":"https:\/\/www.colegionotarial.org\/ca\/wp-json\/wp\/v2\/pages\/10992\/revisions"}],"predecessor-version":[{"id":10994,"href":"https:\/\/www.colegionotarial.org\/ca\/wp-json\/wp\/v2\/pages\/10992\/revisions\/10994"}],"up":[{"embeddable":true,"href":"https:\/\/www.colegionotarial.org\/ca\/wp-json\/wp\/v2\/pages\/10828"}],"wp:featuredmedia":[{"embeddable":true,"href":"https:\/\/www.colegionotarial.org\/ca\/wp-json\/wp\/v2\/media\/14032"}],"wp:attachment":[{"href":"https:\/\/www.colegionotarial.org\/ca\/wp-json\/wp\/v2\/media?parent=10992"}],"curies":[{"name":"wp","href":"https:\/\/api.w.org\/{rel}","templated":true}]}}