{"id":10965,"date":"2024-07-02T16:41:23","date_gmt":"2024-07-02T14:41:23","guid":{"rendered":"https:\/\/www.colegionotarial.org\/ahpd\/recerca\/catalogo-de-testamentos-cerrados\/"},"modified":"2026-04-07T09:18:36","modified_gmt":"2026-04-07T07:18:36","slug":"cataleg-de-testaments-tancats","status":"publish","type":"page","link":"https:\/\/www.colegionotarial.org\/ca\/ahpb\/recerca\/cataleg-de-testaments-tancats\/","title":{"rendered":"Cat\u00e0leg de testaments tancats"},"content":{"rendered":"<p>[et_pb_section fb_built=&#8221;1&#8243; _builder_version=&#8221;4.25.2&#8243; _module_preset=&#8221;default&#8221; global_colors_info=&#8221;{}&#8221;][et_pb_row module_class=&#8221;custom-flex-row&#8221; _builder_version=&#8221;4.25.2&#8243; _module_preset=&#8221;default&#8221; global_colors_info=&#8221;{}&#8221;][et_pb_column type=&#8221;4_4&#8243; _builder_version=&#8221;4.25.2&#8243; _module_preset=&#8221;default&#8221; global_colors_info=&#8221;{}&#8221;][dsm_card title=&#8221;Cat\u00e0leg de testaments tancats&#8221; layout=&#8221;inline&#8221; layout_inline_image_width=&#8221;120px&#8221; content_horizontal_alignment=&#8221;flex-start&#8221; image=&#8221;https:\/\/www.colegionotarial.org\/wp-content\/uploads\/2024\/07\/testaments_web-1.jpg&#8221; image_as_background=&#8221;off&#8221; button_url_new_window=&#8221;1&#8243; _builder_version=&#8221;4.27.6&#8243; _module_preset=&#8221;default&#8221; body_font_size=&#8221;1rem&#8221; background_enable_color=&#8221;off&#8221; height=&#8221;200px&#8221; custom_padding=&#8221;10px|10px|10px|10px|true|true&#8221; link_option_url=&#8221;\/documents\/ahpb\/investigacion\/catalogos\/Cataleg testaments tancats_PUBLICAT.xlsx&#8221; link_option_url_new_window=&#8221;on&#8221; hover_enabled=&#8221;0&#8243; border_radii=&#8221;on|6px|6px|6px|6px&#8221; border_width_all=&#8221;1px&#8221; border_color_all=&#8221;#FFFFFF&#8221; global_colors_info=&#8221;{%22gcid-ab52094e-5a6f-4ce7-9faf-05f357b7a987%22:%91%22border_color_all__hover%22,%22border_color_all__hover%22%93}&#8221; border_radii__hover_enabled=&#8221;on|desktop&#8221; border_color_all__hover_enabled=&#8221;on|hover&#8221; border_color_all__hover=&#8221;#0c2d75&#8243; border_radii__hover=&#8221;on|6px|6px|6px|6px&#8221; sticky_enabled=&#8221;0&#8243;]<\/p>\n<p>Cat\u00e0leg de la col\u00b7lecci\u00f3 de testaments tancats que presenta la descripci\u00f3 de 18.290 unitats documentals, amb una cronologia que abra\u00e7a de 1586 a 1897. Ens trobem davant de la col\u00b7lecci\u00f3 de testaments tancats m\u00e9s important del pa\u00eds.<\/p>\n<p>&nbsp;<\/p>\n<p>[\/dsm_card][\/et_pb_column][\/et_pb_row][et_pb_row _builder_version=&#8221;4.25.2&#8243; _module_preset=&#8221;default&#8221; global_colors_info=&#8221;{}&#8221;][et_pb_column type=&#8221;4_4&#8243; _builder_version=&#8221;4.25.2&#8243; _module_preset=&#8221;default&#8221; global_colors_info=&#8221;{}&#8221;][et_pb_code _builder_version=&#8221;4.25.2&#8243; _module_preset=&#8221;default&#8221; global_colors_info=&#8221;{}&#8221;]<\/p>\n<style><!-- [et_pb_line_break_holder] --><!-- [et_pb_line_break_holder] -->.custom-flex-row .et_pb_column > .et_pb_module {<!-- [et_pb_line_break_holder] -->    width: 100%!important;<!-- [et_pb_line_break_holder] -->}<!-- [et_pb_line_break_holder] --><!-- [et_pb_line_break_holder] --><!-- [et_pb_line_break_holder] --><!-- [et_pb_line_break_holder] -->.dsm_card_layout_inline .et_pb_module_inner {<!-- [et_pb_line_break_holder] -->  align-items: flex-start!important<!-- [et_pb_line_break_holder] -->}<!-- [et_pb_line_break_holder] --><!-- [et_pb_line_break_holder] -->img.dsm_card_img {<!-- [et_pb_line_break_holder] -->  margin-top: 0px!important;<!-- [et_pb_line_break_holder] -->}<!-- [et_pb_line_break_holder] -->h4.dsm_card_title {<!-- [et_pb_line_break_holder] -->  margin-top: -20px!important;<!-- [et_pb_line_break_holder] -->  <!-- [et_pb_line_break_holder] -->}<!-- [et_pb_line_break_holder] -->  <!-- [et_pb_line_break_holder] --><\/style>\n<p>[\/et_pb_code][\/et_pb_column][\/et_pb_row][\/et_pb_section]<\/p>\n","protected":false},"excerpt":{"rendered":"<div class=\"et_pb_with_border et_pb_module dsm_card dsm_card_0 et_clickable et_pb_bg_layout_light  dsm_card_layout_inline\">\n\t\t\t\t\n\t\t\t\t\n\t\t\t\t\n\t\t\t\t\n\t\t\t\t\n\t\t\t\t\n\t\t\t\t<div class=\"et_pb_module_inner\">\n\t\t\t\t\t\n\t\t\t\n\t\t\t<figure class=\"dsm_card_image_wrapper dsm_card_badge_top_right\"><img decoding=\"async\" src=\"https:\/\/www.colegionotarial.org\/wp-content\/uploads\/2024\/07\/testaments_web-1.jpg\" alt=\"\" class=\"dsm_card_img dsm_card_image_stretch\" \/><\/figure>\n\t\t\t<div class=\"et_pb_module dsm_card_wrapper et_pb_text_align_left\">\n\t\t\t\t\t\n\t\t\t\t\t<h4 class=\"dsm_card_title et_pb_module_header\">Cat\u00e0leg de testaments tancats<\/h4>\n\t\t\t\t\t\n\t\t\t\t\t<div class=\"dsm_card_description\">Cat\u00e0leg de la col\u00b7lecci\u00f3 de testaments tancats que presenta la descripci\u00f3 de 18.290 unitats documentals, amb una cronologia que abra\u00e7a de 1586 a 1897. Ens trobem davant de la col\u00b7lecci\u00f3 de testaments tancats m\u00e9s important del pa\u00eds. &nbsp;<\/div>\n\t\t\t\t\t\n\t\t\t\t<\/div>\n\t\t\t\n\t\t\t\t<\/div>\n\t\t\t<\/div>\n","protected":false},"author":1,"featured_media":14041,"parent":10927,"menu_order":0,"comment_status":"closed","ping_status":"closed","template":"","meta":{"_acf_changed":false,"_et_pb_use_builder":"on","_et_pb_old_content":"","_et_gb_content_width":"","ngg_post_thumbnail":0,"_price":"","_stock":"","_tribe_ticket_header":"","_tribe_default_ticket_provider":"","_tribe_ticket_capacity":"0","_ticket_start_date":"","_ticket_end_date":"","_tribe_ticket_show_description":"","_tribe_ticket_show_not_going":false,"_tribe_ticket_use_global_stock":"","_tribe_ticket_global_stock_level":"","_global_stock_mode":"","_global_stock_cap":"","_tribe_rsvp_for_event":"","_tribe_ticket_going_count":"","_tribe_ticket_not_going_count":"","_tribe_tickets_list":"[]","_tribe_ticket_has_attendee_info_fields":false,"footnotes":"","_tec_slr_enabled":"","_tec_slr_layout":""},"class_list":["post-10965","page","type-page","status-publish","has-post-thumbnail","hentry"],"acf":[],"ticketed":false,"_links":{"self":[{"href":"https:\/\/www.colegionotarial.org\/ca\/wp-json\/wp\/v2\/pages\/10965","targetHints":{"allow":["GET"]}}],"collection":[{"href":"https:\/\/www.colegionotarial.org\/ca\/wp-json\/wp\/v2\/pages"}],"about":[{"href":"https:\/\/www.colegionotarial.org\/ca\/wp-json\/wp\/v2\/types\/page"}],"author":[{"embeddable":true,"href":"https:\/\/www.colegionotarial.org\/ca\/wp-json\/wp\/v2\/users\/1"}],"replies":[{"embeddable":true,"href":"https:\/\/www.colegionotarial.org\/ca\/wp-json\/wp\/v2\/comments?post=10965"}],"version-history":[{"count":4,"href":"https:\/\/www.colegionotarial.org\/ca\/wp-json\/wp\/v2\/pages\/10965\/revisions"}],"predecessor-version":[{"id":32628,"href":"https:\/\/www.colegionotarial.org\/ca\/wp-json\/wp\/v2\/pages\/10965\/revisions\/32628"}],"up":[{"embeddable":true,"href":"https:\/\/www.colegionotarial.org\/ca\/wp-json\/wp\/v2\/pages\/10927"}],"wp:featuredmedia":[{"embeddable":true,"href":"https:\/\/www.colegionotarial.org\/ca\/wp-json\/wp\/v2\/media\/14041"}],"wp:attachment":[{"href":"https:\/\/www.colegionotarial.org\/ca\/wp-json\/wp\/v2\/media?parent=10965"}],"curies":[{"name":"wp","href":"https:\/\/api.w.org\/{rel}","templated":true}]}}