{"id":10955,"date":"2024-07-02T12:59:00","date_gmt":"2024-07-02T10:59:00","guid":{"rendered":"https:\/\/www.colegionotarial.org\/ahpd\/recerca\/inventario-del-ahpb\/"},"modified":"2026-04-07T09:14:00","modified_gmt":"2026-04-07T07:14:00","slug":"inventari-de-lahpb","status":"publish","type":"page","link":"https:\/\/www.colegionotarial.org\/ca\/ahpb\/recerca\/inventari-de-lahpb\/","title":{"rendered":"Inventari de l&#8217;AHPB"},"content":{"rendered":"<p>[et_pb_section fb_built=&#8221;1&#8243; _builder_version=&#8221;4.25.2&#8243; _module_preset=&#8221;default&#8221; global_colors_info=&#8221;{}&#8221;][et_pb_row _builder_version=&#8221;4.25.2&#8243; _module_preset=&#8221;default&#8221; global_colors_info=&#8221;{}&#8221;][et_pb_column type=&#8221;4_4&#8243; _builder_version=&#8221;4.25.2&#8243; _module_preset=&#8221;default&#8221; global_colors_info=&#8221;{}&#8221;][et_pb_text _builder_version=&#8221;4.27.6&#8243; _module_preset=&#8221;default&#8221; hover_enabled=&#8221;0&#8243; global_colors_info=&#8221;{}&#8221; sticky_enabled=&#8221;0&#8243;]<\/p>\n<p>L\u2019any 2001 va apar\u00e8ixer el primer volum de l&#8217;Inventari dels fons notarials dipositats a l&#8217;Arxiu Hist\u00f2ric de Protocols de Barcelona, sota el patrocini de la Fundaci\u00f3 Noguera. En ell es descriuen tots els protocols conservats dels districtes de Barcelona i Badalona, agrupats per notari i seguint l&#8217;ordre cronol\u00f2gic d&#8217;inici d&#8217;actuaci\u00f3.<\/p>\n<p>Ja s&#8217;ha acabat la descripci\u00f3 dels fons dels 1.657 notaris (1.640 de Barcelona i 17 de Badalona) que van iniciar la seva actuaci\u00f3 amb anterioritat a l\u2019any 1968.<\/p>\n<p>Us oferim, a continuaci\u00f3, els volums editats:<\/p>\n<p>[\/et_pb_text][\/et_pb_column][\/et_pb_row][et_pb_row module_class=&#8221;custom-flex-row&#8221; _builder_version=&#8221;4.25.2&#8243; _module_preset=&#8221;default&#8221; global_colors_info=&#8221;{}&#8221;][et_pb_column type=&#8221;4_4&#8243; _builder_version=&#8221;4.25.2&#8243; _module_preset=&#8221;default&#8221; global_colors_info=&#8221;{}&#8221;][dsm_card title=&#8221;Volum I&#8221; layout=&#8221;inline&#8221; layout_inline_image_width=&#8221;120px&#8221; content_horizontal_alignment=&#8221;flex-start&#8221; image=&#8221;https:\/\/www.colegionotarial.org\/wp-content\/uploads\/2024\/07\/volumen1.jpg&#8221; image_as_background=&#8221;off&#8221; button_url_new_window=&#8221;1&#8243; _builder_version=&#8221;4.26.1&#8243; _module_preset=&#8221;default&#8221; body_font_size=&#8221;1rem&#8221; background_enable_color=&#8221;off&#8221; max_width=&#8221;500px&#8221; height=&#8221;260px&#8221; custom_padding=&#8221;10px|10px|10px|10px|true|true&#8221; link_option_url=&#8221;\/documents\/ahpb\/investigacion\/inventario\/INV_Volum_I.pdf&#8221; link_option_url_new_window=&#8221;on&#8221; border_radii=&#8221;on|6px|6px|6px|6px&#8221; border_width_all=&#8221;1px&#8221; border_color_all=&#8221;#FFFFFF&#8221; global_colors_info=&#8221;{%22gcid-ab52094e-5a6f-4ce7-9faf-05f357b7a987%22:%91%22border_color_all__hover%22,%22border_color_all__hover%22%93}&#8221; border_radii__hover_enabled=&#8221;on|desktop&#8221; border_color_all__hover_enabled=&#8221;on|hover&#8221; border_color_all__hover=&#8221;#0c2d75&#8243; border_radii__hover=&#8221;on|6px|6px|6px|6px&#8221;]<\/p>\n<p>Aquest volum descriu els fons notarials dels fedataris que iniciaren la seva actuaci\u00f3 durant els segles XIII, XIV i XV. En total, 274 notaris i 5.305 volums amb unes dates extremes situades entre el 1297 i el 1545<\/p>\n<p>[\/dsm_card][dsm_card title=&#8221;Volum II&#8221; layout=&#8221;inline&#8221; layout_inline_image_width=&#8221;120px&#8221; content_horizontal_alignment=&#8221;flex-start&#8221; image=&#8221;https:\/\/www.colegionotarial.org\/wp-content\/uploads\/2024\/07\/volumen2.jpg&#8221; image_as_background=&#8221;off&#8221; button_url_new_window=&#8221;1&#8243; title_tablet=&#8221;Volumen II&#8221; title_phone=&#8221;Volumen II&#8221; title_last_edited=&#8221;on|desktop&#8221; _builder_version=&#8221;4.26.1&#8243; _module_preset=&#8221;default&#8221; body_font_size=&#8221;1rem&#8221; background_enable_color=&#8221;off&#8221; max_width=&#8221;500px&#8221; height=&#8221;260px&#8221; custom_padding=&#8221;10px|10px|10px|10px|true|true&#8221; link_option_url=&#8221;\/documents\/ahpb\/investigacion\/inventario\/INV_Volum_II.pdf&#8221; link_option_url_new_window=&#8221;on&#8221; border_radii=&#8221;on|6px|6px|6px|6px&#8221; border_width_all=&#8221;1px&#8221; border_color_all=&#8221;#FFFFFF&#8221; global_colors_info=&#8221;{%22gcid-ab52094e-5a6f-4ce7-9faf-05f357b7a987%22:%91%22border_color_all__hover%22,%22border_color_all__hover%22%93}&#8221; border_radii__hover_enabled=&#8221;on|desktop&#8221; border_color_all__hover_enabled=&#8221;on|hover&#8221; border_color_all__hover=&#8221;#0c2d75&#8243; border_radii__hover=&#8221;on|6px|6px|6px|6px&#8221;]<\/p>\n<p>Aquest volum descriu els fons notarials dels fedataris que iniciaren la seva actuaci\u00f3 al llarg del segle XVI. En total, 291 notaris i 7.969 volums amb unes dates extremes situades entre el 1501 i el 1647.<\/p>\n<p>&nbsp;<\/p>\n<p>[\/dsm_card][dsm_card title=&#8221;Volum III&#8221; layout=&#8221;inline&#8221; layout_inline_image_width=&#8221;120px&#8221; content_horizontal_alignment=&#8221;flex-start&#8221; image=&#8221;https:\/\/www.colegionotarial.org\/wp-content\/uploads\/2024\/07\/volumen3.jpg&#8221; image_as_background=&#8221;off&#8221; button_url_new_window=&#8221;1&#8243; title_tablet=&#8221;Volumen III&#8221; title_phone=&#8221;Volumen III&#8221; title_last_edited=&#8221;on|desktop&#8221; _builder_version=&#8221;4.26.1&#8243; _module_preset=&#8221;default&#8221; body_font_size=&#8221;1rem&#8221; background_enable_color=&#8221;off&#8221; max_width=&#8221;500px&#8221; height=&#8221;260px&#8221; custom_padding=&#8221;10px|10px|10px|10px|true|true&#8221; link_option_url=&#8221;\/documents\/ahpb\/investigacion\/inventario\/INV_Volum_III.pdf&#8221; link_option_url_new_window=&#8221;on&#8221; border_radii=&#8221;on|6px|6px|6px|6px&#8221; border_width_all=&#8221;1px&#8221; border_color_all=&#8221;#FFFFFF&#8221; global_colors_info=&#8221;{%22gcid-ab52094e-5a6f-4ce7-9faf-05f357b7a987%22:%91%22border_color_all__hover%22,%22border_color_all__hover%22%93}&#8221; border_radii__hover_enabled=&#8221;on|desktop&#8221; border_color_all__hover_enabled=&#8221;on|hover&#8221; border_color_all__hover=&#8221;#0c2d75&#8243; border_radii__hover=&#8221;on|6px|6px|6px|6px&#8221;]<\/p>\n<p>Descripci\u00f3 dels fons notarials dels fedataris que iniciaren la seva actuaci\u00f3 al llarg de la primera meitat del segle XVII. En total, 183 notaris i 4.649 volums amb unes dates extremes situades entre el 1601 i el 1692.<\/p>\n<p>&nbsp;<\/p>\n<p>[\/dsm_card][dsm_card title=&#8221;Volum IV&#8221; layout=&#8221;inline&#8221; layout_inline_image_width=&#8221;120px&#8221; content_horizontal_alignment=&#8221;flex-start&#8221; image=&#8221;https:\/\/www.colegionotarial.org\/wp-content\/uploads\/2024\/07\/volumen4.jpg&#8221; image_as_background=&#8221;off&#8221; button_url_new_window=&#8221;1&#8243; title_tablet=&#8221;Volumen IV&#8221; title_phone=&#8221;Volumen IV&#8221; title_last_edited=&#8221;on|desktop&#8221; _builder_version=&#8221;4.26.1&#8243; _module_preset=&#8221;default&#8221; body_font_size=&#8221;1rem&#8221; background_enable_color=&#8221;off&#8221; max_width=&#8221;500px&#8221; height=&#8221;260px&#8221; custom_padding=&#8221;10px|10px|10px|10px|true|true&#8221; link_option_url=&#8221;\/documents\/ahpb\/investigacion\/inventario\/INV_Volum_IV.pdf&#8221; link_option_url_new_window=&#8221;on&#8221; border_radii=&#8221;on|6px|6px|6px|6px&#8221; border_width_all=&#8221;1px&#8221; border_color_all=&#8221;#FFFFFF&#8221; global_colors_info=&#8221;{%22gcid-ab52094e-5a6f-4ce7-9faf-05f357b7a987%22:%91%22border_color_all__hover%22,%22border_color_all__hover%22%93}&#8221; border_radii__hover_enabled=&#8221;on|desktop&#8221; border_color_all__hover_enabled=&#8221;on|hover&#8221; border_color_all__hover=&#8221;#0c2d75&#8243; border_radii__hover=&#8221;on|6px|6px|6px|6px&#8221;]<\/p>\n<p>Descripci\u00f3 dels fons notarials dels fedataris que iniciaren la seva actuaci\u00f3 al llarg de la segona meitat del segle XVII. En total, 167 notaris i 4.506 volums amb unes dates extremes situades entre el 1651 i el 1748.<\/p>\n<p>&nbsp;<\/p>\n<p>[\/dsm_card][dsm_card title=&#8221;Volum V&#8221; layout=&#8221;inline&#8221; layout_inline_image_width=&#8221;120px&#8221; content_horizontal_alignment=&#8221;flex-start&#8221; image=&#8221;https:\/\/www.colegionotarial.org\/wp-content\/uploads\/2024\/07\/volumen5.jpg&#8221; image_as_background=&#8221;off&#8221; button_url_new_window=&#8221;1&#8243; title_tablet=&#8221;Volumen V&#8221; title_phone=&#8221;Volumen V&#8221; title_last_edited=&#8221;on|desktop&#8221; _builder_version=&#8221;4.26.1&#8243; _module_preset=&#8221;default&#8221; body_font_size=&#8221;1rem&#8221; background_enable_color=&#8221;off&#8221; max_width=&#8221;500px&#8221; height=&#8221;260px&#8221; custom_padding=&#8221;10px|10px|10px|10px|true|true&#8221; link_option_url=&#8221;\/documents\/ahpb\/investigacion\/inventario\/INV_Volum_V.pdf&#8221; link_option_url_new_window=&#8221;on&#8221; border_radii=&#8221;on|6px|6px|6px|6px&#8221; border_width_all=&#8221;1px&#8221; border_color_all=&#8221;#FFFFFF&#8221; global_colors_info=&#8221;{%22gcid-ab52094e-5a6f-4ce7-9faf-05f357b7a987%22:%91%22border_color_all__hover%22,%22border_color_all__hover%22%93}&#8221; border_radii__hover_enabled=&#8221;on|desktop&#8221; border_color_all__hover_enabled=&#8221;on|hover&#8221; border_color_all__hover=&#8221;#0c2d75&#8243; border_radii__hover=&#8221;on|6px|6px|6px|6px&#8221;]<\/p>\n<p>Descripci\u00f3 dels fons notarials dels fedataris que iniciaren la seva actuaci\u00f3 al llarg de la primera meitat del segle XVIII. En total, 128 notaris i 2.812 volums amb unes dates extremes situades entre el 1701 i el 1799.<\/p>\n<p>&nbsp;<\/p>\n<p>[\/dsm_card][dsm_card title=&#8221;Volum VI&#8221; layout=&#8221;inline&#8221; layout_inline_image_width=&#8221;120px&#8221; content_horizontal_alignment=&#8221;flex-start&#8221; image=&#8221;https:\/\/www.colegionotarial.org\/wp-content\/uploads\/2024\/07\/volumen6.jpg&#8221; image_as_background=&#8221;off&#8221; button_url_new_window=&#8221;1&#8243; title_tablet=&#8221;Volumen VI&#8221; title_phone=&#8221;Volumen VI&#8221; title_last_edited=&#8221;on|desktop&#8221; _builder_version=&#8221;4.26.1&#8243; _module_preset=&#8221;default&#8221; body_font_size=&#8221;1rem&#8221; background_enable_color=&#8221;off&#8221; max_width=&#8221;500px&#8221; height=&#8221;260px&#8221; custom_padding=&#8221;10px|10px|10px|10px|true|true&#8221; link_option_url=&#8221;\/documents\/ahpb\/investigacion\/inventario\/INV_Volum_VI.pdf&#8221; link_option_url_new_window=&#8221;on&#8221; border_radii=&#8221;on|6px|6px|6px|6px&#8221; border_width_all=&#8221;1px&#8221; border_color_all=&#8221;#FFFFFF&#8221; global_colors_info=&#8221;{%22gcid-ab52094e-5a6f-4ce7-9faf-05f357b7a987%22:%91%22border_color_all__hover%22,%22border_color_all__hover%22%93}&#8221; border_radii__hover_enabled=&#8221;on|desktop&#8221; border_color_all__hover_enabled=&#8221;on|hover&#8221; border_color_all__hover=&#8221;#0c2d75&#8243; border_radii__hover=&#8221;on|6px|6px|6px|6px&#8221;]<\/p>\n<p>Descripci\u00f3 dels fons notarials dels fedataris que iniciaren la seva actuaci\u00f3 al llarg de la segona meitat del segle XVIII. En total, 142 notaris i 3.163 volums amb unes dates extremes situades entre el 1751 i el 1849.<\/p>\n<p>&nbsp;<\/p>\n<p>[\/dsm_card][dsm_card title=&#8221;Volum VII&#8221; layout=&#8221;inline&#8221; layout_inline_image_width=&#8221;120px&#8221; content_horizontal_alignment=&#8221;flex-start&#8221; image=&#8221;https:\/\/www.colegionotarial.org\/wp-content\/uploads\/2024\/07\/volumen7.jpg&#8221; image_as_background=&#8221;off&#8221; button_url_new_window=&#8221;1&#8243; title_tablet=&#8221;Volumen VII&#8221; title_phone=&#8221;Volumen VII&#8221; title_last_edited=&#8221;on|desktop&#8221; _builder_version=&#8221;4.26.1&#8243; _module_preset=&#8221;default&#8221; body_font_size=&#8221;1rem&#8221; background_enable_color=&#8221;off&#8221; max_width=&#8221;500px&#8221; height=&#8221;260px&#8221; custom_padding=&#8221;10px|10px|10px|10px|true|true&#8221; link_option_url=&#8221;\/documents\/ahpb\/investigacion\/inventario\/INV_Volum_VII.pdf&#8221; link_option_url_new_window=&#8221;on&#8221; border_radii=&#8221;on|6px|6px|6px|6px&#8221; border_width_all=&#8221;1px&#8221; border_color_all=&#8221;#FFFFFF&#8221; global_colors_info=&#8221;{%22gcid-ab52094e-5a6f-4ce7-9faf-05f357b7a987%22:%91%22border_color_all__hover%22,%22border_color_all__hover%22%93}&#8221; border_radii__hover_enabled=&#8221;on|desktop&#8221; border_color_all__hover_enabled=&#8221;on|hover&#8221; border_color_all__hover=&#8221;#0c2d75&#8243; border_radii__hover=&#8221;on|6px|6px|6px|6px&#8221;]<\/p>\n<p>Descripci\u00f3 dels fons notarials dels fedataris que iniciaren la seva actuaci\u00f3 entre els anys 1801 i 1862. En total, 187 notaris i 4.860 volums amb unes dates extremes situades entre el 1801 i el 1895.<\/p>\n<p>&nbsp;<\/p>\n<p>[\/dsm_card][dsm_card title=&#8221;Volum VIII&#8221; layout=&#8221;inline&#8221; layout_inline_image_width=&#8221;120px&#8221; content_horizontal_alignment=&#8221;flex-start&#8221; image=&#8221;https:\/\/www.colegionotarial.org\/wp-content\/uploads\/2024\/07\/volumen8.jpg&#8221; image_as_background=&#8221;off&#8221; button_url_new_window=&#8221;1&#8243; title_tablet=&#8221;Volumen VIII&#8221; title_phone=&#8221;Volumen VIII&#8221; title_last_edited=&#8221;on|desktop&#8221; _builder_version=&#8221;4.26.1&#8243; _module_preset=&#8221;default&#8221; body_font_size=&#8221;1rem&#8221; background_enable_color=&#8221;off&#8221; max_width=&#8221;500px&#8221; height=&#8221;260px&#8221; custom_padding=&#8221;10px|10px|10px|10px|true|true&#8221; link_option_url=&#8221;\/documents\/ahpb\/investigacion\/inventario\/INV_Volum_VIII.pdf&#8221; link_option_url_new_window=&#8221;on&#8221; border_radii=&#8221;on|6px|6px|6px|6px&#8221; border_width_all=&#8221;1px&#8221; border_color_all=&#8221;#FFFFFF&#8221; global_colors_info=&#8221;{%22gcid-ab52094e-5a6f-4ce7-9faf-05f357b7a987%22:%91%22border_color_all__hover%22,%22border_color_all__hover%22%93}&#8221; border_radii__hover_enabled=&#8221;on|desktop&#8221; border_color_all__hover_enabled=&#8221;on|hover&#8221; border_color_all__hover=&#8221;#0c2d75&#8243; border_radii__hover=&#8221;on|6px|6px|6px|6px&#8221;]<\/p>\n<p>Descripci\u00f3 dels fons notarials dels fedataris que iniciaren la seva actuaci\u00f3 entre els anys 1863 i 1900. En total, 88 notaris i 7.123 volums amb unes dates extremes situades entre el 1863 i el 1947.<\/p>\n<p>&nbsp;<\/p>\n<p>[\/dsm_card][dsm_card title=&#8221;Volum IX&#8221; layout=&#8221;inline&#8221; layout_inline_image_width=&#8221;120px&#8221; content_horizontal_alignment=&#8221;flex-start&#8221; image=&#8221;https:\/\/www.colegionotarial.org\/wp-content\/uploads\/2024\/07\/Coberta_INV_Volum_IX_CA_1.png&#8221; image_as_background=&#8221;off&#8221; button_url_new_window=&#8221;1&#8243; title_tablet=&#8221;Volumen IX&#8221; title_phone=&#8221;Volumen IX&#8221; title_last_edited=&#8221;on|desktop&#8221; _builder_version=&#8221;4.26.1&#8243; _module_preset=&#8221;default&#8221; body_font_size=&#8221;1rem&#8221; background_enable_color=&#8221;off&#8221; max_width=&#8221;500px&#8221; height=&#8221;260px&#8221; custom_padding=&#8221;10px|10px|10px|10px|true|true&#8221; link_option_url=&#8221;\/documents\/ahpb\/investigacion\/inventario\/INV_Volum_IX.pdf&#8221; link_option_url_new_window=&#8221;on&#8221; border_radii=&#8221;on|6px|6px|6px|6px&#8221; border_width_all=&#8221;1px&#8221; border_color_all=&#8221;#FFFFFF&#8221; global_colors_info=&#8221;{%22gcid-ab52094e-5a6f-4ce7-9faf-05f357b7a987%22:%91%22border_color_all__hover%22,%22border_color_all__hover%22%93}&#8221; border_radii__hover_enabled=&#8221;on|desktop&#8221; border_color_all__hover_enabled=&#8221;on|hover&#8221; border_color_all__hover=&#8221;#0c2d75&#8243; border_radii__hover=&#8221;on|6px|6px|6px|6px&#8221;]<\/p>\n<p>Descripci\u00f3 dels fons notarials dels fedataris que iniciaren la seva actuaci\u00f3 entre els anys 1901 i 1940. En total, 104 notaris i 9.227 volums amb unes dates extremes situades entre el 1902 i el 1977.<\/p>\n<p>&nbsp;<\/p>\n<p>[\/dsm_card][dsm_card title=&#8221;Volum X&#8221; layout=&#8221;inline&#8221; layout_inline_image_width=&#8221;120px&#8221; content_horizontal_alignment=&#8221;flex-start&#8221; image=&#8221;https:\/\/www.colegionotarial.org\/wp-content\/uploads\/2024\/07\/Portada.png&#8221; image_as_background=&#8221;off&#8221; button_url_new_window=&#8221;1&#8243; title_tablet=&#8221;Volumen X&#8221; title_phone=&#8221;Volumen X&#8221; title_last_edited=&#8221;on|desktop&#8221; _builder_version=&#8221;4.26.1&#8243; _module_preset=&#8221;default&#8221; body_font_size=&#8221;1rem&#8221; background_enable_color=&#8221;off&#8221; max_width=&#8221;500px&#8221; height=&#8221;260px&#8221; custom_padding=&#8221;10px|10px|10px|10px|true|true&#8221; link_option_url=&#8221;\/documents\/ahpb\/investigacion\/inventario\/INV_Volum_X.pdf&#8221; link_option_url_new_window=&#8221;on&#8221; border_radii=&#8221;on|6px|6px|6px|6px&#8221; border_width_all=&#8221;1px&#8221; border_color_all=&#8221;#FFFFFF&#8221; global_colors_info=&#8221;{%22gcid-ab52094e-5a6f-4ce7-9faf-05f357b7a987%22:%91%22border_color_all__hover%22,%22border_color_all__hover%22%93}&#8221; border_radii__hover_enabled=&#8221;on|desktop&#8221; border_color_all__hover_enabled=&#8221;on|hover&#8221; border_color_all__hover=&#8221;#0c2d75&#8243; border_radii__hover=&#8221;on|6px|6px|6px|6px&#8221;]<\/p>\n<p>Descripci\u00f3 de les escrivanies especials (Marina, Secretaria d\u2019Interpretaci\u00f3 i Traducci\u00f3 de Lleng\u00fces i Hisenda) i de les altres petites seccions de l\u2019Arxiu Hist\u00f2ric (Fons patrimonials, Foranes, Miscel\u00b7l\u00e0nia i Addenda).<\/p>\n<p>&nbsp;<\/p>\n<p>[\/dsm_card][\/et_pb_column][\/et_pb_row][et_pb_row _builder_version=&#8221;4.25.2&#8243; _module_preset=&#8221;default&#8221; global_colors_info=&#8221;{}&#8221;][et_pb_column type=&#8221;4_4&#8243; _builder_version=&#8221;4.25.2&#8243; _module_preset=&#8221;default&#8221; global_colors_info=&#8221;{}&#8221;][et_pb_code _builder_version=&#8221;4.25.2&#8243; _module_preset=&#8221;default&#8221; global_colors_info=&#8221;{}&#8221;]<\/p>\n<style><!-- [et_pb_line_break_holder] --><!-- [et_pb_line_break_holder] -->.custom-flex-row .et_pb_column > .et_pb_module {<!-- [et_pb_line_break_holder] -->    width: 500px!important;<!-- [et_pb_line_break_holder] -->}<!-- [et_pb_line_break_holder] --><!-- [et_pb_line_break_holder] --><!-- [et_pb_line_break_holder] --><!-- [et_pb_line_break_holder] -->.dsm_card_layout_inline .et_pb_module_inner {<!-- [et_pb_line_break_holder] -->  align-items: flex-start!important<!-- [et_pb_line_break_holder] -->}<!-- [et_pb_line_break_holder] --><!-- [et_pb_line_break_holder] -->img.dsm_card_img {<!-- [et_pb_line_break_holder] -->  margin-top: 0px!important;<!-- [et_pb_line_break_holder] -->}<!-- [et_pb_line_break_holder] -->h4.dsm_card_title {<!-- [et_pb_line_break_holder] -->  margin-top: -20px!important;<!-- [et_pb_line_break_holder] -->  <!-- [et_pb_line_break_holder] -->}<!-- [et_pb_line_break_holder] -->  <!-- [et_pb_line_break_holder] --><\/style>\n<p>[\/et_pb_code][\/et_pb_column][\/et_pb_row][\/et_pb_section]<\/p>\n","protected":false},"excerpt":{"rendered":"<p>L\u2019any 2001 va apar\u00e8ixer el primer volum de l&#8217;Inventari dels fons notarials dipositats a l&#8217;Arxiu Hist\u00f2ric de Protocols de Barcelona, sota el patrocini de la Fundaci\u00f3 Noguera. En ell es descriuen tots els protocols conservats dels districtes de Barcelona i Badalona, agrupats per notari i seguint l&#8217;ordre cronol\u00f2gic d&#8217;inici d&#8217;actuaci\u00f3. Ja s&#8217;ha acabat la descripci\u00f3 dels fons dels 1.657 notaris (1.640 de Barcelona i 17 de Badalona) que van iniciar la seva actuaci\u00f3 amb anterioritat a l\u2019any 1968. Us oferim, a continuaci\u00f3, els volums editats:<div class=\"et_pb_with_border et_pb_module dsm_card dsm_card_0 et_clickable et_pb_bg_layout_light  dsm_card_layout_inline\">\n\t\t\t\t\n\t\t\t\t\n\t\t\t\t\n\t\t\t\t\n\t\t\t\t\n\t\t\t\t\n\t\t\t\t<div class=\"et_pb_module_inner\">\n\t\t\t\t\t\n\t\t\t\n\t\t\t<figure class=\"dsm_card_image_wrapper dsm_card_badge_top_right\"><img decoding=\"async\" src=\"https:\/\/www.colegionotarial.org\/wp-content\/uploads\/2024\/07\/volumen1.jpg\" alt=\"\" class=\"dsm_card_img dsm_card_image_stretch\" \/><\/figure>\n\t\t\t<div class=\"et_pb_module dsm_card_wrapper et_pb_text_align_left\">\n\t\t\t\t\t\n\t\t\t\t\t<h4 class=\"dsm_card_title et_pb_module_header\">Volum I<\/h4>\n\t\t\t\t\t\n\t\t\t\t\t<div class=\"dsm_card_description\">Aquest volum descriu els fons notarials dels fedataris que iniciaren la seva actuaci\u00f3 durant els segles XIII, XIV i XV. En total, 274 notaris i 5.305 volums amb unes dates extremes situades entre el 1297 i el 1545<\/div>\n\t\t\t\t\t\n\t\t\t\t<\/div>\n\t\t\t\n\t\t\t\t<\/div>\n\t\t\t<\/div><div class=\"et_pb_with_border et_pb_module dsm_card dsm_card_1 et_clickable et_pb_bg_layout_light  dsm_card_layout_inline\">\n\t\t\t\t\n\t\t\t\t\n\t\t\t\t\n\t\t\t\t\n\t\t\t\t\n\t\t\t\t\n\t\t\t\t<div class=\"et_pb_module_inner\">\n\t\t\t\t\t\n\t\t\t\n\t\t\t<figure class=\"dsm_card_image_wrapper dsm_card_badge_top_right\"><img decoding=\"async\" src=\"https:\/\/www.colegionotarial.org\/wp-content\/uploads\/2024\/07\/volumen2.jpg\" alt=\"\" class=\"dsm_card_img dsm_card_image_stretch\" \/><\/figure>\n\t\t\t<div class=\"et_pb_module dsm_card_wrapper et_pb_text_align_left\">\n\t\t\t\t\t\n\t\t\t\t\t<h4 class=\"dsm_card_title et_pb_module_header\" data-et-multi-view=\"{&quot;schema&quot;:{&quot;content&quot;:{&quot;desktop&quot;:&quot;Volum II&quot;,&quot;tablet&quot;:&quot;Volumen II&quot;}},&quot;slug&quot;:&quot;dsm_card&quot;}\" data-et-multi-view-load-tablet-hidden=\"true\">Volum II<\/h4>\n\t\t\t\t\t\n\t\t\t\t\t\n\t\t\t\t\t\n\t\t\t\t<\/div>\n\t\t\t\n\t\t\t\t<\/div>\n\t\t\t<\/div>Aquest volum descriu els fons notarials dels fedataris que iniciaren la seva actuaci\u00f3 al llarg del segle XVI. En total, 291 notaris i 7.969 [&hellip;]<\/p>\n","protected":false},"author":1,"featured_media":14076,"parent":10927,"menu_order":0,"comment_status":"closed","ping_status":"closed","template":"","meta":{"_acf_changed":false,"_et_pb_use_builder":"on","_et_pb_old_content":"","_et_gb_content_width":"","ngg_post_thumbnail":0,"_price":"","_stock":"","_tribe_ticket_header":"","_tribe_default_ticket_provider":"","_tribe_ticket_capacity":"0","_ticket_start_date":"","_ticket_end_date":"","_tribe_ticket_show_description":"","_tribe_ticket_show_not_going":false,"_tribe_ticket_use_global_stock":"","_tribe_ticket_global_stock_level":"","_global_stock_mode":"","_global_stock_cap":"","_tribe_rsvp_for_event":"","_tribe_ticket_going_count":"","_tribe_ticket_not_going_count":"","_tribe_tickets_list":"[]","_tribe_ticket_has_attendee_info_fields":false,"footnotes":"","_tec_slr_enabled":"","_tec_slr_layout":""},"class_list":["post-10955","page","type-page","status-publish","has-post-thumbnail","hentry"],"acf":[],"ticketed":false,"_links":{"self":[{"href":"https:\/\/www.colegionotarial.org\/ca\/wp-json\/wp\/v2\/pages\/10955","targetHints":{"allow":["GET"]}}],"collection":[{"href":"https:\/\/www.colegionotarial.org\/ca\/wp-json\/wp\/v2\/pages"}],"about":[{"href":"https:\/\/www.colegionotarial.org\/ca\/wp-json\/wp\/v2\/types\/page"}],"author":[{"embeddable":true,"href":"https:\/\/www.colegionotarial.org\/ca\/wp-json\/wp\/v2\/users\/1"}],"replies":[{"embeddable":true,"href":"https:\/\/www.colegionotarial.org\/ca\/wp-json\/wp\/v2\/comments?post=10955"}],"version-history":[{"count":4,"href":"https:\/\/www.colegionotarial.org\/ca\/wp-json\/wp\/v2\/pages\/10955\/revisions"}],"predecessor-version":[{"id":32622,"href":"https:\/\/www.colegionotarial.org\/ca\/wp-json\/wp\/v2\/pages\/10955\/revisions\/32622"}],"up":[{"embeddable":true,"href":"https:\/\/www.colegionotarial.org\/ca\/wp-json\/wp\/v2\/pages\/10927"}],"wp:featuredmedia":[{"embeddable":true,"href":"https:\/\/www.colegionotarial.org\/ca\/wp-json\/wp\/v2\/media\/14076"}],"wp:attachment":[{"href":"https:\/\/www.colegionotarial.org\/ca\/wp-json\/wp\/v2\/media?parent=10955"}],"curies":[{"name":"wp","href":"https:\/\/api.w.org\/{rel}","templated":true}]}}