{"id":10947,"date":"2024-07-02T12:52:11","date_gmt":"2024-07-02T10:52:11","guid":{"rendered":"https:\/\/www.colegionotarial.org\/ahpd\/recerca\/fondos-y-colecciones\/"},"modified":"2026-04-07T10:00:45","modified_gmt":"2026-04-07T08:00:45","slug":"fons-i-col%c2%b7leccions","status":"publish","type":"page","link":"https:\/\/www.colegionotarial.org\/ca\/ahpb\/recerca\/fons-i-col%c2%b7leccions\/","title":{"rendered":"FONS I COL\u00b7LECCIONS"},"content":{"rendered":"<p>[et_pb_section fb_built=&#8221;1&#8243; module_class=&#8221;contenido&#8221; _builder_version=&#8221;4.25.1&#8243; _module_preset=&#8221;default&#8221; locked=&#8221;off&#8221; global_colors_info=&#8221;{}&#8221;][et_pb_row column_structure=&#8221;1_3,2_3&#8243; _builder_version=&#8221;4.25.1&#8243; _module_preset=&#8221;default&#8221; global_colors_info=&#8221;{}&#8221;][et_pb_column type=&#8221;1_3&#8243; _builder_version=&#8221;4.25.1&#8243; _module_preset=&#8221;default&#8221; global_colors_info=&#8221;{}&#8221;][et_pb_image src=&#8221;https:\/\/www.colegionotarial.org\/wp-content\/uploads\/2024\/07\/fondos02.jpg&#8221; title_text=&#8221;fondos02&#8243; force_fullwidth=&#8221;on&#8221; _builder_version=&#8221;4.25.2&#8243; _module_preset=&#8221;default&#8221; global_colors_info=&#8221;{}&#8221;][\/et_pb_image][\/et_pb_column][et_pb_column type=&#8221;2_3&#8243; _builder_version=&#8221;4.25.1&#8243; _module_preset=&#8221;default&#8221; global_colors_info=&#8221;{}&#8221;][et_pb_text _builder_version=&#8221;4.27.6&#8243; _module_preset=&#8221;default&#8221; global_colors_info=&#8221;{}&#8221;]<\/p>\n<p>L\u2019AHPB disposa d&#8217;un fons documental extraordinari, comparable al qual es considera el primer arxiu notarial del m\u00f3n, el de G\u00e8nova, que destaca per l&#8217;antiguitat dels seus registres donada la primerenca implantaci\u00f3 de la instituci\u00f3 notarial.<\/p>\n<p>En el nostre arxiu podem trobar els seg\u00fcents tipus de fons:<\/p>\n<ul>\n<li><strong>Protocols de Barcelona i Badalona<\/strong>. S\u00f3n els fons fonamentals, resultat de l&#8217;activitat del notari com a fedatari en l&#8217;esfera contractual privada. Els volums centenaris dels districtes de Barcelona i Badalona s\u00f3n uns 40.000, mentre que els de l&#8217;Arxiu General (suma de l&#8217;Hist\u00f2ric i l&#8217;Intermedi o de m\u00e9s de vint-i-cinc anys) s\u00f3n un total de 105.000 i ocupen m\u00e9s de 12.000 metres lineals de prestatgeria. No obstant aix\u00f2, a banda del seu elevat n\u00famero, cal destacar la riquesa i l&#8217;antiguitat d&#8217;aquest fons. El registre notarial complet m\u00e9s antic \u00e9s de finals del segle XIII (1299). I, a partir de mitjans del segle XIV, l&#8217;Arxiu compta amb unes notables i continuades s\u00e8ries documentals, amb 5.305 registres pertanyents a notaris anteriors al 1500.<\/li>\n<li><strong>Escrivanies v\u00e0ries<\/strong>. A banda dels fons generals de protocols, l&#8217;Arxiu compta amb registres d&#8217;algunes escrivanies especials, resultat de l&#8217;activitat espec\u00edfica del notari. Destaquem, d&#8217;una banda, l&#8217;Escrivania de Marina (segles XVIII-XIX), integrada per 120 volums i recentment restaurada \u00edntegrament; i per un altre, les escrivanies de Rentas y Arbitrios, Amortizaci\u00f3n y Venta de Bienes Nacionales, Hacienda y Real Intendencia (segle XIX), amb un total de 170 volums.<\/li>\n<li><strong>Notaries foranes<\/strong>. \u00c9s un petita secci\u00f3 integrada per manuals de gaireb\u00e9 150 poblacions de Catalunya, arribats a aquest Arxiu en circumst\u00e0ncies diverses. El d&#8217;Osor, de 1285-1292, \u00e9s el m\u00e9s antic que es conserva i es converteix tamb\u00e9 en el m\u00e9s antic de l&#8217;Arxiu.<\/li>\n<li><strong>Pergamins<\/strong>. Sumen un total de m\u00e9s de 1.700 unitats, fins ara ordenades en dues s\u00e8ries, actualment en vies de catalogaci\u00f3 i unificaci\u00f3. Daten dels segles XII al XVIII, i la seva proced\u00e8ncia, diversa, compta amb dos productors principals: els marquesos d&#8217;Aguilar i el mateix notariat barcelon\u00ed.<\/li>\n<\/ul>\n<p>[\/et_pb_text][\/et_pb_column][\/et_pb_row][\/et_pb_section]<\/p>\n","protected":false},"excerpt":{"rendered":"<p>L\u2019AHPB disposa d&#8217;un fons documental extraordinari, comparable al qual es considera el primer arxiu notarial del m\u00f3n, el de G\u00e8nova, que destaca per l&#8217;antiguitat dels seus registres donada la primerenca implantaci\u00f3 de la instituci\u00f3 notarial. En el nostre arxiu podem trobar els seg\u00fcents tipus de fons: Protocols de Barcelona i Badalona. S\u00f3n els fons fonamentals, resultat de l&#8217;activitat del notari com a fedatari en l&#8217;esfera contractual privada. Els volums centenaris dels districtes de Barcelona i Badalona s\u00f3n uns 40.000, mentre que els de l&#8217;Arxiu General (suma de l&#8217;Hist\u00f2ric i l&#8217;Intermedi o de m\u00e9s de vint-i-cinc anys) s\u00f3n un total de 105.000 i ocupen m\u00e9s de 12.000 metres lineals de prestatgeria. No obstant aix\u00f2, a banda del seu elevat n\u00famero, cal destacar la riquesa i l&#8217;antiguitat d&#8217;aquest fons. El registre notarial complet m\u00e9s antic \u00e9s de finals del segle XIII (1299). I, a partir de mitjans del segle XIV, l&#8217;Arxiu compta amb unes notables i continuades s\u00e8ries documentals, amb 5.305 registres pertanyents a notaris anteriors al 1500. Escrivanies v\u00e0ries. A banda dels fons generals de protocols, l&#8217;Arxiu compta amb registres d&#8217;algunes escrivanies especials, resultat de l&#8217;activitat espec\u00edfica del notari. Destaquem, d&#8217;una banda, l&#8217;Escrivania de Marina (segles XVIII-XIX), integrada per 120 volums [&hellip;]<\/p>\n","protected":false},"author":1,"featured_media":10119,"parent":10927,"menu_order":0,"comment_status":"closed","ping_status":"closed","template":"","meta":{"_acf_changed":false,"_et_pb_use_builder":"on","_et_pb_old_content":"<!-- wp:divi\/placeholder \/-->","_et_gb_content_width":"","ngg_post_thumbnail":0,"_price":"","_stock":"","_tribe_ticket_header":"","_tribe_default_ticket_provider":"","_tribe_ticket_capacity":"0","_ticket_start_date":"","_ticket_end_date":"","_tribe_ticket_show_description":"","_tribe_ticket_show_not_going":false,"_tribe_ticket_use_global_stock":"","_tribe_ticket_global_stock_level":"","_global_stock_mode":"","_global_stock_cap":"","_tribe_rsvp_for_event":"","_tribe_ticket_going_count":"","_tribe_ticket_not_going_count":"","_tribe_tickets_list":"[]","_tribe_ticket_has_attendee_info_fields":false,"footnotes":"","_tec_slr_enabled":"","_tec_slr_layout":""},"class_list":["post-10947","page","type-page","status-publish","has-post-thumbnail","hentry"],"acf":[],"ticketed":false,"_links":{"self":[{"href":"https:\/\/www.colegionotarial.org\/ca\/wp-json\/wp\/v2\/pages\/10947","targetHints":{"allow":["GET"]}}],"collection":[{"href":"https:\/\/www.colegionotarial.org\/ca\/wp-json\/wp\/v2\/pages"}],"about":[{"href":"https:\/\/www.colegionotarial.org\/ca\/wp-json\/wp\/v2\/types\/page"}],"author":[{"embeddable":true,"href":"https:\/\/www.colegionotarial.org\/ca\/wp-json\/wp\/v2\/users\/1"}],"replies":[{"embeddable":true,"href":"https:\/\/www.colegionotarial.org\/ca\/wp-json\/wp\/v2\/comments?post=10947"}],"version-history":[{"count":5,"href":"https:\/\/www.colegionotarial.org\/ca\/wp-json\/wp\/v2\/pages\/10947\/revisions"}],"predecessor-version":[{"id":32652,"href":"https:\/\/www.colegionotarial.org\/ca\/wp-json\/wp\/v2\/pages\/10947\/revisions\/32652"}],"up":[{"embeddable":true,"href":"https:\/\/www.colegionotarial.org\/ca\/wp-json\/wp\/v2\/pages\/10927"}],"wp:featuredmedia":[{"embeddable":true,"href":"https:\/\/www.colegionotarial.org\/ca\/wp-json\/wp\/v2\/media\/10119"}],"wp:attachment":[{"href":"https:\/\/www.colegionotarial.org\/ca\/wp-json\/wp\/v2\/media?parent=10947"}],"curies":[{"name":"wp","href":"https:\/\/api.w.org\/{rel}","templated":true}]}}