{"id":10944,"date":"2024-07-02T11:56:44","date_gmt":"2024-07-02T09:56:44","guid":{"rendered":"https:\/\/www.colegionotarial.org\/ahpd\/recerca\/recursos\/"},"modified":"2026-03-27T15:33:26","modified_gmt":"2026-03-27T14:33:26","slug":"recursos","status":"publish","type":"page","link":"https:\/\/www.colegionotarial.org\/ca\/ahpb\/recerca\/recursos\/","title":{"rendered":"Recursos"},"content":{"rendered":"<p>[et_pb_section fb_built=&#8221;1&#8243; module_class=&#8221;contenido&#8221; _builder_version=&#8221;4.25.1&#8243; _module_preset=&#8221;default&#8221; global_colors_info=&#8221;{}&#8221;][et_pb_row column_structure=&#8221;1_4,1_2,1_4&#8243; _builder_version=&#8221;4.25.2&#8243; _module_preset=&#8221;default&#8221; global_colors_info=&#8221;{}&#8221;][et_pb_column type=&#8221;1_4&#8243; _builder_version=&#8221;4.25.1&#8243; _module_preset=&#8221;default&#8221; global_colors_info=&#8221;{}&#8221;][\/et_pb_column][et_pb_column type=&#8221;1_2&#8243; _builder_version=&#8221;4.25.1&#8243; _module_preset=&#8221;default&#8221; global_colors_info=&#8221;{}&#8221;][et_pb_text _builder_version=&#8221;4.27.6&#8243; _module_preset=&#8221;default&#8221; hover_enabled=&#8221;0&#8243; global_colors_info=&#8221;{}&#8221; sticky_enabled=&#8221;0&#8243;]<\/p>\n<p><strong>Bibliografia per temes d&#8217;estudi<\/strong><\/p>\n<ul>\n<li>Artesanat i Ind\u00fastria. <a href=\"https:\/\/www.colegionotarial.org\/wp-content\/uploads\/2024\/07\/Bibliografia-Artesanat-i-Industria.pdf\" rel=\"attachment noopener wp-att-10100\" target=\"_blank\">Consultar<\/a>.<\/li>\n<li>Comer\u00e7 i Marina. <a href=\"https:\/\/www.colegionotarial.org\/wp-content\/uploads\/2024\/07\/Bibliografia-Comerc-i-Marina.pdf\" rel=\"attachment noopener wp-att-10103\" target=\"_blank\">Consultar<\/a>.<\/li>\n<li>Cultura, Art i Religi\u00f3. <a href=\"https:\/\/www.colegionotarial.org\/wp-content\/uploads\/2024\/07\/Bibliografia-Cultura-Art-i-Religio.pdf\" rel=\"attachment noopener wp-att-10106\" target=\"_blank\">Consultar<\/a>.<\/li>\n<li>Familia i Societat. <a href=\"https:\/\/www.colegionotarial.org\/wp-content\/uploads\/2024\/07\/Bibliografia-Familia-i-Societat.pdf\" rel=\"attachment noopener wp-att-10109\" target=\"_blank\">Consultar<\/a>.<\/li>\n<li>Terra i Propietat. <a href=\"https:\/\/www.colegionotarial.org\/wp-content\/uploads\/2024\/07\/Bibliografia-Terra-i-Propietat.pdf\" rel=\"attachment noopener wp-att-10112\" target=\"_blank\">Consultar<\/a>.<\/li>\n<\/ul>\n<p><strong>Webgrafia rellevant per a arxius i fons notarials<\/strong><\/p>\n<p><strong><\/strong><\/p>\n<ul>\n<li class=\"rteindent1\"><a href=\"http:\/\/www20.gencat.cat\/portal\/site\/msi-cultura\/menuitem.0a92779e390371ba411cb318b0c0e1a0\/?vgnextoid=78673a3919c85210VgnVCM1000008d0c1e0aRCRD&amp;vgnextchannel=78673a3919c85210VgnVCM1000008d0c1e0aRCRD&amp;vgnextfmt=default\" target=\"_blank\" rel=\"noopener\">Archiu Ist\u00f2ric Generau d\u2019Aran.<\/a><\/li>\n<li class=\"rteindent1\"><a href=\"http:\/\/www.catedralbcn.org\/index.php?option=com_content&amp;view=article&amp;id=39&amp;Itemid=104&amp;lang=ca\" target=\"_blank\" rel=\"noopener\">Arxiu Capitular de Barcelona.<\/a><\/li>\n<li class=\"rteindent1\"><a href=\"http:\/\/www.abev.net\/\" target=\"_blank\" rel=\"noopener\">Arxiu Episcopal de Vic.<\/a><\/li>\n<li class=\"rteindent1\"><a href=\"http:\/\/www.ahat.cat\/\" target=\"_blank\" rel=\"noopener\">Arxiu Hist\u00f2ric Arxidioces\u00e0 de Tarragona.<\/a><\/li>\n<li class=\"rteindent1\"><a href=\"http:\/\/www.bnc.cat\/pergamins\/formulari_pergamins\/\" target=\"_blank\" rel=\"noopener\">Arxiu Hist\u00f2ric de la Biblioteca de Catalunya.<\/a><\/li>\n<li class=\"rteindent1\"><a href=\"http:\/\/w110.bcn.cat\/portal\/site\/ArxiuHistoric?lang=ca_ES\" target=\"_blank\" rel=\"noopener\">Arxiu Hist\u00f2ric de la Ciutat de Barcelona.<\/a><\/li>\n<li class=\"rteindent1\"><a href=\"http:\/\/ca.sabadell.cat\/Ahs\/p\/quadre_cat.asp\" target=\"_blank\" rel=\"noopener\">Arxiu Hist\u00f2ric de Sabadell.<\/a><\/li>\n<li class=\"rteindent1\"><a href=\"http:\/\/www.arenysdemar.cat\/document.php?id=21048\" target=\"_blank\" rel=\"noopener\">Arxiu Municipal d\u2019Arenys de Mar.<\/a><\/li>\n<li class=\"rteindent1\"><a href=\"http:\/\/www20.gencat.cat\/portal\/site\/msi-cultura\/menuitem.0a92779e390371ba411cb318b0c0e1a0\/?vgnextoid=f21a93e8a181a210VgnVCM1000008d0c1e0aRCRD&amp;vgnextchannel=f21a93e8a181a210VgnVCM1000008d0c1e0aRCRD&amp;vgnextfmt=default\" target=\"_blank\" rel=\"noopener\">Arxiu Nacional de Catalunya.<\/a><\/li>\n<li class=\"rteindent1\"><a href=\"http:\/\/extranet.cultura.gencat.cat\/ArxiusEnLinia\/\" target=\"_blank\" rel=\"noopener\">Arxius en l\u00ednia.<\/a> (Cercador de fons dels arxius hist\u00f2rics dependents de la Generalitat de Catalunya).<\/li>\n<li class=\"rteindent1\"><a href=\"http:\/\/www.arxivers.com\/\" target=\"_blank\" rel=\"noopener\">Associaci\u00f3 d\u2019Arxivers \u2022 Gestors de Documents de Catalunya.<\/a><\/li>\n<li class=\"rteindent1\"><a href=\"http:\/\/pares.mcu.es\/\" target=\"_blank\" rel=\"noopener\">PARES. Portal de Archivos Espa\u00f1oles.<\/a><\/li>\n<li class=\"rteindent1\"><a href=\"http:\/\/www.ica.org\/2560\/about-section-on-notarial-archives-san\/about-section-on-notarial-archives-san.html\" target=\"_blank\" rel=\"noopener\">SAN ICA. Secci\u00f3 d\u2019Arxius Notarials del Consell Internacional d\u2019Arxius.<\/a><\/li>\n<li class=\"rteindent1\"><a href=\"http:\/\/www20.gencat.cat\/portal\/site\/msi-cultura\/menuitem.0a92779e390371ba411cb318b0c0e1a0\/?vgnextoid=659aa41d57c85210VgnVCM1000008d0c1e0aRCRD&amp;vgnextchannel=659aa41d57c85210VgnVCM1000008d0c1e0aRCRD&amp;vgnextfmt=default\" target=\"_blank\" rel=\"noopener\">Xarxa d\u2019Arxius Comarcals.<\/a><\/li>\n<li class=\"rteindent1\"><a href=\"http:\/\/www.fundacionoguera.com\/es\/#\" target=\"_blank\" rel=\"noopener\">Fundaci\u00f3 Noguera.<\/a><\/li>\n<\/ul>\n<p>[\/et_pb_text][\/et_pb_column][et_pb_column type=&#8221;1_4&#8243; _builder_version=&#8221;4.25.1&#8243; _module_preset=&#8221;default&#8221; global_colors_info=&#8221;{}&#8221;][\/et_pb_column][\/et_pb_row][\/et_pb_section]<\/p>\n","protected":false},"excerpt":{"rendered":"<p>Bibliografia per temes d&#8217;estudi Artesanat i Ind\u00fastria. Consultar. Comer\u00e7 i Marina. Consultar. Cultura, Art i Religi\u00f3. Consultar. Familia i Societat. Consultar. Terra i Propietat. Consultar. Webgrafia rellevant per a arxius i fons notarials Archiu Ist\u00f2ric Generau d\u2019Aran. Arxiu Capitular de Barcelona. Arxiu Episcopal de Vic. Arxiu Hist\u00f2ric Arxidioces\u00e0 de Tarragona. Arxiu Hist\u00f2ric de la Biblioteca de Catalunya. Arxiu Hist\u00f2ric de la Ciutat de Barcelona. Arxiu Hist\u00f2ric de Sabadell. Arxiu Municipal d\u2019Arenys de Mar. Arxiu Nacional de Catalunya. Arxius en l\u00ednia. (Cercador de fons dels arxius hist\u00f2rics dependents de la Generalitat de Catalunya). Associaci\u00f3 d\u2019Arxivers \u2022 Gestors de Documents de Catalunya. PARES. Portal de Archivos Espa\u00f1oles. SAN ICA. Secci\u00f3 d\u2019Arxius Notarials del Consell Internacional d\u2019Arxius. Xarxa d\u2019Arxius Comarcals. Fundaci\u00f3 Noguera.<\/p>\n","protected":false},"author":1,"featured_media":0,"parent":10927,"menu_order":0,"comment_status":"closed","ping_status":"closed","template":"","meta":{"_acf_changed":false,"_et_pb_use_builder":"on","_et_pb_old_content":"","_et_gb_content_width":"","ngg_post_thumbnail":0,"_price":"","_stock":"","_tribe_ticket_header":"","_tribe_default_ticket_provider":"","_tribe_ticket_capacity":"0","_ticket_start_date":"","_ticket_end_date":"","_tribe_ticket_show_description":"","_tribe_ticket_show_not_going":false,"_tribe_ticket_use_global_stock":"","_tribe_ticket_global_stock_level":"","_global_stock_mode":"","_global_stock_cap":"","_tribe_rsvp_for_event":"","_tribe_ticket_going_count":"","_tribe_ticket_not_going_count":"","_tribe_tickets_list":"[]","_tribe_ticket_has_attendee_info_fields":false,"footnotes":"","_tec_slr_enabled":"","_tec_slr_layout":""},"class_list":["post-10944","page","type-page","status-publish","hentry"],"acf":[],"ticketed":false,"_links":{"self":[{"href":"https:\/\/www.colegionotarial.org\/ca\/wp-json\/wp\/v2\/pages\/10944","targetHints":{"allow":["GET"]}}],"collection":[{"href":"https:\/\/www.colegionotarial.org\/ca\/wp-json\/wp\/v2\/pages"}],"about":[{"href":"https:\/\/www.colegionotarial.org\/ca\/wp-json\/wp\/v2\/types\/page"}],"author":[{"embeddable":true,"href":"https:\/\/www.colegionotarial.org\/ca\/wp-json\/wp\/v2\/users\/1"}],"replies":[{"embeddable":true,"href":"https:\/\/www.colegionotarial.org\/ca\/wp-json\/wp\/v2\/comments?post=10944"}],"version-history":[{"count":3,"href":"https:\/\/www.colegionotarial.org\/ca\/wp-json\/wp\/v2\/pages\/10944\/revisions"}],"predecessor-version":[{"id":32554,"href":"https:\/\/www.colegionotarial.org\/ca\/wp-json\/wp\/v2\/pages\/10944\/revisions\/32554"}],"up":[{"embeddable":true,"href":"https:\/\/www.colegionotarial.org\/ca\/wp-json\/wp\/v2\/pages\/10927"}],"wp:attachment":[{"href":"https:\/\/www.colegionotarial.org\/ca\/wp-json\/wp\/v2\/media?parent=10944"}],"curies":[{"name":"wp","href":"https:\/\/api.w.org\/{rel}","templated":true}]}}