{"id":10937,"date":"2024-07-02T10:58:14","date_gmt":"2024-07-02T08:58:14","guid":{"rendered":"https:\/\/www.colegionotarial.org\/ahpd\/recerca\/tutoriales\/"},"modified":"2024-08-23T10:53:35","modified_gmt":"2024-08-23T08:53:35","slug":"tutorials","status":"publish","type":"page","link":"https:\/\/www.colegionotarial.org\/ca\/ahpb\/recerca\/tutorials\/","title":{"rendered":"Tutorials"},"content":{"rendered":"<p>[et_pb_section fb_built=&#8221;1&#8243; _builder_version=&#8221;4.25.2&#8243; _module_preset=&#8221;default&#8221; global_colors_info=&#8221;{}&#8221;][et_pb_row module_class=&#8221;custom-flex-row&#8221; _builder_version=&#8221;4.25.2&#8243; _module_preset=&#8221;default&#8221; global_colors_info=&#8221;{}&#8221;][et_pb_column type=&#8221;4_4&#8243; _builder_version=&#8221;4.25.2&#8243; _module_preset=&#8221;default&#8221; global_colors_info=&#8221;{}&#8221;][dsm_card title=&#8221;Com consultar els inventaris&#8221; layout=&#8221;inline&#8221; layout_inline_image_width=&#8221;120px&#8221; content_horizontal_alignment=&#8221;flex-start&#8221; image=&#8221;https:\/\/www.colegionotarial.org\/wp-content\/uploads\/2024\/07\/ComConsultarInventaris-1.jpg&#8221; image_as_background=&#8221;off&#8221; button_url_new_window=&#8221;1&#8243; _builder_version=&#8221;4.26.1&#8243; _module_preset=&#8221;default&#8221; body_font_size=&#8221;1rem&#8221; background_enable_color=&#8221;off&#8221; max_width=&#8221;500px&#8221; height=&#8221;250px&#8221; custom_padding=&#8221;10px|10px|10px|10px|true|true&#8221; link_option_url=&#8221;\/documents\/ahpb\/investigacion\/tutoriales\/Com-localitzar-un-testament.pdf&#8221; link_option_url_new_window=&#8221;on&#8221; hover_enabled=&#8221;0&#8243; border_radii=&#8221;on|6px|6px|6px|6px&#8221; border_width_all=&#8221;1px&#8221; border_color_all=&#8221;#FFFFFF&#8221; global_colors_info=&#8221;{%22gcid-ab52094e-5a6f-4ce7-9faf-05f357b7a987%22:%91%22border_color_all__hover%22,%22border_color_all__hover%22%93}&#8221; border_radii__hover_enabled=&#8221;on|desktop&#8221; border_color_all__hover_enabled=&#8221;on|hover&#8221; border_color_all__hover=&#8221;#0c2d75&#8243; border_radii__hover=&#8221;on|6px|6px|6px|6px&#8221; sticky_enabled=&#8221;0&#8243;]<\/p>\n<div>\n<div>\n<p>El principal instrument de descripci\u00f3 de l\u2019AHPB \u00e9s l\u2019inventari dels seus fons de protocols. Per saber com cal consultar-lo, hem preparat aquest breu tutorial.<\/p>\n<\/div>\n<\/div>\n<div><\/div>\n<p>[\/dsm_card][dsm_card title=&#8221;Com consultar un testament&#8221; layout=&#8221;inline&#8221; layout_inline_image_width=&#8221;120px&#8221; content_horizontal_alignment=&#8221;flex-start&#8221; image=&#8221;https:\/\/www.colegionotarial.org\/wp-content\/uploads\/2024\/07\/ComConsultarInventaris-1.jpg&#8221; image_as_background=&#8221;off&#8221; button_url_new_window=&#8221;1&#8243; _builder_version=&#8221;4.26.1&#8243; _module_preset=&#8221;default&#8221; body_font_size=&#8221;1rem&#8221; background_enable_color=&#8221;off&#8221; max_width=&#8221;500px&#8221; height=&#8221;250px&#8221; custom_padding=&#8221;10px|10px|10px|10px|true|true&#8221; link_option_url=&#8221;\/documents\/ahpb\/investigacion\/tutoriales\/Com-consultar-els-inventaris.pdf&#8221; link_option_url_new_window=&#8221;on&#8221; hover_enabled=&#8221;0&#8243; border_radii=&#8221;on|6px|6px|6px|6px&#8221; border_width_all=&#8221;1px&#8221; border_color_all=&#8221;#FFFFFF&#8221; global_colors_info=&#8221;{%22gcid-ab52094e-5a6f-4ce7-9faf-05f357b7a987%22:%91%22border_color_all__hover%22,%22border_color_all__hover%22%93}&#8221; border_radii__hover_enabled=&#8221;on|desktop&#8221; border_color_all__hover_enabled=&#8221;on|hover&#8221; border_color_all__hover=&#8221;#0c2d75&#8243; border_radii__hover=&#8221;on|6px|6px|6px|6px&#8221; sticky_enabled=&#8221;0&#8243;]<\/p>\n<div class=\"content\">\n<div class=\"field field-name-body field-type-text-with-summary field-label-hidden\">\n<div class=\"field-items\">\n<div class=\"field-item even\" property=\"content:encoded\">\n<div>\n<div>\n<p>Un de les escriptures notarials que m\u00e9s sovint es consulta per part dels nostres usuaris \u00e9s el testament. Aqu\u00ed informem de les dades b\u00e0siques que cal con\u00e8ixer per evitar cerques aleat\u00f2ries.<\/p>\n<\/div>\n<\/div>\n<\/div>\n<\/div>\n<\/div>\n<\/div>\n<p>[\/dsm_card][\/et_pb_column][\/et_pb_row][et_pb_row _builder_version=&#8221;4.25.2&#8243; _module_preset=&#8221;default&#8221; global_colors_info=&#8221;{}&#8221;][et_pb_column type=&#8221;4_4&#8243; _builder_version=&#8221;4.25.2&#8243; _module_preset=&#8221;default&#8221; global_colors_info=&#8221;{}&#8221;][et_pb_code _builder_version=&#8221;4.25.2&#8243; _module_preset=&#8221;default&#8221; global_colors_info=&#8221;{}&#8221;]<\/p>\n<style><!-- [et_pb_line_break_holder] --><!-- [et_pb_line_break_holder] -->.custom-flex-row .et_pb_column > .et_pb_module {<!-- [et_pb_line_break_holder] -->    width: 500px!important;<!-- [et_pb_line_break_holder] -->}<!-- [et_pb_line_break_holder] --><!-- [et_pb_line_break_holder] --><!-- [et_pb_line_break_holder] --><!-- [et_pb_line_break_holder] -->.dsm_card_layout_inline .et_pb_module_inner {<!-- [et_pb_line_break_holder] -->  align-items: flex-start!important<!-- [et_pb_line_break_holder] -->}<!-- [et_pb_line_break_holder] --><!-- [et_pb_line_break_holder] -->img.dsm_card_img {<!-- [et_pb_line_break_holder] -->  margin-top: 0px!important;<!-- [et_pb_line_break_holder] -->}<!-- [et_pb_line_break_holder] -->h4.dsm_card_title {<!-- [et_pb_line_break_holder] -->  margin-top: -20px!important;<!-- [et_pb_line_break_holder] -->  <!-- [et_pb_line_break_holder] -->}<!-- [et_pb_line_break_holder] -->  <!-- [et_pb_line_break_holder] --><\/style>\n<p>[\/et_pb_code][\/et_pb_column][\/et_pb_row][\/et_pb_section]<\/p>\n","protected":false},"excerpt":{"rendered":"<p><div class=\"et_pb_with_border et_pb_module dsm_card dsm_card_0 et_clickable et_pb_bg_layout_light  dsm_card_layout_inline\">\n\t\t\t\t\n\t\t\t\t\n\t\t\t\t\n\t\t\t\t\n\t\t\t\t\n\t\t\t\t\n\t\t\t\t<div class=\"et_pb_module_inner\">\n\t\t\t\t\t\n\t\t\t\n\t\t\t<figure class=\"dsm_card_image_wrapper dsm_card_badge_top_right\"><img decoding=\"async\" src=\"https:\/\/www.colegionotarial.org\/wp-content\/uploads\/2024\/07\/ComConsultarInventaris-1.jpg\" alt=\"\" class=\"dsm_card_img dsm_card_image_stretch\" \/><\/figure>\n\t\t\t<div class=\"et_pb_module dsm_card_wrapper et_pb_text_align_left\">\n\t\t\t\t\t\n\t\t\t\t\t<h4 class=\"dsm_card_title et_pb_module_header\">Com consultar els inventaris<\/h4>\n\t\t\t\t\t\n\t\t\t\t\t<div class=\"dsm_card_description\"> El principal instrument de descripci\u00f3 de l\u2019AHPB \u00e9s l\u2019inventari dels seus fons de protocols. Per saber com cal consultar-lo, hem preparat aquest breu tutorial. <\/div>\n\t\t\t\t\t\n\t\t\t\t<\/div>\n\t\t\t\n\t\t\t\t<\/div>\n\t\t\t<\/div><div class=\"et_pb_with_border et_pb_module dsm_card dsm_card_1 et_clickable et_pb_bg_layout_light  dsm_card_layout_inline\">\n\t\t\t\t\n\t\t\t\t\n\t\t\t\t\n\t\t\t\t\n\t\t\t\t\n\t\t\t\t\n\t\t\t\t<div class=\"et_pb_module_inner\">\n\t\t\t\t\t\n\t\t\t\n\t\t\t<figure class=\"dsm_card_image_wrapper dsm_card_badge_top_right\"><img decoding=\"async\" src=\"https:\/\/www.colegionotarial.org\/wp-content\/uploads\/2024\/07\/ComConsultarInventaris-1.jpg\" alt=\"\" class=\"dsm_card_img dsm_card_image_stretch\" \/><\/figure>\n\t\t\t<div class=\"et_pb_module dsm_card_wrapper et_pb_text_align_left\">\n\t\t\t\t\t\n\t\t\t\t\t<h4 class=\"dsm_card_title et_pb_module_header\">Com consultar un testament<\/h4>\n\t\t\t\t\t\n\t\t\t\t\t<div class=\"dsm_card_description\"> Un de les escriptures notarials que m\u00e9s sovint es consulta per part dels nostres usuaris \u00e9s el testament. Aqu\u00ed informem de les dades b\u00e0siques que cal con\u00e8ixer per evitar cerques aleat\u00f2ries. <\/div>\n\t\t\t\t\t\n\t\t\t\t<\/div>\n\t\t\t\n\t\t\t\t<\/div>\n\t\t\t<\/div><\/p>\n","protected":false},"author":1,"featured_media":14096,"parent":10927,"menu_order":0,"comment_status":"closed","ping_status":"closed","template":"","meta":{"_acf_changed":false,"_et_pb_use_builder":"on","_et_pb_old_content":"","_et_gb_content_width":"","ngg_post_thumbnail":0,"_price":"","_stock":"","_tribe_ticket_header":"","_tribe_default_ticket_provider":"","_tribe_ticket_capacity":"0","_ticket_start_date":"","_ticket_end_date":"","_tribe_ticket_show_description":"","_tribe_ticket_show_not_going":false,"_tribe_ticket_use_global_stock":"","_tribe_ticket_global_stock_level":"","_global_stock_mode":"","_global_stock_cap":"","_tribe_rsvp_for_event":"","_tribe_ticket_going_count":"","_tribe_ticket_not_going_count":"","_tribe_tickets_list":"[]","_tribe_ticket_has_attendee_info_fields":false,"footnotes":"","_tec_slr_enabled":"","_tec_slr_layout":""},"class_list":["post-10937","page","type-page","status-publish","has-post-thumbnail","hentry"],"acf":[],"ticketed":false,"_links":{"self":[{"href":"https:\/\/www.colegionotarial.org\/ca\/wp-json\/wp\/v2\/pages\/10937","targetHints":{"allow":["GET"]}}],"collection":[{"href":"https:\/\/www.colegionotarial.org\/ca\/wp-json\/wp\/v2\/pages"}],"about":[{"href":"https:\/\/www.colegionotarial.org\/ca\/wp-json\/wp\/v2\/types\/page"}],"author":[{"embeddable":true,"href":"https:\/\/www.colegionotarial.org\/ca\/wp-json\/wp\/v2\/users\/1"}],"replies":[{"embeddable":true,"href":"https:\/\/www.colegionotarial.org\/ca\/wp-json\/wp\/v2\/comments?post=10937"}],"version-history":[{"count":5,"href":"https:\/\/www.colegionotarial.org\/ca\/wp-json\/wp\/v2\/pages\/10937\/revisions"}],"predecessor-version":[{"id":10943,"href":"https:\/\/www.colegionotarial.org\/ca\/wp-json\/wp\/v2\/pages\/10937\/revisions\/10943"}],"up":[{"embeddable":true,"href":"https:\/\/www.colegionotarial.org\/ca\/wp-json\/wp\/v2\/pages\/10927"}],"wp:featuredmedia":[{"embeddable":true,"href":"https:\/\/www.colegionotarial.org\/ca\/wp-json\/wp\/v2\/media\/14096"}],"wp:attachment":[{"href":"https:\/\/www.colegionotarial.org\/ca\/wp-json\/wp\/v2\/media?parent=10937"}],"curies":[{"name":"wp","href":"https:\/\/api.w.org\/{rel}","templated":true}]}}