{"id":10932,"date":"2024-07-02T10:48:36","date_gmt":"2024-07-02T08:48:36","guid":{"rendered":"https:\/\/www.colegionotarial.org\/ahpd\/investigacio\/como-comenzar\/"},"modified":"2024-08-23T10:43:51","modified_gmt":"2024-08-23T08:43:51","slug":"com-comencar","status":"publish","type":"page","link":"https:\/\/www.colegionotarial.org\/ca\/ahpb\/recerca\/com-comencar\/","title":{"rendered":"COM COMEN\u00c7AR"},"content":{"rendered":"<p>[et_pb_section fb_built=&#8221;1&#8243; module_class=&#8221;contenido&#8221; _builder_version=&#8221;4.25.1&#8243; _module_preset=&#8221;default&#8221; global_colors_info=&#8221;{}&#8221;][et_pb_row column_structure=&#8221;1_3,2_3&#8243; _builder_version=&#8221;4.25.2&#8243; _module_preset=&#8221;default&#8221; global_colors_info=&#8221;{}&#8221;][et_pb_column type=&#8221;1_3&#8243; _builder_version=&#8221;4.25.1&#8243; _module_preset=&#8221;default&#8221; global_colors_info=&#8221;{}&#8221;][et_pb_image src=&#8221;https:\/\/www.colegionotarial.org\/wp-content\/uploads\/2024\/05\/1-copia.jpg&#8221; title_text=&#8221;1 copia&#8221; align=&#8221;center&#8221; _builder_version=&#8221;4.25.2&#8243; _module_preset=&#8221;default&#8221; global_colors_info=&#8221;{}&#8221;][\/et_pb_image][\/et_pb_column][et_pb_column type=&#8221;2_3&#8243; _builder_version=&#8221;4.25.1&#8243; _module_preset=&#8221;default&#8221; global_colors_info=&#8221;{}&#8221;][et_pb_text _builder_version=&#8221;4.25.2&#8243; _module_preset=&#8221;default&#8221; global_colors_info=&#8221;{}&#8221;]<\/p>\n<p>En el moment de comen\u00e7ar una recerca basada en fons notarials \u00e9s recomanable tenir en compte una s\u00e8rie de q\u00fcestions pr\u00e8vies que, de ben segur, poden facilitar el treball i optimitzar el temps de dedicaci\u00f3, tant si es tracta d&#8217;una recerca hist\u00f2rica com d&#8217;una recerca geneal\u00f2gica o d&#8217;una consulta puntual.<\/p>\n<p>En aquesta secci\u00f3 poden comptar amb una s\u00e8rie de tutorials que els guiaran segons el tipus de cerca que desitgin realitzar i els vincles amb els recursos m\u00e9s \u00fatils (bibliografia especialitzada, revistes i publicacions en xarxa, institucions culturals afins, etc.) per a dotar de valor afegit la recerca.<\/p>\n<p>[\/et_pb_text][\/et_pb_column][\/et_pb_row][\/et_pb_section]<\/p>\n","protected":false},"excerpt":{"rendered":"<p>En el moment de comen\u00e7ar una recerca basada en fons notarials \u00e9s recomanable tenir en compte una s\u00e8rie de q\u00fcestions pr\u00e8vies que, de ben segur, poden facilitar el treball i optimitzar el temps de dedicaci\u00f3, tant si es tracta d&#8217;una recerca hist\u00f2rica com d&#8217;una recerca geneal\u00f2gica o d&#8217;una consulta puntual. En aquesta secci\u00f3 poden comptar amb una s\u00e8rie de tutorials que els guiaran segons el tipus de cerca que desitgin realitzar i els vincles amb els recursos m\u00e9s \u00fatils (bibliografia especialitzada, revistes i publicacions en xarxa, institucions culturals afins, etc.) per a dotar de valor afegit la recerca.<\/p>\n","protected":false},"author":1,"featured_media":10483,"parent":10927,"menu_order":0,"comment_status":"closed","ping_status":"closed","template":"","meta":{"_acf_changed":false,"_et_pb_use_builder":"on","_et_pb_old_content":"","_et_gb_content_width":"","ngg_post_thumbnail":0,"_price":"","_stock":"","_tribe_ticket_header":"","_tribe_default_ticket_provider":"","_tribe_ticket_capacity":"0","_ticket_start_date":"","_ticket_end_date":"","_tribe_ticket_show_description":"","_tribe_ticket_show_not_going":false,"_tribe_ticket_use_global_stock":"","_tribe_ticket_global_stock_level":"","_global_stock_mode":"","_global_stock_cap":"","_tribe_rsvp_for_event":"","_tribe_ticket_going_count":"","_tribe_ticket_not_going_count":"","_tribe_tickets_list":"[]","_tribe_ticket_has_attendee_info_fields":false,"footnotes":"","_tec_slr_enabled":"","_tec_slr_layout":""},"class_list":["post-10932","page","type-page","status-publish","has-post-thumbnail","hentry"],"acf":[],"ticketed":false,"_links":{"self":[{"href":"https:\/\/www.colegionotarial.org\/ca\/wp-json\/wp\/v2\/pages\/10932","targetHints":{"allow":["GET"]}}],"collection":[{"href":"https:\/\/www.colegionotarial.org\/ca\/wp-json\/wp\/v2\/pages"}],"about":[{"href":"https:\/\/www.colegionotarial.org\/ca\/wp-json\/wp\/v2\/types\/page"}],"author":[{"embeddable":true,"href":"https:\/\/www.colegionotarial.org\/ca\/wp-json\/wp\/v2\/users\/1"}],"replies":[{"embeddable":true,"href":"https:\/\/www.colegionotarial.org\/ca\/wp-json\/wp\/v2\/comments?post=10932"}],"version-history":[{"count":3,"href":"https:\/\/www.colegionotarial.org\/ca\/wp-json\/wp\/v2\/pages\/10932\/revisions"}],"predecessor-version":[{"id":10936,"href":"https:\/\/www.colegionotarial.org\/ca\/wp-json\/wp\/v2\/pages\/10932\/revisions\/10936"}],"up":[{"embeddable":true,"href":"https:\/\/www.colegionotarial.org\/ca\/wp-json\/wp\/v2\/pages\/10927"}],"wp:featuredmedia":[{"embeddable":true,"href":"https:\/\/www.colegionotarial.org\/ca\/wp-json\/wp\/v2\/media\/10483"}],"wp:attachment":[{"href":"https:\/\/www.colegionotarial.org\/ca\/wp-json\/wp\/v2\/media?parent=10932"}],"curies":[{"name":"wp","href":"https:\/\/api.w.org\/{rel}","templated":true}]}}