{"id":10927,"date":"2024-07-02T10:37:24","date_gmt":"2024-07-02T08:37:24","guid":{"rendered":"https:\/\/www.colegionotarial.org\/ahpd\/investigacion\/"},"modified":"2026-04-15T13:10:36","modified_gmt":"2026-04-15T11:10:36","slug":"recerca","status":"publish","type":"page","link":"https:\/\/www.colegionotarial.org\/ca\/ahpb\/recerca\/","title":{"rendered":"Recerca"},"content":{"rendered":"<p>[et_pb_section fb_built=&#8221;1&#8243; module_class=&#8221;contenido&#8221; _builder_version=&#8221;4.25.1&#8243; _module_preset=&#8221;default&#8221; global_colors_info=&#8221;{}&#8221;][et_pb_row _builder_version=&#8221;4.25.2&#8243; _module_preset=&#8221;default&#8221; global_colors_info=&#8221;{}&#8221;][et_pb_column type=&#8221;4_4&#8243; _builder_version=&#8221;4.25.1&#8243; _module_preset=&#8221;default&#8221; global_colors_info=&#8221;{}&#8221;][et_pb_text _builder_version=&#8221;4.27.6&#8243; _module_preset=&#8221;default&#8221; global_colors_info=&#8221;{}&#8221;]<\/p>\n<p>L&#8217;inter\u00e8s hist\u00f2ric dels protocols de m\u00e9s de cent anys va ser sancionat legalment mitjan\u00e7ant la Reial Ordre del Ministeri de Gr\u00e0cia i Just\u00edcia de 22 de maig de 1914. Des de llavors, l&#8217;acc\u00e9s a aquests registres notarials amb finalitats de recerca cultural ha estat un dret de la ciutadania que el Col\u00b7legi Notarial de Catalunya sempre ha garantit per als fons seculars del districte de Barcelona.<\/p>\n<p>Fidel a aquesta tradici\u00f3, l&#8217;AHPB ofereix en aquesta secci\u00f3 les eines per facilitar la consulta de la documentaci\u00f3 que custodia i incentivar la investigaci\u00f3. Si esteu duent a terme la vostra primera investigaci\u00f3, us recomanem l&#8217;apartat <a href=\"https:\/\/www.colegionotarial.org\/ca\/ahpd\/recerca\/com-comencar\/\">&#8220;Com comen\u00e7ar&#8221;<\/a> (on trobareu una s\u00e8rie de tutorials i recursos que us ajudaran a iniciar-la amb m\u00e9s seguretat). Si voleu fer una ullada r\u00e0pida als principals tipus de fons i les seves dates extremes, aneu directament a <a href=\"https:\/\/www.colegionotarial.org\/ca\/ahpd\/recerca\/fons-i-col%c2%b7leccions\/\" target=\"_blank\" rel=\"noopener\">&#8220;Fons i col\u00b7leccions&#8221;<\/a>. Finalment, a l&#8217;<a href=\"https:\/\/www.colegionotarial.org\/ca\/ahpd\/recerca\/inventari-de-lahpb\/\" target=\"_blank\" rel=\"noopener\">&#8220;Inventari de l&#8217;AHPB&#8221;<\/a> disposeu dels inventaris i cat\u00e0legs consultables en l\u00ednia elaborats pel personal t\u00e8cnic de l&#8217;arxiu.<\/p>\n<p>[\/et_pb_text][\/et_pb_column][\/et_pb_row][\/et_pb_section]<\/p>\n","protected":false},"excerpt":{"rendered":"<p>L&#8217;inter\u00e8s hist\u00f2ric dels protocols de m\u00e9s de cent anys va ser sancionat legalment mitjan\u00e7ant la Reial Ordre del Ministeri de Gr\u00e0cia i Just\u00edcia de 22 de maig de 1914. Des de llavors, l&#8217;acc\u00e9s a aquests registres notarials amb finalitats de recerca cultural ha estat un dret de la ciutadania que el Col\u00b7legi Notarial de Catalunya sempre ha garantit per als fons seculars del districte de Barcelona. Fidel a aquesta tradici\u00f3, l&#8217;AHPB ofereix en aquesta secci\u00f3 les eines per facilitar la consulta de la documentaci\u00f3 que custodia i incentivar la investigaci\u00f3. Si esteu duent a terme la vostra primera investigaci\u00f3, us recomanem l&#8217;apartat &#8220;Com comen\u00e7ar&#8221; (on trobareu una s\u00e8rie de tutorials i recursos que us ajudaran a iniciar-la amb m\u00e9s seguretat). Si voleu fer una ullada r\u00e0pida als principals tipus de fons i les seves dates extremes, aneu directament a &#8220;Fons i col\u00b7leccions&#8221;. Finalment, a l'&#8221;Inventari de l&#8217;AHPB&#8221; disposeu dels inventaris i cat\u00e0legs consultables en l\u00ednia elaborats pel personal t\u00e8cnic de l&#8217;arxiu.<\/p>\n","protected":false},"author":1,"featured_media":14078,"parent":10828,"menu_order":0,"comment_status":"closed","ping_status":"closed","template":"","meta":{"_acf_changed":false,"_et_pb_use_builder":"on","_et_pb_old_content":"","_et_gb_content_width":"","ngg_post_thumbnail":0,"_price":"","_stock":"","_tribe_ticket_header":"","_tribe_default_ticket_provider":"","_tribe_ticket_capacity":"0","_ticket_start_date":"","_ticket_end_date":"","_tribe_ticket_show_description":"","_tribe_ticket_show_not_going":false,"_tribe_ticket_use_global_stock":"","_tribe_ticket_global_stock_level":"","_global_stock_mode":"","_global_stock_cap":"","_tribe_rsvp_for_event":"","_tribe_ticket_going_count":"","_tribe_ticket_not_going_count":"","_tribe_tickets_list":"[]","_tribe_ticket_has_attendee_info_fields":false,"footnotes":"","_tec_slr_enabled":"","_tec_slr_layout":""},"class_list":["post-10927","page","type-page","status-publish","has-post-thumbnail","hentry"],"acf":[],"ticketed":false,"_links":{"self":[{"href":"https:\/\/www.colegionotarial.org\/ca\/wp-json\/wp\/v2\/pages\/10927","targetHints":{"allow":["GET"]}}],"collection":[{"href":"https:\/\/www.colegionotarial.org\/ca\/wp-json\/wp\/v2\/pages"}],"about":[{"href":"https:\/\/www.colegionotarial.org\/ca\/wp-json\/wp\/v2\/types\/page"}],"author":[{"embeddable":true,"href":"https:\/\/www.colegionotarial.org\/ca\/wp-json\/wp\/v2\/users\/1"}],"replies":[{"embeddable":true,"href":"https:\/\/www.colegionotarial.org\/ca\/wp-json\/wp\/v2\/comments?post=10927"}],"version-history":[{"count":6,"href":"https:\/\/www.colegionotarial.org\/ca\/wp-json\/wp\/v2\/pages\/10927\/revisions"}],"predecessor-version":[{"id":32962,"href":"https:\/\/www.colegionotarial.org\/ca\/wp-json\/wp\/v2\/pages\/10927\/revisions\/32962"}],"up":[{"embeddable":true,"href":"https:\/\/www.colegionotarial.org\/ca\/wp-json\/wp\/v2\/pages\/10828"}],"wp:featuredmedia":[{"embeddable":true,"href":"https:\/\/www.colegionotarial.org\/ca\/wp-json\/wp\/v2\/media\/14078"}],"wp:attachment":[{"href":"https:\/\/www.colegionotarial.org\/ca\/wp-json\/wp\/v2\/media?parent=10927"}],"curies":[{"name":"wp","href":"https:\/\/api.w.org\/{rel}","templated":true}]}}