{"id":10922,"date":"2024-07-01T16:46:48","date_gmt":"2024-07-01T14:46:48","guid":{"rendered":"https:\/\/www.colegionotarial.org\/ahpd\/arxiu-digital\/fondos-digitalizados\/"},"modified":"2026-04-20T17:01:11","modified_gmt":"2026-04-20T15:01:11","slug":"fons-digitalitzats","status":"publish","type":"page","link":"https:\/\/www.colegionotarial.org\/ca\/ahpb\/arxiu-digital\/fons-digitalitzats\/","title":{"rendered":"Fons digitalitzats"},"content":{"rendered":"<p>[et_pb_section fb_built=&#8221;1&#8243; module_class=&#8221;contenido&#8221; _builder_version=&#8221;4.25.1&#8243; _module_preset=&#8221;default&#8221; global_colors_info=&#8221;{}&#8221;][et_pb_row column_structure=&#8221;1_3,2_3&#8243; _builder_version=&#8221;4.25.1&#8243; _module_preset=&#8221;default&#8221; global_colors_info=&#8221;{}&#8221;][et_pb_column type=&#8221;1_3&#8243; _builder_version=&#8221;4.25.1&#8243; _module_preset=&#8221;default&#8221; global_colors_info=&#8221;{}&#8221;][et_pb_image src=&#8221;https:\/\/www.colegionotarial.org\/wp-content\/uploads\/2024\/07\/fondos_digitalizados.jpg&#8221; title_text=&#8221;fondos_digitalizados&#8221; show_in_lightbox=&#8221;on&#8221; align=&#8221;center&#8221; _builder_version=&#8221;4.25.2&#8243; _module_preset=&#8221;default&#8221; global_colors_info=&#8221;{}&#8221;][\/et_pb_image][\/et_pb_column][et_pb_column type=&#8221;2_3&#8243; _builder_version=&#8221;4.25.1&#8243; _module_preset=&#8221;default&#8221; global_colors_info=&#8221;{}&#8221;][et_pb_text _builder_version=&#8221;4.27.6&#8243; _module_preset=&#8221;default&#8221; hover_enabled=&#8221;0&#8243; global_colors_info=&#8221;{}&#8221; sticky_enabled=&#8221;0&#8243;]<\/p>\n<p>Dels m\u00e9s de 3.500 volums generats pels 197 notaris barcelonins que iniciaren la seva actuaci\u00f3 abans de l\u2019any 1451, se n\u2019han digitalitzat 3.336, amb unes dates l\u00edmit que van de l\u2019any 1296 al 1510.<\/p>\n<p>S\u00f3n m\u00e9s 750.000 imatges que converteixen el protocol medieval barcelon\u00ed en l\u2019arxiu digital de fons notarials hist\u00f2rics m\u00e9s important del m\u00f3n, tant per la seva quantitat com, sobretot, per la seva singularitat i antiguitat.<\/p>\n<p style=\"text-align: center;\"><a href=\"https:\/\/arxiu.colegionotarial.org\/.\" target=\"_blank\" rel=\"noopener\"><strong>Accedir al buscador &gt;<\/strong><\/a><\/p>\n<p>[\/et_pb_text][\/et_pb_column][\/et_pb_row][\/et_pb_section]<\/p>\n","protected":false},"excerpt":{"rendered":"<p>Dels m\u00e9s de 3.500 volums generats pels 197 notaris barcelonins que iniciaren la seva actuaci\u00f3 abans de l\u2019any 1451, se n\u2019han digitalitzat 3.336, amb unes dates l\u00edmit que van de l\u2019any 1296 al 1510. S\u00f3n m\u00e9s 750.000 imatges que converteixen el protocol medieval barcelon\u00ed en l\u2019arxiu digital de fons notarials hist\u00f2rics m\u00e9s important del m\u00f3n, tant per la seva quantitat com, sobretot, per la seva singularitat i antiguitat. Accedir al buscador &gt;<\/p>\n","protected":false},"author":1,"featured_media":14109,"parent":10905,"menu_order":0,"comment_status":"closed","ping_status":"closed","template":"","meta":{"_acf_changed":false,"_et_pb_use_builder":"on","_et_pb_old_content":"","_et_gb_content_width":"","ngg_post_thumbnail":0,"_price":"","_stock":"","_tribe_ticket_header":"","_tribe_default_ticket_provider":"","_tribe_ticket_capacity":"0","_ticket_start_date":"","_ticket_end_date":"","_tribe_ticket_show_description":"","_tribe_ticket_show_not_going":false,"_tribe_ticket_use_global_stock":"","_tribe_ticket_global_stock_level":"","_global_stock_mode":"","_global_stock_cap":"","_tribe_rsvp_for_event":"","_tribe_ticket_going_count":"","_tribe_ticket_not_going_count":"","_tribe_tickets_list":"[]","_tribe_ticket_has_attendee_info_fields":false,"footnotes":"","_tec_slr_enabled":"","_tec_slr_layout":""},"class_list":["post-10922","page","type-page","status-publish","has-post-thumbnail","hentry"],"acf":[],"ticketed":false,"_links":{"self":[{"href":"https:\/\/www.colegionotarial.org\/ca\/wp-json\/wp\/v2\/pages\/10922","targetHints":{"allow":["GET"]}}],"collection":[{"href":"https:\/\/www.colegionotarial.org\/ca\/wp-json\/wp\/v2\/pages"}],"about":[{"href":"https:\/\/www.colegionotarial.org\/ca\/wp-json\/wp\/v2\/types\/page"}],"author":[{"embeddable":true,"href":"https:\/\/www.colegionotarial.org\/ca\/wp-json\/wp\/v2\/users\/1"}],"replies":[{"embeddable":true,"href":"https:\/\/www.colegionotarial.org\/ca\/wp-json\/wp\/v2\/comments?post=10922"}],"version-history":[{"count":6,"href":"https:\/\/www.colegionotarial.org\/ca\/wp-json\/wp\/v2\/pages\/10922\/revisions"}],"predecessor-version":[{"id":33093,"href":"https:\/\/www.colegionotarial.org\/ca\/wp-json\/wp\/v2\/pages\/10922\/revisions\/33093"}],"up":[{"embeddable":true,"href":"https:\/\/www.colegionotarial.org\/ca\/wp-json\/wp\/v2\/pages\/10905"}],"wp:featuredmedia":[{"embeddable":true,"href":"https:\/\/www.colegionotarial.org\/ca\/wp-json\/wp\/v2\/media\/14109"}],"wp:attachment":[{"href":"https:\/\/www.colegionotarial.org\/ca\/wp-json\/wp\/v2\/media?parent=10922"}],"curies":[{"name":"wp","href":"https:\/\/api.w.org\/{rel}","templated":true}]}}