{"id":10905,"date":"2024-07-01T16:32:25","date_gmt":"2024-07-01T14:32:25","guid":{"rendered":"https:\/\/www.colegionotarial.org\/ahpd\/archivo-digital\/"},"modified":"2026-03-27T15:23:34","modified_gmt":"2026-03-27T14:23:34","slug":"arxiu-digital","status":"publish","type":"page","link":"https:\/\/www.colegionotarial.org\/ca\/ahpb\/arxiu-digital\/","title":{"rendered":"Arxiu digital"},"content":{"rendered":"<p>[et_pb_section fb_built=&#8221;1&#8243; module_class=&#8221;contenido&#8221; _builder_version=&#8221;4.25.1&#8243; _module_preset=&#8221;default&#8221; global_colors_info=&#8221;{}&#8221;][et_pb_row _builder_version=&#8221;4.25.1&#8243; _module_preset=&#8221;default&#8221; global_colors_info=&#8221;{}&#8221;][et_pb_column type=&#8221;4_4&#8243; _builder_version=&#8221;4.25.1&#8243; _module_preset=&#8221;default&#8221; global_colors_info=&#8221;{}&#8221;][et_pb_text _builder_version=&#8221;4.27.6&#8243; _module_preset=&#8221;default&#8221; hover_enabled=&#8221;0&#8243; global_colors_info=&#8221;{}&#8221; sticky_enabled=&#8221;0&#8243;]<\/p>\n<p><span data-olk-copy-source=\"MessageBody\">El Col\u00b7legi Notarial de Catalunya us ofereix acc\u00e9s directe als fons digitalitzats de l&#8217;Arxiu Hist\u00f2ric de Protocols de Barcelona a trav\u00e9s d&#8217;Aurora.\u00a0<\/span><span data-olk-copy-source=\"MessageBody\"><\/span><\/p>\n<p>Per a gaudir de les funcionalitats d&#8217;Aurora (llibreta de notes, comentaris, desc\u00e0rrega d&#8217;imatges), cal registrar-se a la zona d&#8217;usuaris.<\/p>\n<p>Advertim que nom\u00e9s es poden utilitzar aquestes imatges amb finalitats de recerca, docents i no comercials, sempre que se citi la font i no es faci cap modificaci\u00f3. Per a qualsevol un altre \u00fas, fa falta l&#8217;autoritzaci\u00f3 expressa del Col\u00b7legi Notarial de Catalunya.<\/p>\n<p><span style=\"color: #0c2d75; font-family: Raleway; font-size: 16px; font-weight: bold; letter-spacing: 1px; text-transform: uppercase;\">cERCA din\u00c0mica<\/span><\/p>\n<p>Aquesta cerca es realitza directament a trav\u00e9s de la taula de dades, amb els filtres que inclouen les cap\u00e7aleres de cada camp que es mostra a la taula.<\/p>\n<h5><span style=\"color: #0c2d75; font-family: Raleway; font-size: 16px; font-weight: bold; letter-spacing: 1px; text-transform: uppercase;\">cERCA a trav\u00e9s de formulari<\/span><\/h5>\n<p>Aquesta cerca es realitza a trav\u00e9s d&#8217;un formulari amb camps que es pot emplenar per a executar un filtre a la nostra cerca.<\/p>\n<p>[\/et_pb_text][\/et_pb_column][\/et_pb_row][\/et_pb_section]<\/p>\n","protected":false},"excerpt":{"rendered":"<p>El Col\u00b7legi Notarial de Catalunya us ofereix acc\u00e9s directe als fons digitalitzats de l&#8217;Arxiu Hist\u00f2ric de Protocols de Barcelona a trav\u00e9s d&#8217;Aurora.\u00a0 Per a gaudir de les funcionalitats d&#8217;Aurora (llibreta de notes, comentaris, desc\u00e0rrega d&#8217;imatges), cal registrar-se a la zona d&#8217;usuaris. Advertim que nom\u00e9s es poden utilitzar aquestes imatges amb finalitats de recerca, docents i no comercials, sempre que se citi la font i no es faci cap modificaci\u00f3. Per a qualsevol un altre \u00fas, fa falta l&#8217;autoritzaci\u00f3 expressa del Col\u00b7legi Notarial de Catalunya. cERCA din\u00c0mica Aquesta cerca es realitza directament a trav\u00e9s de la taula de dades, amb els filtres que inclouen les cap\u00e7aleres de cada camp que es mostra a la taula. cERCA a trav\u00e9s de formulari Aquesta cerca es realitza a trav\u00e9s d&#8217;un formulari amb camps que es pot emplenar per a executar un filtre a la nostra cerca.<\/p>\n","protected":false},"author":1,"featured_media":14030,"parent":10828,"menu_order":0,"comment_status":"closed","ping_status":"closed","template":"","meta":{"_acf_changed":false,"_et_pb_use_builder":"on","_et_pb_old_content":"","_et_gb_content_width":"","ngg_post_thumbnail":0,"_price":"","_stock":"","_tribe_ticket_header":"","_tribe_default_ticket_provider":"","_tribe_ticket_capacity":"0","_ticket_start_date":"","_ticket_end_date":"","_tribe_ticket_show_description":"","_tribe_ticket_show_not_going":false,"_tribe_ticket_use_global_stock":"","_tribe_ticket_global_stock_level":"","_global_stock_mode":"","_global_stock_cap":"","_tribe_rsvp_for_event":"","_tribe_ticket_going_count":"","_tribe_ticket_not_going_count":"","_tribe_tickets_list":"[]","_tribe_ticket_has_attendee_info_fields":false,"footnotes":"","_tec_slr_enabled":"","_tec_slr_layout":""},"class_list":["post-10905","page","type-page","status-publish","has-post-thumbnail","hentry"],"acf":[],"ticketed":false,"_links":{"self":[{"href":"https:\/\/www.colegionotarial.org\/ca\/wp-json\/wp\/v2\/pages\/10905","targetHints":{"allow":["GET"]}}],"collection":[{"href":"https:\/\/www.colegionotarial.org\/ca\/wp-json\/wp\/v2\/pages"}],"about":[{"href":"https:\/\/www.colegionotarial.org\/ca\/wp-json\/wp\/v2\/types\/page"}],"author":[{"embeddable":true,"href":"https:\/\/www.colegionotarial.org\/ca\/wp-json\/wp\/v2\/users\/1"}],"replies":[{"embeddable":true,"href":"https:\/\/www.colegionotarial.org\/ca\/wp-json\/wp\/v2\/comments?post=10905"}],"version-history":[{"count":4,"href":"https:\/\/www.colegionotarial.org\/ca\/wp-json\/wp\/v2\/pages\/10905\/revisions"}],"predecessor-version":[{"id":32546,"href":"https:\/\/www.colegionotarial.org\/ca\/wp-json\/wp\/v2\/pages\/10905\/revisions\/32546"}],"up":[{"embeddable":true,"href":"https:\/\/www.colegionotarial.org\/ca\/wp-json\/wp\/v2\/pages\/10828"}],"wp:featuredmedia":[{"embeddable":true,"href":"https:\/\/www.colegionotarial.org\/ca\/wp-json\/wp\/v2\/media\/14030"}],"wp:attachment":[{"href":"https:\/\/www.colegionotarial.org\/ca\/wp-json\/wp\/v2\/media?parent=10905"}],"curies":[{"name":"wp","href":"https:\/\/api.w.org\/{rel}","templated":true}]}}