{"id":10900,"date":"2024-07-01T16:36:51","date_gmt":"2024-07-01T14:36:51","guid":{"rendered":"https:\/\/www.colegionotarial.org\/aurora\/"},"modified":"2024-08-23T09:07:35","modified_gmt":"2024-08-23T07:07:35","slug":"aurora","status":"publish","type":"page","link":"https:\/\/www.colegionotarial.org\/ca\/ahpb\/arxiu-digital\/aurora\/","title":{"rendered":"Aurora"},"content":{"rendered":"<p>[et_pb_section fb_built=&#8221;1&#8243; module_class=&#8221;contenido&#8221; _builder_version=&#8221;4.25.1&#8243; _module_preset=&#8221;default&#8221; global_colors_info=&#8221;{}&#8221;][et_pb_row column_structure=&#8221;3_5,2_5&#8243; _builder_version=&#8221;4.25.1&#8243; _module_preset=&#8221;default&#8221; global_colors_info=&#8221;{}&#8221;][et_pb_column type=&#8221;3_5&#8243; _builder_version=&#8221;4.25.1&#8243; _module_preset=&#8221;default&#8221; global_colors_info=&#8221;{}&#8221;][et_pb_text _builder_version=&#8221;4.26.1&#8243; _module_preset=&#8221;default&#8221; hover_enabled=&#8221;0&#8243; global_colors_info=&#8221;{}&#8221; sticky_enabled=&#8221;0&#8243;]<\/p>\n<p>&#8220;Aurora&#8221; \u00e9s el gestor documental que dona suport a la secci\u00f3 d&#8217;arxiu digital de l&#8217;Arxiu Hist\u00f2ric de Protocols de Barcelona (AHPB), nomenat aix\u00ed en homenatge a l&#8217;obra inacabada de Rolandino de\u2019Passaggeri. Aix\u00ed, si el pr\u00edncep dels notaris va utilitzar en l'&#8221;Aurora&#8221; per primera vegada el tenor literal de les f\u00f3rmules documentals per a glossar i difondre el coneixement sobre el &#8220;ars notariae&#8221;, aquesta nova &#8220;Aurora&#8221; t\u00e9 per objectiu posar la variada tipologia d&#8217;instruments que inclou el protocol notarial barcelon\u00ed a disposici\u00f3 dels investigadors.<\/p>\n<p>Els m\u00e9s de quaranta mil volums que conformen el fons hist\u00f2ric -aix\u00ed com els centenars que anualment s&#8217;aniran afegint- no fan viable una digitalitzaci\u00f3 massiva. M\u00e9s aviat, ajuden a entendre millor per qu\u00e8 &#8220;Aurora&#8221; no tindr\u00e0 un car\u00e0cter inacabat, com la seva predecessora medieval, sin\u00f3 un car\u00e0cter interminable, tal com fixen els principis de la continu\u00eftat digital per a la preservaci\u00f3 i difusi\u00f3 del patrimoni documental a trav\u00e9s d&#8217;internet.<\/p>\n<h3><strong>Import\u00e0ncia d\u2019&#8221;Aurora&#8221;<\/p>\n<p><\/strong><\/h3>\n<ul>\n<li><strong>Accessibilitat<\/strong>: Permet la consulta lliure dels fons digitalitzats del AHPB, en continu creixement.<\/li>\n<li><strong>Continu\u00eftat digital:<\/strong> A difer\u00e8ncia de la seva predecessora medieval, &#8220;Aurora&#8221; tindr\u00e0 un car\u00e0cter inacabat, seguint els principis de la continu\u00eftat digital per a l&#8217;acc\u00e9s continu i interminable al patrimoni documental.<\/li>\n<\/ul>\n<p>&#8220;Aurora&#8221; no nom\u00e9s facilita la recerca i el coneixement del passat notarial, sin\u00f3 que tamb\u00e9 assegura la continu\u00eftat i accessibilitat d&#8217;aquests valuosos documents per a futures generacions.<\/p>\n<p>[\/et_pb_text][\/et_pb_column][et_pb_column type=&#8221;2_5&#8243; _builder_version=&#8221;4.25.1&#8243; _module_preset=&#8221;default&#8221; global_colors_info=&#8221;{}&#8221;][et_pb_image src=&#8221;https:\/\/www.colegionotarial.org\/wp-content\/uploads\/2024\/07\/aurora.jpg&#8221; title_text=&#8221;aurora&#8221; show_in_lightbox=&#8221;on&#8221; align=&#8221;center&#8221; _builder_version=&#8221;4.25.2&#8243; _module_preset=&#8221;default&#8221; global_colors_info=&#8221;{}&#8221;][\/et_pb_image][et_pb_text _builder_version=&#8221;4.25.2&#8243; _module_preset=&#8221;default&#8221; global_colors_info=&#8221;{}&#8221;]<\/p>\n<blockquote>\n<p>&#8220;Nam tempora se iungens tenebras Aurora repellit et nunciat lucis munera grata rubens.&#8221;<\/p>\n<\/blockquote>\n<p>(Doncs, l&#8217;Aurora, separant els temps, dissipa les tenebres i, brillant, anuncia els plaents beneficis de la llum.)<\/p>\n<p>[\/et_pb_text][\/et_pb_column][\/et_pb_row][\/et_pb_section]<\/p>\n","protected":false},"excerpt":{"rendered":"<p>&#8220;Aurora&#8221; \u00e9s el gestor documental que dona suport a la secci\u00f3 d&#8217;arxiu digital de l&#8217;Arxiu Hist\u00f2ric de Protocols de Barcelona (AHPB), nomenat aix\u00ed en homenatge a l&#8217;obra inacabada de Rolandino de\u2019Passaggeri. Aix\u00ed, si el pr\u00edncep dels notaris va utilitzar en l'&#8221;Aurora&#8221; per primera vegada el tenor literal de les f\u00f3rmules documentals per a glossar i difondre el coneixement sobre el &#8220;ars notariae&#8221;, aquesta nova &#8220;Aurora&#8221; t\u00e9 per objectiu posar la variada tipologia d&#8217;instruments que inclou el protocol notarial barcelon\u00ed a disposici\u00f3 dels investigadors. Els m\u00e9s de quaranta mil volums que conformen el fons hist\u00f2ric -aix\u00ed com els centenars que anualment s&#8217;aniran afegint- no fan viable una digitalitzaci\u00f3 massiva. M\u00e9s aviat, ajuden a entendre millor per qu\u00e8 &#8220;Aurora&#8221; no tindr\u00e0 un car\u00e0cter inacabat, com la seva predecessora medieval, sin\u00f3 un car\u00e0cter interminable, tal com fixen els principis de la continu\u00eftat digital per a la preservaci\u00f3 i difusi\u00f3 del patrimoni documental a trav\u00e9s d&#8217;internet. Import\u00e0ncia d\u2019&#8221;Aurora&#8221; Accessibilitat: Permet la consulta lliure dels fons digitalitzats del AHPB, en continu creixement. Continu\u00eftat digital: A difer\u00e8ncia de la seva predecessora medieval, &#8220;Aurora&#8221; tindr\u00e0 un car\u00e0cter inacabat, seguint els principis de la continu\u00eftat digital per a l&#8217;acc\u00e9s continu i interminable al patrimoni documental. &#8220;Aurora&#8221; no nom\u00e9s [&hellip;]<\/p>\n","protected":false},"author":1,"featured_media":14037,"parent":10905,"menu_order":0,"comment_status":"closed","ping_status":"closed","template":"","meta":{"_acf_changed":false,"_et_pb_use_builder":"on","_et_pb_old_content":"","_et_gb_content_width":"","ngg_post_thumbnail":0,"_price":"","_stock":"","_tribe_ticket_header":"","_tribe_default_ticket_provider":"","_tribe_ticket_capacity":"0","_ticket_start_date":"","_ticket_end_date":"","_tribe_ticket_show_description":"","_tribe_ticket_show_not_going":false,"_tribe_ticket_use_global_stock":"","_tribe_ticket_global_stock_level":"","_global_stock_mode":"","_global_stock_cap":"","_tribe_rsvp_for_event":"","_tribe_ticket_going_count":"","_tribe_ticket_not_going_count":"","_tribe_tickets_list":"[]","_tribe_ticket_has_attendee_info_fields":false,"footnotes":"","_tec_slr_enabled":"","_tec_slr_layout":""},"class_list":["post-10900","page","type-page","status-publish","has-post-thumbnail","hentry"],"acf":[],"ticketed":false,"_links":{"self":[{"href":"https:\/\/www.colegionotarial.org\/ca\/wp-json\/wp\/v2\/pages\/10900","targetHints":{"allow":["GET"]}}],"collection":[{"href":"https:\/\/www.colegionotarial.org\/ca\/wp-json\/wp\/v2\/pages"}],"about":[{"href":"https:\/\/www.colegionotarial.org\/ca\/wp-json\/wp\/v2\/types\/page"}],"author":[{"embeddable":true,"href":"https:\/\/www.colegionotarial.org\/ca\/wp-json\/wp\/v2\/users\/1"}],"replies":[{"embeddable":true,"href":"https:\/\/www.colegionotarial.org\/ca\/wp-json\/wp\/v2\/comments?post=10900"}],"version-history":[{"count":2,"href":"https:\/\/www.colegionotarial.org\/ca\/wp-json\/wp\/v2\/pages\/10900\/revisions"}],"predecessor-version":[{"id":10904,"href":"https:\/\/www.colegionotarial.org\/ca\/wp-json\/wp\/v2\/pages\/10900\/revisions\/10904"}],"up":[{"embeddable":true,"href":"https:\/\/www.colegionotarial.org\/ca\/wp-json\/wp\/v2\/pages\/10905"}],"wp:featuredmedia":[{"embeddable":true,"href":"https:\/\/www.colegionotarial.org\/ca\/wp-json\/wp\/v2\/media\/14037"}],"wp:attachment":[{"href":"https:\/\/www.colegionotarial.org\/ca\/wp-json\/wp\/v2\/media?parent=10900"}],"curies":[{"name":"wp","href":"https:\/\/api.w.org\/{rel}","templated":true}]}}