{"id":10858,"date":"2024-07-01T15:19:31","date_gmt":"2024-07-01T13:19:31","guid":{"rendered":"https:\/\/www.colegionotarial.org\/ahpd\/memoria-anual\/"},"modified":"2024-10-16T12:13:49","modified_gmt":"2024-10-16T10:13:49","slug":"memoria-anual","status":"publish","type":"page","link":"https:\/\/www.colegionotarial.org\/ca\/ahpb\/memoria-anual\/","title":{"rendered":"Mem\u00f2ria anual"},"content":{"rendered":"<p>[et_pb_section fb_built=&#8221;1&#8243; _builder_version=&#8221;4.26.1&#8243; _module_preset=&#8221;default&#8221; global_colors_info=&#8221;{}&#8221;][et_pb_row _builder_version=&#8221;4.25.2&#8243; _module_preset=&#8221;default&#8221; locked=&#8221;off&#8221; global_colors_info=&#8221;{}&#8221;][et_pb_column type=&#8221;4_4&#8243; _builder_version=&#8221;4.25.2&#8243; _module_preset=&#8221;default&#8221; global_colors_info=&#8221;{}&#8221;][et_pb_code _builder_version=&#8221;4.26.1&#8243; _module_preset=&#8221;default&#8221; global_colors_info=&#8221;{}&#8221;]<\/p>\n<style><!-- [et_pb_line_break_holder] --><!-- [et_pb_line_break_holder] -->.custom-flex-row .et_pb_column > .et_pb_module {<!-- [et_pb_line_break_holder] -->    width: 330px!important;<!-- [et_pb_line_break_holder] -->}<!-- [et_pb_line_break_holder] --><!-- [et_pb_line_break_holder] --><!-- [et_pb_line_break_holder] --><!-- [et_pb_line_break_holder] -->.dsm_card_layout_inline .et_pb_module_inner {<!-- [et_pb_line_break_holder] -->  align-items: flex-start!important<!-- [et_pb_line_break_holder] -->}<!-- [et_pb_line_break_holder] --><!-- [et_pb_line_break_holder] -->img.dsm_card_img {<!-- [et_pb_line_break_holder] -->  margin-top: 0px!important;<!-- [et_pb_line_break_holder] -->}<!-- [et_pb_line_break_holder] -->h4.dsm_card_title {<!-- [et_pb_line_break_holder] -->  margin-top: -20px!important;<!-- [et_pb_line_break_holder] -->  <!-- [et_pb_line_break_holder] -->}<!-- [et_pb_line_break_holder] -->  <!-- [et_pb_line_break_holder] --><\/style>\n<p>[\/et_pb_code][et_pb_text _builder_version=&#8221;4.26.1&#8243; _module_preset=&#8221;default&#8221; global_colors_info=&#8221;{}&#8221;]<\/p>\n<p>En aquest apartat es trobaran, de manera actualitzada, les mem\u00f2ries de l&#8217;Arxiu.<\/p>\n<p>\u00a0Agrupada en quatre apartats, seguint les funcions principals de qualsevol centre d&#8217;arxiu, la mem\u00f2ria recull l&#8217;activitat duta a terme sobre cadascuna d&#8217;elles: recepci\u00f3 o ingressos de fons; conservaci\u00f3 en el triple vessant de preservaci\u00f3, restauraci\u00f3 i reproducci\u00f3; organitzaci\u00f3 i tractament, igualment en el seu triple vessant de classificaci\u00f3, ordenaci\u00f3 i descripci\u00f3, i, finalment, comunicaci\u00f3 i difusi\u00f3 dels fons.<\/p>\n<p>[\/et_pb_text][\/et_pb_column][\/et_pb_row][et_pb_row module_class=&#8221;custom-flex-row&#8221; _builder_version=&#8221;4.25.2&#8243; _module_preset=&#8221;default&#8221; global_colors_info=&#8221;{}&#8221;][et_pb_column type=&#8221;4_4&#8243; _builder_version=&#8221;4.25.2&#8243; _module_preset=&#8221;default&#8221; global_colors_info=&#8221;{}&#8221;][dsm_card title=&#8221;Mem\u00f2ria 2023&#8243; layout=&#8221;inline&#8221; image=&#8221;https:\/\/www.colegionotarial.org\/wp-content\/uploads\/2024\/07\/Portada_2022.png&#8221; image_as_background=&#8221;off&#8221; use_content_icon=&#8221;on&#8221; font_icon=&#8221;&#xf1c1;||fa||400&#8243; icon_color=&#8221;#E02B20&#8243; use_icon_font_size=&#8221;on&#8221; icon_content_font_size=&#8221;24px&#8221; button_url_new_window=&#8221;1&#8243; _builder_version=&#8221;4.26.1&#8243; _module_preset=&#8221;default&#8221; link_option_url=&#8221;\/documents\/ahpb\/memoria_anual\/Mem\u00f2ria 2023.pdf&#8221; link_option_url_new_window=&#8221;on&#8221; hover_enabled=&#8221;0&#8243; border_radii=&#8221;on|6px|6px|6px|6px&#8221; border_width_all=&#8221;1px&#8221; border_color_all=&#8221;#FFFFFF&#8221; border_style_all=&#8221;dotted&#8221; global_colors_info=&#8221;{%22gcid-ab52094e-5a6f-4ce7-9faf-05f357b7a987%22:%91%22border_color_all__hover%22%93}&#8221; border_radii__hover_enabled=&#8221;on|desktop&#8221; border_radii__hover=&#8221;on|6px|6px|6px|6px&#8221; border_width_all__hover_enabled=&#8221;on|hover&#8221; border_width_all__hover=&#8221;1px&#8221; border_color_all__hover_enabled=&#8221;on|desktop&#8221; border_color_all__hover=&#8221;#0c2d75&#8243; sticky_enabled=&#8221;0&#8243;][\/dsm_card][dsm_card title=&#8221;Mem\u00f2ria 2022&#8243; layout=&#8221;inline&#8221; image=&#8221;https:\/\/www.colegionotarial.org\/wp-content\/uploads\/2024\/07\/Portada_2022.png&#8221; image_as_background=&#8221;off&#8221; use_content_icon=&#8221;on&#8221; font_icon=&#8221;&#xf1c1;||fa||400&#8243; icon_color=&#8221;#E02B20&#8243; use_icon_font_size=&#8221;on&#8221; icon_content_font_size=&#8221;24px&#8221; button_url_new_window=&#8221;1&#8243; _builder_version=&#8221;4.26.1&#8243; _module_preset=&#8221;default&#8221; link_option_url=&#8221;\/documents\/ahpb\/memoria_anual\/Mem\u00f2ria 2022.pdf&#8221; link_option_url_new_window=&#8221;on&#8221; border_radii=&#8221;on|6px|6px|6px|6px&#8221; border_width_all=&#8221;1px&#8221; border_color_all=&#8221;#FFFFFF&#8221; border_style_all=&#8221;dotted&#8221; global_colors_info=&#8221;{%22gcid-ab52094e-5a6f-4ce7-9faf-05f357b7a987%22:%91%22border_color_all__hover%22%93}&#8221; border_radii__hover_enabled=&#8221;on|desktop&#8221; border_radii__hover=&#8221;on|6px|6px|6px|6px&#8221; border_width_all__hover_enabled=&#8221;on|hover&#8221; border_width_all__hover=&#8221;1px&#8221; border_color_all__hover_enabled=&#8221;on|desktop&#8221; border_color_all__hover=&#8221;#0c2d75&#8243;][\/dsm_card][dsm_card title=&#8221;Mem\u00f2ria 2021&#8243; layout=&#8221;inline&#8221; image=&#8221;https:\/\/www.colegionotarial.org\/wp-content\/uploads\/2024\/07\/Portada_2022.png&#8221; image_as_background=&#8221;off&#8221; use_content_icon=&#8221;on&#8221; font_icon=&#8221;&#xf1c1;||fa||400&#8243; icon_color=&#8221;#E02B20&#8243; use_icon_font_size=&#8221;on&#8221; icon_content_font_size=&#8221;24px&#8221; button_url_new_window=&#8221;1&#8243; _builder_version=&#8221;4.26.1&#8243; _module_preset=&#8221;default&#8221; link_option_url=&#8221;\/documents\/ahpb\/memoria_anual\/Mem\u00f2ria 2021.pdf&#8221; link_option_url_new_window=&#8221;on&#8221; border_radii=&#8221;on|6px|6px|6px|6px&#8221; border_width_all=&#8221;1px&#8221; border_color_all=&#8221;#FFFFFF&#8221; border_style_all=&#8221;dotted&#8221; global_colors_info=&#8221;{%22gcid-ab52094e-5a6f-4ce7-9faf-05f357b7a987%22:%91%22border_color_all__hover%22%93}&#8221; border_radii__hover_enabled=&#8221;on|desktop&#8221; border_radii__hover=&#8221;on|6px|6px|6px|6px&#8221; border_width_all__hover_enabled=&#8221;on|hover&#8221; border_width_all__hover=&#8221;1px&#8221; border_color_all__hover_enabled=&#8221;on|desktop&#8221; border_color_all__hover=&#8221;#0c2d75&#8243;][\/dsm_card][dsm_card title=&#8221;Mem\u00f2ria 2020&#8243; layout=&#8221;inline&#8221; image=&#8221;https:\/\/www.colegionotarial.org\/wp-content\/uploads\/2024\/07\/Portada_2022.png&#8221; image_as_background=&#8221;off&#8221; use_content_icon=&#8221;on&#8221; font_icon=&#8221;&#xf1c1;||fa||400&#8243; icon_color=&#8221;#E02B20&#8243; use_icon_font_size=&#8221;on&#8221; icon_content_font_size=&#8221;24px&#8221; button_url_new_window=&#8221;1&#8243; _builder_version=&#8221;4.26.1&#8243; _module_preset=&#8221;default&#8221; link_option_url=&#8221;\/documents\/ahpb\/memoria_anual\/Mem\u00f2ria 2020.pdf&#8221; link_option_url_new_window=&#8221;on&#8221; border_radii=&#8221;on|6px|6px|6px|6px&#8221; border_width_all=&#8221;1px&#8221; border_color_all=&#8221;#FFFFFF&#8221; border_style_all=&#8221;dotted&#8221; global_colors_info=&#8221;{%22gcid-ab52094e-5a6f-4ce7-9faf-05f357b7a987%22:%91%22border_color_all__hover%22%93}&#8221; border_radii__hover_enabled=&#8221;on|desktop&#8221; border_radii__hover=&#8221;on|6px|6px|6px|6px&#8221; border_width_all__hover_enabled=&#8221;on|hover&#8221; border_width_all__hover=&#8221;1px&#8221; border_color_all__hover_enabled=&#8221;on|desktop&#8221; border_color_all__hover=&#8221;#0c2d75&#8243;][\/dsm_card][dsm_card title=&#8221;Mem\u00f2ria 2019&#8243; layout=&#8221;inline&#8221; image=&#8221;https:\/\/www.colegionotarial.org\/wp-content\/uploads\/2024\/07\/Portada_2022.png&#8221; image_as_background=&#8221;off&#8221; use_content_icon=&#8221;on&#8221; font_icon=&#8221;&#xf1c1;||fa||400&#8243; icon_color=&#8221;#E02B20&#8243; use_icon_font_size=&#8221;on&#8221; icon_content_font_size=&#8221;24px&#8221; button_url_new_window=&#8221;1&#8243; _builder_version=&#8221;4.26.1&#8243; _module_preset=&#8221;default&#8221; link_option_url=&#8221;\/documents\/ahpb\/memoria_anual\/Mem\u00f2ria 2019.pdf&#8221; link_option_url_new_window=&#8221;on&#8221; border_radii=&#8221;on|6px|6px|6px|6px&#8221; border_width_all=&#8221;1px&#8221; border_color_all=&#8221;#FFFFFF&#8221; border_style_all=&#8221;dotted&#8221; global_colors_info=&#8221;{%22gcid-ab52094e-5a6f-4ce7-9faf-05f357b7a987%22:%91%22border_color_all__hover%22%93}&#8221; border_radii__hover_enabled=&#8221;on|desktop&#8221; border_radii__hover=&#8221;on|6px|6px|6px|6px&#8221; border_width_all__hover_enabled=&#8221;on|hover&#8221; border_width_all__hover=&#8221;1px&#8221; border_color_all__hover_enabled=&#8221;on|desktop&#8221; border_color_all__hover=&#8221;#0c2d75&#8243;][\/dsm_card][dsm_card title=&#8221;Mem\u00f2ria 2018&#8243; layout=&#8221;inline&#8221; image=&#8221;https:\/\/www.colegionotarial.org\/wp-content\/uploads\/2024\/07\/Portada_2022.png&#8221; image_as_background=&#8221;off&#8221; use_content_icon=&#8221;on&#8221; font_icon=&#8221;&#xf1c1;||fa||400&#8243; icon_color=&#8221;#E02B20&#8243; use_icon_font_size=&#8221;on&#8221; icon_content_font_size=&#8221;24px&#8221; button_url_new_window=&#8221;1&#8243; _builder_version=&#8221;4.26.1&#8243; _module_preset=&#8221;default&#8221; link_option_url=&#8221;\/documents\/ahpb\/memoria_anual\/Mem\u00f2ria 2018.pdf&#8221; link_option_url_new_window=&#8221;on&#8221; border_radii=&#8221;on|6px|6px|6px|6px&#8221; border_width_all=&#8221;1px&#8221; border_color_all=&#8221;#FFFFFF&#8221; border_style_all=&#8221;dotted&#8221; global_colors_info=&#8221;{%22gcid-ab52094e-5a6f-4ce7-9faf-05f357b7a987%22:%91%22border_color_all__hover%22%93}&#8221; border_radii__hover_enabled=&#8221;on|desktop&#8221; border_radii__hover=&#8221;on|6px|6px|6px|6px&#8221; border_width_all__hover_enabled=&#8221;on|hover&#8221; border_width_all__hover=&#8221;1px&#8221; border_color_all__hover_enabled=&#8221;on|desktop&#8221; border_color_all__hover=&#8221;#0c2d75&#8243;][\/dsm_card][dsm_card title=&#8221;Mem\u00f2ria 2017&#8243; layout=&#8221;inline&#8221; image=&#8221;https:\/\/www.colegionotarial.org\/wp-content\/uploads\/2024\/07\/Portada_2022.png&#8221; image_as_background=&#8221;off&#8221; use_content_icon=&#8221;on&#8221; font_icon=&#8221;&#xf1c1;||fa||400&#8243; icon_color=&#8221;#E02B20&#8243; use_icon_font_size=&#8221;on&#8221; icon_content_font_size=&#8221;24px&#8221; button_url_new_window=&#8221;1&#8243; _builder_version=&#8221;4.26.1&#8243; _module_preset=&#8221;default&#8221; link_option_url=&#8221;\/documents\/ahpb\/memoria_anual\/Memoria 2017_0.pdf&#8221; link_option_url_new_window=&#8221;on&#8221; border_radii=&#8221;on|6px|6px|6px|6px&#8221; border_width_all=&#8221;1px&#8221; border_color_all=&#8221;#FFFFFF&#8221; border_style_all=&#8221;dotted&#8221; global_colors_info=&#8221;{%22gcid-ab52094e-5a6f-4ce7-9faf-05f357b7a987%22:%91%22border_color_all__hover%22%93}&#8221; border_radii__hover_enabled=&#8221;on|desktop&#8221; border_radii__hover=&#8221;on|6px|6px|6px|6px&#8221; border_width_all__hover_enabled=&#8221;on|hover&#8221; border_width_all__hover=&#8221;1px&#8221; border_color_all__hover_enabled=&#8221;on|desktop&#8221; border_color_all__hover=&#8221;#0c2d75&#8243;][\/dsm_card][dsm_card title=&#8221;Mem\u00f2ria 2016&#8243; layout=&#8221;inline&#8221; image=&#8221;https:\/\/www.colegionotarial.org\/wp-content\/uploads\/2024\/07\/Portada_2022.png&#8221; image_as_background=&#8221;off&#8221; use_content_icon=&#8221;on&#8221; font_icon=&#8221;&#xf1c1;||fa||400&#8243; icon_color=&#8221;#E02B20&#8243; use_icon_font_size=&#8221;on&#8221; icon_content_font_size=&#8221;24px&#8221; button_url_new_window=&#8221;1&#8243; _builder_version=&#8221;4.26.1&#8243; _module_preset=&#8221;default&#8221; link_option_url=&#8221;\/documents\/ahpb\/memoria_anual\/Memoria 2016_0.pdf&#8221; link_option_url_new_window=&#8221;on&#8221; border_radii=&#8221;on|6px|6px|6px|6px&#8221; border_width_all=&#8221;1px&#8221; border_color_all=&#8221;#FFFFFF&#8221; border_style_all=&#8221;dotted&#8221; global_colors_info=&#8221;{%22gcid-ab52094e-5a6f-4ce7-9faf-05f357b7a987%22:%91%22border_color_all__hover%22%93}&#8221; border_radii__hover_enabled=&#8221;on|desktop&#8221; border_radii__hover=&#8221;on|6px|6px|6px|6px&#8221; border_width_all__hover_enabled=&#8221;on|hover&#8221; border_width_all__hover=&#8221;1px&#8221; border_color_all__hover_enabled=&#8221;on|desktop&#8221; border_color_all__hover=&#8221;#0c2d75&#8243;][\/dsm_card][dsm_card title=&#8221;Mem\u00f2ria 2015&#8243; layout=&#8221;inline&#8221; image=&#8221;https:\/\/www.colegionotarial.org\/wp-content\/uploads\/2024\/07\/Portada_2022.png&#8221; image_as_background=&#8221;off&#8221; use_content_icon=&#8221;on&#8221; font_icon=&#8221;&#xf1c1;||fa||400&#8243; icon_color=&#8221;#E02B20&#8243; use_icon_font_size=&#8221;on&#8221; icon_content_font_size=&#8221;24px&#8221; button_url_new_window=&#8221;1&#8243; _builder_version=&#8221;4.26.1&#8243; _module_preset=&#8221;default&#8221; link_option_url=&#8221;\/documents\/ahpb\/memoria_anual\/Mem\u00f2ria 2015.pdf&#8221; link_option_url_new_window=&#8221;on&#8221; border_radii=&#8221;on|6px|6px|6px|6px&#8221; border_width_all=&#8221;1px&#8221; border_color_all=&#8221;#FFFFFF&#8221; border_style_all=&#8221;dotted&#8221; global_colors_info=&#8221;{%22gcid-ab52094e-5a6f-4ce7-9faf-05f357b7a987%22:%91%22border_color_all__hover%22%93}&#8221; border_radii__hover_enabled=&#8221;on|desktop&#8221; border_radii__hover=&#8221;on|6px|6px|6px|6px&#8221; border_width_all__hover_enabled=&#8221;on|hover&#8221; border_width_all__hover=&#8221;1px&#8221; border_color_all__hover_enabled=&#8221;on|desktop&#8221; border_color_all__hover=&#8221;#0c2d75&#8243;][\/dsm_card][dsm_card title=&#8221;Mem\u00f2ria 2014&#8243; layout=&#8221;inline&#8221; image=&#8221;https:\/\/www.colegionotarial.org\/wp-content\/uploads\/2024\/07\/Portada_2022.png&#8221; image_as_background=&#8221;off&#8221; use_content_icon=&#8221;on&#8221; font_icon=&#8221;&#xf1c1;||fa||400&#8243; icon_color=&#8221;#E02B20&#8243; use_icon_font_size=&#8221;on&#8221; icon_content_font_size=&#8221;24px&#8221; button_url_new_window=&#8221;1&#8243; _builder_version=&#8221;4.26.1&#8243; _module_preset=&#8221;default&#8221; link_option_url=&#8221;\/documents\/ahpb\/memoria_anual\/Memoria 2014_0.pdf&#8221; link_option_url_new_window=&#8221;on&#8221; border_radii=&#8221;on|6px|6px|6px|6px&#8221; border_width_all=&#8221;1px&#8221; border_color_all=&#8221;#FFFFFF&#8221; border_style_all=&#8221;dotted&#8221; global_colors_info=&#8221;{%22gcid-ab52094e-5a6f-4ce7-9faf-05f357b7a987%22:%91%22border_color_all__hover%22%93}&#8221; border_radii__hover_enabled=&#8221;on|desktop&#8221; border_radii__hover=&#8221;on|6px|6px|6px|6px&#8221; border_width_all__hover_enabled=&#8221;on|hover&#8221; border_width_all__hover=&#8221;1px&#8221; border_color_all__hover_enabled=&#8221;on|desktop&#8221; border_color_all__hover=&#8221;#0c2d75&#8243;][\/dsm_card][dsm_card title=&#8221;Mem\u00f2ria 2013&#8243; layout=&#8221;inline&#8221; image=&#8221;https:\/\/www.colegionotarial.org\/wp-content\/uploads\/2024\/07\/Portada_2022.png&#8221; image_as_background=&#8221;off&#8221; use_content_icon=&#8221;on&#8221; font_icon=&#8221;&#xf1c1;||fa||400&#8243; icon_color=&#8221;#E02B20&#8243; use_icon_font_size=&#8221;on&#8221; icon_content_font_size=&#8221;24px&#8221; button_url_new_window=&#8221;1&#8243; _builder_version=&#8221;4.26.1&#8243; _module_preset=&#8221;default&#8221; link_option_url=&#8221;\/documents\/ahpb\/memoria_anual\/Memoria 2013_0.pdf&#8221; link_option_url_new_window=&#8221;on&#8221; border_radii=&#8221;on|6px|6px|6px|6px&#8221; border_width_all=&#8221;1px&#8221; border_color_all=&#8221;#FFFFFF&#8221; border_style_all=&#8221;dotted&#8221; global_colors_info=&#8221;{%22gcid-ab52094e-5a6f-4ce7-9faf-05f357b7a987%22:%91%22border_color_all__hover%22%93}&#8221; border_radii__hover_enabled=&#8221;on|desktop&#8221; border_radii__hover=&#8221;on|6px|6px|6px|6px&#8221; border_width_all__hover_enabled=&#8221;on|hover&#8221; border_width_all__hover=&#8221;1px&#8221; border_color_all__hover_enabled=&#8221;on|desktop&#8221; border_color_all__hover=&#8221;#0c2d75&#8243;][\/dsm_card][dsm_card title=&#8221;Mem\u00f2ria 2012&#8243; layout=&#8221;inline&#8221; image=&#8221;https:\/\/www.colegionotarial.org\/wp-content\/uploads\/2024\/07\/Portada_2022.png&#8221; image_as_background=&#8221;off&#8221; use_content_icon=&#8221;on&#8221; font_icon=&#8221;&#xf1c1;||fa||400&#8243; icon_color=&#8221;#E02B20&#8243; use_icon_font_size=&#8221;on&#8221; icon_content_font_size=&#8221;24px&#8221; button_url_new_window=&#8221;1&#8243; _builder_version=&#8221;4.26.1&#8243; _module_preset=&#8221;default&#8221; link_option_url=&#8221;\/documents\/ahpb\/memoria_anual\/Memoria2012.pdf&#8221; link_option_url_new_window=&#8221;on&#8221; border_radii=&#8221;on|6px|6px|6px|6px&#8221; border_width_all=&#8221;1px&#8221; border_color_all=&#8221;#FFFFFF&#8221; border_style_all=&#8221;dotted&#8221; global_colors_info=&#8221;{%22gcid-ab52094e-5a6f-4ce7-9faf-05f357b7a987%22:%91%22border_color_all__hover%22%93}&#8221; border_radii__hover_enabled=&#8221;on|desktop&#8221; border_radii__hover=&#8221;on|6px|6px|6px|6px&#8221; border_width_all__hover_enabled=&#8221;on|hover&#8221; border_width_all__hover=&#8221;1px&#8221; border_color_all__hover_enabled=&#8221;on|desktop&#8221; border_color_all__hover=&#8221;#0c2d75&#8243;][\/dsm_card][dsm_card title=&#8221;Mem\u00f2ria 2011&#8243; layout=&#8221;inline&#8221; image=&#8221;https:\/\/www.colegionotarial.org\/wp-content\/uploads\/2024\/07\/Portada_2022.png&#8221; image_as_background=&#8221;off&#8221; use_content_icon=&#8221;on&#8221; font_icon=&#8221;&#xf1c1;||fa||400&#8243; icon_color=&#8221;#E02B20&#8243; use_icon_font_size=&#8221;on&#8221; icon_content_font_size=&#8221;24px&#8221; button_url_new_window=&#8221;1&#8243; _builder_version=&#8221;4.26.1&#8243; _module_preset=&#8221;default&#8221; link_option_url=&#8221;\/documents\/ahpb\/memoria_anual\/Memoria2011.pdf&#8221; link_option_url_new_window=&#8221;on&#8221; border_radii=&#8221;on|6px|6px|6px|6px&#8221; border_width_all=&#8221;1px&#8221; border_color_all=&#8221;#FFFFFF&#8221; border_style_all=&#8221;dotted&#8221; global_colors_info=&#8221;{%22gcid-ab52094e-5a6f-4ce7-9faf-05f357b7a987%22:%91%22border_color_all__hover%22%93}&#8221; border_radii__hover_enabled=&#8221;on|desktop&#8221; border_radii__hover=&#8221;on|6px|6px|6px|6px&#8221; border_width_all__hover_enabled=&#8221;on|hover&#8221; border_width_all__hover=&#8221;1px&#8221; border_color_all__hover_enabled=&#8221;on|desktop&#8221; border_color_all__hover=&#8221;#0c2d75&#8243;][\/dsm_card][dsm_card title=&#8221;Mem\u00f2ria 2010&#8243; layout=&#8221;inline&#8221; image=&#8221;https:\/\/www.colegionotarial.org\/wp-content\/uploads\/2024\/07\/Portada_2022.png&#8221; image_as_background=&#8221;off&#8221; use_content_icon=&#8221;on&#8221; font_icon=&#8221;&#xf1c1;||fa||400&#8243; icon_color=&#8221;#E02B20&#8243; use_icon_font_size=&#8221;on&#8221; icon_content_font_size=&#8221;24px&#8221; button_url_new_window=&#8221;1&#8243; _builder_version=&#8221;4.26.1&#8243; _module_preset=&#8221;default&#8221; link_option_url=&#8221;\/documents\/ahpb\/memoria_anual\/Memoria2010.pdf&#8221; link_option_url_new_window=&#8221;on&#8221; border_radii=&#8221;on|6px|6px|6px|6px&#8221; border_width_all=&#8221;1px&#8221; border_color_all=&#8221;#FFFFFF&#8221; border_style_all=&#8221;dotted&#8221; global_colors_info=&#8221;{%22gcid-ab52094e-5a6f-4ce7-9faf-05f357b7a987%22:%91%22border_color_all__hover%22%93}&#8221; border_radii__hover_enabled=&#8221;on|desktop&#8221; border_radii__hover=&#8221;on|6px|6px|6px|6px&#8221; border_width_all__hover_enabled=&#8221;on|hover&#8221; border_width_all__hover=&#8221;1px&#8221; border_color_all__hover_enabled=&#8221;on|desktop&#8221; border_color_all__hover=&#8221;#0c2d75&#8243;][\/dsm_card][\/et_pb_column][\/et_pb_row][\/et_pb_section]<\/p>\n","protected":false},"excerpt":{"rendered":"<p>En aquest apartat es trobaran, de manera actualitzada, les mem\u00f2ries de l&#8217;Arxiu. \u00a0Agrupada en quatre apartats, seguint les funcions principals de qualsevol centre d&#8217;arxiu, la mem\u00f2ria recull l&#8217;activitat duta a terme sobre cadascuna d&#8217;elles: recepci\u00f3 o ingressos de fons; conservaci\u00f3 en el triple vessant de preservaci\u00f3, restauraci\u00f3 i reproducci\u00f3; organitzaci\u00f3 i tractament, igualment en el seu triple vessant de classificaci\u00f3, ordenaci\u00f3 i descripci\u00f3, i, finalment, comunicaci\u00f3 i difusi\u00f3 dels fons.<div class=\"et_pb_with_border et_pb_module dsm_card dsm_card_0 et_clickable et_pb_bg_layout_light  dsm_card_layout_inline\">\n\t\t\t\t\n\t\t\t\t\n\t\t\t\t\n\t\t\t\t\n\t\t\t\t\n\t\t\t\t\n\t\t\t\t<div class=\"et_pb_module_inner\">\n\t\t\t\t\t\n\t\t\t\n\t\t\t<figure class=\"dsm_card_image_wrapper dsm_card_badge_top_right\"><img decoding=\"async\" src=\"https:\/\/www.colegionotarial.org\/wp-content\/uploads\/2024\/07\/Portada_2022.png\" alt=\"\" class=\"dsm_card_img dsm_card_image_stretch\" \/><\/figure>\n\t\t\t<div class=\"et_pb_module dsm_card_wrapper et_pb_text_align_left\">\n\t\t\t\t\t<div class=\"dsm_card_icon\">\n\t\t\t\t\t\t<span class=\"dsm_card_icon_wrap\">\n\t\t\t\t\t\t\t<span class=\"et-pb-icon\">\uf1c1<\/span>\n\t\t\t\t\t\t<\/span>\n\t\t\t\t\t<\/div>\n\t\t\t\t\t<h4 class=\"dsm_card_title et_pb_module_header\">Mem\u00f2ria 2023<\/h4>\n\t\t\t\t\t\n\t\t\t\t\t\n\t\t\t\t\t\n\t\t\t\t<\/div>\n\t\t\t\n\t\t\t\t<\/div>\n\t\t\t<\/div><div class=\"et_pb_with_border et_pb_module dsm_card dsm_card_1 et_clickable et_pb_bg_layout_light  dsm_card_layout_inline\">\n\t\t\t\t\n\t\t\t\t\n\t\t\t\t\n\t\t\t\t\n\t\t\t\t\n\t\t\t\t\n\t\t\t\t<div class=\"et_pb_module_inner\">\n\t\t\t\t\t\n\t\t\t\n\t\t\t<figure class=\"dsm_card_image_wrapper dsm_card_badge_top_right\"><img decoding=\"async\" src=\"https:\/\/www.colegionotarial.org\/wp-content\/uploads\/2024\/07\/Portada_2022.png\" alt=\"\" class=\"dsm_card_img dsm_card_image_stretch\" \/><\/figure>\n\t\t\t<div class=\"et_pb_module dsm_card_wrapper et_pb_text_align_left\">\n\t\t\t\t\t<div class=\"dsm_card_icon\">\n\t\t\t\t\t\t<span class=\"dsm_card_icon_wrap\">\n\t\t\t\t\t\t\t<span class=\"et-pb-icon\">\uf1c1<\/span>\n\t\t\t\t\t\t<\/span>\n\t\t\t\t\t<\/div>\n\t\t\t\t\t<h4 class=\"dsm_card_title et_pb_module_header\">Mem\u00f2ria 2022<\/h4>\n\t\t\t\t\t\n\t\t\t\t\t\n\t\t\t\t\t\n\t\t\t\t<\/div>\n\t\t\t\n\t\t\t\t<\/div>\n\t\t\t<\/div><div class=\"et_pb_with_border et_pb_module dsm_card dsm_card_2 et_clickable et_pb_bg_layout_light  dsm_card_layout_inline\">\n\t\t\t\t\n\t\t\t\t\n\t\t\t\t\n\t\t\t\t\n\t\t\t\t\n\t\t\t\t\n\t\t\t\t<div class=\"et_pb_module_inner\">\n\t\t\t\t\t\n\t\t\t\n\t\t\t<figure class=\"dsm_card_image_wrapper dsm_card_badge_top_right\"><img decoding=\"async\" src=\"https:\/\/www.colegionotarial.org\/wp-content\/uploads\/2024\/07\/Portada_2022.png\" alt=\"\" class=\"dsm_card_img dsm_card_image_stretch\" \/><\/figure>\n\t\t\t<div class=\"et_pb_module dsm_card_wrapper et_pb_text_align_left\">\n\t\t\t\t\t<div class=\"dsm_card_icon\">\n\t\t\t\t\t\t<span class=\"dsm_card_icon_wrap\">\n\t\t\t\t\t\t\t<span class=\"et-pb-icon\">\uf1c1<\/span>\n\t\t\t\t\t\t<\/span>\n\t\t\t\t\t<\/div>\n\t\t\t\t\t<h4 class=\"dsm_card_title et_pb_module_header\">Mem\u00f2ria 2021<\/h4>\n\t\t\t\t\t\n\t\t\t\t\t\n\t\t\t\t\t\n\t\t\t\t<\/div>\n\t\t\t\n\t\t\t\t<\/div>\n\t\t\t<\/div><div class=\"et_pb_with_border et_pb_module dsm_card dsm_card_3 et_clickable et_pb_bg_layout_light  dsm_card_layout_inline\">\n\t\t\t\t\n\t\t\t\t\n\t\t\t\t\n\t\t\t\t\n\t\t\t\t\n\t\t\t\t\n\t\t\t\t<div class=\"et_pb_module_inner\">\n\t\t\t\t\t\n\t\t\t\n\t\t\t<figure class=\"dsm_card_image_wrapper dsm_card_badge_top_right\"><img decoding=\"async\" src=\"https:\/\/www.colegionotarial.org\/wp-content\/uploads\/2024\/07\/Portada_2022.png\" alt=\"\" class=\"dsm_card_img dsm_card_image_stretch\" \/><\/figure>\n\t\t\t<div class=\"et_pb_module dsm_card_wrapper et_pb_text_align_left\">\n\t\t\t\t\t<div class=\"dsm_card_icon\">\n\t\t\t\t\t\t<span class=\"dsm_card_icon_wrap\">\n\t\t\t\t\t\t\t<span class=\"et-pb-icon\">\uf1c1<\/span>\n\t\t\t\t\t\t<\/span>\n\t\t\t\t\t<\/div>\n\t\t\t\t\t<h4 class=\"dsm_card_title et_pb_module_header\">Mem\u00f2ria 2020<\/h4>\n\t\t\t\t\t\n\t\t\t\t\t\n\t\t\t\t\t\n\t\t\t\t<\/div>\n\t\t\t\n\t\t\t\t<\/div>\n\t\t\t<\/div><div class=\"et_pb_with_border et_pb_module dsm_card dsm_card_4 et_clickable et_pb_bg_layout_light  dsm_card_layout_&#8221;inline&#8221;\">\n\t\t\t\t\n\t\t\t\t\n\t\t\t\t\n\t\t\t\t\n\t\t\t\t\n\t\t\t\t\n\t\t\t\t<div class=\"et_pb_module_inner\">\n\t\t\t\t\t\n\t\t\t\n\t\t\t<figure class=\"dsm_card_image_wrapper dsm_card_badge_top_right\"><img decoding=\"async\" src=\"\" alt=\"\" class=\"et_multi_view_hidden_image dsm_card_img dsm_card_image_stretch\" \/><\/figure>\n\t\t\t<div class=\"et_pb_module dsm_card_wrapper et_pb_text_align_left\">\n\t\t\t\t\t<div class=\"dsm_card_icon\">\n\t\t\t\t\t\t<span class=\"dsm_card_icon_wrap\">\n\t\t\t\t\t\t\t<span class=\"et-pb-icon\"><\/span>\n\t\t\t\t\t\t<\/span>\n\t\t\t\t\t<\/div>\n\t\t\t\t\t<h4 class=\"dsm_card_title et_pb_module_header\">&#8221;Mem\u00f2ria<\/h4>\n\t\t\t\t\t\n\t\t\t\t\t\n\t\t\t\t\t\n\t\t\t\t<\/div>\n\t\t\t\n\t\t\t\t<\/div>\n\t\t\t<\/div><\/p>\n","protected":false},"author":1,"featured_media":0,"parent":10828,"menu_order":0,"comment_status":"closed","ping_status":"closed","template":"","meta":{"_acf_changed":false,"_et_pb_use_builder":"on","_et_pb_old_content":"","_et_gb_content_width":"","ngg_post_thumbnail":0,"_price":"","_stock":"","_tribe_ticket_header":"","_tribe_default_ticket_provider":"","_tribe_ticket_capacity":"0","_ticket_start_date":"","_ticket_end_date":"","_tribe_ticket_show_description":"","_tribe_ticket_show_not_going":false,"_tribe_ticket_use_global_stock":"","_tribe_ticket_global_stock_level":"","_global_stock_mode":"","_global_stock_cap":"","_tribe_rsvp_for_event":"","_tribe_ticket_going_count":"","_tribe_ticket_not_going_count":"","_tribe_tickets_list":"[]","_tribe_ticket_has_attendee_info_fields":false,"footnotes":"","_tec_slr_enabled":"","_tec_slr_layout":""},"class_list":["post-10858","page","type-page","status-publish","hentry"],"acf":[],"ticketed":false,"_links":{"self":[{"href":"https:\/\/www.colegionotarial.org\/ca\/wp-json\/wp\/v2\/pages\/10858","targetHints":{"allow":["GET"]}}],"collection":[{"href":"https:\/\/www.colegionotarial.org\/ca\/wp-json\/wp\/v2\/pages"}],"about":[{"href":"https:\/\/www.colegionotarial.org\/ca\/wp-json\/wp\/v2\/types\/page"}],"author":[{"embeddable":true,"href":"https:\/\/www.colegionotarial.org\/ca\/wp-json\/wp\/v2\/users\/1"}],"replies":[{"embeddable":true,"href":"https:\/\/www.colegionotarial.org\/ca\/wp-json\/wp\/v2\/comments?post=10858"}],"version-history":[{"count":4,"href":"https:\/\/www.colegionotarial.org\/ca\/wp-json\/wp\/v2\/pages\/10858\/revisions"}],"predecessor-version":[{"id":18826,"href":"https:\/\/www.colegionotarial.org\/ca\/wp-json\/wp\/v2\/pages\/10858\/revisions\/18826"}],"up":[{"embeddable":true,"href":"https:\/\/www.colegionotarial.org\/ca\/wp-json\/wp\/v2\/pages\/10828"}],"wp:attachment":[{"href":"https:\/\/www.colegionotarial.org\/ca\/wp-json\/wp\/v2\/media?parent=10858"}],"curies":[{"name":"wp","href":"https:\/\/api.w.org\/{rel}","templated":true}]}}