{"id":10850,"date":"2024-07-01T14:29:38","date_gmt":"2024-07-01T12:29:38","guid":{"rendered":"https:\/\/www.colegionotarial.org\/ahpd\/preguntas-frecuentes\/"},"modified":"2024-08-22T13:07:37","modified_gmt":"2024-08-22T11:07:37","slug":"preguntes-frequents","status":"publish","type":"page","link":"https:\/\/www.colegionotarial.org\/ca\/ahpb\/preguntes-frequents\/","title":{"rendered":"Preguntes freq\u00fcents"},"content":{"rendered":"<p>[et_pb_section fb_built=&#8221;1&#8243; module_class=&#8221;contenido&#8221; _builder_version=&#8221;4.25.1&#8243; _module_preset=&#8221;default&#8221; global_colors_info=&#8221;{}&#8221;][et_pb_row _builder_version=&#8221;4.25.2&#8243; _module_preset=&#8221;default&#8221; width_tablet=&#8221;&#8221; width_phone=&#8221;90%&#8221; width_last_edited=&#8221;on|phone&#8221; custom_padding=&#8221;|15px||15px|false|false&#8221; global_colors_info=&#8221;{}&#8221;][et_pb_column type=&#8221;4_4&#8243; _builder_version=&#8221;4.25.1&#8243; _module_preset=&#8221;default&#8221; global_colors_info=&#8221;{}&#8221;][et_pb_accordion toggle_icon=&#8221;&#x3b;||divi||400&#8243; _builder_version=&#8221;4.26.1&#8243; _module_preset=&#8221;default&#8221; toggle_text_color=&#8221;#0c2d75&#8243; custom_css_free_form=&#8221;selector h5{||  margin-top: 0px!important;||}&#8221; global_colors_info=&#8221;{%22gcid-ab52094e-5a6f-4ce7-9faf-05f357b7a987%22:%91%22toggle_text_color%22%93}&#8221;][et_pb_accordion_item title=&#8221;Quants volums puc consultar al dia?&#8221; _builder_version=&#8221;4.26.1&#8243; _module_preset=&#8221;default&#8221; hover_enabled=&#8221;0&#8243; global_colors_info=&#8221;{}&#8221; open=&#8221;on&#8221; sticky_enabled=&#8221;0&#8243;]<\/p>\n<p>L&#8217;usuari pot sol\u00b7licitar fins a un m\u00e0xim de deu volums diaris. No obstant aix\u00f2, l&#8217;Arxiu es reserva el dret de rebaixar aquesta xifra en funci\u00f3 de l&#8217;aflu\u00e8ncia d&#8217;usuaris.<\/p>\n<p>[\/et_pb_accordion_item][et_pb_accordion_item title=&#8221;Si no he acabat de consultar la documentaci\u00f3 sol\u00b7licitada, puc deixar-la en reserva?&#8221; _builder_version=&#8221;4.26.1&#8243; _module_preset=&#8221;default&#8221; hover_enabled=&#8221;0&#8243; global_colors_info=&#8221;{}&#8221; open=&#8221;off&#8221; sticky_enabled=&#8221;0&#8243;]<\/p>\n<p>S\u00ed, l&#8217;usuari podr\u00e0 reservar la documentaci\u00f3 que hagi de continuar utilitzant fins a un m\u00e0xim de quinze dies i de tres unitats per persona. Passat aquest termini, si l&#8217;usuari no l&#8217;ha tornat a consultar, la documentaci\u00f3 ser\u00e0 retornada a dip\u00f2sit.<\/p>\n<p>[\/et_pb_accordion_item][et_pb_accordion_item title=&#8221;Puc sol\u00b7licitar reproduccions de la documentaci\u00f3 consultada?&#8221; _builder_version=&#8221;4.26.1&#8243; _module_preset=&#8221;default&#8221; hover_enabled=&#8221;0&#8243; global_colors_info=&#8221;{}&#8221; open=&#8221;off&#8221; sticky_enabled=&#8221;0&#8243;]<\/p>\n<p>S\u00ed, l&#8217;usuari podr\u00e0 sol\u00b7licitar la seva reproducci\u00f3 sempre que l&#8217;estat de conservaci\u00f3 de la documentaci\u00f3 ho permeti. Aix\u00ed i tot, no est\u00e0 permesa la reproducci\u00f3 indiscriminada i sistem\u00e0tica de documentaci\u00f3, ni es realitzaran les c\u00f2pies a l&#8217;instant. Haur\u00e0 de deixar-les encarregades emplenant el formulari de sol\u00b7licitud corresponent.<\/p>\n<p>[\/et_pb_accordion_item][et_pb_accordion_item title=&#8221;Puc consultar documentaci\u00f3 de menys de cent anys?&#8221; _builder_version=&#8221;4.26.1&#8243; _module_preset=&#8221;default&#8221; hover_enabled=&#8221;0&#8243; global_colors_info=&#8221;{}&#8221; open=&#8221;off&#8221; sticky_enabled=&#8221;0&#8243;]<\/p>\n<p>No, la documentaci\u00f3 notarial ha de tenir m\u00e9s de cent anys perqu\u00e8 sigui de lliure acc\u00e9s. En el cas de documentaci\u00f3 amb una antiguitat menor, no es permet la consulta amb finalitats d&#8217;estudi o recerca hist\u00f2rica.<\/p>\n<p>Nom\u00e9s quan la persona pugui demostrar que t\u00e9 dret i un inter\u00e8s leg\u00edtim, podr\u00e0 sol\u00b7licitar una c\u00f2pia aut\u00e8ntica, dirigint-se a la notaria, quan la documentaci\u00f3 tingui menys de vint-i-cinc anys, o a l&#8217;Arxiu General Intermedi (carrer Notariat, n\u00famero 2) quan la documentaci\u00f3 tingui una antiguitat entre vint-i-cinc i cent anys.<\/p>\n<p>[\/et_pb_accordion_item][et_pb_accordion_item title=&#8221;Necessito saber el nom del notari per a localitzar una escriptura?&#8221; _builder_version=&#8221;4.26.1&#8243; _module_preset=&#8221;default&#8221; hover_enabled=&#8221;0&#8243; global_colors_info=&#8221;{}&#8221; open=&#8221;off&#8221; sticky_enabled=&#8221;0&#8243;]<\/p>\n<p>S\u00ed, el nom del notari i l&#8217;any en qu\u00e8 es va atorgar el document s\u00f3n dades b\u00e0siques. Tenint en compte l&#8217;elevat volum documental de l\u2019AHPB -m\u00e9s de 40.000 volums centenaris- ser\u00e0 pr\u00e0cticament impossible localitzar l&#8217;escriptura si no disposem de cap d&#8217;aquestes dues dades.<\/p>\n<p>[\/et_pb_accordion_item][et_pb_accordion_item title=&#8221;Vull localitzar un testament per\u00f2 no s\u00e9 l&#8217;any ni davant quin notari es va fer. Qu\u00e8 puc fer?&#8221; _builder_version=&#8221;4.26.1&#8243; _module_preset=&#8221;default&#8221; hover_enabled=&#8221;0&#8243; global_colors_info=&#8221;{}&#8221; open=&#8221;off&#8221; sticky_enabled=&#8221;0&#8243;]<\/p>\n<p>Si el testament va ser redactat amb posterioritat a 1886, es pot sol\u00b7licitar el certificat d&#8217;actes d&#8217;\u00faltima voluntat en el Registre General d&#8217;Actes d&#8217;\u00daltima Voluntat del Ministerio de Justicia, que \u00e9s el document que acredita si una persona ha atorgat testament i davant quin notari. En cas de testaments anteriors, ser\u00e0 molt complicat localitzar-ho si es desconeix l&#8217;any i el notari.<\/p>\n<p>[\/et_pb_accordion_item][et_pb_accordion_item title=&#8221;La documentaci\u00f3 que vull consultar pertany a un notari de fora de Barcelona. Tamb\u00e9 la puc trobar a l\u2019AHPB?&#8221; _builder_version=&#8221;4.26.1&#8243; _module_preset=&#8221;default&#8221; hover_enabled=&#8221;0&#8243; global_colors_info=&#8221;{}&#8221; open=&#8221;off&#8221; sticky_enabled=&#8221;0&#8243;]<\/p>\n<p>No, l\u2019AHPB nom\u00e9s conserva la documentaci\u00f3 del districte notarial de Barcelona, integrat \u00fanicament per la capital catalana i, per raons hist\u00f2riques, la documentaci\u00f3 de Badalona.<\/p>\n<p>En el cas de notaris d&#8217;altres poblacions, caldr\u00e0 veure a quin districte pertanyen i dirigir-se a l&#8217;arxiu hist\u00f2ric corresponent.<\/p>\n<p>[\/et_pb_accordion_item][et_pb_accordion_item title=&#8221;Vull fer una publicaci\u00f3 on he utilitzat documents de l\u2019AHPB. Necessito algun tipus d&#8217;autoritzaci\u00f3?&#8221; open=&#8221;off&#8221; _builder_version=&#8221;4.26.1&#8243; _module_preset=&#8221;default&#8221; hover_enabled=&#8221;0&#8243; global_colors_info=&#8221;{}&#8221; sticky_enabled=&#8221;0&#8243;]<\/p>\n<p>No, l&#8217;\u00fanic requisit \u00e9s que se citi la seva proced\u00e8ncia. En tot cas, per a poder comptar sempre amb una bibliografia actualitzada, agrair\u00edem que l&#8217;investigador lliur\u00e9s un exemplar de les publicacions on, de manera important, hagi utilitzat documents del nostre fons.<\/p>\n<p>[\/et_pb_accordion_item][\/et_pb_accordion][\/et_pb_column][\/et_pb_row][\/et_pb_section]<\/p>\n","protected":false},"excerpt":{"rendered":"<p>L&#8217;usuari pot sol\u00b7licitar fins a un m\u00e0xim de deu volums diaris. No obstant aix\u00f2, l&#8217;Arxiu es reserva el dret de rebaixar aquesta xifra en funci\u00f3 de l&#8217;aflu\u00e8ncia d&#8217;usuaris.S\u00ed, l&#8217;usuari podr\u00e0 reservar la documentaci\u00f3 que hagi de continuar utilitzant fins a un m\u00e0xim de quinze dies i de tres unitats per persona. Passat aquest termini, si l&#8217;usuari no l&#8217;ha tornat a consultar, la documentaci\u00f3 ser\u00e0 retornada a dip\u00f2sit.S\u00ed, l&#8217;usuari podr\u00e0 sol\u00b7licitar la seva reproducci\u00f3 sempre que l&#8217;estat de conservaci\u00f3 de la documentaci\u00f3 ho permeti. Aix\u00ed i tot, no est\u00e0 permesa la reproducci\u00f3 indiscriminada i sistem\u00e0tica de documentaci\u00f3, ni es realitzaran les c\u00f2pies a l&#8217;instant. Haur\u00e0 de deixar-les encarregades emplenant el formulari de sol\u00b7licitud corresponent.No, la documentaci\u00f3 notarial ha de tenir m\u00e9s de cent anys perqu\u00e8 sigui de lliure acc\u00e9s. En el cas de documentaci\u00f3 amb una antiguitat menor, no es permet la consulta amb finalitats d&#8217;estudi o recerca hist\u00f2rica. Nom\u00e9s quan la persona pugui demostrar que t\u00e9 dret i un inter\u00e8s leg\u00edtim, podr\u00e0 sol\u00b7licitar una c\u00f2pia aut\u00e8ntica, dirigint-se a la notaria, quan la documentaci\u00f3 tingui menys de vint-i-cinc anys, o a l&#8217;Arxiu General Intermedi (carrer Notariat, n\u00famero 2) quan la documentaci\u00f3 tingui una antiguitat entre vint-i-cinc i cent anys.S\u00ed, el nom [&hellip;]<\/p>\n","protected":false},"author":1,"featured_media":14086,"parent":10828,"menu_order":0,"comment_status":"closed","ping_status":"closed","template":"","meta":{"_acf_changed":false,"_et_pb_use_builder":"on","_et_pb_old_content":"","_et_gb_content_width":"","ngg_post_thumbnail":0,"_price":"","_stock":"","_tribe_ticket_header":"","_tribe_default_ticket_provider":"","_tribe_ticket_capacity":"0","_ticket_start_date":"","_ticket_end_date":"","_tribe_ticket_show_description":"","_tribe_ticket_show_not_going":false,"_tribe_ticket_use_global_stock":"","_tribe_ticket_global_stock_level":"","_global_stock_mode":"","_global_stock_cap":"","_tribe_rsvp_for_event":"","_tribe_ticket_going_count":"","_tribe_ticket_not_going_count":"","_tribe_tickets_list":"[]","_tribe_ticket_has_attendee_info_fields":false,"footnotes":"","_tec_slr_enabled":"","_tec_slr_layout":""},"class_list":["post-10850","page","type-page","status-publish","has-post-thumbnail","hentry"],"acf":[],"ticketed":false,"_links":{"self":[{"href":"https:\/\/www.colegionotarial.org\/ca\/wp-json\/wp\/v2\/pages\/10850","targetHints":{"allow":["GET"]}}],"collection":[{"href":"https:\/\/www.colegionotarial.org\/ca\/wp-json\/wp\/v2\/pages"}],"about":[{"href":"https:\/\/www.colegionotarial.org\/ca\/wp-json\/wp\/v2\/types\/page"}],"author":[{"embeddable":true,"href":"https:\/\/www.colegionotarial.org\/ca\/wp-json\/wp\/v2\/users\/1"}],"replies":[{"embeddable":true,"href":"https:\/\/www.colegionotarial.org\/ca\/wp-json\/wp\/v2\/comments?post=10850"}],"version-history":[{"count":5,"href":"https:\/\/www.colegionotarial.org\/ca\/wp-json\/wp\/v2\/pages\/10850\/revisions"}],"predecessor-version":[{"id":10855,"href":"https:\/\/www.colegionotarial.org\/ca\/wp-json\/wp\/v2\/pages\/10850\/revisions\/10855"}],"up":[{"embeddable":true,"href":"https:\/\/www.colegionotarial.org\/ca\/wp-json\/wp\/v2\/pages\/10828"}],"wp:featuredmedia":[{"embeddable":true,"href":"https:\/\/www.colegionotarial.org\/ca\/wp-json\/wp\/v2\/media\/14086"}],"wp:attachment":[{"href":"https:\/\/www.colegionotarial.org\/ca\/wp-json\/wp\/v2\/media?parent=10850"}],"curies":[{"name":"wp","href":"https:\/\/api.w.org\/{rel}","templated":true}]}}