{"id":10838,"date":"2024-07-01T09:48:35","date_gmt":"2024-07-01T07:48:35","guid":{"rendered":"https:\/\/www.colegionotarial.org\/ahpd\/quienes-somos\/"},"modified":"2026-04-15T13:04:01","modified_gmt":"2026-04-15T11:04:01","slug":"qui-som","status":"publish","type":"page","link":"https:\/\/www.colegionotarial.org\/ca\/ahpb\/qui-som\/","title":{"rendered":"Qui som"},"content":{"rendered":"<p>[et_pb_section fb_built=&#8221;1&#8243; module_class=&#8221;contenido&#8221; _builder_version=&#8221;4.25.1&#8243; _module_preset=&#8221;default&#8221; global_colors_info=&#8221;{}&#8221;][et_pb_row _builder_version=&#8221;4.25.2&#8243; _module_preset=&#8221;default&#8221; width_tablet=&#8221;&#8221; width_phone=&#8221;90%&#8221; width_last_edited=&#8221;on|phone&#8221; custom_padding=&#8221;|15px||15px|false|false&#8221; global_colors_info=&#8221;{}&#8221;][et_pb_column type=&#8221;4_4&#8243; _builder_version=&#8221;4.25.1&#8243; _module_preset=&#8221;default&#8221; global_colors_info=&#8221;{}&#8221;][et_pb_text ul_type=&#8221;circle&#8221; _builder_version=&#8221;4.27.6&#8243; _module_preset=&#8221;default&#8221; link_font=&#8221;|600|||||||&#8221; global_colors_info=&#8221;{}&#8221; link_text_color__hover_enabled=&#8221;on|hover&#8221;]<\/p>\n<p>L&#8217;Arxiu Hist\u00f2ric de Protocols de Barcelona (AHPB) \u00e9s la secci\u00f3 del Col\u00b7legi Notarial de Catalunya encarregada de la gesti\u00f3 i preservaci\u00f3 dels registres, protocols i altra documentaci\u00f3 relacionada, de m\u00e9s de cent anys, del districte notarial de la capital catalana, d&#8217;acord amb la normativa sectorial vigent (Decret de 2 de mar\u00e7 de 1945).<\/p>\n<p>Integrat en el Sistema d&#8217;Arxius de Catalunya, \u00e9s el primer arxiu d&#8217;Espanya d&#8217;entre els notarials, tant per l&#8217;antiguitat com per la continu\u00eftat i transcend\u00e8ncia dels seus fons, alhora que tamb\u00e9 \u00e9s un dels principals centres de recerca i estudi del pa\u00eds.<\/p>\n<p>Com la resta dels arxius de protocols, la seva formaci\u00f3 \u00e9s molt posterior al naixement de la instituci\u00f3 notarial, al segle XIII. Malgrat els dos intents fallits de formar un arxiu de protocols el 1598 i 1816, no \u00e9s fins la Llei Org\u00e0nica del Notariat de 1862, reguladora de la globalitat de la instituci\u00f3, i especialment el Decret de 1869, que es crea la primera normativa expl\u00edcita que concernia aquest fons. Des d\u2019aquest moment, els protocols antics van ser recollits de diferents institucions, per\u00f2 sobretot de les cases dels notaris, els quals els tenien en quantitats molt importants.<\/p>\n<p>L&#8217;Arxiu va tenir diverses ubicacions provisionals fins que, a l&#8217;inici dels anys vuitanta del segle XIX, va ser instal\u00b7lat a la planta baixa del Col\u00b7legi, dip\u00f2sit que es va ampliar l\u2019any 1928 amb la casa adjunta del carrer Notariat.<\/p>\n<p>No obstant aix\u00f2, va ser despr\u00e9s de la Guerra Civil de 1936-1939 quan es va donar l&#8217;impuls definitiu a l&#8217;Arxiu, sota la iniciativa de les diferents juntes directives i, sobretot, del notari Raimon Noguera, qui va salvar f\u00edsicament l&#8217;Arxiu, va dirigir la confecci\u00f3 de l&#8217;inventari, el va obrir a la recerca i va potenciar els estudis sobre els seus fons.<\/p>\n<p>Durant la d\u00e8cada dels anys noranta del segle XX, l&#8217;Arxiu es va dotar d&#8217;unes instal\u00b7lacions modernes, amb les mesures pertinents de conservaci\u00f3 i seguretat.<\/p>\n<p>[\/et_pb_text][\/et_pb_column][\/et_pb_row][\/et_pb_section]<\/p>\n","protected":false},"excerpt":{"rendered":"<p>L&#8217;Arxiu Hist\u00f2ric de Protocols de Barcelona (AHPB) \u00e9s la secci\u00f3 del Col\u00b7legi Notarial de Catalunya encarregada de la gesti\u00f3 i preservaci\u00f3 dels registres, protocols i altra documentaci\u00f3 relacionada, de m\u00e9s de cent anys, del districte notarial de la capital catalana, d&#8217;acord amb la normativa sectorial vigent (Decret de 2 de mar\u00e7 de 1945). Integrat en el Sistema d&#8217;Arxius de Catalunya, \u00e9s el primer arxiu d&#8217;Espanya d&#8217;entre els notarials, tant per l&#8217;antiguitat com per la continu\u00eftat i transcend\u00e8ncia dels seus fons, alhora que tamb\u00e9 \u00e9s un dels principals centres de recerca i estudi del pa\u00eds. Com la resta dels arxius de protocols, la seva formaci\u00f3 \u00e9s molt posterior al naixement de la instituci\u00f3 notarial, al segle XIII. Malgrat els dos intents fallits de formar un arxiu de protocols el 1598 i 1816, no \u00e9s fins la Llei Org\u00e0nica del Notariat de 1862, reguladora de la globalitat de la instituci\u00f3, i especialment el Decret de 1869, que es crea la primera normativa expl\u00edcita que concernia aquest fons. Des d\u2019aquest moment, els protocols antics van ser recollits de diferents institucions, per\u00f2 sobretot de les cases dels notaris, els quals els tenien en quantitats molt importants. L&#8217;Arxiu va tenir diverses ubicacions provisionals fins que, [&hellip;]<\/p>\n","protected":false},"author":1,"featured_media":9884,"parent":10828,"menu_order":0,"comment_status":"closed","ping_status":"closed","template":"","meta":{"_acf_changed":false,"_et_pb_use_builder":"on","_et_pb_old_content":"","_et_gb_content_width":"","ngg_post_thumbnail":0,"_price":"","_stock":"","_tribe_ticket_header":"","_tribe_default_ticket_provider":"","_tribe_ticket_capacity":"0","_ticket_start_date":"","_ticket_end_date":"","_tribe_ticket_show_description":"","_tribe_ticket_show_not_going":false,"_tribe_ticket_use_global_stock":"","_tribe_ticket_global_stock_level":"","_global_stock_mode":"","_global_stock_cap":"","_tribe_rsvp_for_event":"","_tribe_ticket_going_count":"","_tribe_ticket_not_going_count":"","_tribe_tickets_list":"[]","_tribe_ticket_has_attendee_info_fields":false,"footnotes":"","_tec_slr_enabled":"","_tec_slr_layout":""},"class_list":["post-10838","page","type-page","status-publish","has-post-thumbnail","hentry"],"acf":[],"ticketed":false,"_links":{"self":[{"href":"https:\/\/www.colegionotarial.org\/ca\/wp-json\/wp\/v2\/pages\/10838","targetHints":{"allow":["GET"]}}],"collection":[{"href":"https:\/\/www.colegionotarial.org\/ca\/wp-json\/wp\/v2\/pages"}],"about":[{"href":"https:\/\/www.colegionotarial.org\/ca\/wp-json\/wp\/v2\/types\/page"}],"author":[{"embeddable":true,"href":"https:\/\/www.colegionotarial.org\/ca\/wp-json\/wp\/v2\/users\/1"}],"replies":[{"embeddable":true,"href":"https:\/\/www.colegionotarial.org\/ca\/wp-json\/wp\/v2\/comments?post=10838"}],"version-history":[{"count":5,"href":"https:\/\/www.colegionotarial.org\/ca\/wp-json\/wp\/v2\/pages\/10838\/revisions"}],"predecessor-version":[{"id":32960,"href":"https:\/\/www.colegionotarial.org\/ca\/wp-json\/wp\/v2\/pages\/10838\/revisions\/32960"}],"up":[{"embeddable":true,"href":"https:\/\/www.colegionotarial.org\/ca\/wp-json\/wp\/v2\/pages\/10828"}],"wp:featuredmedia":[{"embeddable":true,"href":"https:\/\/www.colegionotarial.org\/ca\/wp-json\/wp\/v2\/media\/9884"}],"wp:attachment":[{"href":"https:\/\/www.colegionotarial.org\/ca\/wp-json\/wp\/v2\/media?parent=10838"}],"curies":[{"name":"wp","href":"https:\/\/api.w.org\/{rel}","templated":true}]}}