{"id":10834,"date":"2024-07-01T09:53:08","date_gmt":"2024-07-01T07:53:08","guid":{"rendered":"https:\/\/www.colegionotarial.org\/ahpd\/nuestros-servicios\/"},"modified":"2026-03-27T14:39:12","modified_gmt":"2026-03-27T13:39:12","slug":"els-nostres-serveis","status":"publish","type":"page","link":"https:\/\/www.colegionotarial.org\/ca\/ahpb\/els-nostres-serveis\/","title":{"rendered":"Els nostres serveis"},"content":{"rendered":"<p>[et_pb_section fb_built=&#8221;1&#8243; module_class=&#8221;contenido&#8221; _builder_version=&#8221;4.25.1&#8243; _module_preset=&#8221;default&#8221; global_colors_info=&#8221;{}&#8221;][et_pb_row _builder_version=&#8221;4.25.2&#8243; _module_preset=&#8221;default&#8221; width_tablet=&#8221;&#8221; width_phone=&#8221;90%&#8221; width_last_edited=&#8221;on|phone&#8221; custom_padding=&#8221;|15px||15px|false|false&#8221; global_colors_info=&#8221;{}&#8221;][et_pb_column type=&#8221;4_4&#8243; _builder_version=&#8221;4.25.1&#8243; _module_preset=&#8221;default&#8221; global_colors_info=&#8221;{}&#8221;][et_pb_text ul_type=&#8221;circle&#8221; _builder_version=&#8221;4.27.6&#8243; _module_preset=&#8221;default&#8221; link_font=&#8221;|600|||||||&#8221; hover_enabled=&#8221;0&#8243; global_colors_info=&#8221;{}&#8221; link_text_color__hover_enabled=&#8221;on|hover&#8221; sticky_enabled=&#8221;0&#8243;]<\/p>\n<p>L&#8217;Arxiu disposa d&#8217;una moderna sala de consulta, espaiosa i amb llum natural, amb vint-i-sis punts de lectura, wifi i una selecta <a href=\"https:\/\/www.colegionotarial.org\/ca\/serveis\/biblioteca\/\">biblioteca<\/a> hist\u00f2rica de refer\u00e8ncia.<\/p>\n<p>A part de les activitats habituals de tractament, descripci\u00f3, difusi\u00f3 dels fons i atenci\u00f3 als usuaris, l&#8217;Arxiu est\u00e0 en connexi\u00f3 molt directa amb les universitats i altres institucions culturals de la ciutat.<\/p>\n<p>Aix\u00ed, pr\u00e8via concertaci\u00f3, el professorat pot impartir classes pr\u00e0ctiques de diferents mat\u00e8ries relacionades amb la documentaci\u00f3 notarial (metodologia i cr\u00edtica textual, paleografia i diplom\u00e0tica, hist\u00f2ria, antropologia&#8230;). Tamb\u00e9, en el marc d&#8217;assignatures de graus i m\u00e0sters universitaris, es fan visites comentades dirigides a donar a con\u00e8ixer els fons, les instal\u00b7lacions i la gesti\u00f3 de l&#8217;Arxiu.<\/p>\n<p>En la seva l\u00ednia ja tradicional de publicacions de car\u00e0cter hist\u00f2ric i jur\u00eddic, cal destacar que l&#8217;Arxiu Hist\u00f2ric de Protocols edita una prestigiosa revista de car\u00e0cter hist\u00f2ric i institucional, titulada \u201cEstudis Hist\u00f2rics i Documents dels Arxius de Protocols\u201d, sota el patrocini de la Fundaci\u00f3 Noguera. Creada el 1948 i de periodicitat anual, recull treballs hist\u00f2rics i jur\u00eddics realitzats amb prefer\u00e8ncia sobre documentaci\u00f3 notarial. La publicaci\u00f3, que compta amb articles de signatures ben not\u00f2ries, ja ha assolit el n\u00famero XXXIV.<\/p>\n<p>[\/et_pb_text][\/et_pb_column][\/et_pb_row][\/et_pb_section]<\/p>\n","protected":false},"excerpt":{"rendered":"<p>L&#8217;Arxiu disposa d&#8217;una moderna sala de consulta, espaiosa i amb llum natural, amb vint-i-sis punts de lectura, wifi i una selecta biblioteca hist\u00f2rica de refer\u00e8ncia. A part de les activitats habituals de tractament, descripci\u00f3, difusi\u00f3 dels fons i atenci\u00f3 als usuaris, l&#8217;Arxiu est\u00e0 en connexi\u00f3 molt directa amb les universitats i altres institucions culturals de la ciutat. Aix\u00ed, pr\u00e8via concertaci\u00f3, el professorat pot impartir classes pr\u00e0ctiques de diferents mat\u00e8ries relacionades amb la documentaci\u00f3 notarial (metodologia i cr\u00edtica textual, paleografia i diplom\u00e0tica, hist\u00f2ria, antropologia&#8230;). Tamb\u00e9, en el marc d&#8217;assignatures de graus i m\u00e0sters universitaris, es fan visites comentades dirigides a donar a con\u00e8ixer els fons, les instal\u00b7lacions i la gesti\u00f3 de l&#8217;Arxiu. En la seva l\u00ednia ja tradicional de publicacions de car\u00e0cter hist\u00f2ric i jur\u00eddic, cal destacar que l&#8217;Arxiu Hist\u00f2ric de Protocols edita una prestigiosa revista de car\u00e0cter hist\u00f2ric i institucional, titulada \u201cEstudis Hist\u00f2rics i Documents dels Arxius de Protocols\u201d, sota el patrocini de la Fundaci\u00f3 Noguera. Creada el 1948 i de periodicitat anual, recull treballs hist\u00f2rics i jur\u00eddics realitzats amb prefer\u00e8ncia sobre documentaci\u00f3 notarial. La publicaci\u00f3, que compta amb articles de signatures ben not\u00f2ries, ja ha assolit el n\u00famero XXXIV.<\/p>\n","protected":false},"author":1,"featured_media":10468,"parent":10828,"menu_order":0,"comment_status":"closed","ping_status":"closed","template":"","meta":{"_acf_changed":false,"_et_pb_use_builder":"on","_et_pb_old_content":"","_et_gb_content_width":"","ngg_post_thumbnail":0,"_price":"","_stock":"","_tribe_ticket_header":"","_tribe_default_ticket_provider":"","_tribe_ticket_capacity":"0","_ticket_start_date":"","_ticket_end_date":"","_tribe_ticket_show_description":"","_tribe_ticket_show_not_going":false,"_tribe_ticket_use_global_stock":"","_tribe_ticket_global_stock_level":"","_global_stock_mode":"","_global_stock_cap":"","_tribe_rsvp_for_event":"","_tribe_ticket_going_count":"","_tribe_ticket_not_going_count":"","_tribe_tickets_list":"[]","_tribe_ticket_has_attendee_info_fields":false,"footnotes":"","_tec_slr_enabled":"","_tec_slr_layout":""},"class_list":["post-10834","page","type-page","status-publish","has-post-thumbnail","hentry"],"acf":[],"ticketed":false,"_links":{"self":[{"href":"https:\/\/www.colegionotarial.org\/ca\/wp-json\/wp\/v2\/pages\/10834","targetHints":{"allow":["GET"]}}],"collection":[{"href":"https:\/\/www.colegionotarial.org\/ca\/wp-json\/wp\/v2\/pages"}],"about":[{"href":"https:\/\/www.colegionotarial.org\/ca\/wp-json\/wp\/v2\/types\/page"}],"author":[{"embeddable":true,"href":"https:\/\/www.colegionotarial.org\/ca\/wp-json\/wp\/v2\/users\/1"}],"replies":[{"embeddable":true,"href":"https:\/\/www.colegionotarial.org\/ca\/wp-json\/wp\/v2\/comments?post=10834"}],"version-history":[{"count":4,"href":"https:\/\/www.colegionotarial.org\/ca\/wp-json\/wp\/v2\/pages\/10834\/revisions"}],"predecessor-version":[{"id":32542,"href":"https:\/\/www.colegionotarial.org\/ca\/wp-json\/wp\/v2\/pages\/10834\/revisions\/32542"}],"up":[{"embeddable":true,"href":"https:\/\/www.colegionotarial.org\/ca\/wp-json\/wp\/v2\/pages\/10828"}],"wp:featuredmedia":[{"embeddable":true,"href":"https:\/\/www.colegionotarial.org\/ca\/wp-json\/wp\/v2\/media\/10468"}],"wp:attachment":[{"href":"https:\/\/www.colegionotarial.org\/ca\/wp-json\/wp\/v2\/media?parent=10834"}],"curies":[{"name":"wp","href":"https:\/\/api.w.org\/{rel}","templated":true}]}}