{"id":10828,"date":"2024-06-28T09:19:52","date_gmt":"2024-06-28T07:19:52","guid":{"rendered":"https:\/\/www.colegionotarial.org\/sobre-el-ahpd\/"},"modified":"2026-04-07T13:22:49","modified_gmt":"2026-04-07T11:22:49","slug":"ahpb","status":"publish","type":"page","link":"https:\/\/www.colegionotarial.org\/ca\/ahpb\/","title":{"rendered":"Arxiu Hist\u00f2ric de Protocols de Barcelona"},"content":{"rendered":"<p>[et_pb_section fb_built=&#8221;1&#8243; module_class=&#8221;contenido&#8221; _builder_version=&#8221;4.25.1&#8243; _module_preset=&#8221;default&#8221; global_colors_info=&#8221;{}&#8221;][et_pb_row _builder_version=&#8221;4.25.2&#8243; _module_preset=&#8221;default&#8221; width_tablet=&#8221;&#8221; width_phone=&#8221;90%&#8221; width_last_edited=&#8221;on|phone&#8221; custom_padding=&#8221;|15px||15px|false|false&#8221; global_colors_info=&#8221;{}&#8221;][et_pb_column type=&#8221;4_4&#8243; _builder_version=&#8221;4.25.1&#8243; _module_preset=&#8221;default&#8221; global_colors_info=&#8221;{}&#8221;][et_pb_text ul_type=&#8221;circle&#8221; _builder_version=&#8221;4.25.2&#8243; _module_preset=&#8221;default&#8221; link_font=&#8221;|600|||||||&#8221; global_colors_info=&#8221;{}&#8221; link_text_color__hover_enabled=&#8221;on|hover&#8221;]<\/p>\n<p>Com la resta de seccions del Col\u00b7legi Notarial de Catalunya, l&#8217;Arxiu Hist\u00f2ric de Protocols de Barcelona disposa d&#8217;un espai particular en la web corporativa col\u00b7legial.<\/p>\n<p>A m\u00e9s d&#8217;oferir un acc\u00e9s directe als fons digitalitzats, de posar a l&#8217;abast els principals instruments de descripci\u00f3 i altres eines per a facilitar la recerca dels nostres fons, aix\u00ed com donar a con\u00e8ixer la hist\u00f2ria i significaci\u00f3 de la instituci\u00f3 notarial, volem tamb\u00e9 explicar qui som, quin \u00e9s el nostre horari i la nostra localitzaci\u00f3 i quins s\u00f3n els nostres serveis. Finalment, hem preparat una s\u00e8rie de preguntes freq\u00fcents, per a resoldre els dubtes habituals.<\/p>\n<p>Per a qualsevol aclariment o precisi\u00f3, consulti&#8217;ns directament.<\/p>\n<p>[\/et_pb_text][et_pb_code _builder_version=&#8221;4.26.1&#8243; _module_preset=&#8221;default&#8221; global_colors_info=&#8221;{}&#8221;]<script><!-- [et_pb_line_break_holder] -->document.addEventListener('DOMContentLoaded', function() {<!-- [et_pb_line_break_holder] -->    \/\/ Selecciona el t\u00edtulo<!-- [et_pb_line_break_holder] -->    var titleElement = document.querySelector('.entry-title');<!-- [et_pb_line_break_holder] --><!-- [et_pb_line_break_holder] -->    \/\/ Verifica si el elemento existe<!-- [et_pb_line_break_holder] -->    if (titleElement) {<!-- [et_pb_line_break_holder] -->        \/\/ Divide el texto en dos partes<!-- [et_pb_line_break_holder] -->        titleElement.innerHTML = 'Arxiu Hist\u00f2ric de<!\u2013- [et_pb_br_holder] -\u2013>Protocols de Barcelona';<!-- [et_pb_line_break_holder] -->    }<!-- [et_pb_line_break_holder] -->});<!-- [et_pb_line_break_holder] --><\/script>[\/et_pb_code][\/et_pb_column][\/et_pb_row][\/et_pb_section]<\/p>\n","protected":false},"excerpt":{"rendered":"<p>Com la resta de seccions del Col\u00b7legi Notarial de Catalunya, l&#8217;Arxiu Hist\u00f2ric de Protocols de Barcelona disposa d&#8217;un espai particular en la web corporativa col\u00b7legial. A m\u00e9s d&#8217;oferir un acc\u00e9s directe als fons digitalitzats, de posar a l&#8217;abast els principals instruments de descripci\u00f3 i altres eines per a facilitar la recerca dels nostres fons, aix\u00ed com donar a con\u00e8ixer la hist\u00f2ria i significaci\u00f3 de la instituci\u00f3 notarial, volem tamb\u00e9 explicar qui som, quin \u00e9s el nostre horari i la nostra localitzaci\u00f3 i quins s\u00f3n els nostres serveis. Finalment, hem preparat una s\u00e8rie de preguntes freq\u00fcents, per a resoldre els dubtes habituals. Per a qualsevol aclariment o precisi\u00f3, consulti&#8217;ns directament.<\/p>\n","protected":false},"author":1,"featured_media":9857,"parent":0,"menu_order":0,"comment_status":"closed","ping_status":"closed","template":"","meta":{"_acf_changed":false,"_et_pb_use_builder":"on","_et_pb_old_content":"","_et_gb_content_width":"","ngg_post_thumbnail":0,"_price":"","_stock":"","_tribe_ticket_header":"","_tribe_default_ticket_provider":"","_tribe_ticket_capacity":"0","_ticket_start_date":"","_ticket_end_date":"","_tribe_ticket_show_description":"","_tribe_ticket_show_not_going":false,"_tribe_ticket_use_global_stock":"","_tribe_ticket_global_stock_level":"","_global_stock_mode":"","_global_stock_cap":"","_tribe_rsvp_for_event":"","_tribe_ticket_going_count":"","_tribe_ticket_not_going_count":"","_tribe_tickets_list":"[]","_tribe_ticket_has_attendee_info_fields":false,"footnotes":"","_tec_slr_enabled":"","_tec_slr_layout":""},"class_list":["post-10828","page","type-page","status-publish","has-post-thumbnail","hentry"],"acf":[],"ticketed":false,"_links":{"self":[{"href":"https:\/\/www.colegionotarial.org\/ca\/wp-json\/wp\/v2\/pages\/10828","targetHints":{"allow":["GET"]}}],"collection":[{"href":"https:\/\/www.colegionotarial.org\/ca\/wp-json\/wp\/v2\/pages"}],"about":[{"href":"https:\/\/www.colegionotarial.org\/ca\/wp-json\/wp\/v2\/types\/page"}],"author":[{"embeddable":true,"href":"https:\/\/www.colegionotarial.org\/ca\/wp-json\/wp\/v2\/users\/1"}],"replies":[{"embeddable":true,"href":"https:\/\/www.colegionotarial.org\/ca\/wp-json\/wp\/v2\/comments?post=10828"}],"version-history":[{"count":6,"href":"https:\/\/www.colegionotarial.org\/ca\/wp-json\/wp\/v2\/pages\/10828\/revisions"}],"predecessor-version":[{"id":32697,"href":"https:\/\/www.colegionotarial.org\/ca\/wp-json\/wp\/v2\/pages\/10828\/revisions\/32697"}],"wp:featuredmedia":[{"embeddable":true,"href":"https:\/\/www.colegionotarial.org\/ca\/wp-json\/wp\/v2\/media\/9857"}],"wp:attachment":[{"href":"https:\/\/www.colegionotarial.org\/ca\/wp-json\/wp\/v2\/media?parent=10828"}],"curies":[{"name":"wp","href":"https:\/\/api.w.org\/{rel}","templated":true}]}}