{"id":10770,"date":"2024-06-27T17:29:42","date_gmt":"2024-06-27T15:29:42","guid":{"rendered":"https:\/\/www.colegionotarial.org\/contacto\/"},"modified":"2025-09-23T10:35:47","modified_gmt":"2025-09-23T08:35:47","slug":"contacte","status":"publish","type":"page","link":"https:\/\/www.colegionotarial.org\/ca\/contacte\/","title":{"rendered":"Contacte"},"content":{"rendered":"<p>[et_pb_section fb_built=&#8221;1&#8243; module_class=&#8221;contenido&#8221; _builder_version=&#8221;4.25.1&#8243; _module_preset=&#8221;default&#8221; global_colors_info=&#8221;{}&#8221;][et_pb_row _builder_version=&#8221;4.25.2&#8243; _module_preset=&#8221;default&#8221; width_tablet=&#8221;&#8221; width_phone=&#8221;90%&#8221; width_last_edited=&#8221;on|phone&#8221; custom_padding=&#8221;|15px||15px|false|false&#8221; global_colors_info=&#8221;{}&#8221;][et_pb_column type=&#8221;4_4&#8243; _builder_version=&#8221;4.25.1&#8243; _module_preset=&#8221;default&#8221; global_colors_info=&#8221;{}&#8221;][et_pb_code _builder_version=&#8221;4.26.1&#8243; _module_preset=&#8221;default&#8221; global_colors_info=&#8221;{}&#8221;]<\/p>\n<style><!-- [et_pb_line_break_holder] -->\/* Estilos personalizados para el formulario *\/<!-- [et_pb_line_break_holder] -->.formulario {<!-- [et_pb_line_break_holder] -->max-width: 600px;<!-- [et_pb_line_break_holder] -->margin: auto;<!-- [et_pb_line_break_holder] -->font-family: Arial, sans-serif;<!-- [et_pb_line_break_holder] -->}<!-- [et_pb_line_break_holder] --><!-- [et_pb_line_break_holder] -->.formulario form {<!-- [et_pb_line_break_holder] -->\/*background-color: #f5f5f5;*\/<!-- [et_pb_line_break_holder] -->padding: 20px;<!-- [et_pb_line_break_holder] -->border-radius: 8px;<!-- [et_pb_line_break_holder] -->\/*box-shadow: 0px 0px 10px rgba(0, 0, 0, 0.1);*\/<!-- [et_pb_line_break_holder] -->max-height: 450px;<!-- [et_pb_line_break_holder] -->overflow: hidden;<!-- [et_pb_line_break_holder] -->}<!-- [et_pb_line_break_holder] --><!-- [et_pb_line_break_holder] -->.formulario label {<!-- [et_pb_line_break_holder] -->font-weight: bold;<!-- [et_pb_line_break_holder] -->font-size: 16px;<!-- [et_pb_line_break_holder] -->  display: block;<!-- [et_pb_line_break_holder] -->}<!-- [et_pb_line_break_holder] --><!-- [et_pb_line_break_holder] -->.formulario input[type=\"text\"],<!-- [et_pb_line_break_holder] -->.formulario input[type=\"tel\"],<!-- [et_pb_line_break_holder] -->.formulario input[type=\"email\"],<!-- [et_pb_line_break_holder] -->.formulario input[type=\"textarea\"],<!-- [et_pb_line_break_holder] -->.formulario textarea,<!-- [et_pb_line_break_holder] -->.formulario button,<!-- [et_pb_line_break_holder] -->.formulario select {<!-- [et_pb_line_break_holder] -->margin-top: 5px;<!-- [et_pb_line_break_holder] -->padding: 8px;<!-- [et_pb_line_break_holder] -->font-size: 14px;<!-- [et_pb_line_break_holder] -->border: 1px solid #ccc!important;<!-- [et_pb_line_break_holder] -->border-radius: 4px!important;<!-- [et_pb_line_break_holder] -->box-sizing: border-box;<!-- [et_pb_line_break_holder] -->margin-left: 0!important;<!-- [et_pb_line_break_holder] -->}<!-- [et_pb_line_break_holder] -->  <!-- [et_pb_line_break_holder] -->  .formulario input[type=\"text\"]:focus,<!-- [et_pb_line_break_holder] -->.formulario input[type=\"tel\"]:focus,<!-- [et_pb_line_break_holder] -->.formulario input[type=\"email\"]:focus,<!-- [et_pb_line_break_holder] -->.formulario input[type=\"textarea\"]:focus,<!-- [et_pb_line_break_holder] -->.formulario textarea:focus,<!-- [et_pb_line_break_holder] -->  .formulario select:focus {<!-- [et_pb_line_break_holder] -->    background: white;<!-- [et_pb_line_break_holder] -->    font-weight: bold;<!-- [et_pb_line_break_holder] -->  }<!-- [et_pb_line_break_holder] --><!-- [et_pb_line_break_holder] -->.formulario textarea {<!-- [et_pb_line_break_holder] -->resize: none; \/* Evita que el textarea sea redimensionable *\/<!-- [et_pb_line_break_holder] -->}<!-- [et_pb_line_break_holder] --><!-- [et_pb_line_break_holder] --><!-- [et_pb_line_break_holder] -->.formulario .input-group {<!-- [et_pb_line_break_holder] -->display: flex;<!-- [et_pb_line_break_holder] -->gap: 10px;<!-- [et_pb_line_break_holder] -->}<!-- [et_pb_line_break_holder] --><!-- [et_pb_line_break_holder] -->.formulario .input-group input {<!-- [et_pb_line_break_holder] -->flex: 1;<!-- [et_pb_line_break_holder] -->}<!-- [et_pb_line_break_holder] --><!-- [et_pb_line_break_holder] -->.formulario textarea {<!-- [et_pb_line_break_holder] -->resize: vertical;<!-- [et_pb_line_break_holder] -->}<!-- [et_pb_line_break_holder] --><!-- [et_pb_line_break_holder] -->.formulario input[type=\"checkbox\"] {<!-- [et_pb_line_break_holder] -->width: auto;<!-- [et_pb_line_break_holder] -->margin-right: 10px;<!-- [et_pb_line_break_holder] -->}<!-- [et_pb_line_break_holder] --><!-- [et_pb_line_break_holder] -->.formulario button {<!-- [et_pb_line_break_holder] -->background-color: #4CAF50;<!-- [et_pb_line_break_holder] -->color: white;<!-- [et_pb_line_break_holder] -->border: none;<!-- [et_pb_line_break_holder] -->cursor: pointer;<!-- [et_pb_line_break_holder] -->}<!-- [et_pb_line_break_holder] --><!-- [et_pb_line_break_holder] -->.formulario button:hover {<!-- [et_pb_line_break_holder] -->background-color: #45a049;<!-- [et_pb_line_break_holder] -->}<!-- [et_pb_line_break_holder] -->  <!-- [et_pb_line_break_holder] -->  .et_pb_contact .et_pb_contact_field_half {<!-- [et_pb_line_break_holder] -->    width: 48%;<!-- [et_pb_line_break_holder] -->    float: left;<!-- [et_pb_line_break_holder] -->    margin: 0px 5px;<!-- [et_pb_line_break_holder] -->}<!-- [et_pb_line_break_holder] --><\/style>\n<p>[\/et_pb_code][et_pb_contact_form use_spam_service=&#8221;on&#8221; recaptcha_list=&#8221;Colegio Notarial|Colegio Notarial-0&#8243; recaptcha_min_score=&#8221;0.7&#8243; email=&#8221;info@catalunya.notariado.org&#8221; success_message=&#8221;Gr\u00e0cies pel seu missatge. Li contestarem el m\u00e9s aviat posible. &#8221; submit_button_text=&#8221;Enviar&#8221; module_class=&#8221;formulario&#8221; _builder_version=&#8221;4.27.3&#8243; _module_preset=&#8221;default&#8221; _unique_id=&#8221;a518c044-9c58-42f6-b1e8-6647a1425215&#8243; custom_button=&#8221;on&#8221; button_use_icon=&#8221;off&#8221; hover_enabled=&#8221;0&#8243; global_colors_info=&#8221;{}&#8221; custom_message=&#8221;Nom: %%Name%%||et_pb_line_break_holder||Email: %%Email%%||et_pb_line_break_holder||Tel\u00e8fon: %%Telefono%%||et_pb_line_break_holder||Missatge:%%Message%%&#8221; sticky_enabled=&#8221;0&#8243;][et_pb_contact_field field_id=&#8221;Name&#8221; field_title=&#8221;Nom i cognoms&#8221; fullwidth_field=&#8221;on&#8221; _builder_version=&#8221;4.27.3&#8243; hover_enabled=&#8221;0&#8243; global_colors_info=&#8221;{}&#8221; button_text_size__hover_enabled=&#8221;off&#8221; button_one_text_size__hover_enabled=&#8221;off&#8221; button_two_text_size__hover_enabled=&#8221;off&#8221; button_text_color__hover_enabled=&#8221;off&#8221; button_one_text_color__hover_enabled=&#8221;off&#8221; button_two_text_color__hover_enabled=&#8221;off&#8221; button_border_width__hover_enabled=&#8221;off&#8221; button_one_border_width__hover_enabled=&#8221;off&#8221; button_two_border_width__hover_enabled=&#8221;off&#8221; button_border_color__hover_enabled=&#8221;off&#8221; button_one_border_color__hover_enabled=&#8221;off&#8221; button_two_border_color__hover_enabled=&#8221;off&#8221; button_border_radius__hover_enabled=&#8221;off&#8221; button_one_border_radius__hover_enabled=&#8221;off&#8221; button_two_border_radius__hover_enabled=&#8221;off&#8221; button_letter_spacing__hover_enabled=&#8221;off&#8221; button_one_letter_spacing__hover_enabled=&#8221;off&#8221; button_two_letter_spacing__hover_enabled=&#8221;off&#8221; button_bg_color__hover_enabled=&#8221;off&#8221; button_one_bg_color__hover_enabled=&#8221;off&#8221; button_two_bg_color__hover_enabled=&#8221;off&#8221; sticky_enabled=&#8221;0&#8243;][\/et_pb_contact_field][et_pb_contact_field field_id=&#8221;Telefono&#8221; field_title=&#8221;Tel\u00e8fon&#8221; min_length=&#8221;9&#8243; max_length=&#8221;9&#8243; allowed_symbols=&#8221;numbers&#8221; _builder_version=&#8221;4.27.3&#8243; _module_preset=&#8221;default&#8221; hover_enabled=&#8221;0&#8243; global_colors_info=&#8221;{}&#8221; sticky_enabled=&#8221;0&#8243;][\/et_pb_contact_field][et_pb_contact_field field_id=&#8221;Email&#8221; field_title=&#8221;Adre\u00e7a de correu electr\u00f2nic&#8221; field_type=&#8221;email&#8221; _builder_version=&#8221;4.27.3&#8243; hover_enabled=&#8221;0&#8243; global_colors_info=&#8221;{}&#8221; button_text_size__hover_enabled=&#8221;off&#8221; button_one_text_size__hover_enabled=&#8221;off&#8221; button_two_text_size__hover_enabled=&#8221;off&#8221; button_text_color__hover_enabled=&#8221;off&#8221; button_one_text_color__hover_enabled=&#8221;off&#8221; button_two_text_color__hover_enabled=&#8221;off&#8221; button_border_width__hover_enabled=&#8221;off&#8221; button_one_border_width__hover_enabled=&#8221;off&#8221; button_two_border_width__hover_enabled=&#8221;off&#8221; button_border_color__hover_enabled=&#8221;off&#8221; button_one_border_color__hover_enabled=&#8221;off&#8221; button_two_border_color__hover_enabled=&#8221;off&#8221; button_border_radius__hover_enabled=&#8221;off&#8221; button_one_border_radius__hover_enabled=&#8221;off&#8221; button_two_border_radius__hover_enabled=&#8221;off&#8221; button_letter_spacing__hover_enabled=&#8221;off&#8221; button_one_letter_spacing__hover_enabled=&#8221;off&#8221; button_two_letter_spacing__hover_enabled=&#8221;off&#8221; button_bg_color__hover_enabled=&#8221;off&#8221; button_one_bg_color__hover_enabled=&#8221;off&#8221; button_two_bg_color__hover_enabled=&#8221;off&#8221; sticky_enabled=&#8221;0&#8243;][\/et_pb_contact_field][et_pb_contact_field field_id=&#8221;Message&#8221; field_title=&#8221;Missatge&#8221; field_type=&#8221;text&#8221; fullwidth_field=&#8221;on&#8221; _builder_version=&#8221;4.27.3&#8243; hover_enabled=&#8221;0&#8243; global_colors_info=&#8221;{}&#8221; button_text_size__hover_enabled=&#8221;off&#8221; button_one_text_size__hover_enabled=&#8221;off&#8221; button_two_text_size__hover_enabled=&#8221;off&#8221; button_text_color__hover_enabled=&#8221;off&#8221; button_one_text_color__hover_enabled=&#8221;off&#8221; button_two_text_color__hover_enabled=&#8221;off&#8221; button_border_width__hover_enabled=&#8221;off&#8221; button_one_border_width__hover_enabled=&#8221;off&#8221; button_two_border_width__hover_enabled=&#8221;off&#8221; button_border_color__hover_enabled=&#8221;off&#8221; button_one_border_color__hover_enabled=&#8221;off&#8221; button_two_border_color__hover_enabled=&#8221;off&#8221; button_border_radius__hover_enabled=&#8221;off&#8221; button_one_border_radius__hover_enabled=&#8221;off&#8221; button_two_border_radius__hover_enabled=&#8221;off&#8221; button_letter_spacing__hover_enabled=&#8221;off&#8221; button_one_letter_spacing__hover_enabled=&#8221;off&#8221; button_two_letter_spacing__hover_enabled=&#8221;off&#8221; button_bg_color__hover_enabled=&#8221;off&#8221; button_one_bg_color__hover_enabled=&#8221;off&#8221; button_two_bg_color__hover_enabled=&#8221;off&#8221; sticky_enabled=&#8221;0&#8243;][\/et_pb_contact_field][\/et_pb_contact_form][et_pb_code _builder_version=&#8221;4.25.2&#8243; _module_preset=&#8221;default&#8221; global_colors_info=&#8221;{}&#8221;]<script><!-- [et_pb_line_break_holder] -->    grecaptcha.ready(function() {<!-- [et_pb_line_break_holder] -->        console.log('reCAPTCHA ready'); \/\/ Mensaje de depuraci\u00f3n<!-- [et_pb_line_break_holder] -->        grecaptcha.execute('6LebNAEqAAAAAF2HXgOEZE-ojRXKK_qUZHLldDyh', {action: 'submit'}).then(function(token) {<!-- [et_pb_line_break_holder] -->            console.log('reCAPTCHA token generado: ', token); \/\/ Mensaje de depuraci\u00f3n<!-- [et_pb_line_break_holder] -->            document.getElementById('recaptcha_token').value = token;<!-- [et_pb_line_break_holder] -->        });<!-- [et_pb_line_break_holder] -->    });<!-- [et_pb_line_break_holder] --><\/script>[\/et_pb_code][\/et_pb_column][\/et_pb_row][\/et_pb_section][et_pb_section fb_built=&#8221;1&#8243; module_class=&#8221;contenido gris&#8221; _builder_version=&#8221;4.25.1&#8243; _module_preset=&#8221;default&#8221; background_color=&#8221;gcid-d258bfa0-2134-462a-a874-ffbc41698437&#8243; global_colors_info=&#8221;{%22gcid-d258bfa0-2134-462a-a874-ffbc41698437%22:%91%22background_color%22%93}&#8221;][et_pb_row column_structure=&#8221;2_5,3_5&#8243; _builder_version=&#8221;4.25.1&#8243; _module_preset=&#8221;default&#8221; z_index=&#8221;0&#8243; custom_padding=&#8221;||47px|||&#8221; locked=&#8221;off&#8221; global_colors_info=&#8221;{}&#8221;][et_pb_column type=&#8221;2_5&#8243; _builder_version=&#8221;4.25.2&#8243; _module_preset=&#8221;default&#8221; sticky_limit_bottom=&#8221;row&#8221; global_colors_info=&#8221;{}&#8221;][et_pb_heading title=&#8221;Ubicaci\u00f3&#8221; _builder_version=&#8221;4.26.1&#8243; _module_preset=&#8221;default&#8221; title_level=&#8221;h2&#8243; title_font=&#8221;|800||on|||||&#8221; title_text_align=&#8221;left&#8221; title_text_color=&#8221;gcid-ab52094e-5a6f-4ce7-9faf-05f357b7a987&#8243; title_font_size=&#8221;2em&#8221; title_letter_spacing=&#8221;2px&#8221; title_line_height=&#8221;1.3em&#8221; custom_margin=&#8221;||||false|false&#8221; custom_padding=&#8221;6px|||||&#8221; custom_css_free_form=&#8221;selector h2{||  margin-top: 0px!important||}&#8221; border_color_all=&#8221;gcid-ab52094e-5a6f-4ce7-9faf-05f357b7a987&#8243; border_color_top=&#8221;gcid-ab52094e-5a6f-4ce7-9faf-05f357b7a987&#8243; global_colors_info=&#8221;{%22gcid-ab52094e-5a6f-4ce7-9faf-05f357b7a987%22:%91%22border_color_all%22,%22border_color_top%22,%22title_text_color%22%93}&#8221;][\/et_pb_heading][et_pb_text _builder_version=&#8221;4.25.2&#8243; _module_preset=&#8221;default&#8221; global_colors_info=&#8221;{}&#8221;]<\/p>\n<p>Notariat, 2<br \/>08001 Barcelona<\/p>\n<p><strong>Tel\u00e8fon<\/strong>: 93 317 48 00<br \/><strong>Email<\/strong>: <a href=\"mailto:info@catalunya.notariado.org\" target=\"_blank\" rel=\"noopener\">info@catalunya.notariado.org<\/a><\/p>\n<p>&nbsp;<\/p>\n<p class=\"rtejustify\"><strong>Horari d&#8217;atenci\u00f3 al p\u00fablic:<\/strong><\/p>\n<p><strong>De l&#8217;1 d&#8217;octubre al 31 de maig:<br \/><\/strong>dilluns a divendres de 9:30h. a 13:30h.<br \/>dimarts i dijous tarda de 15:00h. a 17:00h..<\/p>\n<p><strong>De l&#8217;1 de juny al 30 de setembre:<br \/><\/strong>dilluns a divendres de 9:30h. a 13:30h.<\/p>\n<p>[\/et_pb_text][\/et_pb_column][et_pb_column type=&#8221;3_5&#8243; _builder_version=&#8221;4.25.1&#8243; _module_preset=&#8221;default&#8221; global_colors_info=&#8221;{}&#8221;][et_pb_code _builder_version=&#8221;4.25.2&#8243; _module_preset=&#8221;default&#8221; global_colors_info=&#8221;{}&#8221;]<iframe src=\"https:\/\/www.google.com\/maps\/embed?pb=!1m18!1m12!1m3!1d2993.595308003799!2d2.1644852895344084!3d41.382876422285754!2m3!1f0!2f0!3f0!3m2!1i1024!2i768!4f13.1!3m3!1m2!1s0x12a4a2f5d3caaf8f%3A0xdaa62971c3ff6ac2!2sCol%C2%B7legi%20de%20Notaris%20de%20Catalunya!5e0!3m2!1sca!2ses!4v1718870530516!5m2!1sca!2ses\" width=\"600\" height=\"450\" style=\"border:0;\" allowfullscreen=\"\" loading=\"lazy\" referrerpolicy=\"no-referrer-when-downgrade\"><\/iframe>[\/et_pb_code][\/et_pb_column][\/et_pb_row][et_pb_row _builder_version=&#8221;4.25.1&#8243; _module_preset=&#8221;default&#8221; z_index=&#8221;0&#8243; custom_padding=&#8221;||47px|||&#8221; global_colors_info=&#8221;{}&#8221;][et_pb_column type=&#8221;4_4&#8243; _builder_version=&#8221;4.25.2&#8243; _module_preset=&#8221;default&#8221; sticky_limit_bottom=&#8221;row&#8221; global_colors_info=&#8221;{}&#8221;][et_pb_text _builder_version=&#8221;4.25.2&#8243; _module_preset=&#8221;default&#8221; custom_css_free_form=&#8221;selector p {||  font-size: 12px;||  line-height: 16px;||}&#8221; global_colors_info=&#8221;{}&#8221;]<\/p>\n<p><strong>PROTECCI\u00d3N DE DADES:<\/strong><\/p>\n<p>De conformitat amb el que es preveu en el Reglament General de Protecci\u00f3 de Dades, l&#8217;interessat queda informat que les seves dades personals seran tractats per l&#8217;Il\u00b7lustre Col\u00b7legi Notarial de Catalunya en qualitat de responsable del tractament, les dades de contacte del qual s\u00f3n: carrer Notariat, n\u00fam. 4, 08001 Barcelona, Espanya. Les dades s&#8217;utilitzaran amb la finalitat de dur a terme la gesti\u00f3 de la sol\u00b7licitud al ICNC de designaci\u00f3 de Notario en el cas d&#8217;expedient matrimonial. La base jur\u00eddica d&#8217;aquest tractament \u00e9s el compliment de les funcions p\u00fabliques del ICNC establertes en la legislaci\u00f3 notarial. Les dades seran conservades amb aquesta fi durant tot el temps en qu\u00e8 la relaci\u00f3 estigui vigent i, encara despr\u00e9s, durant tot el temps exigit per la legislaci\u00f3 aplicable. Les dades no seran cedits a tercers, excepte a les Administracions P\u00fabliques quan ho prevegi la Llei. Si es faciliten dades de tercers, qui ho faci assumeix la responsabilitat d&#8217;informar-los pr\u00e8viament del que es preveu en l&#8217;article 14 del RGPD. T\u00e9 dret a sol\u00b7licitar l&#8217;acc\u00e9s a les seves dades personals, la seva rectificaci\u00f3 o supressi\u00f3, aix\u00ed com a la limitaci\u00f3 del seu tractament, a oposar-se al mateix i a la portabilitat de les seves dades. Pot vost\u00e8 presentar una reclamaci\u00f3 davant l&#8217;autoritat de control (AEPD). Dades de contacte del Delegat de Protecci\u00f3 de Dades: www.ancert.com, c\/ Campezo, n\u00fam. 1, (28022) Madrid, Edifici 6, pl. 2a.<\/p>\n<p>[\/et_pb_text][\/et_pb_column][\/et_pb_row][\/et_pb_section]<\/p>\n","protected":false},"excerpt":{"rendered":"<p>Notariat, 208001 Barcelona Tel\u00e8fon: 93 317 48 00Email: info@catalunya.notariado.org &nbsp; Horari d&#8217;atenci\u00f3 al p\u00fablic: De l&#8217;1 d&#8217;octubre al 31 de maig:dilluns a divendres de 9:30h. a 13:30h.dimarts i dijous tarda de 15:00h. a 17:00h.. De l&#8217;1 de juny al 30 de setembre:dilluns a divendres de 9:30h. a 13:30h.PROTECCI\u00d3N DE DADES: De conformitat amb el que es preveu en el Reglament General de Protecci\u00f3 de Dades, l&#8217;interessat queda informat que les seves dades personals seran tractats per l&#8217;Il\u00b7lustre Col\u00b7legi Notarial de Catalunya en qualitat de responsable del tractament, les dades de contacte del qual s\u00f3n: carrer Notariat, n\u00fam. 4, 08001 Barcelona, Espanya. Les dades s&#8217;utilitzaran amb la finalitat de dur a terme la gesti\u00f3 de la sol\u00b7licitud al ICNC de designaci\u00f3 de Notario en el cas d&#8217;expedient matrimonial. La base jur\u00eddica d&#8217;aquest tractament \u00e9s el compliment de les funcions p\u00fabliques del ICNC establertes en la legislaci\u00f3 notarial. Les dades seran conservades amb aquesta fi durant tot el temps en qu\u00e8 la relaci\u00f3 estigui vigent i, encara despr\u00e9s, durant tot el temps exigit per la legislaci\u00f3 aplicable. Les dades no seran cedits a tercers, excepte a les Administracions P\u00fabliques quan ho prevegi la Llei. Si es faciliten dades de tercers, qui ho [&hellip;]<\/p>\n","protected":false},"author":1,"featured_media":14045,"parent":0,"menu_order":0,"comment_status":"closed","ping_status":"closed","template":"","meta":{"_acf_changed":false,"_et_pb_use_builder":"on","_et_pb_old_content":"","_et_gb_content_width":"","ngg_post_thumbnail":0,"_price":"","_stock":"","_tribe_ticket_header":"","_tribe_default_ticket_provider":"","_tribe_ticket_capacity":"0","_ticket_start_date":"","_ticket_end_date":"","_tribe_ticket_show_description":"","_tribe_ticket_show_not_going":false,"_tribe_ticket_use_global_stock":"","_tribe_ticket_global_stock_level":"","_global_stock_mode":"","_global_stock_cap":"","_tribe_rsvp_for_event":"","_tribe_ticket_going_count":"","_tribe_ticket_not_going_count":"","_tribe_tickets_list":"[]","_tribe_ticket_has_attendee_info_fields":false,"footnotes":"","_tec_slr_enabled":"","_tec_slr_layout":""},"class_list":["post-10770","page","type-page","status-publish","has-post-thumbnail","hentry"],"acf":[],"ticketed":false,"_links":{"self":[{"href":"https:\/\/www.colegionotarial.org\/ca\/wp-json\/wp\/v2\/pages\/10770","targetHints":{"allow":["GET"]}}],"collection":[{"href":"https:\/\/www.colegionotarial.org\/ca\/wp-json\/wp\/v2\/pages"}],"about":[{"href":"https:\/\/www.colegionotarial.org\/ca\/wp-json\/wp\/v2\/types\/page"}],"author":[{"embeddable":true,"href":"https:\/\/www.colegionotarial.org\/ca\/wp-json\/wp\/v2\/users\/1"}],"replies":[{"embeddable":true,"href":"https:\/\/www.colegionotarial.org\/ca\/wp-json\/wp\/v2\/comments?post=10770"}],"version-history":[{"count":17,"href":"https:\/\/www.colegionotarial.org\/ca\/wp-json\/wp\/v2\/pages\/10770\/revisions"}],"predecessor-version":[{"id":26831,"href":"https:\/\/www.colegionotarial.org\/ca\/wp-json\/wp\/v2\/pages\/10770\/revisions\/26831"}],"wp:featuredmedia":[{"embeddable":true,"href":"https:\/\/www.colegionotarial.org\/ca\/wp-json\/wp\/v2\/media\/14045"}],"wp:attachment":[{"href":"https:\/\/www.colegionotarial.org\/ca\/wp-json\/wp\/v2\/media?parent=10770"}],"curies":[{"name":"wp","href":"https:\/\/api.w.org\/{rel}","templated":true}]}}