{"id":10764,"date":"2024-07-18T17:20:39","date_gmt":"2024-07-18T15:20:39","guid":{"rendered":"https:\/\/www.colegionotarial.org\/serveis\/biblioteca\/"},"modified":"2025-06-04T12:12:15","modified_gmt":"2025-06-04T10:12:15","slug":"biblioteca","status":"publish","type":"page","link":"https:\/\/www.colegionotarial.org\/ca\/serveis\/biblioteca\/","title":{"rendered":"Biblioteca"},"content":{"rendered":"<p>[et_pb_section fb_built=&#8221;1&#8243; module_class=&#8221;contenido&#8221; _builder_version=&#8221;4.25.1&#8243; _module_preset=&#8221;default&#8221; global_colors_info=&#8221;{}&#8221;][et_pb_row _builder_version=&#8221;4.25.2&#8243; _module_preset=&#8221;default&#8221; width_tablet=&#8221;&#8221; width_phone=&#8221;90%&#8221; width_last_edited=&#8221;on|phone&#8221; custom_padding=&#8221;|15px||15px|false|false&#8221; global_colors_info=&#8221;{}&#8221;][et_pb_column type=&#8221;4_4&#8243; _builder_version=&#8221;4.25.1&#8243; _module_preset=&#8221;default&#8221; global_colors_info=&#8221;{}&#8221;][et_pb_text ul_type=&#8221;circle&#8221; _builder_version=&#8221;4.27.3&#8243; _module_preset=&#8221;default&#8221; link_font=&#8221;|600|||||||&#8221; hover_enabled=&#8221;0&#8243; global_colors_info=&#8221;{}&#8221; link_text_color__hover_enabled=&#8221;on|hover&#8221; sticky_enabled=&#8221;0&#8243;]<\/p>\n<p>La Biblioteca del Col\u00b7legi Notarial de Catalunya comen\u00e7a a formar-se cap a l\u2019any 1863, poc temps despr\u00e9s de la creaci\u00f3 del Col\u00b7legi arran de la promulgaci\u00f3 de la Llei del Notariat de 28 de maig de 1862. No ser\u00e0, per\u00f2, fins a la construcci\u00f3 de la nova seu del Col\u00b7legi l\u2019any 1882 que la Biblioteca disposar\u00e0 d\u2019un espai propi.<\/p>\n<p>La seva ubicaci\u00f3 origin\u00e0ria estava a la primera planta, per\u00f2 despr\u00e9s de l\u2019ampliaci\u00f3 del Col\u00b7legi encarregada l\u2019any 1926 a l\u2019arquitecte Enric Sagnier, la Biblioteca es va traslladar a la segona planta, on segueix a dia d\u2019avui. L\u2019espai destinat a l\u2019\u00fas de la Biblioteca s\u2019ha anat ampliant amb el pas dels anys. \u00c9s aix\u00ed com es va crear, l\u2019any 1980, la Sala Raimon Noguera, que ret homenatge al notari que li dona el seu nom.<\/p>\n<p>La Biblioteca t\u00e9 una superf\u00edcie aproximada de dos-cents metres quadrats distribu\u00efts en tres sales: la Sala Primera, la Sala Raimon Noguera i la Sala del Fons de Reserva (aquesta \u00faltima, d\u2019acc\u00e9s restringit). Hi ha, a m\u00e9s, un quart espai d\u2019\u00fas intern, aix\u00ed com una hemeroteca \u2013que es troba a la tercera planta\u2013 amb gaireb\u00e9 un centenar de publicacions peri\u00f2diques.<\/p>\n<p>La Biblioteca del Col\u00b7legi Notarial de Catalunya est\u00e0 especialitzada en dret. El seu fons, amb m\u00e9s de 20.000 volums de monografies i de 15.000 exemplars de revistes, s\u2019ha anat formant al llarg dels anys amb l\u2019adquisici\u00f3 d\u2019importants obres jur\u00eddiques amb la finalitat de donar suport als notaris en l\u2019exercici de la seva funci\u00f3 i l\u2019estudi del dret.<\/p>\n<p>Entre aquestes obres hi ha els tractats i obres cl\u00e0ssics de dret civil \u2013no nom\u00e9s catal\u00e0 i espanyol, sin\u00f3 tamb\u00e9 estranger\u2013, dret hipotecari, dret mercantil i dret notarial, entre d\u2019altres.<\/p>\n<p>A m\u00e9s, la Biblioteca t\u00e9 un fons de reserva, d\u2019un valor remarcable, amb m\u00e9s de 400 volums d\u2019obres jur\u00eddiques del segle XV al XVIII. Hi destaquen, per exemple, un incunable sobre testaments i \u00faltimes voluntats editat a Barcelona l\u2019any 1492; una edici\u00f3 de 1756 del Corpus Iuris Civilis; tractats d\u2019Ars Notariae i formularis notarials, com algunes edicions del Summa Artis Notariae de Rolandino de\u2019Passageri o els escrits per juristes catalans com Gal\u00ed, Comes i Gibert; tractats d\u2019autors catalans com Marquilles, Mieres i Fontanella, l\u2019opini\u00f3 dels quals forma part de la tradici\u00f3 jur\u00eddica catalana, que cal prendre en consideraci\u00f3 per interpretar el dret civil catal\u00e0 vigent; i obres espec\u00edfiques sobre els documents notarials, com les que es refereixen als testaments, als llu\u00efsmes o als capbreus.<\/p>\n<p><strong style=\"color: #0c2d75; font-family: Raleway; font-size: 22px; letter-spacing: 1px; text-transform: uppercase;\">Biblioteca auxiliar de l\u2019Arxiu Hist\u00f2ric de Protocols de Barcelona (AHPB)<\/strong><\/p>\n<p>La Biblioteca del Col\u00b7legi Notarial de Catalunya gestiona tamb\u00e9 la Biblioteca auxiliar de l\u2019Arxiu Hist\u00f2ric de Protocols de Barcelona (AHPB), que es troba a la segona planta del Col\u00b7legi. Aquesta biblioteca t\u00e9 un fons de m\u00e9s de 5.000 volums i d\u2019una vuitantena de publicacions peri\u00f2diques i serveix de complement i suport a l\u2019usuari de l\u2019arxiu amb un fons especialitzat en hist\u00f2ria de Catalunya i de Barcelona, fonts, arxiv\u00edstica i altres disciplines complement\u00e0ries.<\/p>\n<p>Les publicacions peri\u00f2diques de la Biblioteca auxiliar s\u2019adquireixen per compra, per donatiu o per intercanvi amb la revista Estudis Hist\u00f2rics i Documents dels Arxius de Protocols.<\/p>\n<p><strong style=\"font-size: 1.1rem;\">Serveis<\/strong><\/p>\n<p>La funci\u00f3 principal de la Biblioteca \u00e9s donar suport i assistir els seus col\u00b7legiats en l\u2019exercici de la seva professi\u00f3, posant a la seva disposici\u00f3 la documentaci\u00f3 i informaci\u00f3 que necessitin en mat\u00e8ria jur\u00eddica. Tanmateix, la biblioteca tamb\u00e9 at\u00e9n consultes relatives a mat\u00e8ria notarial procedents de col\u00b7legiats de fora de Catalunya, aix\u00ed com d\u2019altres Col\u00b7legis professionals, institucions i particulars vinculats al m\u00f3n del dret.<\/p>\n<p>Els serveis que la Biblioteca ofereix s\u00f3n:<\/p>\n<ul>\n<li>Sales de consulta: la Biblioteca posa a disposici\u00f3 dels col\u00b7legiats dues sales de consulta, la Sala Raimon Noguera i la Sala Primera, amb un total de 26 punts de lectura.<\/li>\n<li>Pr\u00e9stec: servei exclusiu per als col\u00b7legiats. El pr\u00e9stec t\u00e9 una durada m\u00e0xima d\u2019un mes prorrogable i en queden exclosos les obres de refer\u00e8ncia, els codis, les revistes i el fons de reserva, a m\u00e9s d\u2019aquells llibres que la Biblioteca consideri que cal preservar. Els llibres es poden recollir personalment a la Biblioteca o es poden enviar a domicili.<\/li>\n<li>Pr\u00e9stec interbibliotecari: aquest servei permet obtenir documents dels quals no disposa la Biblioteca mitjan\u00e7ant la petici\u00f3 de pr\u00e9stec a altres institucions, com ara el Col\u00b7legi de l\u2019Advocacia, biblioteques universit\u00e0ries, etc.<\/li>\n<li>Adquisici\u00f3 de novetats: el fons de la Biblioteca es mant\u00e9 actualitzat mitjan\u00e7ant l\u2019adquisici\u00f3 de les novetats bibliogr\u00e0fiques que s\u00f3n de m\u00e9s inter\u00e8s per a la pr\u00e0ctica notarial. Els col\u00b7legiats poden fer suggeriments de compra que la Biblioteca atendr\u00e0 d\u2019acord amb la seva pol\u00edtica d\u2019adquisicions.<\/li>\n<li>Subscripci\u00f3 a publicacions peri\u00f2diques: La Biblioteca est\u00e0 subscrita a les principals revistes i publicacions de refer\u00e8ncia, tant estatals com estrangeres. Els darrers n\u00fameros es poden consultar a la Sala Raimon Noguera. La resta es troba al dip\u00f2sit i tamb\u00e9 es pot consultar, per\u00f2 cal petici\u00f3 pr\u00e8via.<\/li>\n<li>Informaci\u00f3 i recerca bibliogr\u00e0fiques: a trav\u00e9s d\u2019aquest servei la Biblioteca respon les consultes dels col\u00b7legiats sobre bibliografia, articles doctrinals, legislaci\u00f3 i jurisprud\u00e8ncia, entre d\u2019altres. Per atendre aquestes consultes, la Biblioteca no nom\u00e9s se serveix del seu fons bibliogr\u00e0fic, sin\u00f3 que tamb\u00e9 t\u00e9 acc\u00e9s a diferents bases de dades jur\u00eddiques.<\/li>\n<li>Wifi: la Biblioteca disposa de connexi\u00f3 sense fil a internet.<\/li>\n<li>Difusi\u00f3 del fons: les novetats adquirides pel Col\u00b7legi es donen a con\u00e8ixer mitjan\u00e7ant l\u2019exposici\u00f3 a la mateixa Biblioteca.<\/li>\n<\/ul>\n<ul><\/ul>\n<ul><\/ul>\n<ul><\/ul>\n<ul><\/ul>\n<ul><\/ul>\n<ul><\/ul>\n<p>[\/et_pb_text][\/et_pb_column][\/et_pb_row][\/et_pb_section][et_pb_section fb_built=&#8221;1&#8243; module_class=&#8221;contenido gris&#8221; _builder_version=&#8221;4.25.1&#8243; _module_preset=&#8221;default&#8221; background_color=&#8221;gcid-d258bfa0-2134-462a-a874-ffbc41698437&#8243; global_colors_info=&#8221;{%22gcid-d258bfa0-2134-462a-a874-ffbc41698437%22:%91%22background_color%22%93}&#8221;][et_pb_row column_structure=&#8221;2_5,3_5&#8243; _builder_version=&#8221;4.25.1&#8243; _module_preset=&#8221;default&#8221; z_index=&#8221;0&#8243; custom_padding=&#8221;||47px|||&#8221; global_colors_info=&#8221;{}&#8221;][et_pb_column type=&#8221;2_5&#8243; _builder_version=&#8221;4.25.2&#8243; _module_preset=&#8221;default&#8221; sticky_limit_bottom=&#8221;row&#8221; global_colors_info=&#8221;{}&#8221;][et_pb_heading title=&#8221;Ubicaci\u00f3 i horari&#8221; _builder_version=&#8221;4.26.1&#8243; _module_preset=&#8221;default&#8221; title_level=&#8221;h2&#8243; title_font=&#8221;|800||on|||||&#8221; title_text_align=&#8221;left&#8221; title_text_color=&#8221;gcid-ab52094e-5a6f-4ce7-9faf-05f357b7a987&#8243; title_font_size=&#8221;2em&#8221; title_letter_spacing=&#8221;2px&#8221; title_line_height=&#8221;1.3em&#8221; custom_margin=&#8221;||||false|false&#8221; custom_padding=&#8221;6px|||||&#8221; custom_css_free_form=&#8221;selector h2{||  margin-top: 0px!important||}&#8221; border_color_all=&#8221;gcid-ab52094e-5a6f-4ce7-9faf-05f357b7a987&#8243; border_color_top=&#8221;gcid-ab52094e-5a6f-4ce7-9faf-05f357b7a987&#8243; global_colors_info=&#8221;{%22gcid-ab52094e-5a6f-4ce7-9faf-05f357b7a987%22:%91%22border_color_all%22,%22border_color_top%22,%22title_text_color%22%93}&#8221;][\/et_pb_heading][et_pb_text _builder_version=&#8221;4.25.2&#8243; _module_preset=&#8221;default&#8221; global_colors_info=&#8221;{}&#8221;]<\/p>\n<p>Notariat, 4<br \/>08001 Barcelona<\/p>\n<p>Tel\u00e8fon: 93 317 48 00<br \/>E-mail: <a href=\"mailto:biblioteca@catalunya.notariado.org\">biblioteca@catalunya.notariado.org<\/a><\/p>\n<p>Horari d&#8217;atenci\u00f3 al p\u00fablic:<\/p>\n<p>De l&#8217;1 d&#8217;octubre al 31 de maig:<br \/>Dilluns a divendres de 9:30h a 13:30h.<br \/>Dimarts i dijous tarda de 15h a 17h.<\/p>\n<p>De l&#8217;1 de juny al 30 de setembre:<br \/>Dilluns a divendres de 9:30h a 13:30h.<\/p>\n<p>[\/et_pb_text][\/et_pb_column][et_pb_column type=&#8221;3_5&#8243; _builder_version=&#8221;4.25.1&#8243; _module_preset=&#8221;default&#8221; global_colors_info=&#8221;{}&#8221;][et_pb_code _builder_version=&#8221;4.25.2&#8243; _module_preset=&#8221;default&#8221; global_colors_info=&#8221;{}&#8221;]<iframe src=\"https:\/\/www.google.com\/maps\/embed?pb=!1m18!1m12!1m3!1d2993.595308003799!2d2.1644852895344084!3d41.382876422285754!2m3!1f0!2f0!3f0!3m2!1i1024!2i768!4f13.1!3m3!1m2!1s0x12a4a2f5d3caaf8f%3A0xdaa62971c3ff6ac2!2sCol%C2%B7legi%20de%20Notaris%20de%20Catalunya!5e0!3m2!1sca!2ses!4v1718870530516!5m2!1sca!2ses\" width=\"600\" height=\"450\" style=\"border:0;\" allowfullscreen=\"\" loading=\"lazy\" referrerpolicy=\"no-referrer-when-downgrade\"><\/iframe>[\/et_pb_code][\/et_pb_column][\/et_pb_row][\/et_pb_section]<\/p>\n","protected":false},"excerpt":{"rendered":"<p>La Biblioteca del Col\u00b7legi Notarial de Catalunya comen\u00e7a a formar-se cap a l\u2019any 1863, poc temps despr\u00e9s de la creaci\u00f3 del Col\u00b7legi arran de la promulgaci\u00f3 de la Llei del Notariat de 28 de maig de 1862. No ser\u00e0, per\u00f2, fins a la construcci\u00f3 de la nova seu del Col\u00b7legi l\u2019any 1882 que la Biblioteca disposar\u00e0 d\u2019un espai propi. La seva ubicaci\u00f3 origin\u00e0ria estava a la primera planta, per\u00f2 despr\u00e9s de l\u2019ampliaci\u00f3 del Col\u00b7legi encarregada l\u2019any 1926 a l\u2019arquitecte Enric Sagnier, la Biblioteca es va traslladar a la segona planta, on segueix a dia d\u2019avui. L\u2019espai destinat a l\u2019\u00fas de la Biblioteca s\u2019ha anat ampliant amb el pas dels anys. \u00c9s aix\u00ed com es va crear, l\u2019any 1980, la Sala Raimon Noguera, que ret homenatge al notari que li dona el seu nom. La Biblioteca t\u00e9 una superf\u00edcie aproximada de dos-cents metres quadrats distribu\u00efts en tres sales: la Sala Primera, la Sala Raimon Noguera i la Sala del Fons de Reserva (aquesta \u00faltima, d\u2019acc\u00e9s restringit). Hi ha, a m\u00e9s, un quart espai d\u2019\u00fas intern, aix\u00ed com una hemeroteca \u2013que es troba a la tercera planta\u2013 amb gaireb\u00e9 un centenar de publicacions peri\u00f2diques. La Biblioteca del Col\u00b7legi Notarial de Catalunya est\u00e0 [&hellip;]<\/p>\n","protected":false},"author":1,"featured_media":10634,"parent":10655,"menu_order":0,"comment_status":"closed","ping_status":"closed","template":"","meta":{"_acf_changed":false,"_et_pb_use_builder":"on","_et_pb_old_content":"","_et_gb_content_width":"","ngg_post_thumbnail":0,"_price":"","_stock":"","_tribe_ticket_header":"","_tribe_default_ticket_provider":"","_tribe_ticket_capacity":"0","_ticket_start_date":"","_ticket_end_date":"","_tribe_ticket_show_description":"","_tribe_ticket_show_not_going":false,"_tribe_ticket_use_global_stock":"","_tribe_ticket_global_stock_level":"","_global_stock_mode":"","_global_stock_cap":"","_tribe_rsvp_for_event":"","_tribe_ticket_going_count":"","_tribe_ticket_not_going_count":"","_tribe_tickets_list":"[]","_tribe_ticket_has_attendee_info_fields":false,"footnotes":"","_tec_slr_enabled":"","_tec_slr_layout":""},"class_list":["post-10764","page","type-page","status-publish","has-post-thumbnail","hentry"],"acf":[],"ticketed":false,"_links":{"self":[{"href":"https:\/\/www.colegionotarial.org\/ca\/wp-json\/wp\/v2\/pages\/10764","targetHints":{"allow":["GET"]}}],"collection":[{"href":"https:\/\/www.colegionotarial.org\/ca\/wp-json\/wp\/v2\/pages"}],"about":[{"href":"https:\/\/www.colegionotarial.org\/ca\/wp-json\/wp\/v2\/types\/page"}],"author":[{"embeddable":true,"href":"https:\/\/www.colegionotarial.org\/ca\/wp-json\/wp\/v2\/users\/1"}],"replies":[{"embeddable":true,"href":"https:\/\/www.colegionotarial.org\/ca\/wp-json\/wp\/v2\/comments?post=10764"}],"version-history":[{"count":6,"href":"https:\/\/www.colegionotarial.org\/ca\/wp-json\/wp\/v2\/pages\/10764\/revisions"}],"predecessor-version":[{"id":26163,"href":"https:\/\/www.colegionotarial.org\/ca\/wp-json\/wp\/v2\/pages\/10764\/revisions\/26163"}],"up":[{"embeddable":true,"href":"https:\/\/www.colegionotarial.org\/ca\/wp-json\/wp\/v2\/pages\/10655"}],"wp:featuredmedia":[{"embeddable":true,"href":"https:\/\/www.colegionotarial.org\/ca\/wp-json\/wp\/v2\/media\/10634"}],"wp:attachment":[{"href":"https:\/\/www.colegionotarial.org\/ca\/wp-json\/wp\/v2\/media?parent=10764"}],"curies":[{"name":"wp","href":"https:\/\/api.w.org\/{rel}","templated":true}]}}