{"id":10758,"date":"2024-07-18T17:26:49","date_gmt":"2024-07-18T15:26:49","guid":{"rendered":"https:\/\/www.colegionotarial.org\/serveis\/partes-testamentarios\/"},"modified":"2024-09-23T09:05:21","modified_gmt":"2024-09-23T07:05:21","slug":"certificats-ultimes-voluntats","status":"publish","type":"page","link":"https:\/\/www.colegionotarial.org\/ca\/serveis\/certificats-ultimes-voluntats\/","title":{"rendered":"Certificats d&#8217;\u00faltimes voluntats"},"content":{"rendered":"<p>[et_pb_section fb_built=&#8221;1&#8243; module_class=&#8221;contenido&#8221; _builder_version=&#8221;4.25.1&#8243; _module_preset=&#8221;default&#8221; global_colors_info=&#8221;{}&#8221;][et_pb_row _builder_version=&#8221;4.25.2&#8243; _module_preset=&#8221;default&#8221; width_tablet=&#8221;&#8221; width_phone=&#8221;90%&#8221; width_last_edited=&#8221;on|phone&#8221; custom_padding=&#8221;|15px||15px|false|false&#8221; global_colors_info=&#8221;{}&#8221;][et_pb_column type=&#8221;4_4&#8243; _builder_version=&#8221;4.25.1&#8243; _module_preset=&#8221;default&#8221; global_colors_info=&#8221;{}&#8221;][et_pb_text ul_type=&#8221;circle&#8221; _builder_version=&#8221;4.26.1&#8243; _module_preset=&#8221;default&#8221; link_font=&#8221;|600|||||||&#8221; global_colors_info=&#8221;{}&#8221; link_text_color__hover_enabled=&#8221;on|hover&#8221;]<\/p>\n<p>Per a realitzar la sol\u00b7licitud es necessita el Certificat de Defunci\u00f3, expedit pel Registre Civil.<\/p>\n<p><strong>Atenci\u00f3: Els certificats d&#8217;\u00faltimes voluntats els expedeix el Ministeri de Just\u00edcia.<\/strong><\/p>\n<p>Pot sol\u00b7licitar el certificat per dues vies:<\/p>\n<ol>\n<li>Presencial. En Ger\u00e8ncia Territorial a Barcelona, C\/Caballero 52-56<\/li>\n<li>En l\u00ednia. A trav\u00e9s de la Seu Electr\u00f2nica del Ministeri de Just\u00edcia. Nom\u00e9s pot presentar la seva sol\u00b7licitud per aquesta via si la data de la defunci\u00f3 \u00e9s posterior al 2 d&#8217;abril de 2009 i la defunci\u00f3 no est\u00e0 inscrita en un jutjat de pau. En cas contrari ha d&#8217;acudir a la via presencial o per correu postal.<\/li>\n<\/ol>\n<p>La sol\u00b7licitud no podr\u00e0 presentar-se fins transcorreguts 15 dies des de la data de la defunci\u00f3.<\/p>\n<p>Contacte: <a href=\"mailto:partes@catalunya.notariado.org\">partes@catalunya.notariado.org<\/a><\/p>\n<p>[\/et_pb_text][\/et_pb_column][\/et_pb_row][\/et_pb_section][et_pb_section fb_built=&#8221;1&#8243; module_class=&#8221;contenido gris&#8221; _builder_version=&#8221;4.25.1&#8243; _module_preset=&#8221;default&#8221; background_color=&#8221;gcid-d258bfa0-2134-462a-a874-ffbc41698437&#8243; global_colors_info=&#8221;{%22gcid-d258bfa0-2134-462a-a874-ffbc41698437%22:%91%22background_color%22%93}&#8221;][et_pb_row column_structure=&#8221;2_5,3_5&#8243; _builder_version=&#8221;4.25.1&#8243; _module_preset=&#8221;default&#8221; z_index=&#8221;0&#8243; custom_padding=&#8221;||47px|||&#8221; global_colors_info=&#8221;{}&#8221;][et_pb_column type=&#8221;2_5&#8243; _builder_version=&#8221;4.25.2&#8243; _module_preset=&#8221;default&#8221; sticky_limit_bottom=&#8221;row&#8221; global_colors_info=&#8221;{}&#8221;][et_pb_heading title=&#8221;Ubicaci\u00f3 i horari&#8221; _builder_version=&#8221;4.26.1&#8243; _module_preset=&#8221;default&#8221; title_level=&#8221;h2&#8243; title_font=&#8221;|800||on|||||&#8221; title_text_align=&#8221;left&#8221; title_text_color=&#8221;gcid-ab52094e-5a6f-4ce7-9faf-05f357b7a987&#8243; title_font_size=&#8221;2em&#8221; title_letter_spacing=&#8221;2px&#8221; title_line_height=&#8221;1.3em&#8221; custom_margin=&#8221;||||false|false&#8221; custom_padding=&#8221;6px|||||&#8221; custom_css_free_form=&#8221;selector h2{||  margin-top: 0px!important||}&#8221; border_color_all=&#8221;gcid-ab52094e-5a6f-4ce7-9faf-05f357b7a987&#8243; border_color_top=&#8221;gcid-ab52094e-5a6f-4ce7-9faf-05f357b7a987&#8243; global_colors_info=&#8221;{%22gcid-ab52094e-5a6f-4ce7-9faf-05f357b7a987%22:%91%22border_color_all%22,%22border_color_top%22,%22title_text_color%22%93}&#8221;][\/et_pb_heading][et_pb_text _builder_version=&#8221;4.26.1&#8243; _module_preset=&#8221;default&#8221; hover_enabled=&#8221;0&#8243; global_colors_info=&#8221;{}&#8221; sticky_enabled=&#8221;0&#8243;]<\/p>\n<p>Notariat, 4<br \/>08001 Barcelona<\/p>\n<p>Tel\u00e8fono: 93 317 48 00<br \/>E-mail: <a href=\"mailto:partes@catalunya.notariado.org\">partes@catalunya.notariado.org<\/a><\/p>\n<p>Horari d&#8217;atenci\u00f3 al p\u00fablic:<\/p>\n<p>De l&#8217;1 d&#8217;octubre al 31 de maig:<br \/>Dilluns a divendres de 9:30h a 13:30h.<br \/>Dimarts i dijous tarda de 15h a 17h.<\/p>\n<p>De l&#8217;1 de juny al 30 de setembre:<br \/>Dilluns a divendres de 9:30h a 13:30h.<\/p>\n<p>[\/et_pb_text][\/et_pb_column][et_pb_column type=&#8221;3_5&#8243; _builder_version=&#8221;4.25.1&#8243; _module_preset=&#8221;default&#8221; global_colors_info=&#8221;{}&#8221;][et_pb_code _builder_version=&#8221;4.25.2&#8243; _module_preset=&#8221;default&#8221; global_colors_info=&#8221;{}&#8221;]<iframe src=\"https:\/\/www.google.com\/maps\/embed?pb=!1m18!1m12!1m3!1d2993.595308003799!2d2.1644852895344084!3d41.382876422285754!2m3!1f0!2f0!3f0!3m2!1i1024!2i768!4f13.1!3m3!1m2!1s0x12a4a2f5d3caaf8f%3A0xdaa62971c3ff6ac2!2sCol%C2%B7legi%20de%20Notaris%20de%20Catalunya!5e0!3m2!1sca!2ses!4v1718870530516!5m2!1sca!2ses\" width=\"600\" height=\"450\" style=\"border:0;\" allowfullscreen=\"\" loading=\"lazy\" referrerpolicy=\"no-referrer-when-downgrade\"><\/iframe>[\/et_pb_code][\/et_pb_column][\/et_pb_row][\/et_pb_section]<\/p>\n","protected":false},"excerpt":{"rendered":"<p>Per a realitzar la sol\u00b7licitud es necessita el Certificat de Defunci\u00f3, expedit pel Registre Civil. Atenci\u00f3: Els certificats d&#8217;\u00faltimes voluntats els expedeix el Ministeri de Just\u00edcia. Pot sol\u00b7licitar el certificat per dues vies: Presencial. En Ger\u00e8ncia Territorial a Barcelona, C\/Caballero 52-56 En l\u00ednia. A trav\u00e9s de la Seu Electr\u00f2nica del Ministeri de Just\u00edcia. Nom\u00e9s pot presentar la seva sol\u00b7licitud per aquesta via si la data de la defunci\u00f3 \u00e9s posterior al 2 d&#8217;abril de 2009 i la defunci\u00f3 no est\u00e0 inscrita en un jutjat de pau. En cas contrari ha d&#8217;acudir a la via presencial o per correu postal. La sol\u00b7licitud no podr\u00e0 presentar-se fins transcorreguts 15 dies des de la data de la defunci\u00f3. Contacte: partes@catalunya.notariado.orgNotariat, 408001 Barcelona Tel\u00e8fono: 93 317 48 00E-mail: partes@catalunya.notariado.org Horari d&#8217;atenci\u00f3 al p\u00fablic: De l&#8217;1 d&#8217;octubre al 31 de maig:Dilluns a divendres de 9:30h a 13:30h.Dimarts i dijous tarda de 15h a 17h. De l&#8217;1 de juny al 30 de setembre:Dilluns a divendres de 9:30h a 13:30h.<\/p>\n","protected":false},"author":1,"featured_media":14098,"parent":10655,"menu_order":0,"comment_status":"closed","ping_status":"closed","template":"","meta":{"_acf_changed":false,"_et_pb_use_builder":"on","_et_pb_old_content":"","_et_gb_content_width":"","ngg_post_thumbnail":0,"_price":"","_stock":"","_tribe_ticket_header":"","_tribe_default_ticket_provider":"","_tribe_ticket_capacity":"0","_ticket_start_date":"","_ticket_end_date":"","_tribe_ticket_show_description":"","_tribe_ticket_show_not_going":false,"_tribe_ticket_use_global_stock":"","_tribe_ticket_global_stock_level":"","_global_stock_mode":"","_global_stock_cap":"","_tribe_rsvp_for_event":"","_tribe_ticket_going_count":"","_tribe_ticket_not_going_count":"","_tribe_tickets_list":"[]","_tribe_ticket_has_attendee_info_fields":false,"footnotes":"","_tec_slr_enabled":"","_tec_slr_layout":""},"class_list":["post-10758","page","type-page","status-publish","has-post-thumbnail","hentry"],"acf":[],"ticketed":false,"_links":{"self":[{"href":"https:\/\/www.colegionotarial.org\/ca\/wp-json\/wp\/v2\/pages\/10758","targetHints":{"allow":["GET"]}}],"collection":[{"href":"https:\/\/www.colegionotarial.org\/ca\/wp-json\/wp\/v2\/pages"}],"about":[{"href":"https:\/\/www.colegionotarial.org\/ca\/wp-json\/wp\/v2\/types\/page"}],"author":[{"embeddable":true,"href":"https:\/\/www.colegionotarial.org\/ca\/wp-json\/wp\/v2\/users\/1"}],"replies":[{"embeddable":true,"href":"https:\/\/www.colegionotarial.org\/ca\/wp-json\/wp\/v2\/comments?post=10758"}],"version-history":[{"count":8,"href":"https:\/\/www.colegionotarial.org\/ca\/wp-json\/wp\/v2\/pages\/10758\/revisions"}],"predecessor-version":[{"id":13858,"href":"https:\/\/www.colegionotarial.org\/ca\/wp-json\/wp\/v2\/pages\/10758\/revisions\/13858"}],"up":[{"embeddable":true,"href":"https:\/\/www.colegionotarial.org\/ca\/wp-json\/wp\/v2\/pages\/10655"}],"wp:featuredmedia":[{"embeddable":true,"href":"https:\/\/www.colegionotarial.org\/ca\/wp-json\/wp\/v2\/media\/14098"}],"wp:attachment":[{"href":"https:\/\/www.colegionotarial.org\/ca\/wp-json\/wp\/v2\/media?parent=10758"}],"curies":[{"name":"wp","href":"https:\/\/api.w.org\/{rel}","templated":true}]}}