{"id":10738,"date":"2024-06-25T17:14:34","date_gmt":"2024-06-25T15:14:34","guid":{"rendered":"https:\/\/www.colegionotarial.org\/serveis\/copias-de-archivo\/"},"modified":"2024-07-22T10:57:00","modified_gmt":"2024-07-22T08:57:00","slug":"copies-d-darxiu","status":"publish","type":"page","link":"https:\/\/www.colegionotarial.org\/ca\/serveis\/copies-d-darxiu\/","title":{"rendered":"C\u00f2pies d&#8217;arxiu"},"content":{"rendered":"<p>[et_pb_section fb_built=&#8221;1&#8243; module_class=&#8221;contenido&#8221; _builder_version=&#8221;4.25.1&#8243; _module_preset=&#8221;default&#8221; global_colors_info=&#8221;{}&#8221;][et_pb_row _builder_version=&#8221;4.25.2&#8243; _module_preset=&#8221;default&#8221; width_tablet=&#8221;&#8221; width_phone=&#8221;90%&#8221; width_last_edited=&#8221;on|phone&#8221; custom_padding=&#8221;|15px||15px|false|false&#8221; global_colors_info=&#8221;{}&#8221;][et_pb_column type=&#8221;4_4&#8243; _builder_version=&#8221;4.25.1&#8243; _module_preset=&#8221;default&#8221; global_colors_info=&#8221;{}&#8221;][et_pb_text ul_type=&#8221;circle&#8221; _builder_version=&#8221;4.26.1&#8243; _module_preset=&#8221;default&#8221; link_font=&#8221;|600|||||||&#8221; global_colors_info=&#8221;{}&#8221; link_text_color__hover_enabled=&#8221;on|hover&#8221;]<\/p>\n<h3>COM DEMANAR UNA C\u00d2PIA AUT\u00c8NTICA DE L&#8217;ARXIU GENERAL DE PROTOCOLS DE BARCELONA?<\/h3>\n<p>Hi ha dues opcions:<strong><\/strong><\/p>\n<ul>\n<li>El notari identificar\u00e0 al sol\u00b7licitant personalment.<\/li>\n<li>La sol\u00b7licitud s&#8217;enviar\u00e0 a l&#8217;Arxiu General de Protocols de Barcelona amb Signatura Electr\u00f2nica Reconeguda Notarial (FEREN), on la seva petici\u00f3 ser\u00e0 atesa immediatament.<\/li>\n<\/ul>\n<p><strong>En l&#8217;Arxiu de Protocols de Barcelona (carrer Notariat, 2, Barcelona):<\/strong><\/p>\n<ul>\n<li>Despr\u00e9s de verificar la documentaci\u00f3, s&#8217;enviar\u00e0 un pressupost aproximat per correu electr\u00f2nic, que haur\u00e0 d&#8217;ingressar en el compte que se li indiqui. Si la petici\u00f3 \u00e9s un testament, es pot pagar amb targeta en el moment.<\/li>\n<li>Quan la c\u00f2pia estigui preparada, rebr\u00e0 un correu per a recollir-la. Qualsevol difer\u00e8ncia amb el pressupost s&#8217;ajustar\u00e0 en recollir-la o s&#8217;ingressar\u00e0 en el compte proporcionat.<\/li>\n<\/ul>\n<p><strong>DOCUMENTACI\u00d3 NECESS\u00c0RIA<\/strong><\/p>\n<p><strong>Per a totes les c\u00f2pies, excepte testaments:<\/strong><\/p>\n<ul>\n<li>Document d&#8217;identitat: DNI, NIE o passaport del compareixent en l&#8217;escriptura.<\/li>\n<li>Si el compareixent ha mort:\n<ul>\n<li>Certificat de defunci\u00f3 (Registre Civil).<\/li>\n<li>Certificat d&#8217;\u00faltimes voluntats (Ministeri de Just\u00edcia).<\/li>\n<li>C\u00f2pia autoritzada del testament.<\/li>\n<li>Acreditar inter\u00e8s leg\u00edtim.<\/li>\n<\/ul>\n<\/li>\n<\/ul>\n<ul><\/ul>\n<p><strong>Per sol\u00b7licitar c\u00f2pia d&#8217;un testament:<\/strong><\/p>\n<ul>\n<li>En vida de l&#8217;atorgant, sol est o el seu apoderat especial podran obtenir c\u00f2pia.<\/li>\n<li>Mort el testador, qualsevol persona nomenada en aquest testament, aportant:\n<ul>\n<li>Document d&#8217;identitat: DNI, NIE o passaport de la persona interessada.<\/li>\n<li>Original del Certificat de defunci\u00f3 del Registre Civil.<\/li>\n<li>Original del Certificat d&#8217;\u00faltimes voluntats.<\/li>\n<\/ul>\n<\/li>\n<\/ul>\n<ul><\/ul>\n<p>*Si no \u00e9s l&#8217;hereu, ha d&#8217;acreditar inter\u00e8s leg\u00edtim amb la corresponent documentaci\u00f3.<\/p>\n<p><strong>Per a sol\u00b7licitar c\u00f2pia d&#8217;un poder:<\/strong><\/p>\n<p>Ha de sol\u00b7licitar-los el poderdant. L&#8217;apoderat nom\u00e9s podr\u00e0 sol\u00b7licitar c\u00f2pies si del mateix resulta autoritzat per a aix\u00f2.<\/p>\n<p><strong>Per a sol\u00b7licitar c\u00f2pia de documents mercantils:<\/strong><\/p>\n<p>Ha de sol\u00b7licitar-la l&#8217;actual administrador o apoderat d&#8217;aquesta societat, aportant el poder original o el corresponent nomenament de c\u00e0rrec; o qualsevol persona que hagi comparegut en l&#8217;instrument present o representat.<\/p>\n<p>[\/et_pb_text][\/et_pb_column][\/et_pb_row][\/et_pb_section][et_pb_section fb_built=&#8221;1&#8243; module_class=&#8221;contenido gris&#8221; _builder_version=&#8221;4.25.1&#8243; _module_preset=&#8221;default&#8221; background_color=&#8221;gcid-d258bfa0-2134-462a-a874-ffbc41698437&#8243; global_colors_info=&#8221;{%22gcid-d258bfa0-2134-462a-a874-ffbc41698437%22:%91%22background_color%22%93}&#8221;][et_pb_row column_structure=&#8221;2_5,3_5&#8243; _builder_version=&#8221;4.25.1&#8243; _module_preset=&#8221;default&#8221; z_index=&#8221;0&#8243; custom_padding=&#8221;||47px|||&#8221; global_colors_info=&#8221;{}&#8221;][et_pb_column type=&#8221;2_5&#8243; _builder_version=&#8221;4.25.2&#8243; _module_preset=&#8221;default&#8221; sticky_limit_bottom=&#8221;row&#8221; global_colors_info=&#8221;{}&#8221;][et_pb_heading title=&#8221;Ubicaci\u00f3 I horari&#8221; _builder_version=&#8221;4.26.1&#8243; _module_preset=&#8221;default&#8221; title_level=&#8221;h2&#8243; title_font=&#8221;|800||on|||||&#8221; title_text_align=&#8221;left&#8221; title_text_color=&#8221;gcid-ab52094e-5a6f-4ce7-9faf-05f357b7a987&#8243; title_font_size=&#8221;2em&#8221; title_letter_spacing=&#8221;2px&#8221; title_line_height=&#8221;1.3em&#8221; custom_margin=&#8221;||||false|false&#8221; custom_padding=&#8221;6px|||||&#8221; custom_css_free_form=&#8221;selector h2{||  margin-top: 0px!important||}&#8221; border_color_all=&#8221;gcid-ab52094e-5a6f-4ce7-9faf-05f357b7a987&#8243; border_color_top=&#8221;gcid-ab52094e-5a6f-4ce7-9faf-05f357b7a987&#8243; global_colors_info=&#8221;{%22gcid-ab52094e-5a6f-4ce7-9faf-05f357b7a987%22:%91%22border_color_all%22,%22border_color_top%22,%22title_text_color%22%93}&#8221;][\/et_pb_heading][et_pb_text _builder_version=&#8221;4.25.2&#8243; _module_preset=&#8221;default&#8221; global_colors_info=&#8221;{}&#8221;]<\/p>\n<p>Notariat, 2<br \/>08001 Barcelona<\/p>\n<p>Tel\u00e8fon: 93 317 48 00<br \/>E-Mail: <a href=\"mailto:archivo@catalunya.notariado.org\" target=\"_blank\" rel=\"noopener\">archivo@catalunya.notariado.org<\/a><\/p>\n<p>&nbsp;<\/p>\n<p><strong>Horari d&#8217;atenci\u00f3 al p\u00fablic:<\/strong><\/p>\n<p><strong>De l&#8217;1 d&#8217;octubre al 31 de maig:<\/strong><br \/>Dilluns a divendres de 9:30h a 13:30h.<br \/>Dimarts i dijous tarda de 15h a 17h.<\/p>\n<p><strong>De l&#8217;1 de juny al 30 de setembre:<\/strong><br \/>Dilluns a divendres de 9:30h a 13:30h<\/p>\n<p>[\/et_pb_text][\/et_pb_column][et_pb_column type=&#8221;3_5&#8243; _builder_version=&#8221;4.25.1&#8243; _module_preset=&#8221;default&#8221; global_colors_info=&#8221;{}&#8221;][et_pb_code _builder_version=&#8221;4.25.2&#8243; _module_preset=&#8221;default&#8221; global_colors_info=&#8221;{}&#8221;]<iframe src=\"https:\/\/www.google.com\/maps\/embed?pb=!1m18!1m12!1m3!1d2993.595308003799!2d2.1644852895344084!3d41.382876422285754!2m3!1f0!2f0!3f0!3m2!1i1024!2i768!4f13.1!3m3!1m2!1s0x12a4a2f5d3caaf8f%3A0xdaa62971c3ff6ac2!2sCol%C2%B7legi%20de%20Notaris%20de%20Catalunya!5e0!3m2!1sca!2ses!4v1718870530516!5m2!1sca!2ses\" width=\"600\" height=\"450\" style=\"border:0;\" allowfullscreen=\"\" loading=\"lazy\" referrerpolicy=\"no-referrer-when-downgrade\"><\/iframe>[\/et_pb_code][\/et_pb_column][\/et_pb_row][\/et_pb_section]<\/p>\n","protected":false},"excerpt":{"rendered":"<p>COM DEMANAR UNA C\u00d2PIA AUT\u00c8NTICA DE L&#8217;ARXIU GENERAL DE PROTOCOLS DE BARCELONA? Hi ha dues opcions: El notari identificar\u00e0 al sol\u00b7licitant personalment. La sol\u00b7licitud s&#8217;enviar\u00e0 a l&#8217;Arxiu General de Protocols de Barcelona amb Signatura Electr\u00f2nica Reconeguda Notarial (FEREN), on la seva petici\u00f3 ser\u00e0 atesa immediatament. En l&#8217;Arxiu de Protocols de Barcelona (carrer Notariat, 2, Barcelona): Despr\u00e9s de verificar la documentaci\u00f3, s&#8217;enviar\u00e0 un pressupost aproximat per correu electr\u00f2nic, que haur\u00e0 d&#8217;ingressar en el compte que se li indiqui. Si la petici\u00f3 \u00e9s un testament, es pot pagar amb targeta en el moment. Quan la c\u00f2pia estigui preparada, rebr\u00e0 un correu per a recollir-la. Qualsevol difer\u00e8ncia amb el pressupost s&#8217;ajustar\u00e0 en recollir-la o s&#8217;ingressar\u00e0 en el compte proporcionat. DOCUMENTACI\u00d3 NECESS\u00c0RIA Per a totes les c\u00f2pies, excepte testaments: Document d&#8217;identitat: DNI, NIE o passaport del compareixent en l&#8217;escriptura. Si el compareixent ha mort: Certificat de defunci\u00f3 (Registre Civil). Certificat d&#8217;\u00faltimes voluntats (Ministeri de Just\u00edcia). C\u00f2pia autoritzada del testament. Acreditar inter\u00e8s leg\u00edtim. Per sol\u00b7licitar c\u00f2pia d&#8217;un testament: En vida de l&#8217;atorgant, sol est o el seu apoderat especial podran obtenir c\u00f2pia. Mort el testador, qualsevol persona nomenada en aquest testament, aportant: Document d&#8217;identitat: DNI, NIE o passaport de la persona interessada. Original del Certificat [&hellip;]<\/p>\n","protected":false},"author":1,"featured_media":14047,"parent":10655,"menu_order":0,"comment_status":"closed","ping_status":"closed","template":"","meta":{"_acf_changed":false,"_et_pb_use_builder":"on","_et_pb_old_content":"","_et_gb_content_width":"","ngg_post_thumbnail":0,"_price":"","_stock":"","_tribe_ticket_header":"","_tribe_default_ticket_provider":"","_tribe_ticket_capacity":"0","_ticket_start_date":"","_ticket_end_date":"","_tribe_ticket_show_description":"","_tribe_ticket_show_not_going":false,"_tribe_ticket_use_global_stock":"","_tribe_ticket_global_stock_level":"","_global_stock_mode":"","_global_stock_cap":"","_tribe_rsvp_for_event":"","_tribe_ticket_going_count":"","_tribe_ticket_not_going_count":"","_tribe_tickets_list":"[]","_tribe_ticket_has_attendee_info_fields":false,"footnotes":"","_tec_slr_enabled":"","_tec_slr_layout":""},"class_list":["post-10738","page","type-page","status-publish","has-post-thumbnail","hentry"],"acf":[],"ticketed":false,"_links":{"self":[{"href":"https:\/\/www.colegionotarial.org\/ca\/wp-json\/wp\/v2\/pages\/10738","targetHints":{"allow":["GET"]}}],"collection":[{"href":"https:\/\/www.colegionotarial.org\/ca\/wp-json\/wp\/v2\/pages"}],"about":[{"href":"https:\/\/www.colegionotarial.org\/ca\/wp-json\/wp\/v2\/types\/page"}],"author":[{"embeddable":true,"href":"https:\/\/www.colegionotarial.org\/ca\/wp-json\/wp\/v2\/users\/1"}],"replies":[{"embeddable":true,"href":"https:\/\/www.colegionotarial.org\/ca\/wp-json\/wp\/v2\/comments?post=10738"}],"version-history":[{"count":4,"href":"https:\/\/www.colegionotarial.org\/ca\/wp-json\/wp\/v2\/pages\/10738\/revisions"}],"predecessor-version":[{"id":10748,"href":"https:\/\/www.colegionotarial.org\/ca\/wp-json\/wp\/v2\/pages\/10738\/revisions\/10748"}],"up":[{"embeddable":true,"href":"https:\/\/www.colegionotarial.org\/ca\/wp-json\/wp\/v2\/pages\/10655"}],"wp:featuredmedia":[{"embeddable":true,"href":"https:\/\/www.colegionotarial.org\/ca\/wp-json\/wp\/v2\/media\/14047"}],"wp:attachment":[{"href":"https:\/\/www.colegionotarial.org\/ca\/wp-json\/wp\/v2\/media?parent=10738"}],"curies":[{"name":"wp","href":"https:\/\/api.w.org\/{rel}","templated":true}]}}