{"id":10720,"date":"2024-06-26T17:00:12","date_gmt":"2024-06-26T15:00:12","guid":{"rendered":"https:\/\/www.colegionotarial.org\/serveis\/buscar-notarios\/"},"modified":"2024-07-19T13:12:16","modified_gmt":"2024-07-19T11:12:16","slug":"cercar-notaris","status":"publish","type":"page","link":"https:\/\/www.colegionotarial.org\/ca\/serveis\/cercar-notaris\/","title":{"rendered":"Cerca de notaris"},"content":{"rendered":"<p>[et_pb_section fb_built=&#8221;1&#8243; module_class=&#8221;contenido&#8221; _builder_version=&#8221;4.26.1&#8243; _module_preset=&#8221;default&#8221; custom_padding=&#8221;0px||||false|false&#8221; global_colors_info=&#8221;{}&#8221;][et_pb_row _builder_version=&#8221;4.26.1&#8243; _module_preset=&#8221;default&#8221; width=&#8221;100%&#8221; width_tablet=&#8221;&#8221; width_phone=&#8221;90%&#8221; width_last_edited=&#8221;on|phone&#8221; max_width=&#8221;1340px&#8221; custom_padding=&#8221;|15px||15px|false|false&#8221; global_colors_info=&#8221;{}&#8221;][et_pb_column type=&#8221;4_4&#8243; _builder_version=&#8221;4.25.1&#8243; _module_preset=&#8221;default&#8221; global_colors_info=&#8221;{}&#8221;][et_pb_code _builder_version=&#8221;4.26.1&#8243; _module_preset=&#8221;default&#8221; global_colors_info=&#8221;{}&#8221;]<script><!-- [et_pb_line_break_holder] -->    grecaptcha.ready(function() {<!-- [et_pb_line_break_holder] -->        console.log('reCAPTCHA ready'); \/\/ Mensaje de depuraci\u00f3n<!-- [et_pb_line_break_holder] -->        grecaptcha.execute('6LebNAEqAAAAAF2HXgOEZE-ojRXKK_qUZHLldDyh', {action: 'submit'}).then(function(token) {<!-- [et_pb_line_break_holder] -->            console.log('reCAPTCHA token generado: ', token); \/\/ Mensaje de depuraci\u00f3n<!-- [et_pb_line_break_holder] -->            document.getElementById('recaptcha_token').value = token;<!-- [et_pb_line_break_holder] -->        });<!-- [et_pb_line_break_holder] -->    });<!-- [et_pb_line_break_holder] --><\/script>[\/et_pb_code][et_pb_button button_url=&#8221;\/cercar-notari\/&#8221; url_new_window=&#8221;on&#8221; button_text=&#8221;Veure en pantalla completa&#8221; button_alignment=&#8221;right&#8221; _builder_version=&#8221;4.26.1&#8243; _module_preset=&#8221;default&#8221; custom_button=&#8221;on&#8221; button_text_size=&#8221;12px&#8221; button_letter_spacing=&#8221;2px&#8221; button_font=&#8221;Raleway|||on|||||&#8221; hover_enabled=&#8221;0&#8243; global_colors_info=&#8221;{}&#8221; sticky_enabled=&#8221;0&#8243;][\/et_pb_button][et_pb_code _builder_version=&#8221;4.26.1&#8243; _module_preset=&#8221;default&#8221; hover_enabled=&#8221;0&#8243; global_colors_info=&#8221;{}&#8221; sticky_enabled=&#8221;0&#8243;]  <iframe class=\"responsive-iframe\" src=\"https:\/\/www.colegionotarial.org\/cercar-notari\/\" style=\"width: 100%; height: 600px\" frameborder=no scrolling=no><\/iframe><!-- [et_pb_line_break_holder] -->[\/et_pb_code][\/et_pb_column][\/et_pb_row][\/et_pb_section][et_pb_section fb_built=&#8221;1&#8243; disabled_on=&#8221;on|on|on&#8221; module_class=&#8221;contenido gris&#8221; _builder_version=&#8221;4.25.1&#8243; _module_preset=&#8221;default&#8221; background_color=&#8221;gcid-d258bfa0-2134-462a-a874-ffbc41698437&#8243; disabled=&#8221;on&#8221; global_colors_info=&#8221;{%22gcid-d258bfa0-2134-462a-a874-ffbc41698437%22:%91%22background_color%22%93}&#8221;][et_pb_row _builder_version=&#8221;4.25.1&#8243; _module_preset=&#8221;default&#8221; z_index=&#8221;0&#8243; custom_padding=&#8221;||47px|||&#8221; global_colors_info=&#8221;{}&#8221;][et_pb_column type=&#8221;4_4&#8243; _builder_version=&#8221;4.25.2&#8243; _module_preset=&#8221;default&#8221; sticky_limit_bottom=&#8221;row&#8221; global_colors_info=&#8221;{}&#8221;][et_pb_heading title=&#8221;Derecho a la libre elecci\u00f3n de Notario&#8221; _builder_version=&#8221;4.25.2&#8243; _module_preset=&#8221;default&#8221; title_level=&#8221;h2&#8243; title_font=&#8221;|800||on|||||&#8221; title_text_align=&#8221;left&#8221; title_text_color=&#8221;gcid-ab52094e-5a6f-4ce7-9faf-05f357b7a987&#8243; title_font_size=&#8221;2em&#8221; title_letter_spacing=&#8221;2px&#8221; title_line_height=&#8221;1.3em&#8221; custom_margin=&#8221;||||false|false&#8221; custom_padding=&#8221;6px|||||&#8221; custom_css_free_form=&#8221;selector h2{||  margin-top: 0px!important||}&#8221; border_color_all=&#8221;gcid-ab52094e-5a6f-4ce7-9faf-05f357b7a987&#8243; border_color_top=&#8221;gcid-ab52094e-5a6f-4ce7-9faf-05f357b7a987&#8243; global_colors_info=&#8221;{%22gcid-ab52094e-5a6f-4ce7-9faf-05f357b7a987%22:%91%22border_color_all%22,%22border_color_top%22,%22title_text_color%22%93}&#8221;][\/et_pb_heading][et_pb_text _builder_version=&#8221;4.25.2&#8243; _module_preset=&#8221;default&#8221; global_colors_info=&#8221;{}&#8221;]<\/p>\n<h3>Usted tiene derecho a elegir notario<\/h3>\n<p>Usted tiene derecho a elegir a su notario y se considera ilegal cualquier conducta o contrato que le niegue ese derecho.<\/p>\n<h3>El notario presta especial asistencia a quien m\u00e1s la necesita<\/h3>\n<p>El notario asesora con imparcialidad y vela por el respeto de los derechos b\u00e1sicos de los consumidores y usuarios.<\/p>\n<h3>En una compraventa<\/h3>\n<p>El comprador tiene derecho a elegir notario por ser quien paga la mayor parte de los aranceles notariales.<\/p>\n<h3>Como cliente de un banco o al adquirir un bien o derecho<\/h3>\n<p>Usted tiene derecho a elegir notario para equilibrar la posible situaci\u00f3n de predominio de una de las partes. Que un gran operador econ\u00f3mico elija el notario es una pr\u00e1ctica abusiva en perjuicio del cliente.<\/p>\n<h3>Puede denunciar la vulneraci\u00f3n de su derecho a elegir notario<\/h3>\n<p>Servicio de Atenci\u00f3n al Usuario<br \/>\n<a href=\"mailto:sau@catalunya.notariado.org\">sau@catalunya.notariado.org<\/a><\/p>\n<h3>\u00bfNo conoce a ning\u00fan notario?<\/h3>\n<p>El Colegio Notarial de Catalu\u00f1a le informar\u00e1.<br \/>\n<a href=\"mailto:info@catalunya.notariado.org\">info@catalunya.notariado.org<\/a><br \/>\nT. 93 317 48 00[\/et_pb_text][et_pb_text _builder_version=&#8221;4.25.2&#8243; _module_preset=&#8221;default&#8221; custom_css_free_form=&#8221;selector p {||  font-size: 12px;||  line-height: 16px;||}&#8221; global_colors_info=&#8221;{}&#8221;]<\/p>\n<p><strong>PROTECCI\u00d3N DE DATOS:<\/strong><\/p>\n<p>De conformidad con lo previsto en el Reglamento General de Protecci\u00f3n de Datos, el interesado queda informado de que sus datos personales ser\u00e1n tratados por el Ilustre Colegio Notarial de Catalu\u00f1a en calidad de responsable del tratamiento, cuyos datos de contacto son: calle Notariat, n\u00fam. 4, 08001 Barcelona, Espa\u00f1a. Los datos se utilizar\u00e1n con la finalidad de llevar a cabo la gesti\u00f3n de la solicitud al ICNC de designaci\u00f3n de Notario en el caso de expediente matrimonial. La base jur\u00eddica de este tratamiento es el cumplimiento de las funciones p\u00fablicas del ICNC establecidas en la legislaci\u00f3n notarial. Los datos ser\u00e1n conservados con ese fin durante todo el tiempo en que la relaci\u00f3n est\u00e9 vigente y, a\u00fan despu\u00e9s, durante todo el tiempo exigido por la legislaci\u00f3n aplicable. Los datos no ser\u00e1n cedidos a terceros, salvo a las Administraciones P\u00fablicas cuando lo prevea la Ley. Si se facilitan datos de terceros, quien lo haga asume la responsabilidad de informarles previamente de lo previsto en el art\u00edculo 14 del RGPD. Tiene derecho a solicitar el acceso a sus datos personales, su rectificaci\u00f3n o supresi\u00f3n, as\u00ed como a la limitaci\u00f3n de su tratamiento, a oponerse al mismo y a la portabilidad de sus datos. Puede usted presentar una reclamaci\u00f3n ante la autoridad de control (AEPD). Datos de contacto del Delegado de Protecci\u00f3n de Datos: www.ancert.com, c\/ Campezo, n\u00ba 1, (28022) Madrid, Edificio 6, pl. 2\u00aa.<\/p>\n<p>[\/et_pb_text][\/et_pb_column][\/et_pb_row][\/et_pb_section]<\/p>\n","protected":false},"excerpt":{"rendered":"<p>Usted tiene derecho a elegir notario Usted tiene derecho a elegir a su notario y se considera ilegal cualquier conducta o contrato que le niegue ese derecho. El notario presta especial asistencia a quien m\u00e1s la necesita El notario asesora con imparcialidad y vela por el respeto de los derechos b\u00e1sicos de los consumidores y usuarios. En una compraventa El comprador tiene derecho a elegir notario por ser quien paga la mayor parte de los aranceles notariales. Como cliente de un banco o al adquirir un bien o derecho Usted tiene derecho a elegir notario para equilibrar la posible situaci\u00f3n de predominio de una de las partes. Que un gran operador econ\u00f3mico elija el notario es una pr\u00e1ctica abusiva en perjuicio del cliente. Puede denunciar la vulneraci\u00f3n de su derecho a elegir notario Servicio de Atenci\u00f3n al Usuario sau@catalunya.notariado.org \u00bfNo conoce a ning\u00fan notario? El Colegio Notarial de Catalu\u00f1a le informar\u00e1. info@catalunya.notariado.org T. 93 317 48 00PROTECCI\u00d3N DE DATOS: De conformidad con lo previsto en el Reglamento General de Protecci\u00f3n de Datos, el interesado queda informado de que sus datos personales ser\u00e1n tratados por el Ilustre Colegio Notarial de Catalu\u00f1a en calidad de responsable del tratamiento, cuyos datos de contacto [&hellip;]<\/p>\n","protected":false},"author":1,"featured_media":10443,"parent":10655,"menu_order":0,"comment_status":"closed","ping_status":"closed","template":"","meta":{"_acf_changed":false,"_et_pb_use_builder":"on","_et_pb_old_content":"","_et_gb_content_width":"","ngg_post_thumbnail":0,"_price":"","_stock":"","_tribe_ticket_header":"","_tribe_default_ticket_provider":"","_tribe_ticket_capacity":"0","_ticket_start_date":"","_ticket_end_date":"","_tribe_ticket_show_description":"","_tribe_ticket_show_not_going":false,"_tribe_ticket_use_global_stock":"","_tribe_ticket_global_stock_level":"","_global_stock_mode":"","_global_stock_cap":"","_tribe_rsvp_for_event":"","_tribe_ticket_going_count":"","_tribe_ticket_not_going_count":"","_tribe_tickets_list":"[]","_tribe_ticket_has_attendee_info_fields":false,"footnotes":"","_tec_slr_enabled":"","_tec_slr_layout":""},"class_list":["post-10720","page","type-page","status-publish","has-post-thumbnail","hentry"],"acf":[],"ticketed":false,"_links":{"self":[{"href":"https:\/\/www.colegionotarial.org\/ca\/wp-json\/wp\/v2\/pages\/10720","targetHints":{"allow":["GET"]}}],"collection":[{"href":"https:\/\/www.colegionotarial.org\/ca\/wp-json\/wp\/v2\/pages"}],"about":[{"href":"https:\/\/www.colegionotarial.org\/ca\/wp-json\/wp\/v2\/types\/page"}],"author":[{"embeddable":true,"href":"https:\/\/www.colegionotarial.org\/ca\/wp-json\/wp\/v2\/users\/1"}],"replies":[{"embeddable":true,"href":"https:\/\/www.colegionotarial.org\/ca\/wp-json\/wp\/v2\/comments?post=10720"}],"version-history":[{"count":3,"href":"https:\/\/www.colegionotarial.org\/ca\/wp-json\/wp\/v2\/pages\/10720\/revisions"}],"predecessor-version":[{"id":10723,"href":"https:\/\/www.colegionotarial.org\/ca\/wp-json\/wp\/v2\/pages\/10720\/revisions\/10723"}],"up":[{"embeddable":true,"href":"https:\/\/www.colegionotarial.org\/ca\/wp-json\/wp\/v2\/pages\/10655"}],"wp:featuredmedia":[{"embeddable":true,"href":"https:\/\/www.colegionotarial.org\/ca\/wp-json\/wp\/v2\/media\/10443"}],"wp:attachment":[{"href":"https:\/\/www.colegionotarial.org\/ca\/wp-json\/wp\/v2\/media?parent=10720"}],"curies":[{"name":"wp","href":"https:\/\/api.w.org\/{rel}","templated":true}]}}