{"id":10685,"date":"2024-06-25T13:41:24","date_gmt":"2024-06-25T11:41:24","guid":{"rendered":"https:\/\/www.colegionotarial.org\/serveis\/solicitud-expediente-matrimonial\/"},"modified":"2025-02-12T16:22:28","modified_gmt":"2025-02-12T15:22:28","slug":"sol-licitud-expedient-matrimonial","status":"publish","type":"page","link":"https:\/\/www.colegionotarial.org\/ca\/serveis\/sol-licitud-expedient-matrimonial\/","title":{"rendered":"Sol\u00b7licitud d&#8217;expedient matrimonial"},"content":{"rendered":"<p>[et_pb_section fb_built=&#8221;1&#8243; module_class=&#8221;contenido&#8221; _builder_version=&#8221;4.25.1&#8243; _module_preset=&#8221;default&#8221; global_colors_info=&#8221;{}&#8221;][et_pb_row _builder_version=&#8221;4.25.2&#8243; _module_preset=&#8221;default&#8221; width_tablet=&#8221;&#8221; width_phone=&#8221;90%&#8221; width_last_edited=&#8221;on|phone&#8221; custom_padding=&#8221;|15px||15px|false|false&#8221; global_colors_info=&#8221;{}&#8221;][et_pb_column type=&#8221;4_4&#8243; _builder_version=&#8221;4.25.1&#8243; _module_preset=&#8221;default&#8221; global_colors_info=&#8221;{}&#8221;][et_pb_code _builder_version=&#8221;4.27.3&#8243; _module_preset=&#8221;default&#8221; global_colors_info=&#8221;{}&#8221;]  <iframe class=\"responsive-iframe\" src=\"https:\/\/www.colegionotarial.org\/expedient-matrimonial\/\" style=\"width: 100%; height: 1600px\" frameborder=no scrolling=no><\/iframe>[\/et_pb_code][et_pb_code _builder_version=&#8221;4.27.3&#8243; _module_preset=&#8221;default&#8221; hover_enabled=&#8221;0&#8243; global_colors_info=&#8221;{}&#8221; sticky_enabled=&#8221;0&#8243;]<script><!-- [et_pb_line_break_holder] -->    grecaptcha.ready(function() {<!-- [et_pb_line_break_holder] -->        console.log('reCAPTCHA ready'); \/\/ Mensaje de depuraci\u00f3n<!-- [et_pb_line_break_holder] -->        grecaptcha.execute('6LebNAEqAAAAAF2HXgOEZE-ojRXKK_qUZHLldDyh', {action: 'submit'}).then(function(token) {<!-- [et_pb_line_break_holder] -->            console.log('reCAPTCHA token generado: ', token); \/\/ Mensaje de depuraci\u00f3n<!-- [et_pb_line_break_holder] -->            document.getElementById('recaptcha_token').value = token;<!-- [et_pb_line_break_holder] -->        });<!-- [et_pb_line_break_holder] -->    });<!-- [et_pb_line_break_holder] --><\/script>[\/et_pb_code][\/et_pb_column][\/et_pb_row][\/et_pb_section][et_pb_section fb_built=&#8221;1&#8243; module_class=&#8221;contenido gris&#8221; _builder_version=&#8221;4.25.1&#8243; _module_preset=&#8221;default&#8221; background_color=&#8221;gcid-d258bfa0-2134-462a-a874-ffbc41698437&#8243; global_colors_info=&#8221;{%22gcid-d258bfa0-2134-462a-a874-ffbc41698437%22:%91%22background_color%22%93}&#8221;][et_pb_row _builder_version=&#8221;4.25.1&#8243; _module_preset=&#8221;default&#8221; z_index=&#8221;0&#8243; custom_padding=&#8221;||47px|||&#8221; global_colors_info=&#8221;{}&#8221;][et_pb_column type=&#8221;4_4&#8243; _builder_version=&#8221;4.25.2&#8243; _module_preset=&#8221;default&#8221; sticky_limit_bottom=&#8221;row&#8221; global_colors_info=&#8221;{}&#8221;][et_pb_heading title=&#8221;Informaci\u00f3&#8221; _builder_version=&#8221;4.26.1&#8243; _module_preset=&#8221;default&#8221; title_level=&#8221;h2&#8243; title_font=&#8221;|800||on|||||&#8221; title_text_align=&#8221;left&#8221; title_text_color=&#8221;gcid-ab52094e-5a6f-4ce7-9faf-05f357b7a987&#8243; title_font_size=&#8221;2em&#8221; title_letter_spacing=&#8221;2px&#8221; title_line_height=&#8221;1.3em&#8221; custom_margin=&#8221;||||false|false&#8221; custom_padding=&#8221;6px|||||&#8221; custom_css_free_form=&#8221;selector h2{||  margin-top: 0px!important||}&#8221; border_color_all=&#8221;gcid-ab52094e-5a6f-4ce7-9faf-05f357b7a987&#8243; border_color_top=&#8221;gcid-ab52094e-5a6f-4ce7-9faf-05f357b7a987&#8243; global_colors_info=&#8221;{%22gcid-ab52094e-5a6f-4ce7-9faf-05f357b7a987%22:%91%22border_color_all%22,%22border_color_top%22,%22title_text_color%22%93}&#8221;][\/et_pb_heading][et_pb_text _builder_version=&#8221;4.26.1&#8243; _module_preset=&#8221;default&#8221; global_colors_info=&#8221;{}&#8221;]<\/p>\n<p>Per a la designaci\u00f3 del notari competent per a la tramitaci\u00f3 del seu expedient matrimonial, ha de remetre el formulari degudament emplenat adjuntant fotoc\u00f2pies de (DNI\/PASSAPORT\/NIE) i certificat d&#8217;empadronament del contraent on s&#8217;ha de tramitar l&#8217;expedient.<\/p>\n<p>Una vegada rebut se&#8217;ls contestar\u00e0 per correu electr\u00f2nic indicant-los nom i adre\u00e7a del notari que els ha estat assignat.<\/p>\n<p>La tramitaci\u00f3 de l&#8217;expedient matrimonial t\u00e9 un cost derivat de l&#8217;actuaci\u00f3 notarial, subjecte a l&#8217;aranzel, del qual pot informar-se en la notaria assignada.<\/p>\n<p>En el cas que algun dels contraents no posseeixi nacionalitat espanyola ha d&#8217;aportar a la notaria assignada:<\/p>\n<ul>\n<li>un Certificat expedit per autoritat competent acreditatiu del contingut i vig\u00e8ncia del Dret estranger aplicable en relaci\u00f3 amb l&#8217;aptitud i capacitat per a contreure matrimoni<\/li>\n<li>o, en el seu lloc, un Certificat de capacitat matrimonial expedit per les autoritats del pa\u00eds del qual \u00e9s nacional el contraent estranger<\/li>\n<\/ul>\n<p>En els despatxos notarials no es realitzen expedients matrimonials mitjan\u00e7ant poder.<\/p>\n<p><span style=\"font-size: 1.1rem;\">Per a m\u00e9s informaci\u00f3 poden dirigir-se a <a href=\"mailto:expedientematrimonial@catalunya.notariado.org\">expedientematrimonial@catalunya.notariado.org<\/a>. Si no fos possible realitzar el tr\u00e0mit en l\u00ednia, pot sol\u00b7licitar la designaci\u00f3 personant-se en el Col\u00b7legi. <\/span><\/p>\n<p><strong>PREGUNTES FREQ\u00dcENTS:<\/strong><\/p>\n<p><strong><\/strong><\/p>\n<ol>\n<li><strong><strong>Quin \u00e9s el cost de la tramitaci\u00f3 d&#8217;un expedient matrimonial?<\/strong><\/strong>\n<p>Els honoraris notarials que puguin reportar-se per la tramitaci\u00f3 de l&#8217;expedient matrimonial previ a la celebraci\u00f3 del matrimoni estan regulats per l&#8217;Aranzel dels Notaris, recollit en el Reial decret 1426\/1989, de 17 de novembre. L&#8217;expedient consta de dos documents, dues actes: en la primera, s&#8217;incorporen tots els documents legalment exigits i es deixa const\u00e0ncia de totes les proves i dilig\u00e8ncies practicades; i en la segona, el notari emet el seu judici respecte de l&#8217;exist\u00e8ncia o no de possibles impediments per a la celebraci\u00f3 del matrimoni. Una vegada tingui l&#8217;expedient matrimonial favorable, podr\u00e0 triar davant quin notari, Ajuntament, etc. vol casar-se.<\/p>\n<p>\u00a0Per tant, no \u00e9s possible donar un cost, ja que fins a la seva finalitzaci\u00f3 el notari no pot emetre la factura corresponent, en la quantia final de la qual \u00e9s rellevant el nombre total de folis i el nombre de c\u00f2pies que hagin d&#8217;expedir-se<\/p>\n<\/li>\n<li><strong>Puc triar el notari que vulgui per a la tramitaci\u00f3 de l&#8217;expedient matrimonial? <\/strong>\n<p><strong><br \/><\/strong>La naturalesa administrativa de l&#8217;acte documentat en l&#8217;acta pr\u00e8via matrimonial no permet als contraents triar el notari que tramitar\u00e0 l&#8217;acta, per la qual cosa \u00e9s assignat d&#8217;ofici per torn rigor\u00f3s, no sent possible, en conseq\u00fc\u00e8ncia, l&#8217;assignaci\u00f3 d&#8217;un nou notari, a difer\u00e8ncia del notari autoritzant de l&#8217;escriptura de matrimoni per al qual est\u00e0 prevista expressament tal elecci\u00f3 en els arts. 51.2 CC, 52.2 LN i 58.8 LRC 20\/2011.<\/p>\n<\/li>\n<li><strong> Quant triga la tramitaci\u00f3 d&#8217;un expedient matrimonial? <\/strong>\n<p><strong><\/strong>Per a la tramitaci\u00f3 de l&#8217;expedient matrimonial previ a la celebraci\u00f3 del matrimoni ha d&#8217;aportar-se la documentaci\u00f3 sol\u00b7licitada, amb independ\u00e8ncia del temps o de les dificultats que pogu\u00e9s suposar la seva obtenci\u00f3. En cap cas la urg\u00e8ncia pot justificar la falta de rigor en la tramitaci\u00f3 del referit expedient. Posteriorment, una vegada aportada tota la documentaci\u00f3, la notaria li indicar\u00e0 la data.<\/p>\n<\/li>\n<li><strong> Pot realitzar-se l&#8217;audi\u00e8ncia reservada mitjan\u00e7ant un poder?<\/strong><strong>\u00a0\n<p><\/strong>Un dels tr\u00e0mits que ha de dur a terme el notari consisteix en una audi\u00e8ncia reservada, per separat i en unitat d&#8217;acte, als contraents, per a assegurar-se de qu\u00e8 no es tracta d&#8217;un matrimoni de conveni\u00e8ncia. Aquest tr\u00e0mit ha de fer-se personalment, mai per poders. En conseq\u00fc\u00e8ncia, si un dels contraents no resideix a Espanya i no pot compar\u00e8ixer en la notaria el dia assenyalat per dur a terme l&#8217;entrevista personal, l&#8217;expedient no pot tramitar-se davant notari, sin\u00f3 que haur\u00e0 de fer-se directament en el Registre Civil.<\/li>\n<\/ol>\n<p>[\/et_pb_text][et_pb_text _builder_version=&#8221;4.26.1&#8243; _module_preset=&#8221;default&#8221; custom_css_free_form=&#8221;selector p {||  font-size: 12px;||  line-height: 16px;||}&#8221; global_colors_info=&#8221;{}&#8221;]<\/p>\n<p><strong>PROTECCI\u00d3 DE DADES:<\/strong><\/p>\n<p>De conformitat amb el que es preveu en el Reglament General de Protecci\u00f3 de Dades, l&#8217;interessat queda informat que les seves dades personals seran tractats per l&#8217;Il\u00b7lustre Col\u00b7legi Notarial de Catalunya en qualitat de responsable del tractament, les dades de contacte del qual s\u00f3n: carrer Notariat, n\u00fam. 4, 08001 Barcelona, Espanya. Les dades s&#8217;utilitzaran amb la finalitat de dur a terme la gesti\u00f3 de la sol\u00b7licitud al ICNC de designaci\u00f3 de notari en el cas d&#8217;expedient matrimonial. La base jur\u00eddica d&#8217;aquest tractament \u00e9s el compliment de les funcions p\u00fabliques del ICNC establertes en la legislaci\u00f3 notarial. Les dades seran conservades amb aquesta finalitat durant tot el temps en qu\u00e8 la relaci\u00f3 estigui vigent i, despr\u00e9s, durant tot el temps exigit per la legislaci\u00f3 aplicable. Les dades no seran cedides a tercers, excepte a les Administracions P\u00fabliques quan ho prevegi la Llei. Si es faciliten dades de tercers, qui ho faci assumeix la responsabilitat d&#8217;informar-los pr\u00e8viament del que es preveu en l&#8217;article 14 del RGPD. T\u00e9 dret a sol\u00b7licitar l&#8217;acc\u00e9s a les seves dades personals, la seva rectificaci\u00f3 o supressi\u00f3, aix\u00ed com a la limitaci\u00f3 del seu tractament, a oposar-se al mateix i a la portabilitat de les seves dades. Pot vost\u00e8 presentar una reclamaci\u00f3 davant l&#8217;autoritat de control (AEPD). Dades de contacte del Delegat de Protecci\u00f3 de Dades: www.ctnotariado.com, c\/Campezo, n\u00fam. 1, (28022) Madrid, Edifici 6, pl. 2a.<\/p>\n<p>[\/et_pb_text][\/et_pb_column][\/et_pb_row][\/et_pb_section]<\/p>\n","protected":false},"excerpt":{"rendered":"<p>Per a la designaci\u00f3 del notari competent per a la tramitaci\u00f3 del seu expedient matrimonial, ha de remetre el formulari degudament emplenat adjuntant fotoc\u00f2pies de (DNI\/PASSAPORT\/NIE) i certificat d&#8217;empadronament del contraent on s&#8217;ha de tramitar l&#8217;expedient. Una vegada rebut se&#8217;ls contestar\u00e0 per correu electr\u00f2nic indicant-los nom i adre\u00e7a del notari que els ha estat assignat. La tramitaci\u00f3 de l&#8217;expedient matrimonial t\u00e9 un cost derivat de l&#8217;actuaci\u00f3 notarial, subjecte a l&#8217;aranzel, del qual pot informar-se en la notaria assignada. En el cas que algun dels contraents no posseeixi nacionalitat espanyola ha d&#8217;aportar a la notaria assignada: un Certificat expedit per autoritat competent acreditatiu del contingut i vig\u00e8ncia del Dret estranger aplicable en relaci\u00f3 amb l&#8217;aptitud i capacitat per a contreure matrimoni o, en el seu lloc, un Certificat de capacitat matrimonial expedit per les autoritats del pa\u00eds del qual \u00e9s nacional el contraent estranger En els despatxos notarials no es realitzen expedients matrimonials mitjan\u00e7ant poder. Per a m\u00e9s informaci\u00f3 poden dirigir-se a expedientematrimonial@catalunya.notariado.org. Si no fos possible realitzar el tr\u00e0mit en l\u00ednia, pot sol\u00b7licitar la designaci\u00f3 personant-se en el Col\u00b7legi. PREGUNTES FREQ\u00dcENTS: Quin \u00e9s el cost de la tramitaci\u00f3 d&#8217;un expedient matrimonial? Els honoraris notarials que puguin reportar-se per la tramitaci\u00f3 [&hellip;]<\/p>\n","protected":false},"author":1,"featured_media":14059,"parent":10655,"menu_order":0,"comment_status":"closed","ping_status":"closed","template":"","meta":{"_acf_changed":false,"_et_pb_use_builder":"on","_et_pb_old_content":"","_et_gb_content_width":"","ngg_post_thumbnail":0,"_price":"","_stock":"","_tribe_ticket_header":"","_tribe_default_ticket_provider":"","_tribe_ticket_capacity":"0","_ticket_start_date":"","_ticket_end_date":"","_tribe_ticket_show_description":"","_tribe_ticket_show_not_going":false,"_tribe_ticket_use_global_stock":"","_tribe_ticket_global_stock_level":"","_global_stock_mode":"","_global_stock_cap":"","_tribe_rsvp_for_event":"","_tribe_ticket_going_count":"","_tribe_ticket_not_going_count":"","_tribe_tickets_list":"[]","_tribe_ticket_has_attendee_info_fields":false,"footnotes":"","_tec_slr_enabled":"","_tec_slr_layout":""},"class_list":["post-10685","page","type-page","status-publish","has-post-thumbnail","hentry"],"acf":[],"ticketed":false,"_links":{"self":[{"href":"https:\/\/www.colegionotarial.org\/ca\/wp-json\/wp\/v2\/pages\/10685","targetHints":{"allow":["GET"]}}],"collection":[{"href":"https:\/\/www.colegionotarial.org\/ca\/wp-json\/wp\/v2\/pages"}],"about":[{"href":"https:\/\/www.colegionotarial.org\/ca\/wp-json\/wp\/v2\/types\/page"}],"author":[{"embeddable":true,"href":"https:\/\/www.colegionotarial.org\/ca\/wp-json\/wp\/v2\/users\/1"}],"replies":[{"embeddable":true,"href":"https:\/\/www.colegionotarial.org\/ca\/wp-json\/wp\/v2\/comments?post=10685"}],"version-history":[{"count":12,"href":"https:\/\/www.colegionotarial.org\/ca\/wp-json\/wp\/v2\/pages\/10685\/revisions"}],"predecessor-version":[{"id":24619,"href":"https:\/\/www.colegionotarial.org\/ca\/wp-json\/wp\/v2\/pages\/10685\/revisions\/24619"}],"up":[{"embeddable":true,"href":"https:\/\/www.colegionotarial.org\/ca\/wp-json\/wp\/v2\/pages\/10655"}],"wp:featuredmedia":[{"embeddable":true,"href":"https:\/\/www.colegionotarial.org\/ca\/wp-json\/wp\/v2\/media\/14059"}],"wp:attachment":[{"href":"https:\/\/www.colegionotarial.org\/ca\/wp-json\/wp\/v2\/media?parent=10685"}],"curies":[{"name":"wp","href":"https:\/\/api.w.org\/{rel}","templated":true}]}}